{"id":3793,"date":"2026-04-03T03:09:43","date_gmt":"2026-04-03T03:09:43","guid":{"rendered":"https:\/\/lyfilter.com\/"},"modified":"2026-04-03T03:09:43","modified_gmt":"2026-04-03T03:09:43","slug":"sintered-ss-filter-ly-hfpl-by-lvyuan-filter","status":"publish","type":"product","link":"https:\/\/lyfilter.com\/tr\/sintered-ss-filter-ly-hfpl-by-lvyuan-filter\/","title":{"rendered":"Lvyuan Filtre taraf\u0131ndan Sinterlenmi\u015f SS Filtre LY-HFPL"},"content":{"rendered":"<p><b>Sinterlenmi\u015f ss filtrenin \u00fcr\u00fcn detaylar\u0131<\/b><\/p>\n<p>&nbsp;<\/p>\n<p><b>H\u0131zl\u0131 Detay<\/b><\/p>\n<p>Lvyuan Su Ar\u0131tma Ekipmanlar\u0131\u00a0<a href=\"https:\/\/lyfilter.com\/tr\/products.html\/\">su fi\u0307ltre kartu\u015flari<\/a>,kartu\u015f filtre \u00fcreticisi, kartu\u015f muhafazas\u0131 \u00fcretimi makul bir yap\u0131ya, yeni tasar\u0131ma ve g\u00fcvenilir kaliteye sahiptir. K\u00fc\u00e7\u00fck bir g\u00fcr\u00fclt\u00fc ile kullan\u0131m\u0131 kolayd\u0131r ve \u00e7al\u0131\u015fma s\u0131ras\u0131nda stabildir.\u00a0<a href=\"https:\/\/lyfilter.com\/tr\/\">Lvyuan Filtre<\/a>\u00a0sinterlenmi\u015f ss filtre verimli bir \u00fcretim s\u00fcreci ile geli\u015ftirilmi\u015ftir. Her \u00fcr\u00fcn\u00fcn \u00fcretim s\u00fcresi b\u00fcy\u00fck \u00f6l\u00e7\u00fcde optimize edilmi\u015f ve hammadde kayb\u0131 ve israf\u0131 etkili bir \u015fekilde azalt\u0131lm\u0131\u015ft\u0131r. \u00dcr\u00fcn, kalite kontrol plan\u0131 temelinde son derece sert kalite kontrol ve denetimden ge\u00e7mi\u015ftir. Bu plan, \u00fcr\u00fcn\u00fcn y\u00fcksek kalitesini sa\u011flamak i\u00e7in s\u0131k\u0131 bir \u015fekilde y\u00fcr\u00fct\u00fclmektedir. Guangzhou Lvyuan Su Ar\u0131tma Equipment Co, Ltd kaliteyi sa\u011flamak i\u00e7in t\u00fcm \u00fcretim s\u00fcreci i\u00e7in tam denetim verebilir.<\/p>\n<p>&nbsp;<\/p>\n<p><b>\u00dcr\u00fcn Tan\u0131t\u0131m\u0131<\/b><\/p>\n<p>Emsallerinin sinterlenmi\u015f ss filtresi ile kar\u015f\u0131la\u015ft\u0131r\u0131ld\u0131\u011f\u0131nda, Lvyuan Su Ar\u0131tma Ekipmanlar\u0131'n\u0131n sinterlenmi\u015f ss filtresi a\u015fa\u011f\u0131daki avantajlara sahiptir.<\/p>\n<div>\n<div>\n<div id=\"myybv\">\n<h3>Hastane kimyasal filtresi 0.45 5 1 10 mikron PE polietilen toz sinterlenmi\u015f filtre<\/h3>\n<\/div>\n<div id=\"moyu5\">\n<p>Firmam\u0131z ultra y\u00fcksek molek\u00fcler polietilen sinterlenmi\u015f filtre \u00fcretmektedir, molek\u00fcler a\u011f\u0131rl\u0131\u011f\u0131 3 milyondan fazla sinterleme partik\u00fcl\u00fcd\u00fcr Sinterleme f\u0131r\u0131n\u0131nda bas\u0131nc\u0131 kullanmak i\u00e7in bir kal\u0131p kullan\u0131n Mikro g\u00f6zenekli malzemeler, iyi fiyat oranlar\u0131 nedeniyle at\u0131k gaz ve at\u0131k su ar\u0131t\u0131m\u0131 i\u00e7in yayg\u0131n olarak uygulanmaktad\u0131r. Geleneksel plastik hammaddelere \u00e7e\u015fitli t\u00fcrlerde fonksiyonel malzemeler, \u00f6rne\u011fin aktif karbon ekleyerek, gazlarda ve s\u0131v\u0131larda \u00e7evreye zararl\u0131 maddeleri, \u00f6rne\u011fin tuhaf koku ve organik maddeler vb. etkili bir \u015fekilde giderebiliriz. \u00d6rne\u011fin potasyum titanat b\u0131y\u0131klar\u0131, at\u0131k suda bulunan a\u011f\u0131r metal iyonlar\u0131n\u0131 de\u011fi\u015ftirebilir, bu nedenle kanalizasyon ar\u0131t\u0131m\u0131nda m\u00fckemmel performansa sahiptirler.<\/p>\n<\/div>\n<\/div>\n<\/div>","protected":false},"excerpt":{"rendered":"<table>\n<thead>\n<tr>\n<th>Ba\u015flang\u0131\u00e7 Liman\u0131<\/th>\n<th>\u00dcretim Kapasitesi<\/th>\n<th>Model<\/th>\n<th>Teslimat S\u00fcresi<\/th>\n<th>Sertifikasyon<\/th>\n<\/tr>\n<\/thead>\n<tbody>\n<tr>\n<td>Guangzhou<\/td>\n<td>10000 adet\/Ay<\/td>\n<td>LY-HFPL<\/td>\n<td>7 i\u015f g\u00fcn\u00fc i\u00e7erisinde<\/td>\n<td>ISO 9001<\/td>\n<\/tr>\n<\/tbody>\n<\/table>","protected":false},"featured_media":3794,"comment_status":"open","ping_status":"closed","template":"","meta":{"_gspb_post_css":""},"product_brand":[],"product_cat":[22],"product_tag":[38,1242,1241,1240,1243,1136],"class_list":{"0":"post-3793","1":"product","2":"type-product","3":"status-publish","4":"has-post-thumbnail","6":"product_cat-sintered-filter-cartridge","7":"product_tag-industrial-water-filtration","8":"product_tag-lvyuan-filter","9":"product_tag-ly-hfpl-filter","10":"product_tag-sintered-ss-filter","11":"product_tag-stainless-steel-water-filter","12":"product_tag-water-filter-locks","14":"first","15":"instock","16":"shipping-taxable","17":"product-type-simple"},"_links":{"self":[{"href":"https:\/\/lyfilter.com\/tr\/wp-json\/wp\/v2\/product\/3793","targetHints":{"allow":["GET"]}}],"collection":[{"href":"https:\/\/lyfilter.com\/tr\/wp-json\/wp\/v2\/product"}],"about":[{"href":"https:\/\/lyfilter.com\/tr\/wp-json\/wp\/v2\/types\/product"}],"replies":[{"embeddable":true,"href":"https:\/\/lyfilter.com\/tr\/wp-json\/wp\/v2\/comments?post=3793"}],"wp:featuredmedia":[{"embeddable":true,"href":"https:\/\/lyfilter.com\/tr\/wp-json\/wp\/v2\/media\/3794"}],"wp:attachment":[{"href":"https:\/\/lyfilter.com\/tr\/wp-json\/wp\/v2\/media?parent=3793"}],"wp:term":[{"taxonomy":"product_brand","embeddable":true,"href":"https:\/\/lyfilter.com\/tr\/wp-json\/wp\/v2\/product_brand?post=3793"},{"taxonomy":"product_cat","embeddable":true,"href":"https:\/\/lyfilter.com\/tr\/wp-json\/wp\/v2\/product_cat?post=3793"},{"taxonomy":"product_tag","embeddable":true,"href":"https:\/\/lyfilter.com\/tr\/wp-json\/wp\/v2\/product_tag?post=3793"}],"curies":[{"name":"wp","href":"https:\/\/api.w.org\/{rel}","templated":true}]}}