{"id":3786,"date":"2026-04-03T03:04:25","date_gmt":"2026-04-03T03:04:25","guid":{"rendered":"https:\/\/lyfilter.com\/"},"modified":"2026-04-03T03:04:25","modified_gmt":"2026-04-03T03:04:25","slug":"sintered-filter-cartridges-for-food-factory-price","status":"publish","type":"product","link":"https:\/\/lyfilter.com\/tr\/sintered-filter-cartridges-for-food-factory-price\/","title":{"rendered":"G\u0131da Fabrikas\u0131 Fiyat\u0131 i\u00e7in Sinterlenmi\u015f Filtre Kartu\u015flar\u0131"},"content":{"rendered":"<p><b>\u015eirket Avantajlar\u0131<\/b><\/p>\n<p>- Lvyuan Filtre\u00a0<a href=\"https:\/\/lyfilter.com\/tr\/sintered-filter-cartridge.html\/\">sinterlenmi\u015f filtre kartu\u015fu<\/a>modern teknoloji kullan\u0131larak usta profesyonellerimiz taraf\u0131ndan \u00f6zenle haz\u0131rlanmaktad\u0131r.<\/p>\n<p>- Kalitesi, s\u0131k\u0131 kalite testlerinin uygulanmas\u0131 ile garanti edilebilir.<\/p>\n<p>- S\u0131k\u0131 kalite kontrol sistemi ile Guangzhou Lvyuan Su Ar\u0131tma Equipment Co, Ltd kaliteli \u00fcr\u00fcn ve hizmetler ile m\u00fc\u015fterilerine sunmak i\u00e7in adam\u0131\u015ft\u0131r.<\/p>\n<p>&nbsp;<\/p>\n<div class=\"pro_aliData\">\n<div class=\"detail-box\">\n<div class=\"scc-wrapper detail-module module-cspu\" data-module=\"cspu\"><\/div>\n<div class=\"scc-wrapper detail-module module-productPackagingAndQuickDetail\" data-spm=\"prilinga1e\">\n<div class=\"widget-detail-overview\">\n<div class=\"do-title\">Genel Bak\u0131\u015f<\/div>\n<div id=\"car-parts-model\"><\/div>\n<div class=\"do-content\">\n<div class=\"do-overview\">\n<div class=\"do-entry do-entry-separate\">\n<div class=\"do-entry-title\">H\u0131zl\u0131 Ayr\u0131nt\u0131lar<\/div>\n<div class=\"do-entry-list\">\n<dl id=\"100005642\" class=\"do-entry-item\">\n<dt class=\"do-entry-item\"><span class=\"attr-name J-attr-name\" title=\"Durum\">Durum:<\/span><\/dt>\n<dd class=\"do-entry-item-val\">\n<div class=\"ellipsis\" title=\"Yeni\">Yeni<\/div>\n<\/dd>\n<\/dl>\n<dl id=\"100008167\" class=\"do-entry-item\">\n<dt class=\"do-entry-item\"><span class=\"attr-name J-attr-name\" title=\"Garanti\">Garanti:<\/span><\/dt>\n<dd class=\"do-entry-item-val\">\n<div class=\"ellipsis\" title=\"6 ay\">6 ay<\/div>\n<\/dd>\n<\/dl>\n<dl id=\"224439040\" class=\"do-entry-item\">\n<dt class=\"do-entry-item\"><span class=\"attr-name J-attr-name\" title=\"Uygulanabilir Sekt\u00f6rler\">Uygulanabilir End\u00fcstriler:<\/span><\/dt>\n<dd class=\"do-entry-item-val\">\n<div class=\"ellipsis\" title=\"Oteller, Konfeksiyon Ma\u011fazalar\u0131, \u0130n\u015faat Malzemesi Ma\u011fazalar\u0131, \u00dcretim Tesisi, Makine Tamir At\u00f6lyeleri, Yiyecek ve \u0130\u00e7ecek Fabrikas\u0131, \u00c7iftlikler, Restoran, Ev Kullan\u0131m\u0131, Perakende, Yiyecek Ma\u011fazas\u0131, Matbaalar, \u0130n\u015faat i\u015fleri, Enerji ve Madencilik, Yiyecek ve \u0130\u00e7ecek Ma\u011fazalar\u0131, Reklam \u015eirketi\">Oteller, Konfeksiyon Ma\u011fazalar\u0131, \u0130n\u015faat Malzemesi Ma\u011fazalar\u0131, \u00dcretim Tesisi, Makine Tamir At\u00f6lyeleri, Yiyecek ve \u0130\u00e7ecek Fabrikas\u0131, \u00c7iftlikler, Restoran, Ev Kullan\u0131m\u0131, Perakende, Yiyecek Ma\u011fazas\u0131, Matbaalar, \u0130n\u015faat i\u015fleri, Enerji ve Madencilik, Yiyecek ve \u0130\u00e7ecek Ma\u011fazalar\u0131, Reklam \u015eirketi<\/div>\n<\/dd>\n<\/dl>\n<\/div>\n<\/div>\n<\/div>\n<\/div>\n<\/div>\n<\/div>\n<\/div>\n<\/div>","protected":false},"excerpt":{"rendered":"<table>\n<thead>\n<tr>\n<th>Garanti Sonras\u0131 Hizmet<\/th>\n<th>\u00c7evrimi\u00e7i destek<\/th>\n<th>Yerel Hizmet Konumu<\/th>\n<th>Hi\u00e7biri<\/th>\n<\/tr>\n<\/thead>\n<tbody>\n<tr>\n<td>Showroom Konumu<\/td>\n<td>Hi\u00e7biri<\/td>\n<td>Video giden-denetim<\/td>\n<td>Sa\u011fland\u0131<\/td>\n<\/tr>\n<tr>\n<td>Makine Test Raporu<\/td>\n<td>Sa\u011fland\u0131<\/td>\n<td>Pazarlama T\u00fcr\u00fc<\/td>\n<td>S\u0131radan \u00dcr\u00fcn<\/td>\n<\/tr>\n<tr>\n<td>\u00c7ekirdek bile\u015fenlerin garantisi<\/td>\n<td>1 Y\u0131l<\/td>\n<td>\u00c7ekirdek Bile\u015fenler<\/td>\n<td>Bas\u0131n\u00e7l\u0131 kap<\/td>\n<\/tr>\n<tr>\n<td>Men\u015fe Yeri<\/td>\n<td>Guangdong, \u00c7in<\/td>\n<td>Marka Ad\u0131<\/td>\n<td>Lvyuan\/OEM<\/td>\n<\/tr>\n<tr>\n<td>Kullan\u0131m<\/td>\n<td>S\u0131v\u0131 Filtresi, su ar\u0131tma<\/td>\n<td>Tip<\/td>\n<td>Filtre Elemanlar\u0131<\/td>\n<\/tr>\n<tr>\n<td>Malzeme<\/td>\n<td>Metal Elyaf, paslanmaz \u00e7elik has\u0131r<\/td>\n<td>\u00d6zellik<\/td>\n<td>iyi ge\u00e7irgenlik<\/td>\n<\/tr>\n<tr>\n<td>Uzunluk<\/td>\n<td>10\/20\/30\/40 in\u00e7 veya \u00f6zelle\u015ftirilmi\u015f<\/td>\n<td>\u015eekil<\/td>\n<td>Silindir<\/td>\n<\/tr>\n<tr>\n<td>Uygulama<\/td>\n<td>end\u00fcstri<\/td>\n<td>Renk<\/td>\n<td>\u015eerit<\/td>\n<\/tr>\n<tr>\n<td>Paketleme<\/td>\n<td>KA\u011eIT KUTU<\/td>\n<td>kald\u0131rma oran\u0131<\/td>\n<td>2 ila200\u03bcm<\/td>\n<\/tr>\n<tr>\n<td>Avantaj<\/td>\n<td>yeniden kullan\u0131m<\/td>\n<td>Tedarik Yetene\u011fi<\/td>\n<td>1000 Adet \/ Adet her Ay<\/td>\n<\/tr>\n<\/tbody>\n<\/table>","protected":false},"featured_media":3787,"comment_status":"open","ping_status":"closed","template":"","meta":{"_gspb_post_css":""},"product_brand":[],"product_cat":[22],"product_tag":[1235,1238,334,1215,1239,1237],"class_list":{"0":"post-3786","1":"product","2":"type-product","3":"status-publish","4":"has-post-thumbnail","6":"product_cat-sintered-filter-cartridge","7":"product_tag-factory-price-filter-cartridge","8":"product_tag-food-processing-filter","9":"product_tag-industrial-water-filter","10":"product_tag-replacement-filter-cartridge","11":"product_tag-reusable-sintered-filter","12":"product_tag-sintered-filter-cartridge","14":"first","15":"instock","16":"shipping-taxable","17":"product-type-simple"},"_links":{"self":[{"href":"https:\/\/lyfilter.com\/tr\/wp-json\/wp\/v2\/product\/3786","targetHints":{"allow":["GET"]}}],"collection":[{"href":"https:\/\/lyfilter.com\/tr\/wp-json\/wp\/v2\/product"}],"about":[{"href":"https:\/\/lyfilter.com\/tr\/wp-json\/wp\/v2\/types\/product"}],"replies":[{"embeddable":true,"href":"https:\/\/lyfilter.com\/tr\/wp-json\/wp\/v2\/comments?post=3786"}],"wp:featuredmedia":[{"embeddable":true,"href":"https:\/\/lyfilter.com\/tr\/wp-json\/wp\/v2\/media\/3787"}],"wp:attachment":[{"href":"https:\/\/lyfilter.com\/tr\/wp-json\/wp\/v2\/media?parent=3786"}],"wp:term":[{"taxonomy":"product_brand","embeddable":true,"href":"https:\/\/lyfilter.com\/tr\/wp-json\/wp\/v2\/product_brand?post=3786"},{"taxonomy":"product_cat","embeddable":true,"href":"https:\/\/lyfilter.com\/tr\/wp-json\/wp\/v2\/product_cat?post=3786"},{"taxonomy":"product_tag","embeddable":true,"href":"https:\/\/lyfilter.com\/tr\/wp-json\/wp\/v2\/product_tag?post=3786"}],"curies":[{"name":"wp","href":"https:\/\/api.w.org\/{rel}","templated":true}]}}