{"id":3784,"date":"2026-04-03T02:57:51","date_gmt":"2026-04-03T02:57:51","guid":{"rendered":"https:\/\/lyfilter.com\/"},"modified":"2026-04-03T02:57:51","modified_gmt":"2026-04-03T02:57:51","slug":"factory-price-pleated-water-filter-cartridge-manufacturing-for-industry","status":"publish","type":"product","link":"https:\/\/lyfilter.com\/tr\/factory-price-pleated-water-filter-cartridge-manufacturing-for-industry\/","title":{"rendered":"Sanayi \u0130\u00e7in Fabrika Fiyat\u0131 Pileli Su Filtresi Kartu\u015fu \u0130malat\u0131"},"content":{"rendered":"<p>End\u00fcstriyel filtreleme i\u00e7in \u00fcretilen bu pileli su filtresi kartu\u015fu, istikrarl\u0131 ak\u0131\u015f, etkili partik\u00fcl tutma ve g\u00fcvenilir de\u011fi\u015ftirme de\u011feri sunar. yap\u0131s\u0131, yo\u011fun sistemde daha temiz i\u015fleme ve tutarl\u0131 performansa yard\u0131mc\u0131 olur.<\/p>","protected":false},"excerpt":{"rendered":"<table>\n<thead>\n<tr>\n<th>Durum<\/th>\n<th>Yeni<\/th>\n<th>Uygulanabilir Sekt\u00f6rler<\/th>\n<th>Oteller, Konfeksiyon Ma\u011fazalar\u0131, \u0130n\u015faat Malzemesi Ma\u011fazalar\u0131, \u00dcretim Tesisi, Makine Tamir At\u00f6lyeleri, Yiyecek ve \u0130\u00e7ecek Fabrikas\u0131, \u00c7iftlikler, Restoran, Ev Kullan\u0131m\u0131, Perakende, Yiyecek Ma\u011fazas\u0131, Matbaalar, \u0130n\u015faat i\u015fleri, Enerji ve Madencilik, Yiyecek ve \u0130\u00e7ecek Ma\u011fazalar\u0131, Reklam \u015eirketi<\/th>\n<\/tr>\n<\/thead>\n<tbody>\n<tr>\n<td>Garanti Sonras\u0131 Hizmet<\/td>\n<td>\u00c7evrimi\u00e7i destek<\/td>\n<td>Yerel Hizmet Konumu<\/td>\n<td>Hi\u00e7biri<\/td>\n<\/tr>\n<tr>\n<td>Showroom Konumu<\/td>\n<td>Hi\u00e7biri<\/td>\n<td>Men\u015fe Yeri<\/td>\n<td>Guangdong, \u00c7in<\/td>\n<\/tr>\n<tr>\n<td>Marka Ad\u0131<\/td>\n<td>Lvyuan\/OEM<\/td>\n<td>Malzeme<\/td>\n<td>Polipropilen<\/td>\n<\/tr>\n<tr>\n<td>A\u011f\u0131rl\u0131k<\/td>\n<td>Standart<\/td>\n<td>Boyut<\/td>\n<td>Standart<\/td>\n<\/tr>\n<tr>\n<td>G\u00fc\u00e7<\/td>\n<td>0<\/td>\n<td>Garanti<\/td>\n<td>Kullan\u0131lam\u0131yor<\/td>\n<\/tr>\n<tr>\n<td>\u0130sim<\/td>\n<td>\u00c7ok katmanl\u0131 membran PP\/PTFE\/PVDF\/PES\/N66 222 pileli filtre<\/td>\n<td>Filtre membran malzemesi<\/td>\n<td>PP\/PVDF\/PTFE\/PES\/Naylon<\/td>\n<\/tr>\n<tr>\n<td>Uzunluk<\/td>\n<td>5 \/ 10 \/ 20 \/ 30 \/ 40 \/ 50 \/ 60 in\u00e7<\/td>\n<td>Konekt\u00f6r<\/td>\n<td>Fin\/222\/226\/215\/DOE\/Thread<\/td>\n<\/tr>\n<tr>\n<td>Micron<\/td>\n<td>0.22\/0.5\/1\/3\/5\/10\/25\/50\/75\/100\/150<\/td>\n<td>O-ring malzemesi<\/td>\n<td>EPDM\/Silikon\/Te flon<\/td>\n<\/tr>\n<tr>\n<td>S\u0131zd\u0131rmazl\u0131k y\u00f6ntemi<\/td>\n<td>S\u0131cak eritme kayna\u011f\u0131<\/td>\n<td>\u00c7ap<\/td>\n<td>70mm\/OEM<\/td>\n<\/tr>\n<tr>\n<td>\u0130\u00e7 \u00c7ekirdek<\/td>\n<td>PP\/SS\/OEM<\/td>\n<td>ADEDI<\/td>\n<td>\u015eu anda s\u0131n\u0131rl\u0131 de\u011fil<\/td>\n<\/tr>\n<tr>\n<td>Sat\u0131\u015f Birimleri<\/td>\n<td>Tek \u00fcr\u00fcn<\/td>\n<td>Tek paket boyutu<\/td>\n<td>68X40X40 cm<\/td>\n<\/tr>\n<tr>\n<td>Tek br\u00fct a\u011f\u0131rl\u0131k<\/td>\n<td>23.000 kg<\/td>\n<td>Paket Tipi<\/td>\n<td>\u00c7ok katmanl\u0131 membran PP\/PTFE\/PVDF\/PES\/N66 222 0.1\/0.2\/0.45 mikron pileli membranl\u0131 pileli filtre: 10\u2033 50PCS\/CTN, 20\u2033 25PCS\/CTN, 30\u2033 25PCS\/CTN, 40\u2033 25PCS\/CTN.<\/td>\n<\/tr>\n<tr>\n<td>Teslim S\u00fcresi (1 - 100 Adet)<\/td>\n<td>2 g\u00fcn<\/td>\n<td>Teslim S\u00fcresi (101 - 500 Adet)<\/td>\n<td>5 g\u00fcn<\/td>\n<\/tr>\n<tr>\n<td>Teslim S\u00fcresi (501 - 1000 Adet)<\/td>\n<td>7 g\u00fcn<\/td>\n<td>Teslim S\u00fcresi (&gt;1000 Adet)<\/td>\n<td>M\u00fczakere edilecek<\/td>\n<\/tr>\n<tr>\n<td>A\u00e7\u0131klama<\/td>\n<td>\u00c7ok katmanl\u0131 membran PP\/PTFE\/PVDF\/PES\/N66 222 0.1\/0.2\/0.45 mikron pileli membranl\u0131 pileli filtre<\/td>\n<td><\/td>\n<td><\/td>\n<\/tr>\n<\/tbody>\n<\/table>","protected":false},"featured_media":3785,"comment_status":"open","ping_status":"closed","template":"","meta":{"_gspb_post_css":""},"product_brand":[],"product_cat":[15],"product_tag":[1235,334,1236,814,1162,340],"class_list":{"0":"post-3784","1":"product","2":"type-product","3":"status-publish","4":"has-post-thumbnail","6":"product_cat-stainless-steel-filter-housing","7":"product_tag-factory-price-filter-cartridge","8":"product_tag-industrial-water-filter","9":"product_tag-pleated-filter-cartridge","10":"product_tag-pleated-water-filter-cartridge","11":"product_tag-replacement-water-filter","12":"product_tag-water-treatment-filter","14":"first","15":"instock","16":"shipping-taxable","17":"product-type-simple"},"_links":{"self":[{"href":"https:\/\/lyfilter.com\/tr\/wp-json\/wp\/v2\/product\/3784","targetHints":{"allow":["GET"]}}],"collection":[{"href":"https:\/\/lyfilter.com\/tr\/wp-json\/wp\/v2\/product"}],"about":[{"href":"https:\/\/lyfilter.com\/tr\/wp-json\/wp\/v2\/types\/product"}],"replies":[{"embeddable":true,"href":"https:\/\/lyfilter.com\/tr\/wp-json\/wp\/v2\/comments?post=3784"}],"wp:featuredmedia":[{"embeddable":true,"href":"https:\/\/lyfilter.com\/tr\/wp-json\/wp\/v2\/media\/3785"}],"wp:attachment":[{"href":"https:\/\/lyfilter.com\/tr\/wp-json\/wp\/v2\/media?parent=3784"}],"wp:term":[{"taxonomy":"product_brand","embeddable":true,"href":"https:\/\/lyfilter.com\/tr\/wp-json\/wp\/v2\/product_brand?post=3784"},{"taxonomy":"product_cat","embeddable":true,"href":"https:\/\/lyfilter.com\/tr\/wp-json\/wp\/v2\/product_cat?post=3784"},{"taxonomy":"product_tag","embeddable":true,"href":"https:\/\/lyfilter.com\/tr\/wp-json\/wp\/v2\/product_tag?post=3784"}],"curies":[{"name":"wp","href":"https:\/\/api.w.org\/{rel}","templated":true}]}}