{"id":3778,"date":"2026-04-03T02:51:52","date_gmt":"2026-04-03T02:51:52","guid":{"rendered":"https:\/\/lyfilter.com\/"},"modified":"2026-04-03T02:51:52","modified_gmt":"2026-04-03T02:51:52","slug":"supply-20-inch-titanium-powder-water-filter-sintered-titanium-replacement-filter","status":"publish","type":"product","link":"https:\/\/lyfilter.com\/tr\/supply-20-inch-titanium-powder-water-filter-sintered-titanium-replacement-filter\/","title":{"rendered":"Tedarik 20 \u0130n\u00e7 Titanyum Toz Su Filtresi \/ Sinterlenmi\u015f Titanyum Yedek Filtre"},"content":{"rendered":"<p>G\u00fcvenilir filtreleme i\u00e7in \u00fcretilen bu 20 in\u00e7 sinterlenmi\u015f titanyum yedek filtre, temiz ak\u0131\u015f\u0131 ve uzun s\u00fcreli kullan\u0131m\u0131 destekler. titanyum toz yap\u0131s\u0131, zorlu su ar\u0131tma g\u00f6revlerinin istikrarl\u0131 ve pratik performansla \u00fcstesinden gelmeye yard\u0131mc\u0131 olur.<\/p>","protected":false},"excerpt":{"rendered":"<table>\n<thead>\n<tr>\n<th>Uygulanabilir Sekt\u00f6rler<\/th>\n<th>Ev Kullan\u0131m\u0131<\/th>\n<th>Garanti Sonras\u0131 Hizmet<\/th>\n<th>\u00c7evrimi\u00e7i destek<\/th>\n<\/tr>\n<\/thead>\n<tbody>\n<tr>\n<td>Yerel Hizmet Konumu<\/td>\n<td>Hi\u00e7biri<\/td>\n<td>Showroom Konumu<\/td>\n<td>Hi\u00e7biri<\/td>\n<\/tr>\n<tr>\n<td>Video giden-denetim<\/td>\n<td>Sa\u011fland\u0131<\/td>\n<td>Makine Test Raporu<\/td>\n<td>Sa\u011fland\u0131<\/td>\n<\/tr>\n<tr>\n<td>Pazarlama T\u00fcr\u00fc<\/td>\n<td>S\u0131radan \u00dcr\u00fcn<\/td>\n<td>\u00c7ekirdek bile\u015fenlerin garantisi<\/td>\n<td>1 Y\u0131l<\/td>\n<\/tr>\n<tr>\n<td>\u00c7ekirdek Bile\u015fenler<\/td>\n<td>Bas\u0131n\u00e7l\u0131 kap<\/td>\n<td>Men\u015fe Yeri<\/td>\n<td>\u00c7in<\/td>\n<\/tr>\n<tr>\n<td>Garanti<\/td>\n<td>1 Y\u0131l<\/td>\n<td>Sa\u011flanan Sat\u0131\u015f Sonras\u0131 Hizmet<\/td>\n<td>\u00c7evrimi\u00e7i destek<\/td>\n<\/tr>\n<tr>\n<td>\u0130sim<\/td>\n<td>titanyum tozu su filtresi<\/td>\n<td>Malzeme<\/td>\n<td>Saf titanyum<\/td>\n<\/tr>\n<tr>\n<td>Aray\u00fcz<\/td>\n<td>222,226,215,Flat,M20,M30,M42<\/td>\n<td>D\u0131\u015f \u00c7ap<\/td>\n<td>60-70 mm<\/td>\n<\/tr>\n<tr>\n<td>Uzunluk<\/td>\n<td>5,10,20,30,40 in\u00e7 veya \u00f6zelle\u015ftirilmi\u015f<\/td>\n<td>Micron<\/td>\n<td>0,1 ~ 100 mikron<\/td>\n<\/tr>\n<tr>\n<td>G\u00f6zeneklilik<\/td>\n<td>28~50%<\/td>\n<td>S\u0131cakl\u0131k Tolerans\u0131<\/td>\n<td>\u2264300 \u2103 (Islak)<\/td>\n<\/tr>\n<tr>\n<td>Kullan\u0131m<\/td>\n<td>Y\u00fcksek s\u0131cakl\u0131k i\u00e7in su, asit ve alkaliye dayan\u0131kl\u0131<\/td>\n<td>Y\u0131kama yolu<\/td>\n<td>Kuyu y\u0131kama &amp; Geri y\u0131kama<\/td>\n<\/tr>\n<\/tbody>\n<\/table>","protected":false},"featured_media":3783,"comment_status":"open","ping_status":"closed","template":"","meta":{"_gspb_post_css":""},"product_brand":[],"product_cat":[1141],"product_tag":[1232,38,1233,1231,1234,1230],"class_list":{"0":"post-3778","1":"product","2":"type-product","3":"status-publish","4":"has-post-thumbnail","6":"product_cat-titanium-filter-cartridge","7":"product_tag-20-inch-replacement-filter","8":"product_tag-industrial-water-filtration","9":"product_tag-reusable-water-filter-cartridge","10":"product_tag-sintered-titanium-filter","11":"product_tag-titanium-filter-element","12":"product_tag-titanium-powder-water-filter","14":"first","15":"instock","16":"shipping-taxable","17":"product-type-simple"},"_links":{"self":[{"href":"https:\/\/lyfilter.com\/tr\/wp-json\/wp\/v2\/product\/3778","targetHints":{"allow":["GET"]}}],"collection":[{"href":"https:\/\/lyfilter.com\/tr\/wp-json\/wp\/v2\/product"}],"about":[{"href":"https:\/\/lyfilter.com\/tr\/wp-json\/wp\/v2\/types\/product"}],"replies":[{"embeddable":true,"href":"https:\/\/lyfilter.com\/tr\/wp-json\/wp\/v2\/comments?post=3778"}],"wp:featuredmedia":[{"embeddable":true,"href":"https:\/\/lyfilter.com\/tr\/wp-json\/wp\/v2\/media\/3783"}],"wp:attachment":[{"href":"https:\/\/lyfilter.com\/tr\/wp-json\/wp\/v2\/media?parent=3778"}],"wp:term":[{"taxonomy":"product_brand","embeddable":true,"href":"https:\/\/lyfilter.com\/tr\/wp-json\/wp\/v2\/product_brand?post=3778"},{"taxonomy":"product_cat","embeddable":true,"href":"https:\/\/lyfilter.com\/tr\/wp-json\/wp\/v2\/product_cat?post=3778"},{"taxonomy":"product_tag","embeddable":true,"href":"https:\/\/lyfilter.com\/tr\/wp-json\/wp\/v2\/product_tag?post=3778"}],"curies":[{"name":"wp","href":"https:\/\/api.w.org\/{rel}","templated":true}]}}