{"id":3767,"date":"2026-04-03T02:47:14","date_gmt":"2026-04-03T02:47:14","guid":{"rendered":"https:\/\/lyfilter.com\/"},"modified":"2026-04-03T02:47:15","modified_gmt":"2026-04-03T02:47:15","slug":"40-inch-60-inch-filter-element-replacement-pleated-glass-fiber-high-flow-filter-cartridge","status":"publish","type":"product","link":"https:\/\/lyfilter.com\/tr\/40-inch-60-inch-filter-element-replacement-pleated-glass-fiber-high-flow-filter-cartridge\/","title":{"rendered":"40 \u0130n\u00e7 60 \u0130n\u00e7 Filtre Eleman\u0131 De\u011fi\u015ftirme Pileli Cam Elyaf Y\u00fcksek Ak\u0131\u015fl\u0131 Filtre Kartu\u015fu"},"content":{"rendered":"<p>Filtreleme i\u015fleri i\u00e7in tasarlanan bu pileli cam elyaf kartu\u015f, g\u00fc\u00e7l\u00fc partik\u00fcl tutma \u00f6zelli\u011fi ve geni\u015f y\u00fczey alan\u0131yla su ak\u0131\u015f\u0131n\u0131n daha temiz tutulmas\u0131na yard\u0131mc\u0131 olur. \u0130stikrarl\u0131 performansa ihtiya\u00e7 duyan end\u00fcstriyel sistemler i\u00e7in g\u00fcvenilir bir yedektir.<\/p>","protected":false},"excerpt":{"rendered":"<table>\n<thead>\n<tr>\n<th>Uygulanabilir Sekt\u00f6rler<\/th>\n<th>\u00dcretim Tesisi, Yiyecek ve \u0130\u00e7ecek Fabrikas\u0131, su ar\u0131tma<\/th>\n<th>Men\u015fe Yeri<\/th>\n<th>Guangdong, \u00c7in<\/th>\n<\/tr>\n<\/thead>\n<tbody>\n<tr>\n<td>Marka Ad\u0131<\/td>\n<td>Lvyuan, OEM, ODM<\/td>\n<td>Malzeme<\/td>\n<td>pileli cam elyaf\/pp<\/td>\n<\/tr>\n<tr>\n<td>A\u011f\u0131rl\u0131k<\/td>\n<td>\u00f6zelle\u015ftirilmi\u015f<\/td>\n<td>Boyut<\/td>\n<td>\u00f6zelle\u015ftirilmi\u015f<\/td>\n<\/tr>\n<tr>\n<td>G\u00fc\u00e7<\/td>\n<td>0<\/td>\n<td>Garanti<\/td>\n<td>Kullan\u0131lam\u0131yor<\/td>\n<\/tr>\n<tr>\n<td>\u00d6zellik<\/td>\n<td>filtrasyon alan\u0131n\u0131 art\u0131rd\u0131<\/td>\n<td>Uzunluk<\/td>\n<td>20 in\u00e7 \/40 in\u00e7 \/60 in\u00e7<\/td>\n<\/tr>\n<tr>\n<td>Sertifikasyon<\/td>\n<td>SGS<\/td>\n<td>\u015eekil<\/td>\n<td>Silindir<\/td>\n<\/tr>\n<tr>\n<td>Kullan\u0131m<\/td>\n<td>su ar\u0131tma<\/td>\n<td>Uygulama<\/td>\n<td>end\u00fcstri<\/td>\n<\/tr>\n<tr>\n<td>Renk<\/td>\n<td>beyaz<\/td>\n<td>Paketleme<\/td>\n<td>KA\u011eIT KUTU<\/td>\n<\/tr>\n<tr>\n<td>Di\u011fer ad\u0131<\/td>\n<td>Y\u00fcksek ak\u0131\u015fl\u0131 filtre kartu\u015fu<\/td>\n<td>Filtre Ortam\u0131<\/td>\n<td>PP\/pp eriyik \u00fcflemeli\/ cam elyaf<\/td>\n<\/tr>\n<tr>\n<td>Sa\u011flanan Sat\u0131\u015f Sonras\u0131 Hizmet<\/td>\n<td>\u00c7evrimi\u00e7i destek<\/td>\n<td>Tedarik Yetene\u011fi<\/td>\n<td>100 Adet\/Hafta ba\u015f\u0131na<\/td>\n<\/tr>\n<\/tbody>\n<\/table>","protected":false},"featured_media":3774,"comment_status":"open","ping_status":"closed","template":"","meta":{"_gspb_post_css":""},"product_brand":[],"product_cat":[1202],"product_tag":[1228,1229,1226,1227,1215,340],"class_list":{"0":"post-3767","1":"product","2":"type-product","3":"status-publish","4":"has-post-thumbnail","6":"product_cat-filter-cartridge","7":"product_tag-40-inch-filter-element","8":"product_tag-60-inch-filter-element","9":"product_tag-high-flow-filter-cartridge","10":"product_tag-pleated-glass-fiber-filter","11":"product_tag-replacement-filter-cartridge","12":"product_tag-water-treatment-filter","14":"first","15":"instock","16":"shipping-taxable","17":"product-type-simple"},"_links":{"self":[{"href":"https:\/\/lyfilter.com\/tr\/wp-json\/wp\/v2\/product\/3767","targetHints":{"allow":["GET"]}}],"collection":[{"href":"https:\/\/lyfilter.com\/tr\/wp-json\/wp\/v2\/product"}],"about":[{"href":"https:\/\/lyfilter.com\/tr\/wp-json\/wp\/v2\/types\/product"}],"replies":[{"embeddable":true,"href":"https:\/\/lyfilter.com\/tr\/wp-json\/wp\/v2\/comments?post=3767"}],"wp:featuredmedia":[{"embeddable":true,"href":"https:\/\/lyfilter.com\/tr\/wp-json\/wp\/v2\/media\/3774"}],"wp:attachment":[{"href":"https:\/\/lyfilter.com\/tr\/wp-json\/wp\/v2\/media?parent=3767"}],"wp:term":[{"taxonomy":"product_brand","embeddable":true,"href":"https:\/\/lyfilter.com\/tr\/wp-json\/wp\/v2\/product_brand?post=3767"},{"taxonomy":"product_cat","embeddable":true,"href":"https:\/\/lyfilter.com\/tr\/wp-json\/wp\/v2\/product_cat?post=3767"},{"taxonomy":"product_tag","embeddable":true,"href":"https:\/\/lyfilter.com\/tr\/wp-json\/wp\/v2\/product_tag?post=3767"}],"curies":[{"name":"wp","href":"https:\/\/api.w.org\/{rel}","templated":true}]}}