{"id":3753,"date":"2026-04-03T02:29:44","date_gmt":"2026-04-03T02:29:44","guid":{"rendered":"https:\/\/lyfilter.com\/"},"modified":"2026-04-03T02:29:44","modified_gmt":"2026-04-03T02:29:44","slug":"in-stock-3-4-6-1-5-10-20-micron-sintered-mesh-filter-for-manufacturing-plant","status":"publish","type":"product","link":"https:\/\/lyfilter.com\/tr\/in-stock-3-4-6-1-5-10-20-micron-sintered-mesh-filter-for-manufacturing-plant\/","title":{"rendered":"\u00dcretim Tesisi \u0130\u00e7in Stokta 3 \u2033 4 \u2033 6 \u2033 1 5 10 20 Mikron Sinterlenmi\u015f Has\u0131r Filtre"},"content":{"rendered":"<p>Stokta bulunan bu sinterlenmi\u015f a\u011f filtre, \u00fcretim tesisi ortamlar\u0131nda istikrarl\u0131 performans i\u00e7in \u00fcretilmi\u015ftir. 1, 5, 10 ve 20 mikron se\u00e7enekleriyle 3, 4 ve 6 in\u00e7 boyutlar\u0131nda mevcut olup daha temiz ak\u0131\u015f, yeniden kullan\u0131m ve g\u00fcvenilir g\u00fcnl\u00fck \u00e7al\u0131\u015fmay\u0131 desteklemeye yard\u0131mc\u0131 olur.<\/p>","protected":false},"excerpt":{"rendered":"<table>\n<thead>\n<tr>\n<th>\u00d6\u011fe<\/th>\n<th>De\u011fer<\/th>\n<th>\u00d6\u011fe<\/th>\n<th>De\u011fer<\/th>\n<\/tr>\n<\/thead>\n<tbody>\n<tr>\n<td>Durum<\/td>\n<td>Yeni<\/td>\n<td>Uygulanabilir Sekt\u00f6rler<\/td>\n<td>Oteller, Konfeksiyon Ma\u011fazalar\u0131, \u0130n\u015faat Malzemesi Ma\u011fazalar\u0131, \u00dcretim Tesisi, Makine Tamir At\u00f6lyeleri, Yiyecek ve \u0130\u00e7ecek Fabrikas\u0131, \u00c7iftlikler, Restoran, Ev Kullan\u0131m\u0131, Perakende, Yiyecek Ma\u011fazas\u0131, Matbaalar, \u0130n\u015faat i\u015fleri, Enerji ve Madencilik, Yiyecek ve \u0130\u00e7ecek Ma\u011fazalar\u0131<\/td>\n<\/tr>\n<tr>\n<td>Garanti Sonras\u0131 Hizmet<\/td>\n<td>\u00c7evrimi\u00e7i destek<\/td>\n<td>Yerel Hizmet Konumu<\/td>\n<td>Hi\u00e7biri<\/td>\n<\/tr>\n<tr>\n<td>Showroom Konumu<\/td>\n<td>Hi\u00e7biri<\/td>\n<td>Video giden-denetim<\/td>\n<td>Sa\u011fland\u0131<\/td>\n<\/tr>\n<tr>\n<td>Makine Test Raporu<\/td>\n<td>Sa\u011fland\u0131<\/td>\n<td>Pazarlama T\u00fcr\u00fc<\/td>\n<td>S\u0131radan \u00dcr\u00fcn<\/td>\n<\/tr>\n<tr>\n<td>\u00c7ekirdek bile\u015fenlerin garantisi<\/td>\n<td>1 Y\u0131l<\/td>\n<td>\u00c7ekirdek Bile\u015fenler<\/td>\n<td>Bas\u0131n\u00e7l\u0131 kap<\/td>\n<\/tr>\n<tr>\n<td>Men\u015fe Yeri<\/td>\n<td>Guangdong, \u00c7in<\/td>\n<td>Marka Ad\u0131<\/td>\n<td>Lvyuan\/OEM<\/td>\n<\/tr>\n<tr>\n<td>Garanti<\/td>\n<td>1 Y\u0131l<\/td>\n<td>Sa\u011flanan Sat\u0131\u015f Sonras\u0131 Hizmet<\/td>\n<td>\u00c7evrimi\u00e7i destek<\/td>\n<\/tr>\n<tr>\n<td>Anahtar Kelimeler<\/td>\n<td>3\u2033,4\u2033 6\u2033 1,5,10,20 mikron sinterlenmi\u015f a\u011f filtre<\/td>\n<td>\u00c7ap<\/td>\n<td>M\u00fc\u015fteri talebi<\/td>\n<\/tr>\n<tr>\n<td>Malzeme<\/td>\n<td>paslanmaz \u00e7elik<\/td>\n<td>\u015eekil<\/td>\n<td>Silindir<\/td>\n<\/tr>\n<tr>\n<td>Kullan\u0131m<\/td>\n<td>su ar\u0131tma<\/td>\n<td>Uygulama<\/td>\n<td>end\u00fcstri<\/td>\n<\/tr>\n<tr>\n<td>Renk<\/td>\n<td>\u015eerit<\/td>\n<td>Paketleme<\/td>\n<td>KA\u011eIT KUTU<\/td>\n<\/tr>\n<tr>\n<td>uzunluk<\/td>\n<td>10\/20\/30\/40 in\u00e7<\/td>\n<td>Avantaj<\/td>\n<td>yeniden kullan\u0131m<\/td>\n<\/tr>\n<tr>\n<td>Tedarik Yetene\u011fi<\/td>\n<td>Ay ba\u015f\u0131na 10000 Adet \/ Adet<\/td>\n<td><\/td>\n<td><\/td>\n<\/tr>\n<\/tbody>\n<\/table>","protected":false},"featured_media":3755,"comment_status":"open","ping_status":"closed","template":"","meta":{"_gspb_post_css":""},"product_brand":[],"product_cat":[1205],"product_tag":[1223,38,1224,1225,1222,80],"class_list":{"0":"post-3753","1":"product","2":"type-product","3":"status-publish","4":"has-post-thumbnail","6":"product_cat-stainless-steel-sintered-filter-cartridge","7":"product_tag-10-micron-filter","8":"product_tag-industrial-water-filtration","9":"product_tag-manufacturing-plant-filter","10":"product_tag-reusable-mesh-cartridge","11":"product_tag-sintered-mesh-filter","12":"product_tag-stainless-steel-filter","14":"first","15":"instock","16":"shipping-taxable","17":"product-type-simple"},"_links":{"self":[{"href":"https:\/\/lyfilter.com\/tr\/wp-json\/wp\/v2\/product\/3753","targetHints":{"allow":["GET"]}}],"collection":[{"href":"https:\/\/lyfilter.com\/tr\/wp-json\/wp\/v2\/product"}],"about":[{"href":"https:\/\/lyfilter.com\/tr\/wp-json\/wp\/v2\/types\/product"}],"replies":[{"embeddable":true,"href":"https:\/\/lyfilter.com\/tr\/wp-json\/wp\/v2\/comments?post=3753"}],"wp:featuredmedia":[{"embeddable":true,"href":"https:\/\/lyfilter.com\/tr\/wp-json\/wp\/v2\/media\/3755"}],"wp:attachment":[{"href":"https:\/\/lyfilter.com\/tr\/wp-json\/wp\/v2\/media?parent=3753"}],"wp:term":[{"taxonomy":"product_brand","embeddable":true,"href":"https:\/\/lyfilter.com\/tr\/wp-json\/wp\/v2\/product_brand?post=3753"},{"taxonomy":"product_cat","embeddable":true,"href":"https:\/\/lyfilter.com\/tr\/wp-json\/wp\/v2\/product_cat?post=3753"},{"taxonomy":"product_tag","embeddable":true,"href":"https:\/\/lyfilter.com\/tr\/wp-json\/wp\/v2\/product_tag?post=3753"}],"curies":[{"name":"wp","href":"https:\/\/api.w.org\/{rel}","templated":true}]}}