{"id":3741,"date":"2026-04-03T02:15:38","date_gmt":"2026-04-03T02:15:38","guid":{"rendered":"https:\/\/lyfilter.com\/"},"modified":"2026-04-24T16:53:49","modified_gmt":"2026-04-24T16:53:49","slug":"stainless-steel-steam-filter-housing","status":"publish","type":"product","link":"https:\/\/lyfilter.com\/tr\/stainless-steel-steam-filter-housing\/","title":{"rendered":"Paslanmaz \u00c7elik Buhar Filtresi Muhafazas\u0131"},"content":{"rendered":"<div class=\"unit-detail-html-tabs__content-attr\">\n<div class=\"unit-product-attrparam\">\n<div class=\"unit-product-attrparam__items row\">\n<div class=\"col-12 col-md-6\">\n<div class=\"unit-product-attrparam__item\">\n<div class=\"unit-product-attrparam__value\" title=\"OEM\"><\/div>\n<\/div>\n<\/div>\n<\/div>\n<\/div>\n<\/div>\n<div class=\"unit-detail-html-tabs__content-featuresAttr\"><\/div>\n<div class=\"unit-detail-html-tabs__content-html\">\n<p>\u00a0\u00dcr\u00fcn \u00d6zelli\u011fi<\/p>\n<div class=\"er-fangkuang1\">\n<div class=\"description\">\n<ul>\n<li><span class=\"font-color\">\u25ea\u00a0 \u00a0<\/span>Do\u011fru \u00f6zelliklere sahip benzersiz tek par\u00e7a yap\u0131y\u0131 benimseyin.<\/li>\n<li><span class=\"font-color\">\u25ea\u00a0 \u00a0<\/span>Kullan\u0131m\u0131 kolay.<\/li>\n<li><span class=\"font-color\">\u25ea\u00a0 \u00a0<\/span>Y\u00fcksek korozyon direnci.<\/li>\n<li><span class=\"font-color\">\u25ea\u00a0 \u00a0<\/span>Kuyu kilidine g\u00f6zl\u00fc c\u0131vata yap\u0131s\u0131.<\/li>\n<li><span class=\"font-color\">\u25ea\u00a0 \u00a0<\/span>90\u00b0C'ye kadar y\u00fcksek s\u0131cakl\u0131k dayan\u0131m\u0131.<\/li>\n<\/ul>\n<\/div>\n<\/div>\n<div class=\"d-tem04-title text-left d-interval manS\" data-detail=\"wrap\">\n<h2 class=\"heading\">\u00dcr\u00fcn Parametresi<\/h2>\n<\/div>\n<div class=\"table-responsive\">\n<table class=\"table table-bordered table-hover\">\n<tbody>\n<tr class=\"firstRow\">\n<td>Malzeme<\/td>\n<td>SS304\/SS316L<\/td>\n<\/tr>\n<tr>\n<td>\u00c7anta miktar\u0131<\/td>\n<td>tek torba veya \u00e7oklu torba<\/td>\n<\/tr>\n<tr>\n<td>\u00c7anta Numaras\u0131<\/td>\n<td># 1, 2, 3, 4, 5 veya OEM<\/td>\n<\/tr>\n<tr>\n<td>Miktar se\u00e7ene\u011fi<\/td>\n<td>1 ila 18 torba<\/td>\n<\/tr>\n<tr>\n<td>Torba Filtrasyon h\u0131z\u0131<\/td>\n<td>0.5, 1 5, 10, 20, 50, 100, 200 ila 500 mikron<\/td>\n<\/tr>\n<tr>\n<td>Conta O-ringi<\/td>\n<td>Cilal\u0131\/Kumlama<\/td>\n<\/tr>\n<tr>\n<td>Kullan\u0131m<\/td>\n<td>S\u0131v\u0131 filtrasyonu<\/td>\n<\/tr>\n<tr>\n<td>IMaksimum \u00e7al\u0131\u015fma bas\u0131nc\u0131<\/td>\n<td>100, 150, 300Psi, OEM<\/td>\n<\/tr>\n<tr>\n<td>Duvar kal\u0131nl\u0131\u011f\u0131<\/td>\n<td>1,5-5 mm<\/td>\n<\/tr>\n<tr>\n<td>Accepte<\/td>\n<td>OEM \u00f6zelle\u015ftirilmi\u015f<\/td>\n<\/tr>\n<\/tbody>\n<\/table>\n<\/div>\n<\/div>","protected":false},"excerpt":{"rendered":"<table>\n<thead>\n<tr>\n<th>Ba\u015flang\u0131\u00e7 Liman\u0131<\/th>\n<th>\u00dcretim Kapasitesi<\/th>\n<th>Men\u015fe Yeri<\/th>\n<th>\u00d6deme<\/th>\n<th>ADEDI<\/th>\n<th>Model<\/th>\n<th>Teslimat S\u00fcresi<\/th>\n<th>Sertifikasyon<\/th>\n<th>Marka<\/th>\n<\/tr>\n<\/thead>\n<tbody>\n<tr>\n<td>Guangzhou<\/td>\n<td>10000 adet\/Ay<\/td>\n<td>Guangdong, \u00c7in<\/td>\n<td>T \/ T, Western Union, Alibaba Ticaret G\u00fcvencesi, paypal, OA<\/td>\n<td>1 adet<\/td>\n<td>LY-HFPL-10<\/td>\n<td>7 i\u015f g\u00fcn\u00fc i\u00e7erisinde<\/td>\n<td>ISO 9001<\/td>\n<td>OEM\/Lvyuan<\/td>\n<\/tr>\n<\/tbody>\n<\/table>","protected":false},"featured_media":3742,"comment_status":"open","ping_status":"closed","template":"","meta":{"_gspb_post_css":""},"product_brand":[],"product_cat":[15],"product_tag":[1084,1212,1211,1079,1210,1136],"class_list":{"0":"post-3741","1":"product","2":"type-product","3":"status-publish","4":"has-post-thumbnail","6":"product_cat-stainless-steel-filter-housing","7":"product_tag-industrial-filter-housing","8":"product_tag-secure-water-filtration","9":"product_tag-stainless-steel-filter-system","10":"product_tag-stainless-steel-steam-filter-housing","11":"product_tag-steam-filter-housing","12":"product_tag-water-filter-locks","14":"first","15":"instock","16":"shipping-taxable","17":"product-type-simple"},"_links":{"self":[{"href":"https:\/\/lyfilter.com\/tr\/wp-json\/wp\/v2\/product\/3741","targetHints":{"allow":["GET"]}}],"collection":[{"href":"https:\/\/lyfilter.com\/tr\/wp-json\/wp\/v2\/product"}],"about":[{"href":"https:\/\/lyfilter.com\/tr\/wp-json\/wp\/v2\/types\/product"}],"replies":[{"embeddable":true,"href":"https:\/\/lyfilter.com\/tr\/wp-json\/wp\/v2\/comments?post=3741"}],"wp:featuredmedia":[{"embeddable":true,"href":"https:\/\/lyfilter.com\/tr\/wp-json\/wp\/v2\/media\/3742"}],"wp:attachment":[{"href":"https:\/\/lyfilter.com\/tr\/wp-json\/wp\/v2\/media?parent=3741"}],"wp:term":[{"taxonomy":"product_brand","embeddable":true,"href":"https:\/\/lyfilter.com\/tr\/wp-json\/wp\/v2\/product_brand?post=3741"},{"taxonomy":"product_cat","embeddable":true,"href":"https:\/\/lyfilter.com\/tr\/wp-json\/wp\/v2\/product_cat?post=3741"},{"taxonomy":"product_tag","embeddable":true,"href":"https:\/\/lyfilter.com\/tr\/wp-json\/wp\/v2\/product_tag?post=3741"}],"curies":[{"name":"wp","href":"https:\/\/api.w.org\/{rel}","templated":true}]}}