{"id":3724,"date":"2026-04-03T02:06:25","date_gmt":"2026-04-03T02:06:25","guid":{"rendered":"https:\/\/lyfilter.com\/"},"modified":"2026-04-03T02:06:25","modified_gmt":"2026-04-03T02:06:25","slug":"customized-activated-carbon-block-filter-series-for-water-purification","status":"publish","type":"product","link":"https:\/\/lyfilter.com\/tr\/customized-activated-carbon-block-filter-series-for-water-purification\/","title":{"rendered":"Su Ar\u0131tma i\u00e7in \u00d6zelle\u015ftirilmi\u015f Aktif Karbon Blok Filtre Serisi"},"content":{"rendered":"<p>Daha temiz su ve daha istikrarl\u0131 performans i\u00e7in tasarlanan bu \u00f6zelle\u015ftirilmi\u015f aktif karbon blok filtre serisi, kirleri azaltmaya, tad\u0131 iyile\u015ftirmeye ve konut ve ticari sistemler i\u00e7in g\u00fcvenilir g\u00fcnl\u00fck ar\u0131tmay\u0131 desteklemeye yard\u0131mc\u0131 olur.<\/p>","protected":false},"excerpt":{"rendered":"<table>\n<thead>\n<tr>\n<th>B\u00f6l\u00fcm<\/th>\n<th>Saha<\/th>\n<th>De\u011fer<\/th>\n<\/tr>\n<\/thead>\n<tbody>\n<tr>\n<td>\u015eirket Avantajlar\u0131<\/td>\n<td>1<\/td>\n<td>Lvyuan Filtre i\u00e7in gerekli testler titizlikle yap\u0131lm\u0131\u015ft\u0131r. G\u00fcvenlik, elektromanyetik uyumluluk, titre\u015fim, g\u00fcvenilirlik ve dayan\u0131kl\u0131l\u0131k a\u00e7\u0131s\u0131ndan test edilmi\u015ftir. \u00d6zel gereksinimlere uyacak \u015fekilde \u00f6zelle\u015ftirilmi\u015f u\u00e7 kapak konfig\u00fcrasyonlar\u0131 mevcuttur<\/td>\n<\/tr>\n<tr>\n<td>\u015eirket Avantajlar\u0131<\/td>\n<td>2<\/td>\n<td>Dijital projekt\u00f6rler, film projekt\u00f6rleri, tepeg\u00f6zler ve slayt projekt\u00f6rleri ile kullan\u0131m\u0131 hedeflenen bu \u00fcr\u00fcn i\u00e7in farkl\u0131 pazarlar mevcuttur. Ba\u011flay\u0131c\u0131lar, maddeler, \u00e7\u00f6z\u00fcc\u00fcler, antistatik malzemeler veya \u0131slat\u0131c\u0131 maddeler i\u00e7ermez<\/td>\n<\/tr>\n<tr>\n<td>\u015eirket Avantajlar\u0131<\/td>\n<td>3<\/td>\n<td>S\u0131k\u0131 test: mevcut performans\u0131 \u00fc\u00e7\u00fcnc\u00fc taraflarca test edilmi\u015ftir. Ayr\u0131ca kullan\u0131c\u0131lar taraf\u0131ndan test edilmeye haz\u0131rd\u0131r ve s\u00fcrekli g\u00fcncellenecektir. D\u0131\u015f katmanlarda daha b\u00fcy\u00fck partik\u00fclleri yakalar ve derin katmanda daha k\u00fc\u00e7\u00fck partik\u00fclleri yakalar<\/td>\n<\/tr>\n<tr>\n<td>Genel Bak\u0131\u015f<\/td>\n<td>Uygulanabilir Sekt\u00f6rler<\/td>\n<td>Oteller, Konfeksiyon Ma\u011fazalar\u0131, \u0130n\u015faat Malzemesi Ma\u011fazalar\u0131, \u00dcretim Tesisi, Makine Tamir At\u00f6lyeleri, Yiyecek ve \u0130\u00e7ecek Fabrikas\u0131, \u00c7iftlikler, Restoran, Ev Kullan\u0131m\u0131, Perakende, Yiyecek Ma\u011fazas\u0131, Matbaalar, \u0130n\u015faat i\u015fleri, Enerji ve Madencilik, Yiyecek ve \u0130\u00e7ecek Ma\u011fazalar\u0131, Reklam \u015eirketi<\/td>\n<\/tr>\n<tr>\n<td>Genel Bak\u0131\u015f<\/td>\n<td>Garanti Sonras\u0131 Hizmet<\/td>\n<td>\u00c7evrimi\u00e7i destek<\/td>\n<\/tr>\n<tr>\n<td>Genel Bak\u0131\u015f<\/td>\n<td>Yerel Hizmet Konumu<\/td>\n<td>Hi\u00e7biri<\/td>\n<\/tr>\n<tr>\n<td>Genel Bak\u0131\u015f<\/td>\n<td>Showroom Konumu<\/td>\n<td>Hi\u00e7biri<\/td>\n<\/tr>\n<tr>\n<td>Genel Bak\u0131\u015f<\/td>\n<td>Video giden-denetim<\/td>\n<td>Sa\u011fland\u0131<\/td>\n<\/tr>\n<tr>\n<td>Genel Bak\u0131\u015f<\/td>\n<td>Makine Test Raporu<\/td>\n<td>Sa\u011fland\u0131<\/td>\n<\/tr>\n<tr>\n<td>Genel Bak\u0131\u015f<\/td>\n<td>Pazarlama T\u00fcr\u00fc<\/td>\n<td>S\u0131radan \u00dcr\u00fcn<\/td>\n<\/tr>\n<tr>\n<td>Genel Bak\u0131\u015f<\/td>\n<td>\u00c7ekirdek bile\u015fenlerin garantisi<\/td>\n<td>1 Y\u0131l<\/td>\n<\/tr>\n<tr>\n<td>Genel Bak\u0131\u015f<\/td>\n<td>\u00c7ekirdek Bile\u015fenler<\/td>\n<td>Bas\u0131n\u00e7l\u0131 kap<\/td>\n<\/tr>\n<tr>\n<td>Genel Bak\u0131\u015f<\/td>\n<td>Durum<\/td>\n<td>Yeni<\/td>\n<\/tr>\n<tr>\n<td>Genel Bak\u0131\u015f<\/td>\n<td>Men\u015fe Yeri<\/td>\n<td>Guangdong, \u00c7in<\/td>\n<\/tr>\n<tr>\n<td>Genel Bak\u0131\u015f<\/td>\n<td>Marka Ad\u0131<\/td>\n<td>LVYUAN\/OEM<\/td>\n<\/tr>\n<tr>\n<td>Genel Bak\u0131\u015f<\/td>\n<td>Garanti<\/td>\n<td>6 ay<\/td>\n<\/tr>\n<tr>\n<td>Genel Bak\u0131\u015f<\/td>\n<td>Sa\u011flanan Sat\u0131\u015f Sonras\u0131 Hizmet<\/td>\n<td>\u00c7evrimi\u00e7i destek, \u00c7evrimi\u00e7i destek<\/td>\n<\/tr>\n<tr>\n<td>Genel Bak\u0131\u015f<\/td>\n<td>\u00dcr\u00fcn ad\u0131<\/td>\n<td>sinterleme karbon fi\u0307ltre kartu\u015fu<\/td>\n<\/tr>\n<tr>\n<td>Genel Bak\u0131\u015f<\/td>\n<td>Sertifikasyon<\/td>\n<td>ISO<\/td>\n<\/tr>\n<tr>\n<td>Genel Bak\u0131\u015f<\/td>\n<td>Malzeme<\/td>\n<td>Sinterlenmi\u015f aktif hindistan cevizi karbonu<\/td>\n<\/tr>\n<tr>\n<td>Genel Bak\u0131\u015f<\/td>\n<td>Uzunluk<\/td>\n<td>10-1050mm<\/td>\n<\/tr>\n<tr>\n<td>Genel Bak\u0131\u015f<\/td>\n<td>OD<\/td>\n<td>14-121mm<\/td>\n<\/tr>\n<tr>\n<td>Genel Bak\u0131\u015f<\/td>\n<td>KIMLIK<\/td>\n<td>6-50mm<\/td>\n<\/tr>\n<tr>\n<td>Genel Bak\u0131\u015f<\/td>\n<td>Mikron oran\u0131<\/td>\n<td>0,5-20um<\/td>\n<\/tr>\n<tr>\n<td>Genel Bak\u0131\u015f<\/td>\n<td>\u0130yot de\u011feri<\/td>\n<td>1000'e kadar<\/td>\n<\/tr>\n<tr>\n<td>Genel Bak\u0131\u015f<\/td>\n<td>Ak\u0131\u015f h\u0131z\u0131<\/td>\n<td>\u2264300L\/saat<\/td>\n<\/tr>\n<tr>\n<td>Tedarik Yetene\u011fi<\/td>\n<td>Tedarik Yetene\u011fi<\/td>\n<td>G\u00fcnde 500 Adet \/ Adet<\/td>\n<\/tr>\n<\/tbody>\n<\/table>","protected":false},"featured_media":3726,"comment_status":"open","ping_status":"closed","template":"","meta":{"_gspb_post_css":""},"product_brand":[],"product_cat":[18],"product_tag":[1073,1204,1203,38,357,1182],"class_list":{"0":"post-3724","1":"product","2":"type-product","3":"status-publish","4":"has-post-thumbnail","6":"product_cat-sintered-metal-filters","7":"product_tag-activated-carbon-block-filter","8":"product_tag-clean-water-filter","9":"product_tag-customized-carbon-filter","10":"product_tag-industrial-water-filtration","11":"product_tag-water-filter-cartridge","12":"product_tag-water-purification-filter","14":"first","15":"instock","16":"shipping-taxable","17":"product-type-simple"},"_links":{"self":[{"href":"https:\/\/lyfilter.com\/tr\/wp-json\/wp\/v2\/product\/3724","targetHints":{"allow":["GET"]}}],"collection":[{"href":"https:\/\/lyfilter.com\/tr\/wp-json\/wp\/v2\/product"}],"about":[{"href":"https:\/\/lyfilter.com\/tr\/wp-json\/wp\/v2\/types\/product"}],"replies":[{"embeddable":true,"href":"https:\/\/lyfilter.com\/tr\/wp-json\/wp\/v2\/comments?post=3724"}],"wp:featuredmedia":[{"embeddable":true,"href":"https:\/\/lyfilter.com\/tr\/wp-json\/wp\/v2\/media\/3726"}],"wp:attachment":[{"href":"https:\/\/lyfilter.com\/tr\/wp-json\/wp\/v2\/media?parent=3724"}],"wp:term":[{"taxonomy":"product_brand","embeddable":true,"href":"https:\/\/lyfilter.com\/tr\/wp-json\/wp\/v2\/product_brand?post=3724"},{"taxonomy":"product_cat","embeddable":true,"href":"https:\/\/lyfilter.com\/tr\/wp-json\/wp\/v2\/product_cat?post=3724"},{"taxonomy":"product_tag","embeddable":true,"href":"https:\/\/lyfilter.com\/tr\/wp-json\/wp\/v2\/product_tag?post=3724"}],"curies":[{"name":"wp","href":"https:\/\/api.w.org\/{rel}","templated":true}]}}