{"id":3710,"date":"2026-04-03T01:49:17","date_gmt":"2026-04-03T01:49:17","guid":{"rendered":"https:\/\/lyfilter.com\/"},"modified":"2026-04-03T01:49:17","modified_gmt":"2026-04-03T01:49:17","slug":"wholehouse-small-type-pre-filter-water-sediment-sand-filter-with-nylon-net-filter","status":"publish","type":"product","link":"https:\/\/lyfilter.com\/tr\/wholehouse-small-type-pre-filter-water-sediment-sand-filter-with-nylon-net-filter\/","title":{"rendered":"Naylon Net Filtre ile Wholehouse K\u00fc\u00e7\u00fck Tip \u00d6n Filtre Su Sediment Kum Filtresi"},"content":{"rendered":"<p>Bu kompakt ev tipi \u00f6n filtre ile suyunuzu her g\u00fcn daha temiz tutun. \u015eeffaf g\u00f6vdesi ve naylon a\u011f\u0131, kum, tortu ve g\u00f6r\u00fcn\u00fcr partik\u00fclleri borular\u0131n\u0131za ve ev armat\u00fcrlerinize ula\u015fmadan \u00f6nce hapsetmeye yard\u0131mc\u0131 olur.<\/p>","protected":false},"excerpt":{"rendered":"<table>\n<thead>\n<tr>\n<th>\u00d6\u011fe<\/th>\n<th>Detaylar<\/th>\n<\/tr>\n<\/thead>\n<tbody>\n<tr>\n<td>Uygulanabilir Sekt\u00f6rler<\/td>\n<td>Yiyecek &amp; \u0130\u00e7ecek Fabrikas\u0131, Restoran, Yiyecek &amp; \u0130\u00e7ecek Ma\u011fazalar\u0131<\/td>\n<\/tr>\n<tr>\n<td>Men\u015fe Yeri<\/td>\n<td>Guangdong, \u00c7in<\/td>\n<\/tr>\n<tr>\n<td>Marka Ad\u0131<\/td>\n<td>Lvyuan\/OEM<\/td>\n<\/tr>\n<tr>\n<td>Malzeme<\/td>\n<td>Polipropilen<\/td>\n<\/tr>\n<tr>\n<td>A\u011f\u0131rl\u0131k<\/td>\n<td>\u00d6zelle\u015ftirilmi\u015f<\/td>\n<\/tr>\n<tr>\n<td>Boyut<\/td>\n<td>\u00d6zelle\u015ftirilmi\u015f<\/td>\n<\/tr>\n<tr>\n<td>G\u00fc\u00e7<\/td>\n<td>0<\/td>\n<\/tr>\n<tr>\n<td>Garanti<\/td>\n<td>1 Y\u0131l<\/td>\n<\/tr>\n<tr>\n<td>Sa\u011flanan Sat\u0131\u015f Sonras\u0131 Hizmet<\/td>\n<td>\u00c7evrimi\u00e7i destek<\/td>\n<\/tr>\n<tr>\n<td>\u00dcr\u00fcn Ad\u0131<\/td>\n<td>naylon fi\u0307ltre i\u0307le k\u00fc\u00e7\u00fck ti\u0307p \u00f6n fi\u0307ltre su tortu kum fi\u0307ltresi\u0307<\/td>\n<\/tr>\n<tr>\n<td>Giri\u015f ve \u00c7\u0131k\u0131\u015f<\/td>\n<td>Pirin\u00e7 1\/2\u2033 1\u2033 Di\u015fi<\/td>\n<\/tr>\n<tr>\n<td>Konut<\/td>\n<td>\u015eeffaf<\/td>\n<\/tr>\n<tr>\n<td>Naylon a\u011f filtre<\/td>\n<td>5 - 300 mikron<\/td>\n<\/tr>\n<tr>\n<td>G\u00dc\u00c7 FOS<\/td>\n<td>M\u00fc\u015fteriler gerekli<\/td>\n<\/tr>\n<tr>\n<td>Ak\u0131\u015f h\u0131z\u0131<\/td>\n<td>2-4T\/saat<\/td>\n<\/tr>\n<tr>\n<td>\u00c7al\u0131\u015fma bas\u0131nc\u0131<\/td>\n<td>1.0MPa<\/td>\n<\/tr>\n<tr>\n<td>\u00c7al\u0131\u015fma s\u0131cakl\u0131\u011f\u0131<\/td>\n<td>Maksimum 80C<\/td>\n<\/tr>\n<tr>\n<td>X-over konekt\u00f6r\u00fc<\/td>\n<td>\u0130le veya olmadan<\/td>\n<\/tr>\n<tr>\n<td>Ambalaj kutusu<\/td>\n<td>Renk kutusu<\/td>\n<\/tr>\n<\/tbody>\n<\/table>","protected":false},"featured_media":3713,"comment_status":"open","ping_status":"closed","template":"","meta":{"_gspb_post_css":""},"product_brand":[],"product_cat":[17],"product_tag":[1197,1195,1194,1196,1136,1193],"class_list":{"0":"post-3710","1":"product","2":"type-product","3":"status-publish","4":"has-post-thumbnail","6":"product_cat-sediment-filter","7":"product_tag-home-water-purifier","8":"product_tag-nylon-net-water-filter","9":"product_tag-sediment-sand-filter","10":"product_tag-transparent-housing-filter","11":"product_tag-water-filter-locks","12":"product_tag-wholehouse-pre-filter","14":"first","15":"instock","16":"shipping-taxable","17":"product-type-simple"},"_links":{"self":[{"href":"https:\/\/lyfilter.com\/tr\/wp-json\/wp\/v2\/product\/3710","targetHints":{"allow":["GET"]}}],"collection":[{"href":"https:\/\/lyfilter.com\/tr\/wp-json\/wp\/v2\/product"}],"about":[{"href":"https:\/\/lyfilter.com\/tr\/wp-json\/wp\/v2\/types\/product"}],"replies":[{"embeddable":true,"href":"https:\/\/lyfilter.com\/tr\/wp-json\/wp\/v2\/comments?post=3710"}],"wp:featuredmedia":[{"embeddable":true,"href":"https:\/\/lyfilter.com\/tr\/wp-json\/wp\/v2\/media\/3713"}],"wp:attachment":[{"href":"https:\/\/lyfilter.com\/tr\/wp-json\/wp\/v2\/media?parent=3710"}],"wp:term":[{"taxonomy":"product_brand","embeddable":true,"href":"https:\/\/lyfilter.com\/tr\/wp-json\/wp\/v2\/product_brand?post=3710"},{"taxonomy":"product_cat","embeddable":true,"href":"https:\/\/lyfilter.com\/tr\/wp-json\/wp\/v2\/product_cat?post=3710"},{"taxonomy":"product_tag","embeddable":true,"href":"https:\/\/lyfilter.com\/tr\/wp-json\/wp\/v2\/product_tag?post=3710"}],"curies":[{"name":"wp","href":"https:\/\/api.w.org\/{rel}","templated":true}]}}