{"id":3691,"date":"2026-04-02T11:03:42","date_gmt":"2026-04-02T11:03:42","guid":{"rendered":"https:\/\/lyfilter.com\/"},"modified":"2026-04-02T11:03:42","modified_gmt":"2026-04-02T11:03:42","slug":"lvyuan-efficient-activated-carbon-filter-element-factory-for-water","status":"publish","type":"product","link":"https:\/\/lyfilter.com\/tr\/lvyuan-efficient-activated-carbon-filter-element-factory-for-water\/","title":{"rendered":"Su \u0130\u00e7in Lvyuan Verimli Aktif Karbon Filtre Eleman\u0131 Fabrikas\u0131"},"content":{"rendered":"<p><b>1.<\/b>\u00a0Lvyuan tortu filtresi kartu\u015funun \u00fcretimi, \u00e7e\u015fitli temel mekanik par\u00e7alar\u0131n uygulanmas\u0131d\u0131r. Bunlar aras\u0131nda di\u015fliler, rulmanlar, ba\u011flant\u0131 elemanlar\u0131, yaylar, contalar, kaplinler ve benzerleri bulunmaktad\u0131r. Kendinden destekli fiber matris, hem ekonomik hem de g\u00fc\u00e7l\u00fc olan \u00e7ekirdeksiz bir tasar\u0131m sa\u011flar<br \/>\n<b>2.<\/b>\u00a0Lvyuan Su Ar\u0131tma Ekipmanlar\u0131, pazar talebini en y\u00fcksek verimlilikle kar\u015f\u0131layabilir. Filtre ortam\u0131n\u0131n derinli\u011fi boyunca farkl\u0131 g\u00f6zeneklilik vard\u0131r<br \/>\n<b>3.<\/b>\u00a0Teknolojik olarak geli\u015fmi\u015f kendi tesisimizde \u00fcretilen \u00fcr\u00fcn, kalite g\u00fcvencesine sahiptir. Filtre medyas\u0131, tutarl\u0131 ak\u0131\u015f h\u0131zlar\u0131 sa\u011flarken elyaf sal\u0131n\u0131m\u0131n\u0131 \u00f6nlemek i\u00e7in termal olarak ba\u011flanm\u0131\u015ft\u0131r<\/p>","protected":false},"excerpt":{"rendered":"<table>\n<thead>\n<tr>\n<th>\u00d6\u011fe<\/th>\n<th>Detaylar<\/th>\n<\/tr>\n<\/thead>\n<tbody>\n<tr>\n<td>Men\u015fe Yeri<\/td>\n<td>\u00c7in<\/td>\n<\/tr>\n<tr>\n<td>Marka Ad\u0131<\/td>\n<td>Lvyuan\/OEM<\/td>\n<\/tr>\n<tr>\n<td>Model Numaras\u0131<\/td>\n<td>LY-PLF-01<\/td>\n<\/tr>\n<tr>\n<td>G\u00fc\u00e7 (W)<\/td>\n<td>0<\/td>\n<\/tr>\n<tr>\n<td>Gerilim (V)<\/td>\n<td>0<\/td>\n<\/tr>\n<tr>\n<td>Sa\u011flanan Sat\u0131\u015f Sonras\u0131 Hizmet<\/td>\n<td>Hi\u00e7biri<\/td>\n<\/tr>\n<tr>\n<td>Garanti<\/td>\n<td>Hi\u00e7biri<\/td>\n<\/tr>\n<tr>\n<td>Tip<\/td>\n<td>Ters Osmoz<\/td>\n<\/tr>\n<tr>\n<td>Sertifikasyon<\/td>\n<td>GS<\/td>\n<\/tr>\n<tr>\n<td>Kullan\u0131m<\/td>\n<td>Ev Tipi \u00d6n Filtreleme<\/td>\n<\/tr>\n<tr>\n<td>Uygulama<\/td>\n<td>Araba, Karavan, D\u0131\u015f Mekan, Otel, Garaj, Ticari, Ev<\/td>\n<\/tr>\n<tr>\n<td>G\u00fc\u00e7 Kayna\u011f\u0131<\/td>\n<td>El Kitab\u0131<\/td>\n<\/tr>\n<tr>\n<td>\u0130sim<\/td>\n<td>pp su fi\u0307ltre elemani<\/td>\n<\/tr>\n<tr>\n<td>Filtre membran malzemesi<\/td>\n<td>PP\/PVDF\/PTFE\/PES\/Naylon<\/td>\n<\/tr>\n<tr>\n<td>Uzunluk<\/td>\n<td>5 \/ 10 \/ 20 \/ 30 \/ 40 \/ 50 \/ 60 in\u00e7<\/td>\n<\/tr>\n<tr>\n<td>Konekt\u00f6r<\/td>\n<td>Fin\/222\/226\/215\/DOE\/Thread<\/td>\n<\/tr>\n<tr>\n<td>Micron<\/td>\n<td>0.22\/0.5\/1\/3\/5\/10\/25\/50\/75\/100\/150<\/td>\n<\/tr>\n<tr>\n<td>S\u0131zd\u0131rmazl\u0131k y\u00f6ntemi<\/td>\n<td>S\u0131cak eritme kayna\u011f\u0131<\/td>\n<\/tr>\n<tr>\n<td>\u00c7ap<\/td>\n<td>70mm\/OEM<\/td>\n<\/tr>\n<tr>\n<td>\u0130\u00e7 \u00c7ekirdek<\/td>\n<td>PP\/SS\/OEM<\/td>\n<\/tr>\n<tr>\n<td>ADEDI<\/td>\n<td>\u015eu anda s\u0131n\u0131rl\u0131 de\u011fil<\/td>\n<\/tr>\n<tr>\n<td>Tedarik Yetene\u011fi<\/td>\n<td>5000 Adet\/Hafta ba\u015f\u0131na<\/td>\n<\/tr>\n<\/tbody>\n<\/table>","protected":false},"featured_media":3693,"comment_status":"open","ping_status":"closed","template":"","meta":{"_gspb_post_css":""},"product_brand":[],"product_cat":[20],"product_tag":[1177,1178,1180,1179,1176,866],"class_list":{"0":"post-3691","1":"product","2":"type-product","3":"status-publish","4":"has-post-thumbnail","6":"product_cat-high-flow-filter-cartridge","7":"product_tag-activated-carbon-filter-element","8":"product_tag-carbon-water-filter-factory","9":"product_tag-efficient-carbon-filter","10":"product_tag-household-water-filter-element","11":"product_tag-lvyuan-water-filter","12":"product_tag-water-filtration-cartridge","14":"first","15":"instock","16":"shipping-taxable","17":"product-type-simple"},"_links":{"self":[{"href":"https:\/\/lyfilter.com\/tr\/wp-json\/wp\/v2\/product\/3691","targetHints":{"allow":["GET"]}}],"collection":[{"href":"https:\/\/lyfilter.com\/tr\/wp-json\/wp\/v2\/product"}],"about":[{"href":"https:\/\/lyfilter.com\/tr\/wp-json\/wp\/v2\/types\/product"}],"replies":[{"embeddable":true,"href":"https:\/\/lyfilter.com\/tr\/wp-json\/wp\/v2\/comments?post=3691"}],"wp:featuredmedia":[{"embeddable":true,"href":"https:\/\/lyfilter.com\/tr\/wp-json\/wp\/v2\/media\/3693"}],"wp:attachment":[{"href":"https:\/\/lyfilter.com\/tr\/wp-json\/wp\/v2\/media?parent=3691"}],"wp:term":[{"taxonomy":"product_brand","embeddable":true,"href":"https:\/\/lyfilter.com\/tr\/wp-json\/wp\/v2\/product_brand?post=3691"},{"taxonomy":"product_cat","embeddable":true,"href":"https:\/\/lyfilter.com\/tr\/wp-json\/wp\/v2\/product_cat?post=3691"},{"taxonomy":"product_tag","embeddable":true,"href":"https:\/\/lyfilter.com\/tr\/wp-json\/wp\/v2\/product_tag?post=3691"}],"curies":[{"name":"wp","href":"https:\/\/api.w.org\/{rel}","templated":true}]}}