{"id":3688,"date":"2026-04-02T10:59:19","date_gmt":"2026-04-02T10:59:19","guid":{"rendered":"https:\/\/lyfilter.com\/"},"modified":"2026-04-02T11:02:01","modified_gmt":"2026-04-02T11:02:01","slug":"string-wound-sediment-water-filter-upplier","status":"publish","type":"product","link":"https:\/\/lyfilter.com\/tr\/string-wound-sediment-water-filter-upplier\/","title":{"rendered":"Tel Yara Sediment Su Filtresi Y\u00fckseltici"},"content":{"rendered":"<p><b>Tel sarg\u0131l\u0131 tortu su filtresinin \u00fcr\u00fcn detaylar\u0131<\/b><\/p>\n<p>&nbsp;<\/p>\n<p><b>H\u0131zl\u0131 Detay<\/b><\/p>\n<p>Dize sarg\u0131l\u0131 tortu su filtresi performans a\u00e7\u0131s\u0131ndan istikrarl\u0131 ve kalite a\u00e7\u0131s\u0131ndan g\u00fcvenilirdir. A\u015fa\u011f\u0131daki avantajlarla karakterize edilir: y\u00fcksek hassasiyet, y\u00fcksek verimlilik, y\u00fcksek esneklik, d\u00fc\u015f\u00fck a\u015f\u0131nma vb. Farkl\u0131 alanlarda yayg\u0131n olarak kullan\u0131labilir.\u00a0<a href=\"https:\/\/lyfilter.com\/tr\/\">Lvyuan Filtre<\/a>string wound sediment su filtresi uluslararas\u0131 ileri teknoloji kullan\u0131larak \u00fcretilmi\u015ftir. string wound sediment su filtresi m\u00fckemmel performansa, istikrarl\u0131 ve g\u00fcvenilir kaliteye sahiptir. string wound sediment su filtresi otomotiv yedek par\u00e7alar\u0131, metal yedek par\u00e7alar\u0131, in\u015faat malzemeleri, paslanmaz \u00e7elik \u00fcr\u00fcnler ve di\u011ferleri dahil olmak \u00fczere bir\u00e7ok alanda kullan\u0131lmaktad\u0131r. Maliyet etkinli\u011fi nedeniyle, \u00fcr\u00fcn bu alanda giderek daha pop\u00fcler hale gelmektedir.<\/p>","protected":false},"excerpt":{"rendered":"<table>\n<thead>\n<tr>\n<th>\u00d6\u011fe<\/th>\n<th>Detaylar<\/th>\n<\/tr>\n<\/thead>\n<tbody>\n<tr>\n<td>Men\u015fe Yeri<\/td>\n<td>Guangdong, \u00c7in<\/td>\n<\/tr>\n<tr>\n<td>Marka Ad\u0131<\/td>\n<td>Lvyuan \/ OEM<\/td>\n<\/tr>\n<tr>\n<td>Model Numaras\u0131<\/td>\n<td>LY-SW serisi<\/td>\n<\/tr>\n<tr>\n<td>\u00dcr\u00fcn ad\u0131<\/td>\n<td>5 mikron kartu\u015f filtre<\/td>\n<\/tr>\n<tr>\n<td>Mikron Oran\u0131<\/td>\n<td>1, 3, 5, 10 mikron filtre kartu\u015fu<\/td>\n<\/tr>\n<tr>\n<td>Malzeme<\/td>\n<td>PP \/ Pamuk \/ cam elyaf\u0131<\/td>\n<\/tr>\n<tr>\n<td>\u0130\u00e7 \u00e7ekirdek<\/td>\n<td>PP veya paslanmaz \u00e7elik<\/td>\n<\/tr>\n<tr>\n<td>Uzunluk<\/td>\n<td>5\u2033, 10\u2033, 20\u2033, 30\u2033, 40\u2033, 50\u201d in\u00e7<\/td>\n<\/tr>\n<tr>\n<td>Conta\/O halka malzemesi<\/td>\n<td>Silikon \/ EPDM \/ Viton<\/td>\n<\/tr>\n<tr>\n<td>Kullan\u0131m<\/td>\n<td>s\u0131v\u0131 filtresi, su filtresi par\u00e7alar\u0131<\/td>\n<\/tr>\n<tr>\n<td>\u0130\u00e7 \u00e7ap<\/td>\n<td>28, 30mm<\/td>\n<\/tr>\n<tr>\n<td>D\u0131\u015f \u00e7ap<\/td>\n<td>60~62mm, Jumbo 110~115mm<\/td>\n<\/tr>\n<tr>\n<td>Sertifikasyon<\/td>\n<td>CE SGS ISO<\/td>\n<\/tr>\n<tr>\n<td>Tedarik Yetene\u011fi<\/td>\n<td>G\u00fcnde 5000 Adet \/ Adet 5 mikron kartu\u015f filtre<\/td>\n<\/tr>\n<\/tbody>\n<\/table>","protected":false},"featured_media":3690,"comment_status":"open","ping_status":"closed","template":"","meta":{"_gspb_post_css":""},"product_brand":[],"product_cat":[1095],"product_tag":[1172,1175,1176,1174,1171,1173],"class_list":{"0":"post-3688","1":"product","2":"type-product","3":"status-publish","4":"has-post-thumbnail","6":"product_cat-string-wound-filter-cartridge","7":"product_tag-5-micron-cartridge-filter","8":"product_tag-industrial-water-filter-parts","9":"product_tag-lvyuan-water-filter","10":"product_tag-pp-cotton-filter-cartridge","11":"product_tag-string-wound-sediment-water-filter","12":"product_tag-water-filter-cartridge-supplier","14":"first","15":"instock","16":"shipping-taxable","17":"product-type-simple"},"_links":{"self":[{"href":"https:\/\/lyfilter.com\/tr\/wp-json\/wp\/v2\/product\/3688","targetHints":{"allow":["GET"]}}],"collection":[{"href":"https:\/\/lyfilter.com\/tr\/wp-json\/wp\/v2\/product"}],"about":[{"href":"https:\/\/lyfilter.com\/tr\/wp-json\/wp\/v2\/types\/product"}],"replies":[{"embeddable":true,"href":"https:\/\/lyfilter.com\/tr\/wp-json\/wp\/v2\/comments?post=3688"}],"wp:featuredmedia":[{"embeddable":true,"href":"https:\/\/lyfilter.com\/tr\/wp-json\/wp\/v2\/media\/3690"}],"wp:attachment":[{"href":"https:\/\/lyfilter.com\/tr\/wp-json\/wp\/v2\/media?parent=3688"}],"wp:term":[{"taxonomy":"product_brand","embeddable":true,"href":"https:\/\/lyfilter.com\/tr\/wp-json\/wp\/v2\/product_brand?post=3688"},{"taxonomy":"product_cat","embeddable":true,"href":"https:\/\/lyfilter.com\/tr\/wp-json\/wp\/v2\/product_cat?post=3688"},{"taxonomy":"product_tag","embeddable":true,"href":"https:\/\/lyfilter.com\/tr\/wp-json\/wp\/v2\/product_tag?post=3688"}],"curies":[{"name":"wp","href":"https:\/\/api.w.org\/{rel}","templated":true}]}}