{"id":3680,"date":"2026-04-02T10:05:06","date_gmt":"2026-04-02T10:05:06","guid":{"rendered":"https:\/\/lyfilter.com\/"},"modified":"2026-04-02T10:05:06","modified_gmt":"2026-04-02T10:05:06","slug":"whole-sale-stainless-steel-powder-sinterd-filter-cartridge-for-energy-mining","status":"publish","type":"product","link":"https:\/\/lyfilter.com\/tr\/whole-sale-stainless-steel-powder-sinterd-filter-cartridge-for-energy-mining\/","title":{"rendered":"Enerji ve Madencilik \u0130\u00e7in T\u00fcm Sat\u0131\u015f Paslanmaz \u00c7elik Toz Sinterd Filtre Kartu\u015fu"},"content":{"rendered":"<p>Zorlu enerji ve madencilik uygulamalar\u0131 i\u00e7in tasarlanan bu paslanmaz \u00e7elik toz sinter filtre kartu\u015fu, dayan\u0131kl\u0131 yap\u0131s\u0131, yeniden kullan\u0131labilir performans\u0131 ve g\u00fcnl\u00fck end\u00fcstriyel kullan\u0131mda g\u00fcvenilir ak\u0131\u015f\u0131yla istikrarl\u0131 su filtrasyonunu destekler.<\/p>","protected":false},"excerpt":{"rendered":"<table>\n<thead>\n<tr>\n<th>Durum<\/th>\n<th>Uygulanabilir Sekt\u00f6rler<\/th>\n<th>Garanti Sonras\u0131 Hizmet<\/th>\n<th>Yerel Hizmet Konumu<\/th>\n<th>Showroom Konumu<\/th>\n<th>Video giden-denetim<\/th>\n<th>Makine Test Raporu<\/th>\n<th>Pazarlama T\u00fcr\u00fc<\/th>\n<th>\u00c7ekirdek bile\u015fenlerin garantisi<\/th>\n<th>\u00c7ekirdek Bile\u015fenler<\/th>\n<th>Men\u015fe Yeri<\/th>\n<th>Marka Ad\u0131<\/th>\n<th>Garanti<\/th>\n<th>Sa\u011flanan Sat\u0131\u015f Sonras\u0131 Hizmet<\/th>\n<th>Anahtar Kelimeler<\/th>\n<th>\u00c7ap<\/th>\n<th>Malzeme<\/th>\n<th>\u015eekil<\/th>\n<th>Kullan\u0131m<\/th>\n<th>Uygulama<\/th>\n<th>Renk<\/th>\n<th>Paketleme<\/th>\n<th>uzunluk<\/th>\n<th>Avantaj<\/th>\n<\/tr>\n<\/thead>\n<tbody>\n<tr>\n<td>Yeni<\/td>\n<td>Oteller, Konfeksiyon Ma\u011fazalar\u0131, \u0130n\u015faat Malzemesi Ma\u011fazalar\u0131, \u00dcretim Tesisi, Makine Tamir At\u00f6lyeleri, Yiyecek ve \u0130\u00e7ecek Fabrikas\u0131, \u00c7iftlikler, Restoran, Ev Kullan\u0131m\u0131, Perakende, Yiyecek Ma\u011fazas\u0131, Matbaalar, \u0130n\u015faat i\u015fleri, Enerji ve Madencilik, Yiyecek ve \u0130\u00e7ecek Ma\u011fazalar\u0131<\/td>\n<td>\u00c7evrimi\u00e7i destek<\/td>\n<td>Hi\u00e7biri<\/td>\n<td>Hi\u00e7biri<\/td>\n<td>Sa\u011fland\u0131<\/td>\n<td>Sa\u011fland\u0131<\/td>\n<td>S\u0131radan \u00dcr\u00fcn<\/td>\n<td>1 Y\u0131l<\/td>\n<td>Bas\u0131n\u00e7l\u0131 kap<\/td>\n<td>Guangdong, \u00c7in<\/td>\n<td>Lvyuan\/OEM<\/td>\n<td>1 Y\u0131l<\/td>\n<td>\u00c7evrimi\u00e7i destek<\/td>\n<td>paslanmaz \u00e7elik toz sinter filtre kartu\u015fu<\/td>\n<td>M\u00fc\u015fteri talebi<\/td>\n<td>paslanmaz \u00e7elik<\/td>\n<td>Silindir<\/td>\n<td>su ar\u0131tma<\/td>\n<td>end\u00fcstri<\/td>\n<td>\u015eerit<\/td>\n<td>KA\u011eIT KUTU<\/td>\n<td>10\/20\/30\/40 in\u00e7<\/td>\n<td>yeniden kullan\u0131m<\/td>\n<\/tr>\n<\/tbody>\n<\/table>","protected":false},"featured_media":3687,"comment_status":"open","ping_status":"closed","template":"","meta":{"_gspb_post_css":""},"product_brand":[],"product_cat":[18],"product_tag":[1169,1170,1168,1160,1167,1136],"class_list":{"0":"post-3680","1":"product","2":"type-product","3":"status-publish","4":"has-post-thumbnail","6":"product_cat-sintered-metal-filters","7":"product_tag-energy-and-mining-filter","8":"product_tag-industrial-filtration-cartridge","9":"product_tag-powder-sinterd-filter","10":"product_tag-reusable-water-filter","11":"product_tag-stainless-steel-filter-cartridge","12":"product_tag-water-filter-locks","14":"first","15":"instock","16":"shipping-taxable","17":"product-type-simple"},"_links":{"self":[{"href":"https:\/\/lyfilter.com\/tr\/wp-json\/wp\/v2\/product\/3680","targetHints":{"allow":["GET"]}}],"collection":[{"href":"https:\/\/lyfilter.com\/tr\/wp-json\/wp\/v2\/product"}],"about":[{"href":"https:\/\/lyfilter.com\/tr\/wp-json\/wp\/v2\/types\/product"}],"replies":[{"embeddable":true,"href":"https:\/\/lyfilter.com\/tr\/wp-json\/wp\/v2\/comments?post=3680"}],"wp:featuredmedia":[{"embeddable":true,"href":"https:\/\/lyfilter.com\/tr\/wp-json\/wp\/v2\/media\/3687"}],"wp:attachment":[{"href":"https:\/\/lyfilter.com\/tr\/wp-json\/wp\/v2\/media?parent=3680"}],"wp:term":[{"taxonomy":"product_brand","embeddable":true,"href":"https:\/\/lyfilter.com\/tr\/wp-json\/wp\/v2\/product_brand?post=3680"},{"taxonomy":"product_cat","embeddable":true,"href":"https:\/\/lyfilter.com\/tr\/wp-json\/wp\/v2\/product_cat?post=3680"},{"taxonomy":"product_tag","embeddable":true,"href":"https:\/\/lyfilter.com\/tr\/wp-json\/wp\/v2\/product_tag?post=3680"}],"curies":[{"name":"wp","href":"https:\/\/api.w.org\/{rel}","templated":true}]}}