{"id":3676,"date":"2026-04-02T09:59:52","date_gmt":"2026-04-02T09:59:52","guid":{"rendered":"https:\/\/lyfilter.com\/"},"modified":"2026-04-02T09:59:52","modified_gmt":"2026-04-02T09:59:52","slug":"lvyuan-best-pleated-sediment-filter-replace-for-purify","status":"publish","type":"product","link":"https:\/\/lyfilter.com\/tr\/lvyuan-best-pleated-sediment-filter-replace-for-purify\/","title":{"rendered":"Lvyuan En \u0130yi Pileli Sediment Filtre Ar\u0131nd\u0131rmak \u0130\u00e7in De\u011fi\u015ftirin"},"content":{"rendered":"<p>Daha az bak\u0131m gerektiren pratik filtreleme i\u00e7in Lvyuan en iyi pileli tortu filtresini se\u00e7in. Pileli tasar\u0131m\u0131 tortuyu hapsetmeye yard\u0131mc\u0131 olur, d\u00fczg\u00fcn su ak\u0131\u015f\u0131n\u0131 destekler ve ev veya hafif ticari kullan\u0131m i\u00e7in g\u00fcvenilir performans sunar.<\/p>","protected":false},"excerpt":{"rendered":"<table>\n<thead>\n<tr>\n<th>Saha<\/th>\n<th>De\u011fer<\/th>\n<\/tr>\n<\/thead>\n<tbody>\n<tr>\n<td>Durum<\/td>\n<td>Yeni<\/td>\n<\/tr>\n<tr>\n<td>Uygulanabilir Sekt\u00f6rler<\/td>\n<td>Oteller, Konfeksiyon Ma\u011fazalar\u0131, \u0130n\u015faat Malzemesi Ma\u011fazalar\u0131, \u00dcretim Tesisi, Makine Tamir At\u00f6lyeleri, Yiyecek ve \u0130\u00e7ecek Fabrikas\u0131, \u00c7iftlikler, Restoran, Ev Kullan\u0131m\u0131, Perakende, Yiyecek Ma\u011fazas\u0131, Matbaalar, \u0130n\u015faat i\u015fleri, Enerji ve Madencilik, Yiyecek ve \u0130\u00e7ecek Ma\u011fazalar\u0131, Reklam \u015eirketi<\/td>\n<\/tr>\n<tr>\n<td>Garanti Sonras\u0131 Hizmet<\/td>\n<td>Servis yok, \u00c7evrimi\u00e7i destek<\/td>\n<\/tr>\n<tr>\n<td>Yerel Hizmet Konumu<\/td>\n<td>Hi\u00e7biri<\/td>\n<\/tr>\n<tr>\n<td>Showroom Konumu<\/td>\n<td>Hi\u00e7biri<\/td>\n<\/tr>\n<tr>\n<td>Video giden-denetim<\/td>\n<td>Sa\u011fland\u0131<\/td>\n<\/tr>\n<tr>\n<td>Makine Test Raporu<\/td>\n<td>Sa\u011fland\u0131<\/td>\n<\/tr>\n<tr>\n<td>Pazarlama T\u00fcr\u00fc<\/td>\n<td>S\u0131radan \u00dcr\u00fcn<\/td>\n<\/tr>\n<tr>\n<td>\u00c7ekirdek bile\u015fenlerin garantisi<\/td>\n<td>1 Y\u0131l<\/td>\n<\/tr>\n<tr>\n<td>\u00c7ekirdek Bile\u015fenler<\/td>\n<td>Bas\u0131n\u00e7l\u0131 kap<\/td>\n<\/tr>\n<tr>\n<td>Men\u015fe Yeri<\/td>\n<td>Guangdong, \u00c7in<\/td>\n<\/tr>\n<tr>\n<td>Marka Ad\u0131<\/td>\n<td>LVYUAN\/OEM<\/td>\n<\/tr>\n<tr>\n<td>Garanti<\/td>\n<td>1 Y\u0131l<\/td>\n<\/tr>\n<tr>\n<td>Sa\u011flanan Sat\u0131\u015f Sonras\u0131 Hizmet<\/td>\n<td>\u00c7evrimi\u00e7i destek<\/td>\n<\/tr>\n<tr>\n<td>\u0130sim<\/td>\n<td>mikro g\u00f6zenekli katlanm\u0131\u015f filtre kartu\u015fu<\/td>\n<\/tr>\n<tr>\n<td>Filtre membran malzemesi<\/td>\n<td>PP\/PVDF\/PTFE\/PES\/Naylon<\/td>\n<\/tr>\n<tr>\n<td>Uzunluk<\/td>\n<td>5 \/ 10 \/ 20 \/ 30 \/ 40 \/ 50 \/ 60 in\u00e7<\/td>\n<\/tr>\n<tr>\n<td>Konekt\u00f6r<\/td>\n<td>Fin\/222\/226\/215\/DOE\/Thread<\/td>\n<\/tr>\n<tr>\n<td>Micron<\/td>\n<td>0.22\/0.5\/1\/3\/5\/10\/25\/50\/75\/100\/150<\/td>\n<\/tr>\n<tr>\n<td>O-ring malzemesi<\/td>\n<td>EPDM\/Silikon<\/td>\n<\/tr>\n<tr>\n<td>S\u0131zd\u0131rmazl\u0131k y\u00f6ntemi<\/td>\n<td>S\u0131cak eritme kayna\u011f\u0131<\/td>\n<\/tr>\n<tr>\n<td>\u00c7ap<\/td>\n<td>70mm\/OEM<\/td>\n<\/tr>\n<tr>\n<td>\u0130\u00e7 \u00c7ekirdek<\/td>\n<td>PP\/SS\/OEM<\/td>\n<\/tr>\n<tr>\n<td>ADEDI<\/td>\n<td>\u015eu anda s\u0131n\u0131rl\u0131 de\u011fil<\/td>\n<\/tr>\n<tr>\n<td>Tedarik Yetene\u011fi<\/td>\n<td>G\u00fcnde 500 Adet \/ Adet<\/td>\n<\/tr>\n<\/tbody>\n<\/table>","protected":false},"featured_media":3679,"comment_status":"open","ping_status":"closed","template":"","meta":{"_gspb_post_css":""},"product_brand":[],"product_cat":[17],"product_tag":[326,1163,1166,1164,1136,1165],"class_list":{"0":"post-3676","1":"product","2":"type-product","3":"status-publish","4":"has-post-thumbnail","6":"product_cat-sediment-filter","7":"product_tag-home-water-filtration","8":"product_tag-lvyuan-pleated-filter","9":"product_tag-pleated-water-cartridge","10":"product_tag-sediment-filter-replacement","11":"product_tag-water-filter-locks","12":"product_tag-water-purifier-filter","14":"first","15":"instock","16":"shipping-taxable","17":"product-type-simple"},"_links":{"self":[{"href":"https:\/\/lyfilter.com\/tr\/wp-json\/wp\/v2\/product\/3676","targetHints":{"allow":["GET"]}}],"collection":[{"href":"https:\/\/lyfilter.com\/tr\/wp-json\/wp\/v2\/product"}],"about":[{"href":"https:\/\/lyfilter.com\/tr\/wp-json\/wp\/v2\/types\/product"}],"replies":[{"embeddable":true,"href":"https:\/\/lyfilter.com\/tr\/wp-json\/wp\/v2\/comments?post=3676"}],"wp:featuredmedia":[{"embeddable":true,"href":"https:\/\/lyfilter.com\/tr\/wp-json\/wp\/v2\/media\/3679"}],"wp:attachment":[{"href":"https:\/\/lyfilter.com\/tr\/wp-json\/wp\/v2\/media?parent=3676"}],"wp:term":[{"taxonomy":"product_brand","embeddable":true,"href":"https:\/\/lyfilter.com\/tr\/wp-json\/wp\/v2\/product_brand?post=3676"},{"taxonomy":"product_cat","embeddable":true,"href":"https:\/\/lyfilter.com\/tr\/wp-json\/wp\/v2\/product_cat?post=3676"},{"taxonomy":"product_tag","embeddable":true,"href":"https:\/\/lyfilter.com\/tr\/wp-json\/wp\/v2\/product_tag?post=3676"}],"curies":[{"name":"wp","href":"https:\/\/api.w.org\/{rel}","templated":true}]}}