{"id":3649,"date":"2026-04-02T09:30:08","date_gmt":"2026-04-02T09:30:08","guid":{"rendered":"https:\/\/lyfilter.com\/"},"modified":"2026-04-02T09:30:08","modified_gmt":"2026-04-02T09:30:08","slug":"moveable-sewage-treatment-plant-car-wash-water-recycle","status":"publish","type":"product","link":"https:\/\/lyfilter.com\/tr\/moveable-sewage-treatment-plant-car-wash-water-recycle\/","title":{"rendered":"Hareketli At\u0131k Su Ar\u0131tma Tesisi\/Ara\u00e7 Y\u0131kama Suyu Geri D\u00f6n\u00fc\u015f\u00fcm\u00fc"},"content":{"rendered":"<p>Suyun yeniden kullan\u0131m ihtiya\u00e7lar\u0131 i\u00e7in tasarlanan bu hareketli at\u0131k su ar\u0131tma tesisi, sabit filtreleme ve pratik performans ile araba y\u0131kama suyunu geri d\u00f6n\u00fc\u015ft\u00fcr\u00fcr. Yo\u011fun \u00e7al\u0131\u015fma sahalar\u0131 i\u00e7in daha temiz \u00e7\u0131kt\u0131, daha kolay yer de\u011fi\u015ftirme ve g\u00fcvenilir \u00e7al\u0131\u015fma sunar.<\/p>","protected":false},"excerpt":{"rendered":"<table>\n<thead>\n<tr>\n<th>\u00d6\u011fe<\/th>\n<th>De\u011fer<\/th>\n<\/tr>\n<\/thead>\n<tbody>\n<tr>\n<td>Uygulanabilir Sekt\u00f6rler<\/td>\n<td>Yiyecek &amp; \u0130\u00e7ecek Fabrikas\u0131, \u0130n\u015faat i\u015fleri, Yiyecek &amp; \u0130\u00e7ecek Ma\u011fazalar\u0131<\/td>\n<\/tr>\n<tr>\n<td>Garanti Sonras\u0131 Hizmet<\/td>\n<td>\u00c7evrimi\u00e7i destek<\/td>\n<\/tr>\n<tr>\n<td>Yerel Hizmet Konumu<\/td>\n<td>Hi\u00e7biri<\/td>\n<\/tr>\n<tr>\n<td>Showroom Konumu<\/td>\n<td>Hi\u00e7biri<\/td>\n<\/tr>\n<tr>\n<td>Video giden-denetim<\/td>\n<td>Sa\u011fland\u0131<\/td>\n<\/tr>\n<tr>\n<td>Makine Test Raporu<\/td>\n<td>Sa\u011fland\u0131<\/td>\n<\/tr>\n<tr>\n<td>Pazarlama T\u00fcr\u00fc<\/td>\n<td>S\u0131radan \u00dcr\u00fcn<\/td>\n<\/tr>\n<tr>\n<td>\u00c7ekirdek bile\u015fenlerin garantisi<\/td>\n<td>1 Y\u0131l<\/td>\n<\/tr>\n<tr>\n<td>\u00c7ekirdek Bile\u015fenler<\/td>\n<td>Motor<\/td>\n<\/tr>\n<tr>\n<td>Men\u015fe Yeri<\/td>\n<td>Guangdong, \u00c7in<\/td>\n<\/tr>\n<tr>\n<td>Marka Ad\u0131<\/td>\n<td>Lvyuan<\/td>\n<\/tr>\n<tr>\n<td>Garanti<\/td>\n<td>1 Y\u0131l<\/td>\n<\/tr>\n<tr>\n<td>Sa\u011flanan Sat\u0131\u015f Sonras\u0131 Hizmet<\/td>\n<td>\u00c7evrimi\u00e7i destek<\/td>\n<\/tr>\n<tr>\n<td>\u00d6\u011fe<\/td>\n<td>MBR at\u0131k su ar\u0131tma tesisi<\/td>\n<\/tr>\n<tr>\n<td>Garanti<\/td>\n<td>Bir y\u0131l<\/td>\n<\/tr>\n<tr>\n<td>BELGELEND\u0130RME<\/td>\n<td>ISO<\/td>\n<\/tr>\n<tr>\n<td>TEKNOLOJ\u0130 1<\/td>\n<td>membran ayri\u015ftirma teknoloji\u0307si\u0307<\/td>\n<\/tr>\n<tr>\n<td>TEKNOLOJ\u0130 2<\/td>\n<td>biyolojik ar\u0131tma teknolojisi<\/td>\n<\/tr>\n<tr>\n<td>TEKNOLOJ\u0130 3<\/td>\n<td>Alfa membran mod\u00fcl\u00fc<\/td>\n<\/tr>\n<tr>\n<td>dayan\u0131kl\u0131<\/td>\n<td>Uzun hizmet \u00f6mr\u00fc<\/td>\n<\/tr>\n<tr>\n<td>operasyon<\/td>\n<td>Basit<\/td>\n<\/tr>\n<tr>\n<td>Bak\u0131m<\/td>\n<td>uygun<\/td>\n<\/tr>\n<tr>\n<td>Kalite<\/td>\n<td>y\u00fcksek seviye<\/td>\n<\/tr>\n<tr>\n<td>Tedarik Yetene\u011fi<\/td>\n<td>Ayda 10 Tak\u0131m \/ Tak\u0131mlar<\/td>\n<\/tr>\n<\/tbody>\n<\/table>","protected":false},"featured_media":3655,"comment_status":"open","ping_status":"closed","template":"","meta":{"_gspb_post_css":""},"product_brand":[],"product_cat":[1147],"product_tag":[1153,38,1155,1152,1154,1136],"class_list":{"0":"post-3649","1":"product","2":"type-product","3":"status-publish","4":"has-post-thumbnail","6":"product_cat-waste-water-treatment-plant","7":"product_tag-car-wash-water-recycle","8":"product_tag-industrial-water-filtration","9":"product_tag-mobile-water-treatment","10":"product_tag-moveable-sewage-treatment-plant","11":"product_tag-wastewater-reuse-system","12":"product_tag-water-filter-locks","14":"first","15":"instock","16":"shipping-taxable","17":"product-type-simple"},"_links":{"self":[{"href":"https:\/\/lyfilter.com\/tr\/wp-json\/wp\/v2\/product\/3649","targetHints":{"allow":["GET"]}}],"collection":[{"href":"https:\/\/lyfilter.com\/tr\/wp-json\/wp\/v2\/product"}],"about":[{"href":"https:\/\/lyfilter.com\/tr\/wp-json\/wp\/v2\/types\/product"}],"replies":[{"embeddable":true,"href":"https:\/\/lyfilter.com\/tr\/wp-json\/wp\/v2\/comments?post=3649"}],"wp:featuredmedia":[{"embeddable":true,"href":"https:\/\/lyfilter.com\/tr\/wp-json\/wp\/v2\/media\/3655"}],"wp:attachment":[{"href":"https:\/\/lyfilter.com\/tr\/wp-json\/wp\/v2\/media?parent=3649"}],"wp:term":[{"taxonomy":"product_brand","embeddable":true,"href":"https:\/\/lyfilter.com\/tr\/wp-json\/wp\/v2\/product_brand?post=3649"},{"taxonomy":"product_cat","embeddable":true,"href":"https:\/\/lyfilter.com\/tr\/wp-json\/wp\/v2\/product_cat?post=3649"},{"taxonomy":"product_tag","embeddable":true,"href":"https:\/\/lyfilter.com\/tr\/wp-json\/wp\/v2\/product_tag?post=3649"}],"curies":[{"name":"wp","href":"https:\/\/api.w.org\/{rel}","templated":true}]}}