{"id":3647,"date":"2026-04-02T09:28:05","date_gmt":"2026-04-02T09:28:05","guid":{"rendered":"https:\/\/lyfilter.com\/"},"modified":"2026-04-02T09:28:06","modified_gmt":"2026-04-02T09:28:06","slug":"sewage-reuse-water-tree-watering-source","status":"publish","type":"product","link":"https:\/\/lyfilter.com\/tr\/sewage-reuse-water-tree-watering-source\/","title":{"rendered":"Kanalizasyon Yeniden Kullan\u0131m Suyu \/ A\u011fa\u00e7 Sulama Kayna\u011f\u0131"},"content":{"rendered":"<div class=\"scc-wrapper detail-module module-productPackagingAndQuickDetail\" data-spm=\"prilinga1e\">\n<div class=\"widget-detail-overview\"><\/div>\n<\/div>\n<div class=\"scc-wrapper detail-module module-productSpecification\" data-spm=\"pronpeci14\">\n<div id=\"J-rich-text-description\" class=\"richtext richtext-detail rich-text-description\">\n<div class=\"table-responsive\">\n<table class=\"aliDataTable\">\n<tbody>\n<tr align=\"left\">\n<td valign=\"bottom\">HAYIR<\/td>\n<td valign=\"bottom\">\u00d6\u011fe<\/td>\n<\/tr>\n<tr align=\"left\">\n<td valign=\"center\">1<\/td>\n<td valign=\"center\">MBR membran\u0131<\/td>\n<\/tr>\n<tr align=\"left\">\n<td valign=\"center\">2<\/td>\n<td valign=\"center\">MBR destek \u00c7er\u00e7evesi<\/td>\n<\/tr>\n<tr align=\"left\">\n<td valign=\"center\">3<\/td>\n<td valign=\"center\">MBR toplama borusu<\/td>\n<\/tr>\n<tr align=\"left\">\n<td valign=\"center\">4<\/td>\n<td valign=\"center\">MBR ana borusu<\/td>\n<\/tr>\n<tr align=\"left\">\n<td valign=\"center\">6<\/td>\n<td valign=\"center\">Kendinden emi\u015fli pompa<\/td>\n<\/tr>\n<tr align=\"left\">\n<td valign=\"center\">7<\/td>\n<td valign=\"center\">\u00c7amur pompas\u0131<\/td>\n<\/tr>\n<tr align=\"left\">\n<td valign=\"center\">8<\/td>\n<td valign=\"center\">Kald\u0131rma pompas\u0131<\/td>\n<\/tr>\n<tr align=\"left\">\n<td valign=\"center\">10<\/td>\n<td valign=\"center\">Geri y\u0131kama dozaj pompas\u0131<\/td>\n<\/tr>\n<tr align=\"left\">\n<td valign=\"center\">11<\/td>\n<td valign=\"center\">Geri y\u0131kama dozaj tank\u0131<\/td>\n<\/tr>\n<tr align=\"left\">\n<td valign=\"center\">12<\/td>\n<td valign=\"center\">Dezenfektan<\/p>\n<p>Dozajlama tank\u0131<\/td>\n<\/tr>\n<tr align=\"left\">\n<td valign=\"center\">13<\/td>\n<td valign=\"center\">\u00d6l\u00e7\u00fcm pompas\u0131<\/p>\n<p>&nbsp;<\/td>\n<\/tr>\n<tr align=\"left\">\n<td valign=\"center\">14<\/td>\n<td valign=\"center\">Hava \u00dcfleyici<\/td>\n<\/tr>\n<tr align=\"left\">\n<td valign=\"center\">15<\/td>\n<td valign=\"center\">Kontrol Kutusu<\/td>\n<\/tr>\n<tr align=\"left\">\n<td valign=\"center\">16<\/td>\n<td valign=\"center\">Hava Dif\u00fcz\u00f6r\u00fc<\/td>\n<\/tr>\n<tr align=\"left\">\n<td valign=\"center\">17<\/td>\n<td valign=\"center\">Boru ve Ek Par\u00e7alar\u0131<\/td>\n<\/tr>\n<tr align=\"left\">\n<td valign=\"center\">18<\/td>\n<td valign=\"center\">\u0130ntegral tip su deposu<\/td>\n<\/tr>\n<tr align=\"left\">\n<td valign=\"center\">19<\/td>\n<td valign=\"center\">Di\u011fer<\/td>\n<\/tr>\n<\/tbody>\n<\/table>\n<\/div>\n<p><strong>kanalizasyon yeniden kullan\u0131m suyu \/ a\u011fa\u00e7 sulama kayna\u011f\u0131 \/ kanalizasyon yeniden kullan\u0131m suyu \/ a\u011fa\u00e7 sulama kayna\u011f\u0131<\/strong><\/p>\n<\/div>\n<\/div>","protected":false},"excerpt":{"rendered":"<table>\n<thead>\n<tr>\n<th>\u00d6\u011fe<\/th>\n<th>De\u011fer<\/th>\n<\/tr>\n<\/thead>\n<tbody>\n<tr>\n<td>Uygulanabilir Sekt\u00f6rler<\/td>\n<td>Makine Tamir At\u00f6lyeleri, Yiyecek &amp; \u0130\u00e7ecek Fabrikas\u0131, \u0130n\u015faat i\u015fleri, Yiyecek &amp; \u0130\u00e7ecek Ma\u011fazalar\u0131<\/td>\n<\/tr>\n<tr>\n<td>Garanti Sonras\u0131 Hizmet<\/td>\n<td>\u00c7evrimi\u00e7i destek<\/td>\n<\/tr>\n<tr>\n<td>Yerel Hizmet Konumu<\/td>\n<td>Hi\u00e7biri<\/td>\n<\/tr>\n<tr>\n<td>Showroom Konumu<\/td>\n<td>Hi\u00e7biri<\/td>\n<\/tr>\n<tr>\n<td>Video giden-denetim<\/td>\n<td>Sa\u011fland\u0131<\/td>\n<\/tr>\n<tr>\n<td>Makine Test Raporu<\/td>\n<td>Sa\u011fland\u0131<\/td>\n<\/tr>\n<tr>\n<td>Pazarlama T\u00fcr\u00fc<\/td>\n<td>S\u0131radan \u00dcr\u00fcn<\/td>\n<\/tr>\n<tr>\n<td>\u00c7ekirdek bile\u015fenlerin garantisi<\/td>\n<td>1 Y\u0131l<\/td>\n<\/tr>\n<tr>\n<td>\u00c7ekirdek Bile\u015fenler<\/td>\n<td>Pompa<\/td>\n<\/tr>\n<tr>\n<td>Men\u015fe Yeri<\/td>\n<td>Guangdong, \u00c7in<\/td>\n<\/tr>\n<tr>\n<td>Marka Ad\u0131<\/td>\n<td>Guangzhou Lvyuan<\/td>\n<\/tr>\n<tr>\n<td>Garanti<\/td>\n<td>1 Y\u0131l<\/td>\n<\/tr>\n<tr>\n<td>Sa\u011flanan Sat\u0131\u015f Sonras\u0131 Hizmet<\/td>\n<td>\u00c7evrimi\u00e7i destek<\/td>\n<\/tr>\n<tr>\n<td>\u00d6\u011fe<\/td>\n<td>MBR at\u0131k su ar\u0131tma tesisi<\/td>\n<\/tr>\n<tr>\n<td>Garanti<\/td>\n<td>Bir y\u0131l boyunca elektrikli par\u00e7a<\/td>\n<\/tr>\n<tr>\n<td>BELGELEND\u0130RME<\/td>\n<td>BV<\/td>\n<\/tr>\n<tr>\n<td>TEKNOLOJ\u0130 1<\/td>\n<td>membran ayri\u015ftirma teknoloji\u0307si\u0307<\/td>\n<\/tr>\n<tr>\n<td>TEKNOLOJ\u0130 2<\/td>\n<td>biyolojik ar\u0131tma teknolojisi<\/td>\n<\/tr>\n<tr>\n<td>TEKNOLOJ\u0130 3<\/td>\n<td>Alfa membran mod\u00fcl\u00fc<\/td>\n<\/tr>\n<tr>\n<td>dayan\u0131kl\u0131<\/td>\n<td>Uzun hizmet \u00f6mr\u00fc<\/td>\n<\/tr>\n<tr>\n<td>operasyon<\/td>\n<td>Basit<\/td>\n<\/tr>\n<tr>\n<td>Bak\u0131m<\/td>\n<td>uygun<\/td>\n<\/tr>\n<tr>\n<td>Kalite<\/td>\n<td>y\u00fcksek seviye<\/td>\n<\/tr>\n<tr>\n<td>Tedarik Yetene\u011fi<\/td>\n<td>Ay ba\u015f\u0131na 5 Adet \/ Adet<\/td>\n<\/tr>\n<tr>\n<td>\u00dcr\u00fcn A\u00e7\u0131klamas\u0131<\/td>\n<td>Entegre MBR at\u0131k su ar\u0131tma tesisi<\/td>\n<\/tr>\n<tr>\n<td>Uygulama<\/td>\n<td>kanalizasyon yeniden kullan\u0131m suyu \/ a\u011fa\u00e7 sulama kayna\u011f\u0131 \/ kanalizasyon yeniden kullan\u0131m suyu \/ a\u011fa\u00e7 sulama kayna\u011f\u0131<\/td>\n<\/tr>\n<tr>\n<td>Teknik Parametreler<\/td>\n<td>kanalizasyon yeniden kullan\u0131m suyu \/ a\u011fa\u00e7 sulama kayna\u011f\u0131 \/ kanalizasyon yeniden kullan\u0131m suyu \/ a\u011fa\u00e7 sulama kayna\u011f\u0131<\/td>\n<\/tr>\n<\/tbody>\n<\/table>","protected":false},"featured_media":3651,"comment_status":"open","ping_status":"closed","template":"","meta":{"_gspb_post_css":""},"product_brand":[],"product_cat":[1147],"product_tag":[636,1151,1148,1149,1150,1136],"class_list":{"0":"post-3647","1":"product","2":"type-product","3":"status-publish","4":"has-post-thumbnail","6":"product_cat-waste-water-treatment-plant","7":"product_tag-industrial-water-treatment","8":"product_tag-reuse-water-filtration","9":"product_tag-sewage-reuse-water","10":"product_tag-tree-watering-source","11":"product_tag-wastewater-treatment-system","12":"product_tag-water-filter-locks","14":"first","15":"instock","16":"shipping-taxable","17":"product-type-simple"},"_links":{"self":[{"href":"https:\/\/lyfilter.com\/tr\/wp-json\/wp\/v2\/product\/3647","targetHints":{"allow":["GET"]}}],"collection":[{"href":"https:\/\/lyfilter.com\/tr\/wp-json\/wp\/v2\/product"}],"about":[{"href":"https:\/\/lyfilter.com\/tr\/wp-json\/wp\/v2\/types\/product"}],"replies":[{"embeddable":true,"href":"https:\/\/lyfilter.com\/tr\/wp-json\/wp\/v2\/comments?post=3647"}],"wp:featuredmedia":[{"embeddable":true,"href":"https:\/\/lyfilter.com\/tr\/wp-json\/wp\/v2\/media\/3651"}],"wp:attachment":[{"href":"https:\/\/lyfilter.com\/tr\/wp-json\/wp\/v2\/media?parent=3647"}],"wp:term":[{"taxonomy":"product_brand","embeddable":true,"href":"https:\/\/lyfilter.com\/tr\/wp-json\/wp\/v2\/product_brand?post=3647"},{"taxonomy":"product_cat","embeddable":true,"href":"https:\/\/lyfilter.com\/tr\/wp-json\/wp\/v2\/product_cat?post=3647"},{"taxonomy":"product_tag","embeddable":true,"href":"https:\/\/lyfilter.com\/tr\/wp-json\/wp\/v2\/product_tag?post=3647"}],"curies":[{"name":"wp","href":"https:\/\/api.w.org\/{rel}","templated":true}]}}