{"id":3636,"date":"2026-04-02T08:52:29","date_gmt":"2026-04-02T08:52:29","guid":{"rendered":"https:\/\/lyfilter.com\/"},"modified":"2026-04-02T08:52:30","modified_gmt":"2026-04-02T08:52:30","slug":"manufacturer-industrial-micropore-titanium-microporous-filters-with-doe-m20-m30-m42-222-226-code","status":"publish","type":"product","link":"https:\/\/lyfilter.com\/tr\/manufacturer-industrial-micropore-titanium-microporous-filters-with-doe-m20-m30-m42-222-226-code\/","title":{"rendered":"\u00dcretici End\u00fcstriyel Micropore Titanyum mikro g\u00f6zenekli filtreler DOE M20 M30 M42 222 226 kodu ile"},"content":{"rendered":"<p>Saf titanyumdan \u00fcretilen bu filtre eleman\u0131, s\u0131v\u0131 ayr\u0131\u015ft\u0131rma i\u015flemini kal\u0131c\u0131 g\u00fc\u00e7 ve kolay geri y\u0131kama ile ger\u00e7ekle\u015ftirir. \u00c7oklu boyut ve ba\u011flant\u0131 se\u00e7enekleri g\u0131da, i\u00e7ecek ve end\u00fcstriyel filtrasyon kurulumlar\u0131na sorunsuzca uyum sa\u011flamas\u0131na yard\u0131mc\u0131 olur.<\/p>","protected":false},"excerpt":{"rendered":"<table>\n<thead>\n<tr>\n<th>\u00d6\u011fe<\/th>\n<th>De\u011fer<\/th>\n<\/tr>\n<\/thead>\n<tbody>\n<tr>\n<td>Uygulanabilir Sekt\u00f6rler<\/td>\n<td>Oteller, Konfeksiyon Ma\u011fazalar\u0131, \u0130n\u015faat Malzemesi Ma\u011fazalar\u0131, \u00dcretim Tesisi, Makine Tamir At\u00f6lyeleri, Yiyecek ve \u0130\u00e7ecek Fabrikas\u0131, \u00c7iftlikler, Restoran, Ev Kullan\u0131m\u0131, Perakende, Yiyecek Ma\u011fazas\u0131, Matbaalar, \u0130n\u015faat i\u015fleri, Enerji ve Madencilik, Yiyecek ve \u0130\u00e7ecek Ma\u011fazalar\u0131, Reklam \u015eirketi<\/td>\n<\/tr>\n<tr>\n<td>Men\u015fe Yeri<\/td>\n<td>Guangdong, \u00c7in<\/td>\n<\/tr>\n<tr>\n<td>Marka Ad\u0131<\/td>\n<td>Lvyuan \/ OEM<\/td>\n<\/tr>\n<tr>\n<td>Malzeme<\/td>\n<td>istek olarak<\/td>\n<\/tr>\n<tr>\n<td>A\u011f\u0131rl\u0131k<\/td>\n<td>ger\u00e7ek \u00fcr\u00fcne g\u00f6re de\u011fi\u015fir<\/td>\n<\/tr>\n<tr>\n<td>Boyut<\/td>\n<td>\u00f6zelle\u015fti\u0307rme<\/td>\n<\/tr>\n<tr>\n<td>G\u00fc\u00e7<\/td>\n<td>0<\/td>\n<\/tr>\n<tr>\n<td>Garanti<\/td>\n<td>Kullan\u0131lam\u0131yor<\/td>\n<\/tr>\n<tr>\n<td>\u0130sim<\/td>\n<td>titanyum mikro g\u00f6zenekli filtreler<\/td>\n<\/tr>\n<tr>\n<td>Mikron Oran\u0131<\/td>\n<td>0,1, 0,22, 0,45, 1 ila 60 mikron<\/td>\n<\/tr>\n<tr>\n<td>Uzunluk<\/td>\n<td>5\u2033, 10\u2033, 20\u2033, 30\u2033, 40\u2033, OEM<\/td>\n<\/tr>\n<tr>\n<td>\u00c7ap<\/td>\n<td>50, 60, 70, 80mm<\/td>\n<\/tr>\n<tr>\n<td>Ba\u011flant\u0131 t\u00fcr\u00fc<\/td>\n<td>DOE, SOE, Vidal\u0131 tip, 222, 226<\/td>\n<\/tr>\n<tr>\n<td>Kullan\u0131m<\/td>\n<td>S\u0131v\u0131 Filtrasyonu<\/td>\n<\/tr>\n<tr>\n<td>Hammadde<\/td>\n<td>Saf titanyum 99.6%<\/td>\n<\/tr>\n<tr>\n<td>Y\u0131kama yolu<\/td>\n<td>Geri y\u0131kama<\/td>\n<\/tr>\n<tr>\n<td>Sertifikasyon<\/td>\n<td>SGS, ISO9001<\/td>\n<\/tr>\n<tr>\n<td>Filtre muhafazas\u0131<\/td>\n<td>se\u00e7enek i\u00e7in mevcut<\/td>\n<\/tr>\n<tr>\n<td>Sa\u011flanan Sat\u0131\u015f Sonras\u0131 Hizmet<\/td>\n<td>\u00c7evrimi\u00e7i destek<\/td>\n<\/tr>\n<tr>\n<td>Tedarik Yetene\u011fi<\/td>\n<td>Haftada 5000 Adet \/ Adet mikro g\u00f6zenekli titanyum filtre<\/td>\n<\/tr>\n<\/tbody>\n<\/table>","protected":false},"featured_media":3639,"comment_status":"open","ping_status":"closed","template":"","meta":{"_gspb_post_css":""},"product_brand":[],"product_cat":[1141],"product_tag":[1145,1144,1143,1142,1146,1136],"class_list":{"0":"post-3636","1":"product","2":"type-product","3":"status-publish","4":"has-post-thumbnail","6":"product_cat-titanium-filter-cartridge","7":"product_tag-222-226-code-filter","8":"product_tag-doe-titanium-filter","9":"product_tag-industrial-liquid-filter","10":"product_tag-micropore-titanium-filter","11":"product_tag-titanium-microporous-cartridge","12":"product_tag-water-filter-locks","14":"first","15":"instock","16":"shipping-taxable","17":"product-type-simple"},"_links":{"self":[{"href":"https:\/\/lyfilter.com\/tr\/wp-json\/wp\/v2\/product\/3636","targetHints":{"allow":["GET"]}}],"collection":[{"href":"https:\/\/lyfilter.com\/tr\/wp-json\/wp\/v2\/product"}],"about":[{"href":"https:\/\/lyfilter.com\/tr\/wp-json\/wp\/v2\/types\/product"}],"replies":[{"embeddable":true,"href":"https:\/\/lyfilter.com\/tr\/wp-json\/wp\/v2\/comments?post=3636"}],"wp:featuredmedia":[{"embeddable":true,"href":"https:\/\/lyfilter.com\/tr\/wp-json\/wp\/v2\/media\/3639"}],"wp:attachment":[{"href":"https:\/\/lyfilter.com\/tr\/wp-json\/wp\/v2\/media?parent=3636"}],"wp:term":[{"taxonomy":"product_brand","embeddable":true,"href":"https:\/\/lyfilter.com\/tr\/wp-json\/wp\/v2\/product_brand?post=3636"},{"taxonomy":"product_cat","embeddable":true,"href":"https:\/\/lyfilter.com\/tr\/wp-json\/wp\/v2\/product_cat?post=3636"},{"taxonomy":"product_tag","embeddable":true,"href":"https:\/\/lyfilter.com\/tr\/wp-json\/wp\/v2\/product_tag?post=3636"}],"curies":[{"name":"wp","href":"https:\/\/api.w.org\/{rel}","templated":true}]}}