{"id":3626,"date":"2026-04-02T08:36:28","date_gmt":"2026-04-02T08:36:28","guid":{"rendered":"https:\/\/lyfilter.com\/"},"modified":"2026-04-02T08:38:27","modified_gmt":"2026-04-02T08:38:27","slug":"ss304-316l-stainless-steel-food-grade-filters-solid-and-liquid-filtration-system-of-beer-food-milk-beverage-processing-filter","status":"publish","type":"product","link":"https:\/\/lyfilter.com\/tr\/ss304-316l-stainless-steel-food-grade-filters-solid-and-liquid-filtration-system-of-beer-food-milk-beverage-processing-filter\/","title":{"rendered":"SS304 \/ 316L Paslanmaz \u00c7elik G\u0131da S\u0131n\u0131f\u0131 Filtreler Bira g\u0131da \/ s\u00fct \/ i\u00e7ecek i\u015fleme filtresinin kat\u0131 ve s\u0131v\u0131 filtrasyon sistemi"},"content":{"rendered":"<p>G\u00fcvenilir g\u00fcnl\u00fck kullan\u0131m i\u00e7in \u00fcretilen bu g\u0131da s\u0131n\u0131f\u0131 paslanmaz \u00e7elik filtre sistemi, sorunsuz bira, s\u00fct ve i\u00e7ecek i\u015flemeyi destekler. G\u00fcvenli tasar\u0131m\u0131, g\u00fc\u00e7l\u00fc y\u00fczeyi ve p\u00fcr\u00fczs\u00fcz ak\u0131\u015f\u0131, s\u0131v\u0131 filtrasyonunun temiz ve tutarl\u0131 kalmas\u0131na yard\u0131mc\u0131 olur.<\/p>","protected":false},"excerpt":{"rendered":"<table>\n<thead>\n<tr>\n<th>\u00d6\u011fe<\/th>\n<th>De\u011fer<\/th>\n<\/tr>\n<\/thead>\n<tbody>\n<tr>\n<td>Durum<\/td>\n<td>Yeni<\/td>\n<\/tr>\n<tr>\n<td>Uygulanabilir Sekt\u00f6rler<\/td>\n<td>Oteller, Konfeksiyon Ma\u011fazalar\u0131, \u0130n\u015faat Malzemesi Ma\u011fazalar\u0131, \u00dcretim Tesisi, Makine Tamir At\u00f6lyeleri, Yiyecek ve \u0130\u00e7ecek Fabrikas\u0131, \u00c7iftlikler, Restoran, Ev Kullan\u0131m\u0131, Perakende, Yiyecek Ma\u011fazas\u0131, Matbaalar, \u0130n\u015faat i\u015fleri, Enerji ve Madencilik, Yiyecek ve \u0130\u00e7ecek Ma\u011fazalar\u0131, Reklam \u015eirketi<\/td>\n<\/tr>\n<tr>\n<td>Garanti Sonras\u0131 Hizmet<\/td>\n<td>\u00c7evrimi\u00e7i destek<\/td>\n<\/tr>\n<tr>\n<td>Yerel Hizmet Konumu<\/td>\n<td>Hi\u00e7biri<\/td>\n<\/tr>\n<tr>\n<td>Showroom Konumu<\/td>\n<td>Hi\u00e7biri<\/td>\n<\/tr>\n<tr>\n<td>Men\u015fe Yeri<\/td>\n<td>Guangdong, \u00c7in<\/td>\n<\/tr>\n<tr>\n<td>Marka Ad\u0131<\/td>\n<td>Lvyuan \/ OEM<\/td>\n<\/tr>\n<tr>\n<td>Garanti<\/td>\n<td>Kullan\u0131lam\u0131yor<\/td>\n<\/tr>\n<tr>\n<td>Sa\u011flanan Sat\u0131\u015f Sonras\u0131 Hizmet<\/td>\n<td>\u00c7evrimi\u00e7i destek<\/td>\n<\/tr>\n<tr>\n<td>\u00dcr\u00fcn ad\u0131<\/td>\n<td>g\u0131da s\u0131n\u0131f\u0131 filtreler<\/td>\n<\/tr>\n<tr>\n<td>muhafaza malzemesi<\/td>\n<td>ss304, sus 316, ss316L<\/td>\n<\/tr>\n<tr>\n<td>torba fi\u0307ltre mi\u0307ktari<\/td>\n<td>Tekli veya \u00e7oklu torbalar \u00f6zelle\u015ftirilmi\u015f<\/td>\n<\/tr>\n<tr>\n<td>\u00c7anta boyutu<\/td>\n<td>180<em>450 mm veya 180<\/em>810 mm, di\u011fer<\/td>\n<\/tr>\n<tr>\n<td>Giri\u015f ve \u00c7\u0131k\u0131\u015f tipi<\/td>\n<td>Flan\u015f\/di\u015f ba\u011flant\u0131s\u0131<\/td>\n<\/tr>\n<tr>\n<td>Filtre torbas\u0131 malzemesi<\/td>\n<td>PP, PE, \u00f6zelle\u015ftirilmi\u015f<\/td>\n<\/tr>\n<tr>\n<td>Maks. \u00e7al\u0131\u015fma bas\u0131nc\u0131<\/td>\n<td>100\/150\/300 Psi<\/td>\n<\/tr>\n<tr>\n<td>Kullan\u0131m<\/td>\n<td>s\u0131v\u0131 filtrasyonu<\/td>\n<\/tr>\n<tr>\n<td>\u00c7anta numaras\u0131<\/td>\n<td>#1, 2, 3, 4, 5, OEM<\/td>\n<\/tr>\n<tr>\n<td>taraf\u0131ndan konut clousure<\/td>\n<td>h\u0131zl\u0131 c\u0131vata, kelep\u00e7e, flan\u015f<\/td>\n<\/tr>\n<tr>\n<td>Sat\u0131\u015f Birimleri<\/td>\n<td>Tek \u00fcr\u00fcn<\/td>\n<\/tr>\n<tr>\n<td>Tek paket boyutu<\/td>\n<td>40X40X100 cm<\/td>\n<\/tr>\n<tr>\n<td>Tek br\u00fct a\u011f\u0131rl\u0131k<\/td>\n<td>40.000 kg<\/td>\n<\/tr>\n<tr>\n<td>Paket Tipi<\/td>\n<td>SS304 \/ 316L Paslanmaz \u00c7elik G\u0131da S\u0131n\u0131f\u0131 Filtreler Bira g\u0131da \/ s\u00fct \/ i\u00e7ecek i\u015fleme filtresinin kat\u0131 ve s\u0131v\u0131 filtrasyon sistemi Ambalaj: tahta sand\u0131k veya karton Teklif sadece referans i\u00e7indir, l\u00fctfen en iyi fiyatlar i\u00e7in bizimle ileti\u015fime ge\u00e7mekten \u00e7ekinmeyin. Te\u015fekk\u00fcrler.<\/td>\n<\/tr>\n<\/tbody>\n<\/table>","protected":false},"featured_media":3631,"comment_status":"open","ping_status":"closed","template":"","meta":{"_gspb_post_css":""},"product_brand":[],"product_cat":[1135],"product_tag":[1139,1138,1137,1140,80,1136],"class_list":{"0":"post-3626","1":"product","2":"type-product","3":"status-publish","4":"has-post-thumbnail","6":"product_cat-stainless-steel-bag-filter-housing","7":"product_tag-beer-filtration-system","8":"product_tag-beverage-processing-filter","9":"product_tag-food-grade-filter","10":"product_tag-milk-filtration-equipment","11":"product_tag-stainless-steel-filter","12":"product_tag-water-filter-locks","14":"first","15":"instock","16":"shipping-taxable","17":"product-type-simple"},"_links":{"self":[{"href":"https:\/\/lyfilter.com\/tr\/wp-json\/wp\/v2\/product\/3626","targetHints":{"allow":["GET"]}}],"collection":[{"href":"https:\/\/lyfilter.com\/tr\/wp-json\/wp\/v2\/product"}],"about":[{"href":"https:\/\/lyfilter.com\/tr\/wp-json\/wp\/v2\/types\/product"}],"replies":[{"embeddable":true,"href":"https:\/\/lyfilter.com\/tr\/wp-json\/wp\/v2\/comments?post=3626"}],"wp:featuredmedia":[{"embeddable":true,"href":"https:\/\/lyfilter.com\/tr\/wp-json\/wp\/v2\/media\/3631"}],"wp:attachment":[{"href":"https:\/\/lyfilter.com\/tr\/wp-json\/wp\/v2\/media?parent=3626"}],"wp:term":[{"taxonomy":"product_brand","embeddable":true,"href":"https:\/\/lyfilter.com\/tr\/wp-json\/wp\/v2\/product_brand?post=3626"},{"taxonomy":"product_cat","embeddable":true,"href":"https:\/\/lyfilter.com\/tr\/wp-json\/wp\/v2\/product_cat?post=3626"},{"taxonomy":"product_tag","embeddable":true,"href":"https:\/\/lyfilter.com\/tr\/wp-json\/wp\/v2\/product_tag?post=3626"}],"curies":[{"name":"wp","href":"https:\/\/api.w.org\/{rel}","templated":true}]}}