{"id":3586,"date":"2026-04-01T09:46:04","date_gmt":"2026-04-01T09:46:04","guid":{"rendered":"https:\/\/lyfilter.com\/"},"modified":"2026-04-01T09:46:05","modified_gmt":"2026-04-01T09:46:05","slug":"spiral-wound-filter-cartridge-for-wire-wound-water-filters-element","status":"publish","type":"product","link":"https:\/\/lyfilter.com\/tr\/spiral-wound-filter-cartridge-for-wire-wound-water-filters-element\/","title":{"rendered":"Tel sarg\u0131l\u0131 su filtreleri eleman\u0131 i\u00e7in spiral sarg\u0131l\u0131 filtre kartu\u015fu"},"content":{"rendered":"<p>Pratik su ve s\u0131v\u0131 ar\u0131tma ihtiya\u00e7lar\u0131 i\u00e7in tasarlanan bu spiral sar\u0131ml\u0131 filtre kartu\u015fu, g\u00fcvenilir kir tutma kapasitesi, istikrarl\u0131 filtrasyon verimlili\u011fi ve uzun \u00f6m\u00fcrl\u00fc kullan\u0131m sunar. end\u00fcstriyel ve ticari filtrasyon sistemleri i\u00e7in g\u00fcvenilir bir se\u00e7imdir.<\/p>","protected":false},"excerpt":{"rendered":"<table>\n<thead>\n<tr>\n<th>\u00d6\u011fe<\/th>\n<th>Detaylar<\/th>\n<\/tr>\n<\/thead>\n<tbody>\n<tr>\n<td>Men\u015fe Yeri<\/td>\n<td>Guangdong, \u00c7in<\/td>\n<\/tr>\n<tr>\n<td>Marka Ad\u0131<\/td>\n<td>Lvyuan \/ OEM<\/td>\n<\/tr>\n<tr>\n<td>Model Numaras\u0131<\/td>\n<td>LY-SW serisi<\/td>\n<\/tr>\n<tr>\n<td>\u00dcr\u00fcn ad\u0131<\/td>\n<td>tel sarg\u0131l\u0131 filtre kartu\u015fu<\/td>\n<\/tr>\n<tr>\n<td>Mikron Oran\u0131<\/td>\n<td>1, 3, 5, 10 mikron filtre kartu\u015fu<\/td>\n<\/tr>\n<tr>\n<td>Malzeme<\/td>\n<td>PP \/ Pamuk \/ cam elyaf\u0131<\/td>\n<\/tr>\n<tr>\n<td>\u0130\u00e7 \u00e7ekirdek<\/td>\n<td>PP veya paslanmaz \u00e7elik<\/td>\n<\/tr>\n<tr>\n<td>Uzunluk<\/td>\n<td>5\u2033, 10\u2033, 20\u2033, 30\u2033, 40\u2033, 50\u201d in\u00e7<\/td>\n<\/tr>\n<tr>\n<td>Conta\/O halka malzemesi<\/td>\n<td>Silikon\/EPDM\/Viton<\/td>\n<\/tr>\n<tr>\n<td>Kullan\u0131m<\/td>\n<td>s\u0131v\u0131 filtresi, su filtresi par\u00e7alar\u0131<\/td>\n<\/tr>\n<tr>\n<td>\u0130\u00e7 \u00e7ap<\/td>\n<td>28, 30mm<\/td>\n<\/tr>\n<tr>\n<td>D\u0131\u015f \u00e7ap<\/td>\n<td>60~62mm, Jumbo 110~115mm<\/td>\n<\/tr>\n<tr>\n<td>Sertifikasyon<\/td>\n<td>CE SGS ISO<\/td>\n<\/tr>\n<tr>\n<td>Tedarik Yetene\u011fi<\/td>\n<td>G\u00fcnde 5000 Adet \/ Adet spiral sarg\u0131l\u0131 filtre kartu\u015fu<\/td>\n<\/tr>\n<\/tbody>\n<\/table>","protected":false},"featured_media":3589,"comment_status":"open","ping_status":"closed","template":"","meta":{"_gspb_post_css":""},"product_brand":[],"product_cat":[1095],"product_tag":[1100,1099,1096,1098,357,1097],"class_list":{"0":"post-3586","1":"product","2":"type-product","3":"status-publish","4":"has-post-thumbnail","6":"product_cat-string-wound-filter-cartridge","7":"product_tag-industrial-filter-element","8":"product_tag-liquid-filtration-cartridge","9":"product_tag-spiral-wound-filter-cartridge","10":"product_tag-string-wound-filter-cartridge","11":"product_tag-water-filter-cartridge","12":"product_tag-wire-wound-water-filter-element","14":"first","15":"instock","16":"shipping-taxable","17":"product-type-simple"},"_links":{"self":[{"href":"https:\/\/lyfilter.com\/tr\/wp-json\/wp\/v2\/product\/3586","targetHints":{"allow":["GET"]}}],"collection":[{"href":"https:\/\/lyfilter.com\/tr\/wp-json\/wp\/v2\/product"}],"about":[{"href":"https:\/\/lyfilter.com\/tr\/wp-json\/wp\/v2\/types\/product"}],"replies":[{"embeddable":true,"href":"https:\/\/lyfilter.com\/tr\/wp-json\/wp\/v2\/comments?post=3586"}],"wp:featuredmedia":[{"embeddable":true,"href":"https:\/\/lyfilter.com\/tr\/wp-json\/wp\/v2\/media\/3589"}],"wp:attachment":[{"href":"https:\/\/lyfilter.com\/tr\/wp-json\/wp\/v2\/media?parent=3586"}],"wp:term":[{"taxonomy":"product_brand","embeddable":true,"href":"https:\/\/lyfilter.com\/tr\/wp-json\/wp\/v2\/product_brand?post=3586"},{"taxonomy":"product_cat","embeddable":true,"href":"https:\/\/lyfilter.com\/tr\/wp-json\/wp\/v2\/product_cat?post=3586"},{"taxonomy":"product_tag","embeddable":true,"href":"https:\/\/lyfilter.com\/tr\/wp-json\/wp\/v2\/product_tag?post=3586"}],"curies":[{"name":"wp","href":"https:\/\/api.w.org\/{rel}","templated":true}]}}