{"id":3578,"date":"2026-04-01T09:05:20","date_gmt":"2026-04-01T09:05:20","guid":{"rendered":"https:\/\/lyfilter.com\/"},"modified":"2026-04-01T09:05:20","modified_gmt":"2026-04-01T09:05:20","slug":"top-grade-woven-pp-spun-filter-cartridge-making-machine","status":"publish","type":"product","link":"https:\/\/lyfilter.com\/tr\/top-grade-woven-pp-spun-filter-cartridge-making-machine\/","title":{"rendered":"\u00dcst S\u0131n\u0131f Dokuma pp b\u00fck\u00fclm\u00fc\u015f filtre kartu\u015fu yapma makinesi"},"content":{"rendered":"<table>\n<thead>\n<tr>\n<th>\u00d6\u011fe<\/th>\n<th>Detaylar<\/th>\n<\/tr>\n<\/thead>\n<tbody>\n<tr>\n<td>Yap\u0131<\/td>\n<td>Tekstil elyaf ipli\u011fi (PP, cam elyaf gibi) g\u00f6zenekli bir iskeletin (polipropilen veya paslanmaz \u00e7elik) etraf\u0131na s\u0131k\u0131ca sar\u0131larak d\u0131\u015fta seyrek, i\u00e7te yo\u011fun bir bal pete\u011fi yap\u0131s\u0131 olu\u015fturulur<\/td>\n<\/tr>\n<tr>\n<td>Filtreleme do\u011frulu\u011fu<\/td>\n<td>Normal aral\u0131k, genellikle 1 \u03bcm ile 100 \u03bcm aras\u0131ndad\u0131r (1, 5, 10, 20, 30, 50, 75, 100 \u03bcm gibi)<\/td>\n<\/tr>\n<tr>\n<td>Ana malzemeler<\/td>\n<td>\u0130plik: Polipropilen (PP), fiberglas, vb; \u0130skelet: Polipropilen (PP) veya Paslanmaz \u00c7elik<\/td>\n<\/tr>\n<tr>\n<td>Ortak boyutlar<\/td>\n<td>Uzunluk: 10 in\u00e7 (250 mm), 20 in\u00e7 (500 mm), 30 in\u00e7 (750 mm), 40 in\u00e7 (1000 mm); D\u0131\u015f \u00e7ap\/i\u00e7 \u00e7ap: d\u0131\u015f \u00e7ap 60 mm\/65 mm, i\u00e7 \u00e7ap 28 mm\/30 mm<\/td>\n<\/tr>\n<tr>\n<td>Bas\u0131n\u00e7 Dayan\u0131m\u0131<\/td>\n<td>Maksimum \u00e7al\u0131\u015fma bas\u0131nc\u0131 genellikle \u2264 0,5MPa'd\u0131r<\/td>\n<\/tr>\n<tr>\n<td>Maksimum \u00e7al\u0131\u015fma s\u0131cakl\u0131\u011f\u0131<\/td>\n<td>S\u0131cakl\u0131k direnci aral\u0131\u011f\u0131 malzemeye ba\u011fl\u0131 olarak de\u011fi\u015fir. \u00d6rne\u011fin, PP iskelet PP \u00e7ekirdek 70 \u2103'ye kadar dayanabilir, paslanmaz \u00e7elik iskelet ya\u011fdan ar\u0131nd\u0131r\u0131lm\u0131\u015f pamuk \u00e7ekirdek 120 \u2103'ye ula\u015fabilir ve cam elyaf \u00e7ekirdek&gt; 300 \u2103'ye dayanabilir<\/td>\n<\/tr>\n<tr>\n<td>\u00d6rnek manip\u00fclasyon<\/td>\n<td>G\u0131da ve i\u00e7ecek, petrokimya, end\u00fcstriyel ya\u011flar ve su y\u00f6netimi gibi bir\u00e7ok sekt\u00f6rde ak\u0131\u015fkan filtrasyonu<\/td>\n<\/tr>\n<\/tbody>\n<\/table>","protected":false},"excerpt":{"rendered":"<table>\n<thead>\n<tr>\n<th>\u00d6\u011fe<\/th>\n<th>Detaylar<\/th>\n<\/tr>\n<\/thead>\n<tbody>\n<tr>\n<td>Ba\u015flang\u0131\u00e7 Liman\u0131<\/td>\n<td>Huangpu<\/td>\n<\/tr>\n<tr>\n<td>\u00dcretim Kapasitesi<\/td>\n<td>20000 adet\/ay<\/td>\n<\/tr>\n<tr>\n<td>Men\u015fe Yeri<\/td>\n<td>Guangzhou\/Shenzhen<\/td>\n<\/tr>\n<tr>\n<td>\u00d6deme<\/td>\n<td>T \/ T, Western Union, Alibaba Ticaret G\u00fcvencesi<\/td>\n<\/tr>\n<tr>\n<td>ADEDI<\/td>\n<td>1 adet<\/td>\n<\/tr>\n<tr>\n<td>Teslimat S\u00fcresi<\/td>\n<td>5-10 g\u00fcn<\/td>\n<\/tr>\n<tr>\n<td>Sertifikasyon<\/td>\n<td>SGS<\/td>\n<\/tr>\n<tr>\n<td>Marka<\/td>\n<td>OEM\/Lvyuan<\/td>\n<\/tr>\n<\/tbody>\n<\/table>","protected":false},"featured_media":3580,"comment_status":"open","ping_status":"closed","template":"","meta":{"_gspb_post_css":""},"product_brand":[],"product_cat":[21],"product_tag":[897,1092,1091,1094,1093,1090],"class_list":{"0":"post-3578","1":"product","2":"type-product","3":"status-publish","4":"has-post-thumbnail","6":"product_cat-pleated-filter-cartridge","7":"product_tag-filter-cartridge-making-machine","8":"product_tag-industrial-filter-cartridge-equipment","9":"product_tag-pp-spun-filter-machine","10":"product_tag-spun-cartridge-production-line","11":"product_tag-water-filter-cartridge-machine","12":"product_tag-woven-pp-spun-filter-cartridge-machine","14":"first","15":"instock","16":"shipping-taxable","17":"product-type-simple"},"_links":{"self":[{"href":"https:\/\/lyfilter.com\/tr\/wp-json\/wp\/v2\/product\/3578","targetHints":{"allow":["GET"]}}],"collection":[{"href":"https:\/\/lyfilter.com\/tr\/wp-json\/wp\/v2\/product"}],"about":[{"href":"https:\/\/lyfilter.com\/tr\/wp-json\/wp\/v2\/types\/product"}],"replies":[{"embeddable":true,"href":"https:\/\/lyfilter.com\/tr\/wp-json\/wp\/v2\/comments?post=3578"}],"wp:featuredmedia":[{"embeddable":true,"href":"https:\/\/lyfilter.com\/tr\/wp-json\/wp\/v2\/media\/3580"}],"wp:attachment":[{"href":"https:\/\/lyfilter.com\/tr\/wp-json\/wp\/v2\/media?parent=3578"}],"wp:term":[{"taxonomy":"product_brand","embeddable":true,"href":"https:\/\/lyfilter.com\/tr\/wp-json\/wp\/v2\/product_brand?post=3578"},{"taxonomy":"product_cat","embeddable":true,"href":"https:\/\/lyfilter.com\/tr\/wp-json\/wp\/v2\/product_cat?post=3578"},{"taxonomy":"product_tag","embeddable":true,"href":"https:\/\/lyfilter.com\/tr\/wp-json\/wp\/v2\/product_tag?post=3578"}],"curies":[{"name":"wp","href":"https:\/\/api.w.org\/{rel}","templated":true}]}}