{"id":3576,"date":"2026-04-01T08:54:48","date_gmt":"2026-04-01T08:54:48","guid":{"rendered":"https:\/\/lyfilter.com\/"},"modified":"2026-04-01T08:54:48","modified_gmt":"2026-04-01T08:54:48","slug":"304-stainless-steel-filter-housing-liquid-cartridge-filter-housing-for-biodiese","status":"publish","type":"product","link":"https:\/\/lyfilter.com\/tr\/304-stainless-steel-filter-housing-liquid-cartridge-filter-housing-for-biodiese\/","title":{"rendered":"304 paslanmaz \u00e7elik filtre muhafazas\u0131 Biodiese i\u00e7in s\u0131v\u0131 kartu\u015f filtre muhafazas\u0131"},"content":{"rendered":"<table>\n<thead>\n<tr>\n<th>\u00d6\u011fe<\/th>\n<th>Detaylar<\/th>\n<\/tr>\n<\/thead>\n<tbody>\n<tr>\n<td>Malzeme<\/td>\n<td>Paslanmaz \u00c7elik<\/td>\n<\/tr>\n<tr>\n<td>Kullan\u0131labilirlik<\/td>\n<td>OEM\/ODM<\/td>\n<\/tr>\n<\/tbody>\n<\/table>\n<p><strong>304\u00a0<a href=\"https:\/\/lyfilter.com\/tr\/stainless-steel-filter-housing.html\/\">paslanmaz \u00e7elik filtre muhafazas\u0131<\/a>\u00a0Biodiese i\u00e7in s\u0131v\u0131 kartu\u015f filtre muhafazas\u0131<\/strong><\/p>\n<p>S\u0131v\u0131 kartu\u015f filtre muhafazas\u0131, SUS316l veya SUS304 paslanmaz \u00e7elikten yap\u0131lm\u0131\u015ft\u0131r, \u0130\u00e7 ve d\u0131\u015f y\u00fczey ta\u015flama ve parlatma. K\u00fc\u00e7\u00fck ak\u0131\u015f direnci, asit direnci, alkali direnci, korozyon direnci, kolay temizlik ve dezenfeksiyon. Farkl\u0131 monte edilebilir\u00a0<a href=\"https:\/\/lyfilter.com\/tr\/products.html\/\">filtre eleman\u0131<\/a>ihtiya\u00e7lar\u0131na g\u00f6re ve g\u0131da ve ila\u00e7 end\u00fcstrileri i\u00e7in GMP gereksinimlerini kar\u015f\u0131lar. Filtre ekipman\u0131 g\u0131da ve ila\u00e7 end\u00fcstrileri i\u00e7in iyidir.<\/p>","protected":false},"excerpt":{"rendered":"<table>\n<thead>\n<tr>\n<th>\u00d6\u011fe<\/th>\n<th>Detaylar<\/th>\n<\/tr>\n<\/thead>\n<tbody>\n<tr>\n<td>Ba\u015flang\u0131\u00e7 Liman\u0131<\/td>\n<td>Guangzhou<\/td>\n<\/tr>\n<tr>\n<td>\u00dcretim Kapasitesi<\/td>\n<td>10000 adet\/Ay<\/td>\n<\/tr>\n<tr>\n<td>Men\u015fe Yeri<\/td>\n<td>Guangdong, \u00c7in<\/td>\n<\/tr>\n<tr>\n<td>\u00d6deme<\/td>\n<td>T \/ T, Alibaba Ticaret G\u00fcvencesi, paypal<\/td>\n<\/tr>\n<tr>\n<td>Teslimat S\u00fcresi<\/td>\n<td>7 i\u015f g\u00fcn\u00fc i\u00e7erisinde<\/td>\n<\/tr>\n<tr>\n<td>Sertifikasyon<\/td>\n<td>ISO 9001<\/td>\n<\/tr>\n<tr>\n<td>Marka<\/td>\n<td>OEM\/Lvyuan<\/td>\n<\/tr>\n<\/tbody>\n<\/table>","protected":false},"featured_media":3577,"comment_status":"open","ping_status":"closed","template":"","meta":{"_gspb_post_css":""},"product_brand":[],"product_cat":[15],"product_tag":[1085,1087,43,1089,1086,1088],"class_list":{"0":"post-3576","1":"product","2":"type-product","3":"status-publish","4":"has-post-thumbnail","6":"product_cat-stainless-steel-filter-housing","7":"product_tag-304-stainless-steel-filter-housing","8":"product_tag-biodiesel-filter-housing","9":"product_tag-corrosion-resistant-filter-housing","10":"product_tag-industrial-cartridge-housing","11":"product_tag-liquid-cartridge-filter-housing","12":"product_tag-stainless-steel-liquid-filter","14":"first","15":"instock","16":"shipping-taxable","17":"product-type-simple"},"_links":{"self":[{"href":"https:\/\/lyfilter.com\/tr\/wp-json\/wp\/v2\/product\/3576","targetHints":{"allow":["GET"]}}],"collection":[{"href":"https:\/\/lyfilter.com\/tr\/wp-json\/wp\/v2\/product"}],"about":[{"href":"https:\/\/lyfilter.com\/tr\/wp-json\/wp\/v2\/types\/product"}],"replies":[{"embeddable":true,"href":"https:\/\/lyfilter.com\/tr\/wp-json\/wp\/v2\/comments?post=3576"}],"wp:featuredmedia":[{"embeddable":true,"href":"https:\/\/lyfilter.com\/tr\/wp-json\/wp\/v2\/media\/3577"}],"wp:attachment":[{"href":"https:\/\/lyfilter.com\/tr\/wp-json\/wp\/v2\/media?parent=3576"}],"wp:term":[{"taxonomy":"product_brand","embeddable":true,"href":"https:\/\/lyfilter.com\/tr\/wp-json\/wp\/v2\/product_brand?post=3576"},{"taxonomy":"product_cat","embeddable":true,"href":"https:\/\/lyfilter.com\/tr\/wp-json\/wp\/v2\/product_cat?post=3576"},{"taxonomy":"product_tag","embeddable":true,"href":"https:\/\/lyfilter.com\/tr\/wp-json\/wp\/v2\/product_tag?post=3576"}],"curies":[{"name":"wp","href":"https:\/\/api.w.org\/{rel}","templated":true}]}}