{"id":3569,"date":"2026-04-01T08:26:06","date_gmt":"2026-04-01T08:26:06","guid":{"rendered":"https:\/\/lyfilter.com\/"},"modified":"2026-04-01T08:26:06","modified_gmt":"2026-04-01T08:26:06","slug":"tri-clamp-10-20-30-inch-stainless-steel-steam-filter-housing-for-compressed-steam-air-gas-water-purifying","status":"publish","type":"product","link":"https:\/\/lyfilter.com\/tr\/tri-clamp-10-20-30-inch-stainless-steel-steam-filter-housing-for-compressed-steam-air-gas-water-purifying\/","title":{"rendered":"Bas\u0131n\u00e7l\u0131 Buhar Hava Gaz\u0131 Su Ar\u0131tma i\u00e7in Tri Kelep\u00e7e 10 20 30 \u0130n\u00e7 Paslanmaz \u00c7elik Buhar Filtresi Muhafazas\u0131"},"content":{"rendered":"<table>\n<thead>\n<tr>\n<th>\u00d6\u011fe<\/th>\n<th>Detaylar<\/th>\n<\/tr>\n<\/thead>\n<tbody>\n<tr>\n<td>Malzeme<\/td>\n<td>Paslanmaz \u00c7elik<\/td>\n<\/tr>\n<tr>\n<td>Kullan\u0131labilirlik<\/td>\n<td>OEM\/ODM<\/td>\n<\/tr>\n<\/tbody>\n<\/table>\n<p><strong><span class=\"\">Tri kelep\u00e7e 10 20 30 in\u00e7 Paslanmaz \u00c7elik Bas\u0131n\u00e7l\u0131 buhar hava gaz\u0131 su ar\u0131tma i\u00e7in buhar filtresi muhafazas\u0131<\/span><\/strong><\/p>\n<ul>\n<li>Malzeme ve Yap\u0131: Bu filtre muhafazalar\u0131, dayan\u0131kl\u0131l\u0131k ve korozyon direnci sa\u011flayan 304 veya 316L paslanmaz \u00e7elik gibi y\u00fcksek kaliteli paslanmaz \u00e7elikten yap\u0131lm\u0131\u015ft\u0131r;<\/li>\n<li>U\u00e7 Ba\u011flant\u0131lar\u0131: NPT (1\/2\u201d ila 2\u201d) ve ASME 150 flan\u015fl\u0131 (2-1\/2\u201d ila 8\u201d) u\u00e7 ba\u011flant\u0131lar\u0131 dahil olmak \u00fczere farkl\u0131 u\u00e7 ba\u011flant\u0131lar\u0131 mevcuttur, bu da kurulum ve farkl\u0131 sistemlerle uyumluluk i\u00e7in esneklik sa\u011flar;<\/li>\n<li>Uygulamalar: Paslanmaz \u00e7elik buhar filtresi muhafazalar\u0131, s\u0131hhi s\u0131n\u0131f uygulamalarda bas\u0131n\u00e7l\u0131 hava, teknik gazlar ve buhar\u0131n ar\u0131t\u0131lmas\u0131 i\u00e7in tasarlanm\u0131\u015ft\u0131r, bu da onlar\u0131 ila\u00e7, yiyecek ve i\u00e7ecek ve di\u011fer s\u0131hhi uygulamalar gibi end\u00fcstrilerde kullan\u0131ma uygun hale getirir;<\/li>\n<li>\u00c7ok y\u00f6nl\u00fcl\u00fck: Bunlar\u00a0<strong><a href=\"https:\/\/lyfilter.com\/tr\/stainless-steel-filter-housing.html\/\">paslanmaz \u00e7elik filtre muhafazas\u0131<\/a>s<\/strong>\u00a0bas\u0131n\u00e7l\u0131 hava ve buhar\u0131n filtrelenmesi i\u00e7in uygundur ve uygulaman\u0131n \u00f6zel gereksinimlerini kar\u015f\u0131lamak i\u00e7in kirletici maddelerin ve safs\u0131zl\u0131klar\u0131n giderilmesini sa\u011flar;<\/li>\n<li>S\u0131hhi Uygulamalar: Muhafazalar s\u0131hhi uygulamalarda kullan\u0131lmak \u00fczere tasarlanm\u0131\u015ft\u0131r ve s\u0131k\u0131 hijyen standartlar\u0131na sahip end\u00fcstrilerde \u00e7ok \u00f6nemli olan filtrelenmi\u015f hava ve buhar\u0131n safl\u0131\u011f\u0131n\u0131 ve temizli\u011fini sa\u011flar;<\/li>\n<li>\u00dcr\u00fcn Bulunabilirli\u011fi: Bunlar\u00a0<strong>\u00fc\u00e7 kelep\u00e7eli filtre muhafazas\u0131<\/strong>\u00a0\u00e7e\u015fitli tedarik\u00e7ilerden temin edilebilir ve belirli filtreleme ihtiya\u00e7lar\u0131n\u0131 kar\u015f\u0131lamak i\u00e7in farkl\u0131 boyutlarda ve konfig\u00fcrasyonlarda bulunabilir.<\/li>\n<\/ul>\n<p>Paslanmaz \u00e7elik buhar filtresi muhafazalar\u0131, kritik uygulamalarda bas\u0131n\u00e7l\u0131 hava ve buhar\u0131n safl\u0131\u011f\u0131n\u0131 ve kalitesini korumak, g\u00fcvenilir filtreleme sa\u011flamak ve kullan\u0131ld\u0131klar\u0131 proseslerin b\u00fct\u00fcnl\u00fc\u011f\u00fcn\u00fc sa\u011flamak i\u00e7in temel bile\u015fenlerdir.<\/p>","protected":false},"excerpt":{"rendered":"<table>\n<thead>\n<tr>\n<th>\u00d6\u011fe<\/th>\n<th>Detaylar<\/th>\n<\/tr>\n<\/thead>\n<tbody>\n<tr>\n<td>Ba\u015flang\u0131\u00e7 Liman\u0131<\/td>\n<td>Guangzhou<\/td>\n<\/tr>\n<tr>\n<td>\u00dcretim Kapasitesi<\/td>\n<td>10000 adet\/Ay<\/td>\n<\/tr>\n<tr>\n<td>Men\u015fe Yeri<\/td>\n<td>Guangdong, \u00c7in<\/td>\n<\/tr>\n<tr>\n<td>\u00d6deme<\/td>\n<td>T \/ T, Alibaba Ticaret G\u00fcvencesi<\/td>\n<\/tr>\n<tr>\n<td>ADEDI<\/td>\n<td>1 adet<\/td>\n<\/tr>\n<tr>\n<td>Model<\/td>\n<td>LY-FB<\/td>\n<\/tr>\n<tr>\n<td>Teslimat S\u00fcresi<\/td>\n<td>7 i\u015f g\u00fcn\u00fc i\u00e7erisinde<\/td>\n<\/tr>\n<tr>\n<td>Sertifikasyon<\/td>\n<td>ISO 9001<\/td>\n<\/tr>\n<tr>\n<td>Marka<\/td>\n<td>OEM\/Lvyuan<\/td>\n<\/tr>\n<\/tbody>\n<\/table>","protected":false},"featured_media":3570,"comment_status":"open","ping_status":"closed","template":"","meta":{"_gspb_post_css":""},"product_brand":[],"product_cat":[15],"product_tag":[1082,1081,1084,1079,1083,1080],"class_list":{"0":"post-3569","1":"product","2":"type-product","3":"status-publish","4":"has-post-thumbnail","6":"product_cat-stainless-steel-filter-housing","7":"product_tag-air-gas-water-filter-housing","8":"product_tag-compressed-steam-filter","9":"product_tag-industrial-filter-housing","10":"product_tag-stainless-steel-steam-filter-housing","11":"product_tag-steam-filtration-housing","12":"product_tag-tri-clamp-filter-housing","14":"first","15":"instock","16":"shipping-taxable","17":"product-type-simple"},"_links":{"self":[{"href":"https:\/\/lyfilter.com\/tr\/wp-json\/wp\/v2\/product\/3569","targetHints":{"allow":["GET"]}}],"collection":[{"href":"https:\/\/lyfilter.com\/tr\/wp-json\/wp\/v2\/product"}],"about":[{"href":"https:\/\/lyfilter.com\/tr\/wp-json\/wp\/v2\/types\/product"}],"replies":[{"embeddable":true,"href":"https:\/\/lyfilter.com\/tr\/wp-json\/wp\/v2\/comments?post=3569"}],"wp:featuredmedia":[{"embeddable":true,"href":"https:\/\/lyfilter.com\/tr\/wp-json\/wp\/v2\/media\/3570"}],"wp:attachment":[{"href":"https:\/\/lyfilter.com\/tr\/wp-json\/wp\/v2\/media?parent=3569"}],"wp:term":[{"taxonomy":"product_brand","embeddable":true,"href":"https:\/\/lyfilter.com\/tr\/wp-json\/wp\/v2\/product_brand?post=3569"},{"taxonomy":"product_cat","embeddable":true,"href":"https:\/\/lyfilter.com\/tr\/wp-json\/wp\/v2\/product_cat?post=3569"},{"taxonomy":"product_tag","embeddable":true,"href":"https:\/\/lyfilter.com\/tr\/wp-json\/wp\/v2\/product_tag?post=3569"}],"curies":[{"name":"wp","href":"https:\/\/api.w.org\/{rel}","templated":true}]}}