{"id":3563,"date":"2026-04-01T07:37:52","date_gmt":"2026-04-01T07:37:52","guid":{"rendered":"https:\/\/lyfilter.com\/"},"modified":"2026-04-01T07:37:52","modified_gmt":"2026-04-01T07:37:52","slug":"resin-bonded-filter-cartridges-10-20-30-40-inch","status":"publish","type":"product","link":"https:\/\/lyfilter.com\/tr\/resin-bonded-filter-cartridges-10-20-30-40-inch\/","title":{"rendered":"Re\u00e7ine Ba\u011flay\u0131c\u0131l\u0131 Filtre Kartu\u015flar\u0131 10 20 30 40 in\u00e7"},"content":{"rendered":"<table>\n<thead>\n<tr>\n<th>\u00d6\u011fe<\/th>\n<th>Detaylar<\/th>\n<\/tr>\n<\/thead>\n<tbody>\n<tr>\n<td>Ortak boyutlar<\/td>\n<td>Uzunluk: 5\u2033, 10\u2033, 20\u2033, 30\u2033, 40\u2033 (not: 1 in\u00e7 = 25,4 mm); D\u0131\u015f \u00e7ap: yakla\u015f\u0131k 65 \u00b1 1 mm, i\u00e7 \u00e7ap: yakla\u015f\u0131k 28 \u00b1 1 mm<\/td>\n<\/tr>\n<tr>\n<td>Filtreleme do\u011frulu\u011fu<\/td>\n<td>1-100 \u03bcm (belirli modele ba\u011fl\u0131 olarak)<\/td>\n<\/tr>\n<tr>\n<td>\u0130\u015fleme ak\u0131\u015f h\u0131z\u0131<\/td>\n<td>0,15-1,2 t\/saat (filtre eleman\u0131n\u0131n uzunlu\u011fuyla orant\u0131l\u0131)<\/td>\n<\/tr>\n<tr>\n<td>\u00c7al\u0131\u015fma s\u0131cakl\u0131\u011f\u0131<\/td>\n<td>-20 \u2103 ila 90 \u2103 (baz\u0131 modeller 100 \u2103'ye kadar y\u00fcksek s\u0131cakl\u0131klara dayanabilir)<\/td>\n<\/tr>\n<tr>\n<td>\u0130\u015f bask\u0131s\u0131<\/td>\n<td>Maksimum 0,2-0,6 MPa (genellikle su ar\u0131tmada kullan\u0131l\u0131r); End\u00fcstriyel ya\u011f ar\u0131tma filtresi 21 MPa'ya ula\u015fabilir<\/td>\n<\/tr>\n<tr>\n<td>G\u00f6zeneklilik<\/td>\n<td>30% -35% (sinterlenmi\u015f tip)<\/td>\n<\/tr>\n<tr>\n<td>Kal\u0131nt\u0131 klor giderme oran\u0131<\/td>\n<td>&gt;96%<\/td>\n<\/tr>\n<tr>\n<td>Rejenerasyon y\u00f6ntemi<\/td>\n<td>Aktiviteyi yeniden sa\u011flamak i\u00e7in doymu\u015f sodyum klor\u00fcr \u00e7\u00f6zeltisinde bekletin<\/td>\n<\/tr>\n<tr>\n<td>Uygulanabilir pH aral\u0131\u011f\u0131<\/td>\n<td>Geni\u015f uyarlanabilirlik (re\u00e7ine tipine ba\u011fl\u0131 olarak)<\/td>\n<\/tr>\n<\/tbody>\n<\/table>","protected":false},"excerpt":{"rendered":"<table>\n<thead>\n<tr>\n<th>\u00d6\u011fe<\/th>\n<th>Detaylar<\/th>\n<\/tr>\n<\/thead>\n<tbody>\n<tr>\n<td>Ba\u015flang\u0131\u00e7 Liman\u0131<\/td>\n<td>Nansha\/Huangpu<\/td>\n<\/tr>\n<tr>\n<td>\u00dcretim Kapasitesi<\/td>\n<td>10000 adet\/ay<\/td>\n<\/tr>\n<tr>\n<td>Men\u015fe Yeri<\/td>\n<td>Guangdong<\/td>\n<\/tr>\n<tr>\n<td>\u00d6deme<\/td>\n<td>T \/ T, Western Union, Alibaba Ticaret G\u00fcvencesi, paypal<\/td>\n<\/tr>\n<tr>\n<td>ADEDI<\/td>\n<td>1 adet<\/td>\n<\/tr>\n<tr>\n<td>Teslimat S\u00fcresi<\/td>\n<td>15-20 g\u00fcn<\/td>\n<\/tr>\n<tr>\n<td>Sertifikasyon<\/td>\n<td>SGS<\/td>\n<\/tr>\n<tr>\n<td>Marka<\/td>\n<td>OEM\/Lvyuan<\/td>\n<\/tr>\n<\/tbody>\n<\/table>","protected":false},"featured_media":3568,"comment_status":"open","ping_status":"closed","template":"","meta":{"_gspb_post_css":""},"product_brand":[],"product_cat":[23],"product_tag":[730,1078,633,334,1077,357],"class_list":{"0":"post-3563","1":"product","2":"type-product","3":"status-publish","4":"has-post-thumbnail","6":"product_cat-pp-filter-cartridge","7":"product_tag-10-inch-filter-cartridge","8":"product_tag-20-inch-filter-cartridge","9":"product_tag-40-inch-filter-cartridge","10":"product_tag-industrial-water-filter","11":"product_tag-resin-bonded-filter-cartridge","12":"product_tag-water-filter-cartridge","14":"first","15":"instock","16":"shipping-taxable","17":"product-type-simple"},"_links":{"self":[{"href":"https:\/\/lyfilter.com\/tr\/wp-json\/wp\/v2\/product\/3563","targetHints":{"allow":["GET"]}}],"collection":[{"href":"https:\/\/lyfilter.com\/tr\/wp-json\/wp\/v2\/product"}],"about":[{"href":"https:\/\/lyfilter.com\/tr\/wp-json\/wp\/v2\/types\/product"}],"replies":[{"embeddable":true,"href":"https:\/\/lyfilter.com\/tr\/wp-json\/wp\/v2\/comments?post=3563"}],"wp:featuredmedia":[{"embeddable":true,"href":"https:\/\/lyfilter.com\/tr\/wp-json\/wp\/v2\/media\/3568"}],"wp:attachment":[{"href":"https:\/\/lyfilter.com\/tr\/wp-json\/wp\/v2\/media?parent=3563"}],"wp:term":[{"taxonomy":"product_brand","embeddable":true,"href":"https:\/\/lyfilter.com\/tr\/wp-json\/wp\/v2\/product_brand?post=3563"},{"taxonomy":"product_cat","embeddable":true,"href":"https:\/\/lyfilter.com\/tr\/wp-json\/wp\/v2\/product_cat?post=3563"},{"taxonomy":"product_tag","embeddable":true,"href":"https:\/\/lyfilter.com\/tr\/wp-json\/wp\/v2\/product_tag?post=3563"}],"curies":[{"name":"wp","href":"https:\/\/api.w.org\/{rel}","templated":true}]}}