{"id":3555,"date":"2026-04-01T07:16:42","date_gmt":"2026-04-01T07:16:42","guid":{"rendered":"https:\/\/lyfilter.com\/"},"modified":"2026-04-01T07:16:42","modified_gmt":"2026-04-01T07:16:42","slug":"guangzhou-factory-price-cto-sintered-activated-carbon-block-drinking-water-filter","status":"publish","type":"product","link":"https:\/\/lyfilter.com\/tr\/guangzhou-factory-price-cto-sintered-activated-carbon-block-drinking-water-filter\/","title":{"rendered":"Guangzhou Fabrika Fiyat\u0131 CTO Sinterlenmi\u015f aktif karbon Blok i\u00e7me suyu filtresi"},"content":{"rendered":"<table>\n<thead>\n<tr>\n<th>\u00d6\u011fe<\/th>\n<th>Detaylar<\/th>\n<\/tr>\n<\/thead>\n<tbody>\n<tr>\n<td>Boyut<\/td>\n<td>\u00d6zelle\u015ftirilmi\u015f<\/td>\n<\/tr>\n<tr>\n<td>Mikron Oran\u0131<\/td>\n<td>1, 3, 5, 10, 20, 50, 100um<\/td>\n<\/tr>\n<tr>\n<td>Malzeme<\/td>\n<td>aktif karbon, hindistan cevizi kabu\u011fu<\/td>\n<\/tr>\n<tr>\n<td>Uzunluk<\/td>\n<td>OEM, 5\u2033, 10\u2033, 20\u2033, 30\u2033, 40\u2033<\/td>\n<\/tr>\n<\/tbody>\n<\/table>","protected":false},"excerpt":{"rendered":"<table>\n<thead>\n<tr>\n<th>\u00d6\u011fe<\/th>\n<th>Detaylar<\/th>\n<\/tr>\n<\/thead>\n<tbody>\n<tr>\n<td>Ba\u015flang\u0131\u00e7 Liman\u0131<\/td>\n<td>Nanshan\/Huangpu<\/td>\n<\/tr>\n<tr>\n<td>\u00dcretim Kapasitesi<\/td>\n<td>10000 adet\/Ay<\/td>\n<\/tr>\n<tr>\n<td>Men\u015fe Yeri<\/td>\n<td>Guangdong<\/td>\n<\/tr>\n<tr>\n<td>\u00d6deme<\/td>\n<td>T \/ T, Alibaba Ticaret G\u00fcvencesi, paypal<\/td>\n<\/tr>\n<tr>\n<td>ADEDI<\/td>\n<td>1 adet<\/td>\n<\/tr>\n<tr>\n<td>Teslimat S\u00fcresi<\/td>\n<td>15-20 g\u00fcn<\/td>\n<\/tr>\n<tr>\n<td>Sertifikasyon<\/td>\n<td>SGS<\/td>\n<\/tr>\n<\/tbody>\n<\/table>","protected":false},"featured_media":3558,"comment_status":"open","ping_status":"closed","template":"","meta":{"_gspb_post_css":""},"product_brand":[],"product_cat":[22],"product_tag":[1073,1072,654,1075,1074,1076],"class_list":{"0":"post-3555","1":"product","2":"type-product","3":"status-publish","4":"has-post-thumbnail","6":"product_cat-sintered-filter-cartridge","7":"product_tag-activated-carbon-block-filter","8":"product_tag-cto-water-filter","9":"product_tag-drinking-water-filter","10":"product_tag-factory-price-water-filter","11":"product_tag-guangzhou-water-filter","12":"product_tag-sintered-carbon-filter","14":"first","15":"instock","16":"shipping-taxable","17":"product-type-simple"},"_links":{"self":[{"href":"https:\/\/lyfilter.com\/tr\/wp-json\/wp\/v2\/product\/3555","targetHints":{"allow":["GET"]}}],"collection":[{"href":"https:\/\/lyfilter.com\/tr\/wp-json\/wp\/v2\/product"}],"about":[{"href":"https:\/\/lyfilter.com\/tr\/wp-json\/wp\/v2\/types\/product"}],"replies":[{"embeddable":true,"href":"https:\/\/lyfilter.com\/tr\/wp-json\/wp\/v2\/comments?post=3555"}],"wp:featuredmedia":[{"embeddable":true,"href":"https:\/\/lyfilter.com\/tr\/wp-json\/wp\/v2\/media\/3558"}],"wp:attachment":[{"href":"https:\/\/lyfilter.com\/tr\/wp-json\/wp\/v2\/media?parent=3555"}],"wp:term":[{"taxonomy":"product_brand","embeddable":true,"href":"https:\/\/lyfilter.com\/tr\/wp-json\/wp\/v2\/product_brand?post=3555"},{"taxonomy":"product_cat","embeddable":true,"href":"https:\/\/lyfilter.com\/tr\/wp-json\/wp\/v2\/product_cat?post=3555"},{"taxonomy":"product_tag","embeddable":true,"href":"https:\/\/lyfilter.com\/tr\/wp-json\/wp\/v2\/product_tag?post=3555"}],"curies":[{"name":"wp","href":"https:\/\/api.w.org\/{rel}","templated":true}]}}