{"id":3548,"date":"2026-04-01T06:56:32","date_gmt":"2026-04-01T06:56:32","guid":{"rendered":"https:\/\/lyfilter.com\/"},"modified":"2026-04-01T06:56:32","modified_gmt":"2026-04-01T06:56:32","slug":"soe-226-fin-micro-pore-n66-folded-candle-filter-0-2-micron-nylon-membrane-filter-for-mineral-water-filter-treatment","status":"publish","type":"product","link":"https:\/\/lyfilter.com\/tr\/soe-226-fin-micro-pore-n66-folded-candle-filter-0-2-micron-nylon-membrane-filter-for-mineral-water-filter-treatment\/","title":{"rendered":"SOE 226\/fin mikro g\u00f6zenekli N66 katlanm\u0131\u015f mum filtre Maden suyu filtresi ar\u0131t\u0131m\u0131 i\u00e7in 0,2 mikron naylon membran filtre"},"content":{"rendered":"<table>\n<thead>\n<tr>\n<th>\u00d6\u011fe<\/th>\n<th>Detaylar<\/th>\n<\/tr>\n<\/thead>\n<tbody>\n<tr>\n<td>Sat\u0131\u015f Birimleri<\/td>\n<td>Tek \u00fcr\u00fcn<\/td>\n<\/tr>\n<tr>\n<td>Tek paket boyutu<\/td>\n<td>68X40X40 cm<\/td>\n<\/tr>\n<tr>\n<td>Tek br\u00fct a\u011f\u0131rl\u0131k<\/td>\n<td>23.000 kg<\/td>\n<\/tr>\n<tr>\n<td>Paket Tipi<\/td>\n<td>SOE 226 \/ fin mikro g\u00f6zenekli N66 katlanm\u0131\u015f mum filtre Maden suyu filtresi ar\u0131t\u0131m\u0131 i\u00e7in 0.2 mikron naylon membran filtre: 10\u2033 50PCS\/CTN, 20\u2033 25PCS\/CTN, 30\u2033 25PCS\/CTN, 40\u2033 25PCS\/CTN.<\/td>\n<\/tr>\n<\/tbody>\n<\/table>\n<p>&nbsp;<\/p>\n<table>\n<thead>\n<tr>\n<th>Miktar (Adet)<\/th>\n<th>Tahmini Zaman (g\u00fcn)<\/th>\n<\/tr>\n<\/thead>\n<tbody>\n<tr>\n<td>1 - 100<\/td>\n<td>2<\/td>\n<\/tr>\n<tr>\n<td>101 - 500<\/td>\n<td>5<\/td>\n<\/tr>\n<tr>\n<td>501 - 1000<\/td>\n<td>7<\/td>\n<\/tr>\n<tr>\n<td>&gt;1000<\/td>\n<td>M\u00fczakere edilecek<\/td>\n<\/tr>\n<\/tbody>\n<\/table>","protected":false},"excerpt":{"rendered":"<table>\n<thead>\n<tr>\n<th>\u00d6\u011fe<\/th>\n<th>Detaylar<\/th>\n<\/tr>\n<\/thead>\n<tbody>\n<tr>\n<td>Uygulanabilir Sekt\u00f6rler<\/td>\n<td>\u00dcretim Tesisi, Yiyecek &amp; \u0130\u00e7ecek Fabrikas\u0131, Restoran, Enerji &amp; Madencilik, Yiyecek &amp; \u0130\u00e7ecek Ma\u011fazalar\u0131<\/td>\n<\/tr>\n<tr>\n<td>Men\u015fe Yeri<\/td>\n<td>Guangdong, \u00c7in<\/td>\n<\/tr>\n<tr>\n<td>Marka Ad\u0131<\/td>\n<td>Lvyuan\/OEM<\/td>\n<\/tr>\n<tr>\n<td>Malzeme<\/td>\n<td>Polipropilen<\/td>\n<\/tr>\n<tr>\n<td>A\u011f\u0131rl\u0131k<\/td>\n<td>Standart<\/td>\n<\/tr>\n<tr>\n<td>Boyut<\/td>\n<td>Standart<\/td>\n<\/tr>\n<tr>\n<td>G\u00fc\u00e7<\/td>\n<td>0<\/td>\n<\/tr>\n<tr>\n<td>Garanti<\/td>\n<td>Kullan\u0131lam\u0131yor<\/td>\n<\/tr>\n<tr>\n<td>\u0130sim<\/td>\n<td>226\/fin katlanm\u0131\u015f mum filtre 0,2 mikron naylon membran filtre<\/td>\n<\/tr>\n<tr>\n<td>Filtre membran malzemesi<\/td>\n<td>PP\/PVDF\/PTFE\/PES\/Naylon<\/td>\n<\/tr>\n<tr>\n<td>Uzunluk<\/td>\n<td>5 \/ 10 \/ 20 \/ 30 \/ 40 \/ 50 \/ 60 in\u00e7<\/td>\n<\/tr>\n<tr>\n<td>Konekt\u00f6r<\/td>\n<td>Fin\/222\/226\/215\/DOE\/Thread<\/td>\n<\/tr>\n<tr>\n<td>Micron<\/td>\n<td>0.22\/0.5\/1\/3\/5\/10\/25\/50\/75\/100\/150<\/td>\n<\/tr>\n<tr>\n<td>O-ring malzemesi<\/td>\n<td>EPDM\/Viton\/Silikon\/Teflon<\/td>\n<\/tr>\n<tr>\n<td>S\u0131zd\u0131rmazl\u0131k y\u00f6ntemi<\/td>\n<td>S\u0131cak eritme kayna\u011f\u0131<\/td>\n<\/tr>\n<tr>\n<td>\u00c7ap<\/td>\n<td>70mm\/OEM<\/td>\n<\/tr>\n<tr>\n<td>\u0130\u00e7 \u00c7ekirdek<\/td>\n<td>PP\/SS\/OEM<\/td>\n<\/tr>\n<tr>\n<td>ADEDI<\/td>\n<td>\u015eu anda s\u0131n\u0131rl\u0131 de\u011fil<\/td>\n<\/tr>\n<tr>\n<td>Sa\u011flanan Sat\u0131\u015f Sonras\u0131 Hizmet<\/td>\n<td>\u00c7evrimi\u00e7i destek<\/td>\n<\/tr>\n<\/tbody>\n<\/table>","protected":false},"featured_media":3550,"comment_status":"open","ping_status":"closed","template":"","meta":{"_gspb_post_css":""},"product_brand":[],"product_cat":[21],"product_tag":[],"class_list":{"0":"post-3548","1":"product","2":"type-product","3":"status-publish","4":"has-post-thumbnail","6":"product_cat-pleated-filter-cartridge","8":"first","9":"instock","10":"shipping-taxable","11":"product-type-simple"},"_links":{"self":[{"href":"https:\/\/lyfilter.com\/tr\/wp-json\/wp\/v2\/product\/3548","targetHints":{"allow":["GET"]}}],"collection":[{"href":"https:\/\/lyfilter.com\/tr\/wp-json\/wp\/v2\/product"}],"about":[{"href":"https:\/\/lyfilter.com\/tr\/wp-json\/wp\/v2\/types\/product"}],"replies":[{"embeddable":true,"href":"https:\/\/lyfilter.com\/tr\/wp-json\/wp\/v2\/comments?post=3548"}],"wp:featuredmedia":[{"embeddable":true,"href":"https:\/\/lyfilter.com\/tr\/wp-json\/wp\/v2\/media\/3550"}],"wp:attachment":[{"href":"https:\/\/lyfilter.com\/tr\/wp-json\/wp\/v2\/media?parent=3548"}],"wp:term":[{"taxonomy":"product_brand","embeddable":true,"href":"https:\/\/lyfilter.com\/tr\/wp-json\/wp\/v2\/product_brand?post=3548"},{"taxonomy":"product_cat","embeddable":true,"href":"https:\/\/lyfilter.com\/tr\/wp-json\/wp\/v2\/product_cat?post=3548"},{"taxonomy":"product_tag","embeddable":true,"href":"https:\/\/lyfilter.com\/tr\/wp-json\/wp\/v2\/product_tag?post=3548"}],"curies":[{"name":"wp","href":"https:\/\/api.w.org\/{rel}","templated":true}]}}