{"id":3541,"date":"2026-04-01T06:27:53","date_gmt":"2026-04-01T06:27:53","guid":{"rendered":"https:\/\/lyfilter.com\/"},"modified":"2026-04-01T06:27:53","modified_gmt":"2026-04-01T06:27:53","slug":"stainless-steel-micron-porous-pleated-filter-housing","status":"publish","type":"product","link":"https:\/\/lyfilter.com\/tr\/stainless-steel-micron-porous-pleated-filter-housing\/","title":{"rendered":"Paslanmaz \u00c7elik Mikron G\u00f6zenekli Pileli Filtre Muhafazas\u0131"},"content":{"rendered":"<table>\n<thead>\n<tr>\n<th>Tedarik Yetene\u011fi<\/th>\n<th>1000000 adet\/ay<\/th>\n<\/tr>\n<\/thead>\n<tbody>\n<tr>\n<td>Malzeme<\/td>\n<td>Paslanmaz \u00c7elik<\/td>\n<\/tr>\n<tr>\n<td>Kullan\u0131labilirlik<\/td>\n<td>OEM<\/td>\n<\/tr>\n<tr>\n<td>\u00dcr\u00fcn Ad\u0131<\/td>\n<td>Paslanmaz \u00c7elik Mikron G\u00f6zenekli Pileli Filtre Muhafazas\u0131<\/td>\n<\/tr>\n<tr>\n<td>A\u00e7\u0131klama<\/td>\n<td>Mikro g\u00f6zenekli filtre, yurti\u00e7inde ve yurtd\u0131\u015f\u0131nda geli\u015ftirilen yeni bir filtre ekipman\u0131 t\u00fcr\u00fcd\u00fcr. S\u0131v\u0131 ve gazdaki 0.1um \u00fczerindeki partik\u00fclleri ve bakterileri filtreleyebilir. Y\u00fcksek filtrasyon do\u011frulu\u011fu, h\u0131zl\u0131 ge\u00e7i\u015f h\u0131z\u0131, daha az adsorpsiyon, ortam d\u00f6k\u00fclmemesi, asit ve alkali korozyon direnci ve rahat \u00e7al\u0131\u015fma avantajlar\u0131na sahiptir. T\u0131p, kimya end\u00fcstrisi, elektronik, i\u00e7ecek, meyve \u015farab\u0131, biyokimyasal su ar\u0131tma, \u00e7evre koruma ve di\u011fer end\u00fcstrilerde yayg\u0131n olarak kullan\u0131lmaktad\u0131r.<\/td>\n<\/tr>\n<\/tbody>\n<\/table>","protected":false},"excerpt":{"rendered":"<table>\n<thead>\n<tr>\n<th>Ba\u015flang\u0131\u00e7 Liman\u0131<\/th>\n<th>Guangzhou<\/th>\n<\/tr>\n<\/thead>\n<tbody>\n<tr>\n<td>\u00dcretim Kapasitesi<\/td>\n<td>10000 adet\/Ay<\/td>\n<\/tr>\n<tr>\n<td>Men\u015fe Yeri<\/td>\n<td>Guangdong, \u00c7in<\/td>\n<\/tr>\n<tr>\n<td>\u00d6deme<\/td>\n<td>T \/ T, Alibaba Ticaret G\u00fcvencesi<\/td>\n<\/tr>\n<tr>\n<td>ADEDI<\/td>\n<td>1 adet<\/td>\n<\/tr>\n<tr>\n<td>Teslimat S\u00fcresi<\/td>\n<td>7 i\u015f g\u00fcn\u00fc i\u00e7erisinde<\/td>\n<\/tr>\n<tr>\n<td>Sertifikasyon<\/td>\n<td>ISO 9001<\/td>\n<\/tr>\n<tr>\n<td>Marka<\/td>\n<td>OEM\/Lvyuan<\/td>\n<\/tr>\n<\/tbody>\n<\/table>","protected":false},"featured_media":3543,"comment_status":"open","ping_status":"closed","template":"","meta":{"_gspb_post_css":""},"product_brand":[],"product_cat":[15],"product_tag":[1071,1069,1070,1067,1068,34],"class_list":{"0":"post-3541","1":"product","2":"type-product","3":"status-publish","4":"has-post-thumbnail","6":"product_cat-stainless-steel-filter-housing","7":"product_tag-corrosion-resistant-filter","8":"product_tag-industrial-filtration-housing","9":"product_tag-liquid-filtration-system","10":"product_tag-micron-porous-filter-housing","11":"product_tag-pleated-filter-housing","12":"product_tag-stainless-steel-filter-housing","14":"first","15":"instock","16":"shipping-taxable","17":"product-type-simple"},"_links":{"self":[{"href":"https:\/\/lyfilter.com\/tr\/wp-json\/wp\/v2\/product\/3541","targetHints":{"allow":["GET"]}}],"collection":[{"href":"https:\/\/lyfilter.com\/tr\/wp-json\/wp\/v2\/product"}],"about":[{"href":"https:\/\/lyfilter.com\/tr\/wp-json\/wp\/v2\/types\/product"}],"replies":[{"embeddable":true,"href":"https:\/\/lyfilter.com\/tr\/wp-json\/wp\/v2\/comments?post=3541"}],"wp:featuredmedia":[{"embeddable":true,"href":"https:\/\/lyfilter.com\/tr\/wp-json\/wp\/v2\/media\/3543"}],"wp:attachment":[{"href":"https:\/\/lyfilter.com\/tr\/wp-json\/wp\/v2\/media?parent=3541"}],"wp:term":[{"taxonomy":"product_brand","embeddable":true,"href":"https:\/\/lyfilter.com\/tr\/wp-json\/wp\/v2\/product_brand?post=3541"},{"taxonomy":"product_cat","embeddable":true,"href":"https:\/\/lyfilter.com\/tr\/wp-json\/wp\/v2\/product_cat?post=3541"},{"taxonomy":"product_tag","embeddable":true,"href":"https:\/\/lyfilter.com\/tr\/wp-json\/wp\/v2\/product_tag?post=3541"}],"curies":[{"name":"wp","href":"https:\/\/api.w.org\/{rel}","templated":true}]}}