{"id":3537,"date":"2026-04-01T04:12:05","date_gmt":"2026-04-01T04:12:05","guid":{"rendered":"https:\/\/lyfilter.com\/"},"modified":"2026-04-01T04:12:05","modified_gmt":"2026-04-01T04:12:05","slug":"stainless-steel-liquid-bag-filter-housing","status":"publish","type":"product","link":"https:\/\/lyfilter.com\/tr\/stainless-steel-liquid-bag-filter-housing\/","title":{"rendered":"Paslanmaz \u00c7elik S\u0131v\u0131 Torbas\u0131 Filtre Muhafazas\u0131"},"content":{"rendered":"<table>\n<thead>\n<tr>\n<th>\u00dcr\u00fcn \u00d6zelli\u011fi<\/th>\n<th>Do\u011fru \u00f6zelliklere sahip benzersiz tek par\u00e7a yap\u0131y\u0131 benimseyin.<\/th>\n<\/tr>\n<\/thead>\n<tbody>\n<tr>\n<td>\u00dcr\u00fcn \u00d6zelli\u011fi<\/td>\n<td>Kullan\u0131m\u0131 kolay.<\/td>\n<\/tr>\n<tr>\n<td>\u00dcr\u00fcn \u00d6zelli\u011fi<\/td>\n<td>Y\u00fcksek korozyon direnci.<\/td>\n<\/tr>\n<tr>\n<td>\u00dcr\u00fcn \u00d6zelli\u011fi<\/td>\n<td>Kuyu kilidine g\u00f6zl\u00fc c\u0131vata yap\u0131s\u0131.<\/td>\n<\/tr>\n<tr>\n<td>\u00dcr\u00fcn \u00d6zelli\u011fi<\/td>\n<td>90\u00b0C'ye kadar y\u00fcksek s\u0131cakl\u0131k dayan\u0131m\u0131.<\/td>\n<\/tr>\n<tr>\n<td>Malzeme<\/td>\n<td>SS304\/SS316L<\/td>\n<\/tr>\n<tr>\n<td>\u00c7anta miktar\u0131<\/td>\n<td>tek torba veya \u00e7oklu torba<\/td>\n<\/tr>\n<tr>\n<td>\u00c7anta Numaras\u0131<\/td>\n<td>#1, 2, 3, 4, 5 veya OEM<\/td>\n<\/tr>\n<tr>\n<td>Miktar se\u00e7ene\u011fi<\/td>\n<td>1 ila 18 torba<\/td>\n<\/tr>\n<tr>\n<td>Torba Filtrasyon h\u0131z\u0131<\/td>\n<td>0,5, 1, 5, 10, 20, 50, 100, 200 ila 500 mikron<\/td>\n<\/tr>\n<tr>\n<td>Conta O-ringi<\/td>\n<td>Cilal\u0131\/Kumlama<\/td>\n<\/tr>\n<tr>\n<td>Kullan\u0131m<\/td>\n<td>S\u0131v\u0131 filtrasyonu<\/td>\n<\/tr>\n<tr>\n<td>Maksimum \u00e7al\u0131\u015fma bas\u0131nc\u0131<\/td>\n<td>100, 150, 300Psi, OEM<\/td>\n<\/tr>\n<tr>\n<td>Duvar kal\u0131nl\u0131\u011f\u0131<\/td>\n<td>1,5-5 mm<\/td>\n<\/tr>\n<tr>\n<td>Accepte<\/td>\n<td>OEM \u00f6zelle\u015ftirilmi\u015f<\/td>\n<\/tr>\n<\/tbody>\n<\/table>","protected":false},"excerpt":{"rendered":"<table>\n<thead>\n<tr>\n<th>Ba\u015flang\u0131\u00e7 Liman\u0131<\/th>\n<th>Guangzhou<\/th>\n<\/tr>\n<\/thead>\n<tbody>\n<tr>\n<td>\u00dcretim Kapasitesi<\/td>\n<td>10000 adet\/Ay<\/td>\n<\/tr>\n<tr>\n<td>Men\u015fe Yeri<\/td>\n<td>Guangdong, \u00c7in<\/td>\n<\/tr>\n<tr>\n<td>\u00d6deme<\/td>\n<td>L \/ C, T \/ T, Alibaba Ticaret G\u00fcvencesi<\/td>\n<\/tr>\n<tr>\n<td>ADEDI<\/td>\n<td>1 adet<\/td>\n<\/tr>\n<tr>\n<td>Model<\/td>\n<td>LY-HFPL-10<\/td>\n<\/tr>\n<tr>\n<td>Teslimat S\u00fcresi<\/td>\n<td>7 i\u015f g\u00fcn\u00fc i\u00e7erisinde<\/td>\n<\/tr>\n<tr>\n<td>Sertifikasyon<\/td>\n<td>ISO 9001<\/td>\n<\/tr>\n<tr>\n<td>Marka<\/td>\n<td>OEM\/Lvyuan<\/td>\n<\/tr>\n<\/tbody>\n<\/table>","protected":false},"featured_media":3538,"comment_status":"open","ping_status":"closed","template":"","meta":{"_gspb_post_css":""},"product_brand":[],"product_cat":[15],"product_tag":[43,42,1064,1066,1065,40],"class_list":{"0":"post-3537","1":"product","2":"type-product","3":"status-publish","4":"has-post-thumbnail","6":"product_cat-stainless-steel-filter-housing","7":"product_tag-corrosion-resistant-filter-housing","8":"product_tag-industrial-liquid-filtration","9":"product_tag-liquid-bag-filter-housing","10":"product_tag-multi-bag-filter-system","11":"product_tag-oem-bag-filter-housing","12":"product_tag-stainless-steel-bag-filter-housing","14":"first","15":"instock","16":"shipping-taxable","17":"product-type-simple"},"_links":{"self":[{"href":"https:\/\/lyfilter.com\/tr\/wp-json\/wp\/v2\/product\/3537","targetHints":{"allow":["GET"]}}],"collection":[{"href":"https:\/\/lyfilter.com\/tr\/wp-json\/wp\/v2\/product"}],"about":[{"href":"https:\/\/lyfilter.com\/tr\/wp-json\/wp\/v2\/types\/product"}],"replies":[{"embeddable":true,"href":"https:\/\/lyfilter.com\/tr\/wp-json\/wp\/v2\/comments?post=3537"}],"wp:featuredmedia":[{"embeddable":true,"href":"https:\/\/lyfilter.com\/tr\/wp-json\/wp\/v2\/media\/3538"}],"wp:attachment":[{"href":"https:\/\/lyfilter.com\/tr\/wp-json\/wp\/v2\/media?parent=3537"}],"wp:term":[{"taxonomy":"product_brand","embeddable":true,"href":"https:\/\/lyfilter.com\/tr\/wp-json\/wp\/v2\/product_brand?post=3537"},{"taxonomy":"product_cat","embeddable":true,"href":"https:\/\/lyfilter.com\/tr\/wp-json\/wp\/v2\/product_cat?post=3537"},{"taxonomy":"product_tag","embeddable":true,"href":"https:\/\/lyfilter.com\/tr\/wp-json\/wp\/v2\/product_tag?post=3537"}],"curies":[{"name":"wp","href":"https:\/\/api.w.org\/{rel}","templated":true}]}}