{"id":3519,"date":"2026-04-01T03:34:49","date_gmt":"2026-04-01T03:34:49","guid":{"rendered":"https:\/\/lyfilter.com\/"},"modified":"2026-04-01T03:39:20","modified_gmt":"2026-04-01T03:39:20","slug":"stainless-steel-high-pressure-filter-gas-filter","status":"publish","type":"product","link":"https:\/\/lyfilter.com\/tr\/stainless-steel-high-pressure-filter-gas-filter\/","title":{"rendered":"Paslanmaz \u00c7elik Y\u00fcksek Bas\u0131n\u00e7 Filtresi Gaz Filtresi"},"content":{"rendered":"<div class=\"unit-detail-html-tabs__content-attr\">\n<div class=\"unit-product-attrparam\">\n<div class=\"unit-product-attrparam__items row\">\n<div class=\"col-12 col-md-6\">\n<div class=\"unit-product-attrparam__item\">\n<div class=\"unit-product-attrparam__label\">\n<table>\n<thead>\n<tr>\n<th>Tedarik Yetene\u011fi<\/th>\n<th>1000000 adet\/ay<\/th>\n<\/tr>\n<\/thead>\n<tbody>\n<tr>\n<td>Malzeme<\/td>\n<td>Paslanmaz \u00c7elik<\/td>\n<\/tr>\n<tr>\n<td>Kullan\u0131labilirlik<\/td>\n<td>OEM<\/td>\n<\/tr>\n<tr>\n<td>\u00dcr\u00fcn Ad\u0131<\/td>\n<td>Paslanmaz \u00c7elik Y\u00fcksek Bas\u0131n\u00e7 Filtresi Gaz Filtresi<\/td>\n<\/tr>\n<tr>\n<td>A\u00e7\u0131klama<\/td>\n<td>Y\u00fcksek bas\u0131n\u00e7l\u0131 filtre, y\u00fcksek bas\u0131n\u00e7l\u0131 bas\u0131n\u00e7l\u0131 havadaki kat\u0131 ve s\u0131v\u0131 kirleri filtrelemek i\u00e7in kullan\u0131l\u0131r. Y\u00fcksek bas\u0131n\u00e7l\u0131 filtreler, y\u00fcksek bas\u0131n\u00e7l\u0131 bas\u0131n\u00e7l\u0131 havadaki kat\u0131 ve s\u0131v\u0131 kirleri filtrelemek i\u00e7in uygundur. Al\u00fcminyum ala\u015f\u0131ml\u0131 y\u00fcksek bas\u0131n\u00e7 filtresi 50 barg'a kadar bas\u0131n\u00e7l\u0131 havay\u0131 ve paslanmaz \u00e7elik y\u00fcksek bas\u0131n\u00e7 filtresi 350 barg'a kadar bas\u0131n\u00e7l\u0131 havay\u0131 i\u015fleyebilir.<\/td>\n<\/tr>\n<\/tbody>\n<\/table>\n<\/div>\n<\/div>\n<\/div>\n<\/div>\n<\/div>\n<\/div>","protected":false},"excerpt":{"rendered":"<div class=\"unit-detail-tradeinfo__item\">\n<table>\n<thead>\n<tr>\n<th>Ba\u015flang\u0131\u00e7 Liman\u0131<\/th>\n<th>Guangzhou<\/th>\n<\/tr>\n<\/thead>\n<tbody>\n<tr>\n<td>\u00dcretim Kapasitesi<\/td>\n<td>10000 adet\/Ay<\/td>\n<\/tr>\n<tr>\n<td>Men\u015fe Yeri<\/td>\n<td>Guangdong, \u00c7in<\/td>\n<\/tr>\n<tr>\n<td>\u00d6deme<\/td>\n<td>T \/ T, Alibaba Ticaret G\u00fcvencesi, paypal<\/td>\n<\/tr>\n<tr>\n<td>ADEDI<\/td>\n<td>1 adet<\/td>\n<\/tr>\n<tr>\n<td>Teslimat S\u00fcresi<\/td>\n<td>7 i\u015f g\u00fcn\u00fc i\u00e7erisinde<\/td>\n<\/tr>\n<tr>\n<td>Sertifikasyon<\/td>\n<td>ISO 9001<\/td>\n<\/tr>\n<tr>\n<td>Marka<\/td>\n<td>OEM\/Lvyuan<\/td>\n<\/tr>\n<\/tbody>\n<\/table>\n<\/div>","protected":false},"featured_media":3529,"comment_status":"open","ping_status":"closed","template":"","meta":{"_gspb_post_css":""},"product_brand":[],"product_cat":[15],"product_tag":[1057,1056,1059,1058,1060,80],"class_list":{"0":"post-3519","1":"product","2":"type-product","3":"status-publish","4":"has-post-thumbnail","6":"product_cat-stainless-steel-filter-housing","7":"product_tag-compressed-air-filter","8":"product_tag-high-pressure-gas-filter","9":"product_tag-impurity-removal-filter","10":"product_tag-industrial-air-filtration","11":"product_tag-oem-air-filter","12":"product_tag-stainless-steel-filter","14":"first","15":"instock","16":"shipping-taxable","17":"product-type-simple"},"_links":{"self":[{"href":"https:\/\/lyfilter.com\/tr\/wp-json\/wp\/v2\/product\/3519","targetHints":{"allow":["GET"]}}],"collection":[{"href":"https:\/\/lyfilter.com\/tr\/wp-json\/wp\/v2\/product"}],"about":[{"href":"https:\/\/lyfilter.com\/tr\/wp-json\/wp\/v2\/types\/product"}],"replies":[{"embeddable":true,"href":"https:\/\/lyfilter.com\/tr\/wp-json\/wp\/v2\/comments?post=3519"}],"wp:featuredmedia":[{"embeddable":true,"href":"https:\/\/lyfilter.com\/tr\/wp-json\/wp\/v2\/media\/3529"}],"wp:attachment":[{"href":"https:\/\/lyfilter.com\/tr\/wp-json\/wp\/v2\/media?parent=3519"}],"wp:term":[{"taxonomy":"product_brand","embeddable":true,"href":"https:\/\/lyfilter.com\/tr\/wp-json\/wp\/v2\/product_brand?post=3519"},{"taxonomy":"product_cat","embeddable":true,"href":"https:\/\/lyfilter.com\/tr\/wp-json\/wp\/v2\/product_cat?post=3519"},{"taxonomy":"product_tag","embeddable":true,"href":"https:\/\/lyfilter.com\/tr\/wp-json\/wp\/v2\/product_tag?post=3519"}],"curies":[{"name":"wp","href":"https:\/\/api.w.org\/{rel}","templated":true}]}}