{"id":2592,"date":"2026-01-08T07:13:58","date_gmt":"2026-01-08T07:13:58","guid":{"rendered":"https:\/\/lyfilter.com\/?post_type=product&#038;p=2592"},"modified":"2026-01-08T07:13:59","modified_gmt":"2026-01-08T07:13:59","slug":"ss-304-316-stainless-steel-filter-bag","status":"publish","type":"product","link":"https:\/\/lyfilter.com\/tr\/ss-304-316-stainless-steel-filter-bag\/","title":{"rendered":"SS 304 316 Paslanmaz \u00c7elik Filtre Torbas\u0131"},"content":{"rendered":"<div class=\"unit-detail-html-tabs__content-attr\">\n<div class=\"unit-product-attrparam\">\n<div class=\"unit-product-attrparam__items row\">\n<div class=\"col-12 col-md-6\">\n<div class=\"unit-product-attrparam__item\">\n<div class=\"unit-product-attrparam__label\">\n<table>\n<thead>\n<tr>\n<th>Malzeme<\/th>\n<th>Paslanmaz \u00c7elik<\/th>\n<\/tr>\n<\/thead>\n<tbody>\n<tr>\n<td>Kullan\u0131labilirlik<\/td>\n<td>OEM<\/td>\n<\/tr>\n<\/tbody>\n<\/table>\n<\/div>\n<\/div>\n<\/div>\n<\/div>\n<\/div>\n<\/div>\n<div class=\"unit-detail-html-tabs__content-featuresAttr\"><\/div>\n<div class=\"unit-detail-html-tabs__content-html\">\n<p><strong>SS 304 316 Paslanmaz \u00c7elik Filtre Torbas\u0131<\/strong><\/p>\n<p>304 PASLANMAZ \u00c7ELIK FILTRE MALZEMESI TERCIH EDILDI<\/p>\n<p>Paslanmaz \u00e7elik fiter torbas\u0131, deforme olmayan paslanmaz \u00e7elik b\u00fck\u00fclm\u00fc\u015f SUS304 veya SUS316 malzemeden yap\u0131lm\u0131\u015ft\u0131r ve belirtilen \u00f6zelliklere g\u00f6re bir a\u011f halinde dokunmu\u015ftur, Is\u0131 ayar\u0131ndan sonra monofilament bir a\u011f haline gelir. Dokuma, temizlenmesi kolay ve tekrar tekrar kullan\u0131labilen p\u00fcr\u00fczs\u00fcz bir y\u00fczey olu\u015fturur. Ayn\u0131 zamanda. y\u00fcksek safs\u0131zl\u0131k i\u00e7eri\u011fine sahip baz\u0131 s\u0131v\u0131lar\u0131n filtrasyonu i\u00e7in uygundur. bu da fiitrasyon maliyetini d\u00fc\u015f\u00fcr\u00fcr.<\/p>\n<p>\u00dcST\u00dcN KALI\u0307TELI\u0307 EKSI\u0307PI\u0307YANLAR<\/p>\n<p>\u0130yi kalitede aksesuarlar, iyi filtre torbalar\u0131 \u00fcretimi i\u00e7in vazge\u00e7ilmez bir ko\u015fuldur. Sadece s\u0131k\u0131 tedarik\u00e7i kontrol\u00fcm\u00fcz sayesinde kaliteli aksesuarlar se\u00e7ilebilir ve ancak floresan ve plastikle\u015ftirici testlerini ge\u00e7tikten sonra filtre torbalar\u0131 \u00fcretmek i\u00e7in kullan\u0131labilirler.<\/p>\n<p><img decoding=\"async\" src=\"https:\/\/img.yfisher.com\/m6076\/1725732616tgn\/jpg70-t3-scale100.webp\" alt=\"SS 304 316 Paslanmaz \u00c7elik Filtre Torbas\u0131 2\" data-lazy=\"2\" title=\"\"><\/p>\n<p><img decoding=\"async\" src=\"https:\/\/img.yfisher.com\/m6076\/1725732616e42\/jpg70-t3-scale100.webp\" alt=\"SS 304 316 Paslanmaz \u00c7elik Filtre Torbas\u0131 3\" data-lazy=\"2\" title=\"\"><\/p>\n<p><img decoding=\"async\" src=\"https:\/\/img.yfisher.com\/m6076\/1725732616srt\/jpg70-t3-scale100.webp\" alt=\"SS 304 316 Paslanmaz \u00c7elik Filtre Torbas\u0131 4\" data-lazy=\"2\" title=\"\"><\/p>\n<p><img decoding=\"async\" src=\"https:\/\/img.yfisher.com\/m6076\/1725732616e74\/jpg70-t3-scale100.webp\" alt=\"SS 304 316 Paslanmaz \u00c7elik Filtre Torbas\u0131 5\" data-lazy=\"2\" title=\"\"><\/p>\n<p><img decoding=\"async\" src=\"https:\/\/img.yfisher.com\/m6076\/1725732616zjv\/jpg70-t3-scale100.webp\" alt=\"SS 304 316 Paslanmaz \u00c7elik Filtre Torbas\u0131 6\" data-lazy=\"2\" title=\"\"><\/p>\n<\/div>","protected":false},"excerpt":{"rendered":"<p>Material Stainless Steel Availability OEM SS 304 316 Stainless Steel Filter Bag PREFERRED 304 STAINLESS STEEL FILTER MATERIAL The stainiess steel fiter bag is made of non-deformable stainless steel spun SUS304 or SUS316 material and woven into a mesh according to the specified specifications, After heat setting, it becomes a monofilament mesh. The weaving constitutes [&hellip;]<\/p>\n","protected":false},"featured_media":2594,"comment_status":"open","ping_status":"closed","template":"","meta":{"_gspb_post_css":""},"product_brand":[],"product_cat":[1054],"product_tag":[],"class_list":{"0":"post-2592","1":"product","2":"type-product","3":"status-publish","4":"has-post-thumbnail","6":"product_cat-filter-bag","8":"first","9":"instock","10":"shipping-taxable","11":"product-type-simple"},"_links":{"self":[{"href":"https:\/\/lyfilter.com\/tr\/wp-json\/wp\/v2\/product\/2592","targetHints":{"allow":["GET"]}}],"collection":[{"href":"https:\/\/lyfilter.com\/tr\/wp-json\/wp\/v2\/product"}],"about":[{"href":"https:\/\/lyfilter.com\/tr\/wp-json\/wp\/v2\/types\/product"}],"replies":[{"embeddable":true,"href":"https:\/\/lyfilter.com\/tr\/wp-json\/wp\/v2\/comments?post=2592"}],"wp:featuredmedia":[{"embeddable":true,"href":"https:\/\/lyfilter.com\/tr\/wp-json\/wp\/v2\/media\/2594"}],"wp:attachment":[{"href":"https:\/\/lyfilter.com\/tr\/wp-json\/wp\/v2\/media?parent=2592"}],"wp:term":[{"taxonomy":"product_brand","embeddable":true,"href":"https:\/\/lyfilter.com\/tr\/wp-json\/wp\/v2\/product_brand?post=2592"},{"taxonomy":"product_cat","embeddable":true,"href":"https:\/\/lyfilter.com\/tr\/wp-json\/wp\/v2\/product_cat?post=2592"},{"taxonomy":"product_tag","embeddable":true,"href":"https:\/\/lyfilter.com\/tr\/wp-json\/wp\/v2\/product_tag?post=2592"}],"curies":[{"name":"wp","href":"https:\/\/api.w.org\/{rel}","templated":true}]}}