{"id":2590,"date":"2026-01-08T07:14:03","date_gmt":"2026-01-08T07:14:03","guid":{"rendered":"https:\/\/lyfilter.com\/?post_type=product&#038;p=2590"},"modified":"2026-01-08T07:14:03","modified_gmt":"2026-01-08T07:14:03","slug":"pfte-filter-bag","status":"publish","type":"product","link":"https:\/\/lyfilter.com\/tr\/pfte-filter-bag\/","title":{"rendered":"PFTE Filtre Torbas\u0131"},"content":{"rendered":"<div class=\"unit-detail-html-tabs__content-attr\">\n<div class=\"unit-product-attrparam\">\n<div class=\"unit-product-attrparam__items row\">\n<div class=\"col-12 col-md-6\">\n<div class=\"unit-product-attrparam__item\">\n<div class=\"unit-product-attrparam__label\">\n<table>\n<thead>\n<tr>\n<th>Malzeme<\/th>\n<th>PTFE<\/th>\n<\/tr>\n<\/thead>\n<tbody>\n<tr>\n<td>Kullan\u0131labilirlik<\/td>\n<td>OEM<\/td>\n<\/tr>\n<\/tbody>\n<\/table>\n<\/div>\n<\/div>\n<\/div>\n<\/div>\n<\/div>\n<\/div>\n<div class=\"unit-detail-html-tabs__content-featuresAttr\"><\/div>\n<div class=\"unit-detail-html-tabs__content-html\">\n<p><strong>PFTE Filtre Torbas\u0131<\/strong><\/p>\n<p>SE\u00c7ILMI\u015e Y\u00dcKSEK KALITELI HAMMADDELER<\/p>\n<p>PTFE filtre malzemesinin farkl\u0131 \u00e7al\u0131\u015fma ko\u015fullar\u0131na ve farkl\u0131 se\u00e7eneklere sahip olmas\u0131, farkl\u0131 gereksinimlere g\u00f6re farkl\u0131 kal\u0131nl\u0131k ve mukavemete sahip malzemelerin se\u00e7ilmesi tercih edilir.<\/p>\n<p><img decoding=\"async\" src=\"https:\/\/img.yfisher.com\/m6076\/1725732614sjn\/jpg70-t3-scale100.webp\" alt=\"PFTE Filtre Torbas\u0131 2\" data-lazy=\"2\" title=\"\"><\/p>\n<p><img decoding=\"async\" src=\"https:\/\/img.yfisher.com\/m6076\/1725732614cxr\/jpg70-t3-scale100.webp\" alt=\"PFTE Filtre Torbas\u0131 3\" data-lazy=\"2\" title=\"\"><\/p>\n<p><img decoding=\"async\" src=\"https:\/\/img.yfisher.com\/m6076\/17257326147fb\/jpg70-t3-scale100.webp\" alt=\"PFTE Filtre Torbas\u0131 4\" data-lazy=\"2\" title=\"\"><\/p>\n<p><img decoding=\"async\" src=\"https:\/\/img.yfisher.com\/m6076\/1725732614k5l\/jpg70-t3-scale100.webp\" alt=\"PFTE Filtre Torbas\u0131 5\" data-lazy=\"2\" title=\"\"><\/p>\n<p><img decoding=\"async\" src=\"https:\/\/img.yfisher.com\/m6076\/1725732614pnx\/jpg70-t3-scale100.webp\" alt=\"PFTE Filtre Torbas\u0131 6\" data-lazy=\"2\" title=\"\"><\/p>\n<\/div>","protected":false},"excerpt":{"rendered":"<table>\n<thead>\n<tr>\n<th>Ba\u015flang\u0131\u00e7 Liman\u0131<\/th>\n<th>Guangzhou<\/th>\n<\/tr>\n<\/thead>\n<tbody>\n<tr>\n<td>\u00dcretim Kapasitesi<\/td>\n<td>10000 adet\/Ay<\/td>\n<\/tr>\n<tr>\n<td>Men\u015fe Yeri<\/td>\n<td>Guangdong, \u00c7in<\/td>\n<\/tr>\n<tr>\n<td>\u00d6deme<\/td>\n<td>T \/ T, Western Union, Alibaba Ticaret G\u00fcvencesi, paypal<\/td>\n<\/tr>\n<tr>\n<td>ADEDI<\/td>\n<td>1 adet<\/td>\n<\/tr>\n<tr>\n<td>Model<\/td>\n<td>LY-HFPL<\/td>\n<\/tr>\n<tr>\n<td>Teslimat S\u00fcresi<\/td>\n<td>7 i\u015f g\u00fcn\u00fc i\u00e7erisinde<\/td>\n<\/tr>\n<tr>\n<td>Sertifikasyon<\/td>\n<td>ISO 9001<\/td>\n<\/tr>\n<\/tbody>\n<\/table>","protected":false},"featured_media":2593,"comment_status":"open","ping_status":"closed","template":"","meta":{"_gspb_post_css":""},"product_brand":[],"product_cat":[1054],"product_tag":[279,261,266,260,268,971],"class_list":{"0":"post-2590","1":"product","2":"type-product","3":"status-publish","4":"has-post-thumbnail","6":"product_cat-filter-bag","7":"product_tag-alibaba-trade-assurance","8":"product_tag-guangdong-china","9":"product_tag-guangzhou","10":"product_tag-iso-9001","11":"product_tag-ly-hfpl","12":"product_tag-western-union","14":"first","15":"instock","16":"shipping-taxable","17":"product-type-simple"},"_links":{"self":[{"href":"https:\/\/lyfilter.com\/tr\/wp-json\/wp\/v2\/product\/2590","targetHints":{"allow":["GET"]}}],"collection":[{"href":"https:\/\/lyfilter.com\/tr\/wp-json\/wp\/v2\/product"}],"about":[{"href":"https:\/\/lyfilter.com\/tr\/wp-json\/wp\/v2\/types\/product"}],"replies":[{"embeddable":true,"href":"https:\/\/lyfilter.com\/tr\/wp-json\/wp\/v2\/comments?post=2590"}],"wp:featuredmedia":[{"embeddable":true,"href":"https:\/\/lyfilter.com\/tr\/wp-json\/wp\/v2\/media\/2593"}],"wp:attachment":[{"href":"https:\/\/lyfilter.com\/tr\/wp-json\/wp\/v2\/media?parent=2590"}],"wp:term":[{"taxonomy":"product_brand","embeddable":true,"href":"https:\/\/lyfilter.com\/tr\/wp-json\/wp\/v2\/product_brand?post=2590"},{"taxonomy":"product_cat","embeddable":true,"href":"https:\/\/lyfilter.com\/tr\/wp-json\/wp\/v2\/product_cat?post=2590"},{"taxonomy":"product_tag","embeddable":true,"href":"https:\/\/lyfilter.com\/tr\/wp-json\/wp\/v2\/product_tag?post=2590"}],"curies":[{"name":"wp","href":"https:\/\/api.w.org\/{rel}","templated":true}]}}