{"id":2589,"date":"2026-01-08T07:13:51","date_gmt":"2026-01-08T07:13:51","guid":{"rendered":"https:\/\/lyfilter.com\/?post_type=product&#038;p=2589"},"modified":"2026-01-08T07:13:51","modified_gmt":"2026-01-08T07:13:51","slug":"nmo-nylon-filter-bag","status":"publish","type":"product","link":"https:\/\/lyfilter.com\/tr\/nmo-nylon-filter-bag\/","title":{"rendered":"NMO Naylon Filtre Torbas\u0131"},"content":{"rendered":"<div id=\"block-JVSo1kkEkB\">\n<div id=\"module-oFFB1t57qD\" class=\"\">\n<div id=\"grid-DKXJDX9oJK\" class=\"container\">\n<div class=\"row no-gutters\">\n<div id=\"cell-HFTPDqMCj3\" class=\"col col-12 col-md-12 col-xl-12\">\n<div class=\"cell-has-list\">\n<div id=\"unit-zqvbREUpma\" class=\"b2b-product_detail-unit-1__wrapper unit-detail-album--y unit-detail-album--bottom\">\n<div class=\"unit-product-detail\">\n<div class=\"row\">\n<div class=\"col col-12 col-md-12 col-xl-7\">\n<div class=\"unit-detail_content\">\n<div class=\"unit-detail_item\">\n<div class=\"unit-social-list d-flex flex-wrap\">\n<div class=\"unit-social-list__icon\">\n<table>\n<thead>\n<tr>\n<th>Malzeme<\/th>\n<th>Naylon<\/th>\n<\/tr>\n<\/thead>\n<tbody>\n<tr>\n<td>Kullan\u0131labilirlik<\/td>\n<td>OEM<\/td>\n<\/tr>\n<\/tbody>\n<\/table>\n<\/div>\n<\/div>\n<\/div>\n<\/div>\n<\/div>\n<\/div>\n<\/div>\n<\/div>\n<\/div>\n<\/div>\n<\/div>\n<\/div>\n<\/div>\n<\/div>\n<div id=\"block-jxTJoa6WsU\">\n<div>\n<div id=\"module-fM3xClvogn\" class=\"\">\n<div>\n<div id=\"grid-T9dGh6wxM4\" class=\"container\">\n<div class=\"row no-gutters\">\n<div id=\"cell-WBf41syh9n\" class=\"col col-12 col-md-12 col-xl-12\">\n<div class=\"\">\n<div id=\"unit-ukyO2oXIn1\" class=\"b2b-product_detail-unit-6__wrapper\">\n<div class=\"unit-detail-html-tabs\" data-tabs-num=\"1\">\n<div class=\"unit-detail-html-tabs__content tab-content\">\n<div id=\"unit-ukyO2oXIn1-15012\" class=\"tab-pane fade show active\" role=\"tabpanel\" aria-labelledby=\"unit-ukyO2oXIn1-15012-tab\">\n<div class=\"unit-detail-html-tabs__content-featuresAttr\"><\/div>\n<div class=\"unit-detail-html-tabs__content-html\">\n<p><strong>NMO Naylon Filtre Torbas\u0131<\/strong><\/p>\n<p>Y\u00fcksek mukavemetli naylon dokuma a\u011f ve hepsi i\u011fne deli\u011fi s\u0131z\u0131nt\u0131s\u0131n\u0131 b\u00fcy\u00fck \u00f6l\u00e7\u00fcde \u00f6nlemek i\u00e7in benzersiz kenar k\u0131v\u0131rma teknolojisi kullan\u0131r ve malzemenin y\u00fczeyinde kendi a\u011flar\u0131ndan daha b\u00fcy\u00fck kirleri do\u011frudan yakalar. a\u011fdan daha k\u00fc\u00e7\u00fck bir \u00e7apa sahip. A\u011f boyutuna sahip par\u00e7ac\u0131klar a\u011fdan ge\u00e7er ve a\u015fa\u011f\u0131 ak\u0131\u015fa girer. b\u00f6ylece naylon monofilament filtre torbas\u0131 y\u00fczey filtrasyonu sa\u011flar. ve p\u00fcr\u00fczs\u00fcz y\u00fczeyin temizlenmesi ve yeniden kullan\u0131lmas\u0131 da kolayd\u0131r.<\/p>\n<p><img decoding=\"async\" src=\"https:\/\/img.yfisher.com\/m6076\/17257326121ys\/jpg70-t3-scale100.webp\" alt=\"NMO Naylon Filtre Torbas\u0131 2\" data-lazy=\"2\" title=\"\"><\/p>\n<p><img decoding=\"async\" src=\"https:\/\/img.yfisher.com\/m6076\/1725732612lyk\/jpg70-t3-scale100.webp\" alt=\"NMO Naylon Filtre Torbas\u0131 3\" data-lazy=\"2\" title=\"\"><\/p>\n<p><img decoding=\"async\" src=\"https:\/\/img.yfisher.com\/m6076\/1725732612cys\/jpg70-t3-scale100.webp\" alt=\"NMO Naylon Filtre Torbas\u0131 4\" data-lazy=\"2\" title=\"\"><\/p>\n<p><img decoding=\"async\" src=\"https:\/\/img.yfisher.com\/m6076\/1725732612bdr\/jpg70-t3-scale100.webp\" alt=\"NMO Naylon Filtre Torbas\u0131 5\" data-lazy=\"2\" title=\"\"><\/p>\n<p><img decoding=\"async\" src=\"https:\/\/img.yfisher.com\/m6076\/17257326121z6\/jpg70-t3-scale100.webp\" alt=\"NMO Naylon Filtre Torbas\u0131 6\" data-lazy=\"2\" title=\"\"><\/p>\n<\/div>\n<\/div>\n<\/div>\n<\/div>\n<\/div>\n<\/div>\n<\/div>\n<\/div>\n<\/div>\n<\/div>\n<\/div>\n<\/div>\n<\/div>","protected":false},"excerpt":{"rendered":"<table>\n<thead>\n<tr>\n<th>Ba\u015flang\u0131\u00e7 Liman\u0131<\/th>\n<th>Guangzhou<\/th>\n<\/tr>\n<\/thead>\n<tbody>\n<tr>\n<td>Men\u015fe Yeri<\/td>\n<td>Guangdong, \u00c7in<\/td>\n<\/tr>\n<tr>\n<td>\u00d6deme<\/td>\n<td>T \/ T, Western Union, Alibaba Ticaret G\u00fcvencesi<\/td>\n<\/tr>\n<tr>\n<td>Model<\/td>\n<td>LY-HFPL<\/td>\n<\/tr>\n<tr>\n<td>Teslimat S\u00fcresi<\/td>\n<td>7 i\u015f g\u00fcn\u00fc i\u00e7erisinde<\/td>\n<\/tr>\n<tr>\n<td>Sertifikasyon<\/td>\n<td>ISO 9001<\/td>\n<\/tr>\n<tr>\n<td>Marka<\/td>\n<td>OEM\/Lvyuan<\/td>\n<\/tr>\n<\/tbody>\n<\/table>","protected":false},"featured_media":2591,"comment_status":"open","ping_status":"closed","template":"","meta":{"_gspb_post_css":""},"product_brand":[],"product_cat":[1054],"product_tag":[279,261,266,260,268,971],"class_list":{"0":"post-2589","1":"product","2":"type-product","3":"status-publish","4":"has-post-thumbnail","6":"product_cat-filter-bag","7":"product_tag-alibaba-trade-assurance","8":"product_tag-guangdong-china","9":"product_tag-guangzhou","10":"product_tag-iso-9001","11":"product_tag-ly-hfpl","12":"product_tag-western-union","14":"first","15":"instock","16":"shipping-taxable","17":"product-type-simple"},"_links":{"self":[{"href":"https:\/\/lyfilter.com\/tr\/wp-json\/wp\/v2\/product\/2589","targetHints":{"allow":["GET"]}}],"collection":[{"href":"https:\/\/lyfilter.com\/tr\/wp-json\/wp\/v2\/product"}],"about":[{"href":"https:\/\/lyfilter.com\/tr\/wp-json\/wp\/v2\/types\/product"}],"replies":[{"embeddable":true,"href":"https:\/\/lyfilter.com\/tr\/wp-json\/wp\/v2\/comments?post=2589"}],"wp:featuredmedia":[{"embeddable":true,"href":"https:\/\/lyfilter.com\/tr\/wp-json\/wp\/v2\/media\/2591"}],"wp:attachment":[{"href":"https:\/\/lyfilter.com\/tr\/wp-json\/wp\/v2\/media?parent=2589"}],"wp:term":[{"taxonomy":"product_brand","embeddable":true,"href":"https:\/\/lyfilter.com\/tr\/wp-json\/wp\/v2\/product_brand?post=2589"},{"taxonomy":"product_cat","embeddable":true,"href":"https:\/\/lyfilter.com\/tr\/wp-json\/wp\/v2\/product_cat?post=2589"},{"taxonomy":"product_tag","embeddable":true,"href":"https:\/\/lyfilter.com\/tr\/wp-json\/wp\/v2\/product_tag?post=2589"}],"curies":[{"name":"wp","href":"https:\/\/api.w.org\/{rel}","templated":true}]}}