{"id":2576,"date":"2026-01-07T06:26:09","date_gmt":"2026-01-07T06:26:09","guid":{"rendered":"https:\/\/lyfilter.com\/?post_type=product&#038;p=2576"},"modified":"2026-01-07T06:26:09","modified_gmt":"2026-01-07T06:26:09","slug":"40-inch-high-flow-cartridge-filter","status":"publish","type":"product","link":"https:\/\/lyfilter.com\/tr\/40-inch-high-flow-cartridge-filter\/","title":{"rendered":"40 in\u00e7 y\u00fcksek ak\u0131\u015fl\u0131 kartu\u015f filtre"},"content":{"rendered":"<div id=\"unit-F8cEncbNNJWsYsB\" class=\"\">\n<div class=\"ce-text_item\">\n<div class=\"ce-text\">\n<h1>Y\u00fcksek Ak\u0131\u015fl\u0131 Kartu\u015f Filtre \u00d6zellikleri<\/h1>\n<\/div>\n<\/div>\n<\/div>\n<div id=\"unit-VjZsqUwLb5aYN8l\" class=\"\">\n<div class=\"ce-text_item\">\n<div class=\"ce-text\">\n<p>Lvyuan y\u00fcksek ak\u0131\u015fl\u0131 kartu\u015f filtre, \u00e7e\u015fitli filtreleme gereksinimlerini kar\u015f\u0131lamak i\u00e7in 1 \u00b5m'den 100 \u00b5m'ye kadar \u00e7e\u015fitli filtreleme hassasiyetlerinde mevcuttur. Uzunluk se\u00e7enekleri aras\u0131nda 20\u2033, 40\u2033 ve 60\u2033 boyutlar\u0131 bulunur ve \u00f6zel ihtiya\u00e7lar\u0131n\u0131z\u0131 kar\u015f\u0131lamak i\u00e7in \u00f6zel \u00fcretim mevcuttur.<\/p>\n<p>&nbsp;<\/p>\n<p>\u00c7e\u015fitli dillerde \u00fcr\u00fcn foto\u011fraflar\u0131, \u00e7izimler, teknik \u00f6zellikler ve numuneler sa\u011flayabiliriz. Sipari\u015fler gerekli teslim s\u00fcresi i\u00e7inde tamamlanacakt\u0131r.<\/p>\n<\/div>\n<\/div>\n<\/div>","protected":false},"excerpt":{"rendered":"<table>\n<thead>\n<tr>\n<th>Ba\u015flang\u0131\u00e7 Liman\u0131<\/th>\n<th>Guangzhou<\/th>\n<\/tr>\n<\/thead>\n<tbody>\n<tr>\n<td>\u00dcretim Kapasitesi<\/td>\n<td>10000 adet\/ay<\/td>\n<\/tr>\n<tr>\n<td>Men\u015fe Yeri<\/td>\n<td>Guangzhou<\/td>\n<\/tr>\n<tr>\n<td>\u00d6deme<\/td>\n<td>T \/ T, Western Union, Alibaba Ticaret G\u00fcvencesi, paypal<\/td>\n<\/tr>\n<tr>\n<td>ADEDI<\/td>\n<td>10<\/td>\n<\/tr>\n<tr>\n<td>Teslimat S\u00fcresi<\/td>\n<td>7 g\u00fcn i\u00e7inde<\/td>\n<\/tr>\n<tr>\n<td>Sertifikasyon<\/td>\n<td>GS<\/td>\n<\/tr>\n<tr>\n<td>Marka<\/td>\n<td>OEM<\/td>\n<\/tr>\n<\/tbody>\n<\/table>","protected":false},"featured_media":2585,"comment_status":"open","ping_status":"closed","template":"","meta":{"_gspb_post_css":""},"product_brand":[],"product_cat":[17,20],"product_tag":[980,279,981,266,259,971],"class_list":{"0":"post-2576","1":"product","2":"type-product","3":"status-publish","4":"has-post-thumbnail","6":"product_cat-sediment-filter","7":"product_cat-high-flow-filter-cartridge","8":"product_tag-10000pc-month","9":"product_tag-alibaba-trade-assurance","10":"product_tag-gs","11":"product_tag-guangzhou","12":"product_tag-oem","13":"product_tag-western-union","15":"first","16":"instock","17":"shipping-taxable","18":"product-type-simple"},"_links":{"self":[{"href":"https:\/\/lyfilter.com\/tr\/wp-json\/wp\/v2\/product\/2576","targetHints":{"allow":["GET"]}}],"collection":[{"href":"https:\/\/lyfilter.com\/tr\/wp-json\/wp\/v2\/product"}],"about":[{"href":"https:\/\/lyfilter.com\/tr\/wp-json\/wp\/v2\/types\/product"}],"replies":[{"embeddable":true,"href":"https:\/\/lyfilter.com\/tr\/wp-json\/wp\/v2\/comments?post=2576"}],"wp:featuredmedia":[{"embeddable":true,"href":"https:\/\/lyfilter.com\/tr\/wp-json\/wp\/v2\/media\/2585"}],"wp:attachment":[{"href":"https:\/\/lyfilter.com\/tr\/wp-json\/wp\/v2\/media?parent=2576"}],"wp:term":[{"taxonomy":"product_brand","embeddable":true,"href":"https:\/\/lyfilter.com\/tr\/wp-json\/wp\/v2\/product_brand?post=2576"},{"taxonomy":"product_cat","embeddable":true,"href":"https:\/\/lyfilter.com\/tr\/wp-json\/wp\/v2\/product_cat?post=2576"},{"taxonomy":"product_tag","embeddable":true,"href":"https:\/\/lyfilter.com\/tr\/wp-json\/wp\/v2\/product_tag?post=2576"}],"curies":[{"name":"wp","href":"https:\/\/api.w.org\/{rel}","templated":true}]}}