{"id":2570,"date":"2026-01-07T06:23:26","date_gmt":"2026-01-07T06:23:26","guid":{"rendered":"https:\/\/lyfilter.com\/?post_type=product&#038;p=2570"},"modified":"2026-01-07T06:23:26","modified_gmt":"2026-01-07T06:23:26","slug":"high-performance-sanitary-filter-housings-in-stainless-steel-2","status":"publish","type":"product","link":"https:\/\/lyfilter.com\/tr\/high-performance-sanitary-filter-housings-in-stainless-steel-2\/","title":{"rendered":"Paslanmaz \u00c7elikten Y\u00fcksek Performansl\u0131 S\u0131hhi Filtre Yuvalar\u0131"},"content":{"rendered":"<div class=\"unit-detail-html-tabs__content-attr\">\n<div class=\"unit-product-attrparam\">\n<div class=\"unit-product-attrparam__items row\">\n<div class=\"col-12 col-md-6\">\n<div class=\"unit-product-attrparam__item\">\n<div class=\"unit-product-attrparam__label\">\n<table>\n<thead>\n<tr>\n<th>Malzeme<\/th>\n<th>Paslanmaz \u00c7elik<\/th>\n<\/tr>\n<\/thead>\n<tbody>\n<tr>\n<td>Kullan\u0131labilirlik<\/td>\n<td>OEM\/ODM<\/td>\n<\/tr>\n<\/tbody>\n<\/table>\n<\/div>\n<\/div>\n<\/div>\n<\/div>\n<\/div>\n<\/div>\n<div class=\"unit-detail-html-tabs__content-featuresAttr\"><\/div>\n<div class=\"unit-detail-html-tabs__content-html\">\n<div id=\"module-74E4U0f4f3b0a\">\n<div class=\"ce-d-flex ce-flex-wrap\">\n<div class=\"ce-col-12\">\n<div id=\"unit-zzuNfqHeIMdKBT5\">\n<div class=\"ce-text_item\">\n<div class=\"ce-text\" data-qb-tmp-id=\"lt-270764\" data-gramm=\"false\">\n<div>\n<div class=\"ce-d-flex ce-flex-wrap\">\n<div class=\"ce-col-12\">\n<div id=\"unit-adi8SlZ2NA87g7x\">\n<div class=\"ce-text_item\">\n<div class=\"ce-text\">\n<p><strong>Paslanmaz \u00c7elikten Y\u00fcksek Performansl\u0131 S\u0131hhi Filtre Yuvalar\u0131<\/strong><\/p>\n<p>&nbsp;<\/p>\n<p>Paslanmaz \u00c7elik S\u0131hhi Filtre Yuvalar\u0131 i\u00e7in \u00d6zellikler<\/p>\n<ul>\n<li>Hijyenik Tasar\u0131m: Paslanmaz \u00e7elikten s\u0131hhi filtre muhafazalar\u0131m\u0131z hijyenik bir tasar\u0131mla \u00fcretilmi\u015ftir ve filtreleme i\u015fleminin \u00fcr\u00fcnlerinizin safl\u0131\u011f\u0131n\u0131 korumas\u0131n\u0131 sa\u011flar.<\/li>\n<li>Korozyon Direnci: Y\u00fcksek kaliteli paslanmaz \u00e7elikten \u00fcretilen bu muhafazalar, korozyona kar\u015f\u0131 ola\u011fan\u00fcst\u00fc diren\u00e7 sunarak zorlu ortamlarda kullan\u0131m i\u00e7in idealdir.<\/li>\n<li>Temizlik Kolayl\u0131\u011f\u0131: S\u0131hhi filtre muhafazalar\u0131m\u0131z\u0131n p\u00fcr\u00fczs\u00fcz ve cilal\u0131 y\u00fczeyleri kolay temizlemeyi kolayla\u015ft\u0131rarak h\u0131zl\u0131 ve verimli bak\u0131m sa\u011flar.<\/li>\n<li>G\u0131da S\u0131n\u0131f\u0131 Malzeme: G\u0131da s\u0131n\u0131f\u0131 paslanmaz \u00e7elikten \u00fcretilen filtre muhafazalar\u0131m\u0131z end\u00fcstri standartlar\u0131na uygundur, bu da onlar\u0131 yiyecek ve i\u00e7ecek sekt\u00f6r\u00fcndeki uygulamalar i\u00e7in uygun hale getirir.<\/li>\n<li>\u00d6zelle\u015ftirilebilir Se\u00e7enekler: Bu filtre muhafazalar\u0131n\u0131 \u00f6zel gereksinimlerinize g\u00f6re uyarlay\u0131n. Filtrasyon ihtiya\u00e7lar\u0131n\u0131za uygun \u00e7e\u015fitli boyutlar, konfig\u00fcrasyonlar ve ba\u011flant\u0131 t\u00fcrleri aras\u0131ndan se\u00e7im yap\u0131n.<\/li>\n<li>S\u0131zd\u0131rmazl\u0131k B\u00fct\u00fcnl\u00fc\u011f\u00fc: Muhafaza tasar\u0131m\u0131, filtrasyon i\u015flemi s\u0131ras\u0131nda herhangi bir s\u0131z\u0131nt\u0131 veya kirlenmeyi \u00f6nleyerek g\u00fcvenli bir s\u0131zd\u0131rmazl\u0131k sa\u011flar.<\/li>\n<li>Standartlara Uygunluk: S\u0131hhi filtre muhafazalar\u0131m\u0131z end\u00fcstri standartlar\u0131na ve y\u00f6netmeliklerine uygundur ve \u00fcr\u00fcn g\u00fcvenli\u011fi ve kalitesi konusunda i\u00e7inizin rahat olmas\u0131n\u0131 sa\u011flar.<\/li>\n<li>Geni\u015f Uygulama Yelpazesi: \u0130la\u00e7, kozmetik, g\u0131da i\u015fleme veya di\u011fer end\u00fcstrilerde olsun, bunlar\u00a0<a href=\"https:\/\/lyfilter.com\/tr\/stainless-steel-filter-housing.html\/\">paslanmaz \u00e7elik filtre muhafazas\u0131<\/a>\u00e7ok y\u00f6nl\u00fc ve g\u00fcvenilir filtrasyon \u00e7\u00f6z\u00fcmleri sunar.<\/li>\n<li>Dayan\u0131kl\u0131 Yap\u0131: Sa\u011flam yap\u0131 ve dayan\u0131kl\u0131 malzemelerle s\u0131hhi filtre muhafazalar\u0131m\u0131z, zorlu ortamlarda s\u00fcrekli \u00e7al\u0131\u015fman\u0131n zorluklar\u0131na dayanacak \u015fekilde \u00fcretilmi\u015ftir.<\/li>\n<li>Kolay Kurulum: Kullan\u0131c\u0131 dostu kurulum i\u00e7in tasarlanan bu filtre muhafazalar\u0131, kurulum s\u00fcrecini basitle\u015ftiren \u00f6zelliklerle birlikte gelir ve operasyonlar\u0131n\u0131z i\u00e7in minimum kesinti s\u00fcresi sa\u011flar.<\/li>\n<\/ul>\n<\/div>\n<\/div>\n<\/div>\n<\/div>\n<\/div>\n<\/div>\n<\/div>\n<\/div>\n<\/div>\n<\/div>\n<\/div>\n<\/div>\n<\/div>","protected":false},"excerpt":{"rendered":"<table>\n<thead>\n<tr>\n<th>Ba\u015flang\u0131\u00e7 Liman\u0131<\/th>\n<th>Guangzhou<\/th>\n<\/tr>\n<\/thead>\n<tbody>\n<tr>\n<td>\u00dcretim Kapasitesi<\/td>\n<td>10000 adet\/Ay<\/td>\n<\/tr>\n<tr>\n<td>Men\u015fe Yeri<\/td>\n<td>Guangdong, \u00c7in<\/td>\n<\/tr>\n<tr>\n<td>\u00d6deme<\/td>\n<td>T \/ T, Western Union, paypal<\/td>\n<\/tr>\n<tr>\n<td>ADEDI<\/td>\n<td>1 adet<\/td>\n<\/tr>\n<tr>\n<td>Model<\/td>\n<td>LY-FB<\/td>\n<\/tr>\n<tr>\n<td>Teslimat S\u00fcresi<\/td>\n<td>7 i\u015f g\u00fcn\u00fc i\u00e7erisinde<\/td>\n<\/tr>\n<tr>\n<td>Sertifikasyon<\/td>\n<td>ISO 9001<\/td>\n<\/tr>\n<tr>\n<td>Marka<\/td>\n<td>OEM\/Lvyuan<\/td>\n<\/tr>\n<\/tbody>\n<\/table>","protected":false},"featured_media":2577,"comment_status":"open","ping_status":"closed","template":"","meta":{"_gspb_post_css":""},"product_brand":[],"product_cat":[15],"product_tag":[261,266,260,258,282,971],"class_list":{"0":"post-2570","1":"product","2":"type-product","3":"status-publish","4":"has-post-thumbnail","6":"product_cat-stainless-steel-filter-housing","7":"product_tag-guangdong-china","8":"product_tag-guangzhou","9":"product_tag-iso-9001","10":"product_tag-ly-fb","11":"product_tag-oem-lvyuan","12":"product_tag-western-union","14":"first","15":"instock","16":"shipping-taxable","17":"product-type-simple"},"_links":{"self":[{"href":"https:\/\/lyfilter.com\/tr\/wp-json\/wp\/v2\/product\/2570","targetHints":{"allow":["GET"]}}],"collection":[{"href":"https:\/\/lyfilter.com\/tr\/wp-json\/wp\/v2\/product"}],"about":[{"href":"https:\/\/lyfilter.com\/tr\/wp-json\/wp\/v2\/types\/product"}],"replies":[{"embeddable":true,"href":"https:\/\/lyfilter.com\/tr\/wp-json\/wp\/v2\/comments?post=2570"}],"wp:featuredmedia":[{"embeddable":true,"href":"https:\/\/lyfilter.com\/tr\/wp-json\/wp\/v2\/media\/2577"}],"wp:attachment":[{"href":"https:\/\/lyfilter.com\/tr\/wp-json\/wp\/v2\/media?parent=2570"}],"wp:term":[{"taxonomy":"product_brand","embeddable":true,"href":"https:\/\/lyfilter.com\/tr\/wp-json\/wp\/v2\/product_brand?post=2570"},{"taxonomy":"product_cat","embeddable":true,"href":"https:\/\/lyfilter.com\/tr\/wp-json\/wp\/v2\/product_cat?post=2570"},{"taxonomy":"product_tag","embeddable":true,"href":"https:\/\/lyfilter.com\/tr\/wp-json\/wp\/v2\/product_tag?post=2570"}],"curies":[{"name":"wp","href":"https:\/\/api.w.org\/{rel}","templated":true}]}}