{"id":2569,"date":"2026-01-07T06:18:33","date_gmt":"2026-01-07T06:18:33","guid":{"rendered":"https:\/\/lyfilter.com\/?post_type=product&#038;p=2569"},"modified":"2026-01-07T06:18:33","modified_gmt":"2026-01-07T06:18:33","slug":"various-sizes-porous-hydrophobic-ptfe-sensor-filters","status":"publish","type":"product","link":"https:\/\/lyfilter.com\/tr\/various-sizes-porous-hydrophobic-ptfe-sensor-filters\/","title":{"rendered":"\u00c7e\u015fitli Boyutlarda G\u00f6zenekli Hidrofobik PTFE Sens\u00f6r Filtreleri"},"content":{"rendered":"<div class=\"unit-detail-html-tabs__content-attr\">\n<div class=\"unit-product-attrparam\">\n<div class=\"unit-product-attrparam__items row\">\n<div class=\"col-12 col-md-6\">\n<div class=\"unit-product-attrparam__item\">\n<div class=\"unit-product-attrparam__label\">\n<table>\n<thead>\n<tr>\n<th>Tedarik Yetene\u011fi<\/th>\n<th>1000000 adet\/ay<\/th>\n<\/tr>\n<\/thead>\n<tbody>\n<tr>\n<td>Malzeme<\/td>\n<td>PE<\/td>\n<\/tr>\n<tr>\n<td>Kullan\u0131labilirlik<\/td>\n<td>OEM\/ODM<\/td>\n<\/tr>\n<\/tbody>\n<\/table>\n<\/div>\n<\/div>\n<\/div>\n<\/div>\n<\/div>\n<\/div>\n<div class=\"unit-detail-html-tabs__content-featuresAttr\"><\/div>\n<div class=\"unit-detail-html-tabs__content-html\">\n<p><strong>OEM \u00e7e\u015fitli boyutlarda G\u00f6zenekli Hidrofobik PTFE Sens\u00f6r Filtreleri\u00a0<\/strong><\/p>\n<ul>\n<li>PTFE, s\u0131v\u0131 su, toz ve di\u011fer kirletici kal\u0131nt\u0131lar\u0131n giri\u015fini \u00f6nlerken hava ve gazlar\u0131n serbest\u00e7e ge\u00e7mesine izin veren hidrofobik PTFE membranlarda oldu\u011fu gibi su filtrasyon uygulamalar\u0131nda kullan\u0131l\u0131r.<\/li>\n<li>0.05\u03bcm, 0.1\u03bcm, 0.22\u03bcm, 0.45\u03bcm, 1.0\u03bcm, 3.0\u03bcm, 5.0\u03bcm ve 10.0\u03bcm dahil olmak \u00fczere \u00e7e\u015fitli g\u00f6zenek boyutlar\u0131nda mevcuttur.<\/li>\n<li>Mikroorganizmalar\u0131, buhar\u0131 ve her t\u00fcrl\u00fc a\u015f\u0131nd\u0131r\u0131c\u0131 s\u0131v\u0131y\u0131 filtrelemek i\u00e7in uygundur.<\/li>\n<li>Hidrofilik hale gelmek i\u00e7in etanol veya izopropanol ile muamele edilebilir, bu da sulu \u00e7\u00f6zeltileri filtrelemek i\u00e7in kullan\u0131labilir.<\/li>\n<li>MS taraf\u0131ndan sa\u011flanan 0.05\u03bcm ila 10\u03bcm aras\u0131nda de\u011fi\u015fen g\u00f6zenek boyutuna sahiptir ve \u00e7e\u015fitli geni\u015fliklerde mevcuttur.<\/li>\n<\/ul>\n<form id=\"form1\" action=\"http:\/\/admin.allweyes.com\/admin\/cms\/addok\" method=\"post\" name=\"form1\">\n<div id=\"foot-fixed\" class=\"clearfix  dl-horizontal form-group mt20 foot-fixed\">\n<div>\n<div class=\"clearfix\"><span class=\"data-integrity ml5 pull-left\"><span class=\"text mr5\">\u8d44\u6599\u5b8c\u6574\u6027<\/span>\u00a0<span class=\"numbox\"><span class=\"dataFilled\">2<\/span>\/<span class=\"dataRequired\">2<\/span><\/span><\/span><\/div>\n<\/div>\n<\/div>\n<\/form>\n<p><img decoding=\"async\" title=\"hidrofobik filtreler\" src=\"https:\/\/img.yfisher.com\/m6076\/17257328172vy\/jpg70-t3-scale100.webp\" alt=\"hidrofobik filtreler\" border=\"0\" vspace=\"0\" data-lazy=\"2\" \/><\/p>\n<\/div>","protected":false},"excerpt":{"rendered":"<table>\n<thead>\n<tr>\n<th>Ba\u015flang\u0131\u00e7 Liman\u0131<\/th>\n<th>Guangzhou<\/th>\n<\/tr>\n<\/thead>\n<tbody>\n<tr>\n<td>\u00dcretim Kapasitesi<\/td>\n<td>10000 adet\/Ay<\/td>\n<\/tr>\n<tr>\n<td>Men\u015fe Yeri<\/td>\n<td>Guangdong, \u00c7in<\/td>\n<\/tr>\n<tr>\n<td>\u00d6deme<\/td>\n<td>T \/ T, Alibaba Ticaret G\u00fcvencesi, paypal<\/td>\n<\/tr>\n<tr>\n<td>ADEDI<\/td>\n<td>1 adet<\/td>\n<\/tr>\n<tr>\n<td>Model<\/td>\n<td>LY-FB<\/td>\n<\/tr>\n<tr>\n<td>Teslimat S\u00fcresi<\/td>\n<td>7 i\u015f g\u00fcn\u00fc i\u00e7erisinde<\/td>\n<\/tr>\n<tr>\n<td>Sertifikasyon<\/td>\n<td>ISO 9001<\/td>\n<\/tr>\n<tr>\n<td>Marka<\/td>\n<td>OEM\/Lvyuan<\/td>\n<\/tr>\n<\/tbody>\n<\/table>","protected":false},"featured_media":2566,"comment_status":"open","ping_status":"closed","template":"","meta":{"_gspb_post_css":""},"product_brand":[],"product_cat":[24],"product_tag":[279,261,266,260,258,282],"class_list":{"0":"post-2569","1":"product","2":"type-product","3":"status-publish","4":"has-post-thumbnail","6":"product_cat-sintered-porous-plastic","7":"product_tag-alibaba-trade-assurance","8":"product_tag-guangdong-china","9":"product_tag-guangzhou","10":"product_tag-iso-9001","11":"product_tag-ly-fb","12":"product_tag-oem-lvyuan","14":"first","15":"instock","16":"shipping-taxable","17":"product-type-simple"},"_links":{"self":[{"href":"https:\/\/lyfilter.com\/tr\/wp-json\/wp\/v2\/product\/2569","targetHints":{"allow":["GET"]}}],"collection":[{"href":"https:\/\/lyfilter.com\/tr\/wp-json\/wp\/v2\/product"}],"about":[{"href":"https:\/\/lyfilter.com\/tr\/wp-json\/wp\/v2\/types\/product"}],"replies":[{"embeddable":true,"href":"https:\/\/lyfilter.com\/tr\/wp-json\/wp\/v2\/comments?post=2569"}],"wp:featuredmedia":[{"embeddable":true,"href":"https:\/\/lyfilter.com\/tr\/wp-json\/wp\/v2\/media\/2566"}],"wp:attachment":[{"href":"https:\/\/lyfilter.com\/tr\/wp-json\/wp\/v2\/media?parent=2569"}],"wp:term":[{"taxonomy":"product_brand","embeddable":true,"href":"https:\/\/lyfilter.com\/tr\/wp-json\/wp\/v2\/product_brand?post=2569"},{"taxonomy":"product_cat","embeddable":true,"href":"https:\/\/lyfilter.com\/tr\/wp-json\/wp\/v2\/product_cat?post=2569"},{"taxonomy":"product_tag","embeddable":true,"href":"https:\/\/lyfilter.com\/tr\/wp-json\/wp\/v2\/product_tag?post=2569"}],"curies":[{"name":"wp","href":"https:\/\/api.w.org\/{rel}","templated":true}]}}