{"id":2563,"date":"2026-01-07T06:21:22","date_gmt":"2026-01-07T06:21:22","guid":{"rendered":"https:\/\/lyfilter.com\/?post_type=product&#038;p=2563"},"modified":"2026-01-07T06:21:23","modified_gmt":"2026-01-07T06:21:23","slug":"30-inch-pp-melt-blown-activated-carbon-water-filter-cartridge","status":"publish","type":"product","link":"https:\/\/lyfilter.com\/tr\/30-inch-pp-melt-blown-activated-carbon-water-filter-cartridge\/","title":{"rendered":"30 in\u00e7 PP eriyik \u00fcflemeli Aktif Karbon su filtre kartu\u015fu"},"content":{"rendered":"<div class=\"unit-detail-html-tabs__content-attr\">\n<div class=\"unit-product-attrparam\">\n<div class=\"unit-product-attrparam__items row\">\n<div class=\"col-12 col-md-6\">\n<div class=\"unit-product-attrparam__item\">\n<div class=\"unit-product-attrparam__label\">\n<table>\n<thead>\n<tr>\n<th>Tedarik Yetene\u011fi<\/th>\n<th>1000 adet\/ay<\/th>\n<\/tr>\n<\/thead>\n<tbody>\n<tr>\n<td>Malzeme<\/td>\n<td>Paslanmaz \u00c7elik<\/td>\n<\/tr>\n<tr>\n<td>Kullan\u0131labilirlik<\/td>\n<td>OEM\/ODM<\/td>\n<\/tr>\n<\/tbody>\n<\/table>\n<\/div>\n<\/div>\n<\/div>\n<\/div>\n<\/div>\n<\/div>\n<div class=\"unit-detail-html-tabs__content-html\">\n<p><strong>30 in\u00e7 PP eriyik \u00fcflemeli ve Aktif Karbon su filtre kartu\u015fu<\/strong><\/p>\n<p>PP eriyik \u00fcflemeli ve\u00a0<strong>aktif karbon su filtre kartu\u015fu<\/strong>\u00a0su filtrasyon sistemlerinde, sudaki kirleri ve kirleticileri gidermek i\u00e7in tasarlanm\u0131\u015f temel bile\u015fenlerdir. Arama sonu\u00e7lar\u0131na g\u00f6re PP eriyik \u00fcflemeli ve aktif karbon su filtre kartu\u015flar\u0131 ile ilgili baz\u0131 \u00f6zellikler a\u015fa\u011f\u0131da verilmi\u015ftir:<\/p>\n<ul>\n<li>Mikron Aral\u0131\u011f\u0131: 1, 5, 10, 25, 50, 75 ve 100 mikron dahil olmak \u00fczere \u00e7e\u015fitli mikron aral\u0131klar\u0131nda mevcuttur<\/li>\n<li>Uzunluk: 5\u2033, 9.75\u2033, 9.8\u2033, 10\u2033, 20\u2033, 30\u2033, 40\u2033, 50\u2033, 60\u2033 ve 70\u2033 dahil olmak \u00fczere farkl\u0131 uzunluklarda mevcuttur<\/li>\n<li>Verimlilik: 85% kirletici giderme verimlili\u011fi ile nominal derecelendirme<\/li>\n<li>Filtrasyon Derecesi: 1\u03bcm, 5\u03bcm, 10\u03bcm, 25\u03bcm, 30\u03bcm, 50\u03bcm, 75\u03bcm ve 100\u03bcm4 dahil olmak \u00fczere \u00e7e\u015fitli filtreleme derecelerinde mevcuttur<\/li>\n<li>U\u00e7 Kapa\u011f\u0131: DOE, 222\/D\u00fcz(SOE), 222\/Kanat(SOE), 226\/D\u00fcz(SOE) ve 226\/Kanat(SOE) dahil olmak \u00fczere farkl\u0131 tiplerde mevcuttur<\/li>\n<\/ul>\n<\/div>","protected":false},"excerpt":{"rendered":"<table>\n<thead>\n<tr>\n<th>Ba\u015flang\u0131\u00e7 Liman\u0131<\/th>\n<th>Guangzhou<\/th>\n<\/tr>\n<\/thead>\n<tbody>\n<tr>\n<td>\u00dcretim Kapasitesi<\/td>\n<td>10000 adet\/Ay<\/td>\n<\/tr>\n<tr>\n<td>Men\u015fe Yeri<\/td>\n<td>Guangdong, \u00c7in<\/td>\n<\/tr>\n<tr>\n<td>\u00d6deme<\/td>\n<td>T \/ T, Western Union, Alibaba Ticaret G\u00fcvencesi<\/td>\n<\/tr>\n<tr>\n<td>ADEDI<\/td>\n<td>1 adet<\/td>\n<\/tr>\n<tr>\n<td>Model<\/td>\n<td>LY-FB<\/td>\n<\/tr>\n<tr>\n<td>Teslimat S\u00fcresi<\/td>\n<td>7 i\u015f g\u00fcn\u00fc i\u00e7erisinde<\/td>\n<\/tr>\n<tr>\n<td>Sertifikasyon<\/td>\n<td>ISO 9001<\/td>\n<\/tr>\n<tr>\n<td>Marka<\/td>\n<td>OEM\/Lvyuan<\/td>\n<\/tr>\n<\/tbody>\n<\/table>","protected":false},"featured_media":2571,"comment_status":"open","ping_status":"closed","template":"","meta":{"_gspb_post_css":""},"product_brand":[],"product_cat":[17,19],"product_tag":[279,261,266,260,258,971],"class_list":{"0":"post-2563","1":"product","2":"type-product","3":"status-publish","4":"has-post-thumbnail","6":"product_cat-sediment-filter","7":"product_cat-melt-blown-filter-cartridge","8":"product_tag-alibaba-trade-assurance","9":"product_tag-guangdong-china","10":"product_tag-guangzhou","11":"product_tag-iso-9001","12":"product_tag-ly-fb","13":"product_tag-western-union","15":"first","16":"instock","17":"shipping-taxable","18":"product-type-simple"},"_links":{"self":[{"href":"https:\/\/lyfilter.com\/tr\/wp-json\/wp\/v2\/product\/2563","targetHints":{"allow":["GET"]}}],"collection":[{"href":"https:\/\/lyfilter.com\/tr\/wp-json\/wp\/v2\/product"}],"about":[{"href":"https:\/\/lyfilter.com\/tr\/wp-json\/wp\/v2\/types\/product"}],"replies":[{"embeddable":true,"href":"https:\/\/lyfilter.com\/tr\/wp-json\/wp\/v2\/comments?post=2563"}],"wp:featuredmedia":[{"embeddable":true,"href":"https:\/\/lyfilter.com\/tr\/wp-json\/wp\/v2\/media\/2571"}],"wp:attachment":[{"href":"https:\/\/lyfilter.com\/tr\/wp-json\/wp\/v2\/media?parent=2563"}],"wp:term":[{"taxonomy":"product_brand","embeddable":true,"href":"https:\/\/lyfilter.com\/tr\/wp-json\/wp\/v2\/product_brand?post=2563"},{"taxonomy":"product_cat","embeddable":true,"href":"https:\/\/lyfilter.com\/tr\/wp-json\/wp\/v2\/product_cat?post=2563"},{"taxonomy":"product_tag","embeddable":true,"href":"https:\/\/lyfilter.com\/tr\/wp-json\/wp\/v2\/product_tag?post=2563"}],"curies":[{"name":"wp","href":"https:\/\/api.w.org\/{rel}","templated":true}]}}