{"id":2549,"date":"2026-01-07T06:14:53","date_gmt":"2026-01-07T06:14:53","guid":{"rendered":"https:\/\/lyfilter.com\/?post_type=product&#038;p=2549"},"modified":"2026-01-07T06:14:54","modified_gmt":"2026-01-07T06:14:54","slug":"lvyuan-manufacturer-stainless-steel-wire-mesh-for-filters-strainers-and-separations","status":"publish","type":"product","link":"https:\/\/lyfilter.com\/tr\/lvyuan-manufacturer-stainless-steel-wire-mesh-for-filters-strainers-and-separations\/","title":{"rendered":"Lvyuan \u00fcreticisi Filtreler, s\u00fczge\u00e7ler ve Ay\u0131rmalar i\u00e7in Paslanmaz \u00c7elik Has\u0131r"},"content":{"rendered":"<div class=\"unit-detail-html-tabs__content-attr\">\n<div class=\"unit-product-attrparam\">\n<div class=\"unit-product-attrparam__items row\">\n<div class=\"col-12 col-md-6\">\n<div class=\"unit-product-attrparam__item\">\n<div class=\"unit-product-attrparam__label\">\n<table>\n<thead>\n<tr>\n<th>Tedarik Yetene\u011fi<\/th>\n<th>1000000 adet\/ay<\/th>\n<\/tr>\n<\/thead>\n<tbody>\n<tr>\n<td>Malzeme<\/td>\n<td>pe<\/td>\n<\/tr>\n<tr>\n<td>Kullan\u0131labilirlik<\/td>\n<td>OEM\/ODM<\/td>\n<\/tr>\n<\/tbody>\n<\/table>\n<\/div>\n<\/div>\n<\/div>\n<\/div>\n<\/div>\n<\/div>\n<div class=\"unit-detail-html-tabs__content-html\">\n<p><strong>Lvyuan \u00fcreticisi Filtreler, s\u00fczge\u00e7ler ve Ay\u0131rmalar i\u00e7in Paslanmaz \u00c7elik Has\u0131r<\/strong><\/p>\n<p>&nbsp;<\/p>\n<p>Paslanmaz \u00e7elik tel a\u011f\u0131m\u0131z, mukavemet, kimyasal diren\u00e7 ve hassas a\u00e7\u0131kl\u0131klar gerektiren filtreler, s\u00fczge\u00e7ler ve ay\u0131rma uygulamalar\u0131 i\u00e7in idealdir:<\/p>\n<p>- Korozyon direnci i\u00e7in 304 veya 316 kalite paslanmaz \u00e7elikten imal edilmi\u015ftir;<\/p>\n<p>- \u0130nce partik\u00fcl filtrasyonu i\u00e7in 10 mikrondan 4 mm'ye kadar s\u0131k\u0131 a\u011f a\u00e7\u0131kl\u0131klar\u0131;<\/p>\n<p>- D\u00fcz kare veya dimi hollandal\u0131 dokuma se\u00e7enekleri mevcuttur;<\/p>\n<p>- Y\u00fcksek bas\u0131n\u00e7lara ve 500\u00b0C'ye kadar s\u0131cakl\u0131klara dayan\u0131r;<\/p>\n<p>- P\u00fcr\u00fczs\u00fcz, emici olmayan tel y\u00fczeyi ile t\u0131kanmay\u0131 \u00f6nleyin; ;<\/p>\n<p>- \u00d6zel partik\u00fcl veya molek\u00fcler ay\u0131rma ihtiya\u00e7lar\u0131n\u0131z i\u00e7in \u00f6zel kuma\u015flar mevcuttur;<\/p>\n<p>- Filtre muhafazan\u0131za uyacak \u015fekilde yaprak, rulo, disk ve \u00e7ubuklar halinde mevcuttur;<\/p>\n<p>- G\u0131da, farmas\u00f6tik ve kimyasal filtrasyon i\u00e7in s\u0131hhi gereksinimleri kar\u015f\u0131lar;<\/p>\n<p>M\u00fckemmel kimyasal uyumluluk ve temizleme \u00f6zellikleriyle paslanmaz tel \u00f6rg\u00fclerimiz di\u011fer filtre malzemelerinden daha iyi performans g\u00f6sterir. Filtrasyon s\u0131n\u0131f\u0131 paslanmaz \u00e7elik tel kuma\u015flar\u0131m\u0131z hakk\u0131nda bug\u00fcn daha fazla bilgi edinin!<\/p>\n<\/div>","protected":false},"excerpt":{"rendered":"<table>\n<thead>\n<tr>\n<th>\u00dcretim Kapasitesi<\/th>\n<th>10000 adet\/Ay<\/th>\n<\/tr>\n<\/thead>\n<tbody>\n<tr>\n<td>Men\u015fe Yeri<\/td>\n<td>Guangdong, \u00c7in<\/td>\n<\/tr>\n<tr>\n<td>\u00d6deme<\/td>\n<td>T \/ T, Western Union, Alibaba Ticaret G\u00fcvencesi<\/td>\n<\/tr>\n<tr>\n<td>ADEDI<\/td>\n<td>1 adet<\/td>\n<\/tr>\n<tr>\n<td>Model<\/td>\n<td>LY-FB<\/td>\n<\/tr>\n<tr>\n<td>Teslimat S\u00fcresi<\/td>\n<td>7 i\u015f g\u00fcn\u00fc i\u00e7erisinde<\/td>\n<\/tr>\n<tr>\n<td>Sertifikasyon<\/td>\n<td>ISO 9001<\/td>\n<\/tr>\n<tr>\n<td>Marka<\/td>\n<td>OEM\/Lvyuan<\/td>\n<\/tr>\n<tr>\n<td>Ba\u015flang\u0131\u00e7 Liman\u0131<\/td>\n<td>Guangzhou<\/td>\n<\/tr>\n<\/tbody>\n<\/table>","protected":false},"featured_media":2558,"comment_status":"open","ping_status":"closed","template":"","meta":{"_gspb_post_css":""},"product_brand":[],"product_cat":[17,18],"product_tag":[279,266,260,258,282,971],"class_list":{"0":"post-2549","1":"product","2":"type-product","3":"status-publish","4":"has-post-thumbnail","6":"product_cat-sediment-filter","7":"product_cat-sintered-metal-filters","8":"product_tag-alibaba-trade-assurance","9":"product_tag-guangzhou","10":"product_tag-iso-9001","11":"product_tag-ly-fb","12":"product_tag-oem-lvyuan","13":"product_tag-western-union","15":"first","16":"instock","17":"shipping-taxable","18":"product-type-simple"},"_links":{"self":[{"href":"https:\/\/lyfilter.com\/tr\/wp-json\/wp\/v2\/product\/2549","targetHints":{"allow":["GET"]}}],"collection":[{"href":"https:\/\/lyfilter.com\/tr\/wp-json\/wp\/v2\/product"}],"about":[{"href":"https:\/\/lyfilter.com\/tr\/wp-json\/wp\/v2\/types\/product"}],"replies":[{"embeddable":true,"href":"https:\/\/lyfilter.com\/tr\/wp-json\/wp\/v2\/comments?post=2549"}],"wp:featuredmedia":[{"embeddable":true,"href":"https:\/\/lyfilter.com\/tr\/wp-json\/wp\/v2\/media\/2558"}],"wp:attachment":[{"href":"https:\/\/lyfilter.com\/tr\/wp-json\/wp\/v2\/media?parent=2549"}],"wp:term":[{"taxonomy":"product_brand","embeddable":true,"href":"https:\/\/lyfilter.com\/tr\/wp-json\/wp\/v2\/product_brand?post=2549"},{"taxonomy":"product_cat","embeddable":true,"href":"https:\/\/lyfilter.com\/tr\/wp-json\/wp\/v2\/product_cat?post=2549"},{"taxonomy":"product_tag","embeddable":true,"href":"https:\/\/lyfilter.com\/tr\/wp-json\/wp\/v2\/product_tag?post=2549"}],"curies":[{"name":"wp","href":"https:\/\/api.w.org\/{rel}","templated":true}]}}