{"id":2542,"date":"2026-01-07T06:12:36","date_gmt":"2026-01-07T06:12:36","guid":{"rendered":"https:\/\/lyfilter.com\/?post_type=product&#038;p=2542"},"modified":"2026-01-07T06:14:07","modified_gmt":"2026-01-07T06:14:07","slug":"sintered-ptfe-filter-elements-high-purity-filtration-solutions","status":"publish","type":"product","link":"https:\/\/lyfilter.com\/tr\/sintered-ptfe-filter-elements-high-purity-filtration-solutions\/","title":{"rendered":"Sinterlenmi\u015f PTFE Filtre Elemanlar\u0131 - Y\u00fcksek Safl\u0131kta Filtrasyon \u00c7\u00f6z\u00fcmleri"},"content":{"rendered":"<div class=\"unit-detail-html-tabs__content-attr\">\n<div class=\"unit-product-attrparam\">\n<div class=\"unit-product-attrparam__items row\">\n<div class=\"col-12 col-md-6\">\n<div class=\"unit-product-attrparam__item\">\n<div class=\"unit-product-attrparam__label\">\n<table>\n<thead>\n<tr>\n<th>Tedarik Yetene\u011fi<\/th>\n<th>1000000 adet\/ay<\/th>\n<\/tr>\n<\/thead>\n<tbody>\n<tr>\n<td>Malzeme<\/td>\n<td>pe<\/td>\n<\/tr>\n<tr>\n<td>Kullan\u0131labilirlik<\/td>\n<td>OEM\/ODM<\/td>\n<\/tr>\n<\/tbody>\n<\/table>\n<\/div>\n<\/div>\n<\/div>\n<\/div>\n<\/div>\n<\/div>\n<div class=\"unit-detail-html-tabs__content-featuresAttr\"><\/div>\n<div class=\"unit-detail-html-tabs__content-html\">\n<p>Sinterlenmi\u015f PTFE Filtre Elemanlar\u0131 - Y\u00fcksek Safl\u0131kta Filtrasyon \u00c7\u00f6z\u00fcmleri<\/p>\n<ul>\n<li>Saf politetrafloroetilen (PTFE) re\u00e7ineden \u00fcretilmi\u015ftir;<\/li>\n<li>Kontroll\u00fc g\u00f6zenek boyutuna sahip g\u00f6zenekli sinterlenmi\u015f PTFE membran i\u00e7erir;<\/li>\n<li>\u0130nce partik\u00fcl filtrasyonu i\u00e7in 0,1 \u03bcm ila 10 \u03bcm aras\u0131nda mikron de\u011ferlerinde mevcuttur;<\/li>\n<li>Y\u00fcksek ak\u0131\u015f h\u0131zlar\u0131 sa\u011flayan 90%'ye kadar son derece y\u00fcksek bo\u015fluk hacmi;<\/li>\n<li>Neredeyse t\u00fcm a\u015f\u0131nd\u0131r\u0131c\u0131 kimyasallara kar\u015f\u0131 m\u00fckemmel kimyasal diren\u00e7;<\/li>\n<li>500\u00b0F'ye kadar s\u00fcrekli kullan\u0131ma ve 600\u00b0F'ye kadar dalgalanmalara dayan\u0131kl\u0131d\u0131r;<\/li>\n<li>Y\u00fcksek asidik ve alkalin ko\u015fullar da dahil olmak \u00fczere 1 ila 14 aras\u0131nda geni\u015f pH aral\u0131\u011f\u0131;<\/li>\n<li>Kolay temizlik i\u00e7in y\u00fcksek su iticilik ve yap\u0131\u015fmaz y\u00fczey;<\/li>\n<li>G\u00f6zenekli yap\u0131s\u0131 sayesinde y\u00fcksek kir tutma kapasitesi;<\/li>\n<li>FDA uyumluluk standartlar\u0131n\u0131 kar\u015f\u0131layan d\u00fc\u015f\u00fck ekstrakte edilebilir i\u00e7erik;<\/li>\n<li>Y\u00fcksek mekanik dayan\u0131m ve boyutsal kararl\u0131l\u0131k;<\/li>\n<li>\u00c7ok \u00e7e\u015fitli ba\u011flant\u0131 par\u00e7alar\u0131 ve donan\u0131m konfig\u00fcrasyonlar\u0131;<\/li>\n<li>Yerinde tekrar tekrar buharla sterilize edilebilir;<\/li>\n<li>Yar\u0131 iletken \u00fcretim hatlar\u0131, farmas\u00f6tikler vb. gibi kritik uygulamalar i\u00e7in idealdir.<\/li>\n<\/ul>\n<p><img decoding=\"async\" src=\"https:\/\/img.yfisher.com\/m6076\/172573280017x\/jpg70-t3-scale100.webp\" alt=\"Sinterlenmi\u015f PTFE Filtre Elemanlar\u0131 - Y\u00fcksek Safl\u0131kta Filtrasyon \u00c7\u00f6z\u00fcmleri 6\" data-lazy=\"2\" title=\"\"><\/p>\n<\/div>","protected":false},"excerpt":{"rendered":"<table>\n<thead>\n<tr>\n<th>Ba\u015flang\u0131\u00e7 Liman\u0131<\/th>\n<th>Guangzhou<\/th>\n<\/tr>\n<\/thead>\n<tbody>\n<tr>\n<td>Men\u015fe Yeri<\/td>\n<td>Guangdong, \u00c7in<\/td>\n<\/tr>\n<tr>\n<td>\u00d6deme<\/td>\n<td>T \/ T, Alibaba Ticaret G\u00fcvencesi, paypal<\/td>\n<\/tr>\n<tr>\n<td>ADEDI<\/td>\n<td>1 adet<\/td>\n<\/tr>\n<tr>\n<td>Model<\/td>\n<td>LY-FB<\/td>\n<\/tr>\n<tr>\n<td>Teslimat S\u00fcresi<\/td>\n<td>7 i\u015f g\u00fcn\u00fc i\u00e7erisinde<\/td>\n<\/tr>\n<tr>\n<td>Sertifikasyon<\/td>\n<td>ISO 9001<\/td>\n<\/tr>\n<tr>\n<td>Marka<\/td>\n<td>OEM\/Lvyuan<\/td>\n<\/tr>\n<\/tbody>\n<\/table>","protected":false},"featured_media":2551,"comment_status":"open","ping_status":"closed","template":"","meta":{"_gspb_post_css":""},"product_brand":[],"product_cat":[24],"product_tag":[279,261,266,260,258,282],"class_list":{"0":"post-2542","1":"product","2":"type-product","3":"status-publish","4":"has-post-thumbnail","6":"product_cat-sintered-porous-plastic","7":"product_tag-alibaba-trade-assurance","8":"product_tag-guangdong-china","9":"product_tag-guangzhou","10":"product_tag-iso-9001","11":"product_tag-ly-fb","12":"product_tag-oem-lvyuan","14":"first","15":"instock","16":"shipping-taxable","17":"product-type-simple"},"_links":{"self":[{"href":"https:\/\/lyfilter.com\/tr\/wp-json\/wp\/v2\/product\/2542","targetHints":{"allow":["GET"]}}],"collection":[{"href":"https:\/\/lyfilter.com\/tr\/wp-json\/wp\/v2\/product"}],"about":[{"href":"https:\/\/lyfilter.com\/tr\/wp-json\/wp\/v2\/types\/product"}],"replies":[{"embeddable":true,"href":"https:\/\/lyfilter.com\/tr\/wp-json\/wp\/v2\/comments?post=2542"}],"wp:featuredmedia":[{"embeddable":true,"href":"https:\/\/lyfilter.com\/tr\/wp-json\/wp\/v2\/media\/2551"}],"wp:attachment":[{"href":"https:\/\/lyfilter.com\/tr\/wp-json\/wp\/v2\/media?parent=2542"}],"wp:term":[{"taxonomy":"product_brand","embeddable":true,"href":"https:\/\/lyfilter.com\/tr\/wp-json\/wp\/v2\/product_brand?post=2542"},{"taxonomy":"product_cat","embeddable":true,"href":"https:\/\/lyfilter.com\/tr\/wp-json\/wp\/v2\/product_cat?post=2542"},{"taxonomy":"product_tag","embeddable":true,"href":"https:\/\/lyfilter.com\/tr\/wp-json\/wp\/v2\/product_tag?post=2542"}],"curies":[{"name":"wp","href":"https:\/\/api.w.org\/{rel}","templated":true}]}}