{"id":2536,"date":"2026-01-07T06:09:25","date_gmt":"2026-01-07T06:09:25","guid":{"rendered":"https:\/\/lyfilter.com\/?post_type=product&#038;p=2536"},"modified":"2026-01-07T06:09:25","modified_gmt":"2026-01-07T06:09:25","slug":"porous-industrial-solid-liquid-filtration-sintered-white-black-pe-filter-cartridge","status":"publish","type":"product","link":"https:\/\/lyfilter.com\/tr\/porous-industrial-solid-liquid-filtration-sintered-white-black-pe-filter-cartridge\/","title":{"rendered":"G\u00f6zenekli End\u00fcstriyel Kat\u0131 S\u0131v\u0131 Filtrasyonu Sinterlenmi\u015f Beyaz Siyah PE Filtre Kartu\u015fu"},"content":{"rendered":"<div class=\"unit-detail-html-tabs__content-attr\">\n<div class=\"unit-product-attrparam\">\n<div class=\"unit-product-attrparam__items row\">\n<div class=\"col-12 col-md-6\">\n<div class=\"unit-product-attrparam__item\">\n<div class=\"unit-product-attrparam__label\">\n<table>\n<thead>\n<tr>\n<th>Tedarik Yetene\u011fi<\/th>\n<th>1000000 adet\/ay<\/th>\n<\/tr>\n<\/thead>\n<tbody>\n<tr>\n<td>Malzeme<\/td>\n<td>pe<\/td>\n<\/tr>\n<tr>\n<td>Kullan\u0131labilirlik<\/td>\n<td>OEM\/ODM<\/td>\n<\/tr>\n<\/tbody>\n<\/table>\n<\/div>\n<\/div>\n<\/div>\n<\/div>\n<\/div>\n<\/div>\n<div class=\"unit-detail-html-tabs__content-featuresAttr\"><\/div>\n<div class=\"unit-detail-html-tabs__content-html\">\n<p><strong>G\u00f6zenekli End\u00fcstriyel Kat\u0131 S\u0131v\u0131 Filtrasyonu Sinterlenmi\u015f Beyaz Siyah PE Filtre Kartu\u015fu<\/strong><\/p>\n<ul>\n<li>\u00d6n filtreleme katman\u0131 i\u00e7in beyaz PE ve ince filtreleme katman\u0131 i\u00e7in siyah PE i\u00e7erir;<\/li>\n<li>Sinterlenmi\u015f filtre kartu\u015fu: kat\u0131 partik\u00fcl giderimi i\u00e7in kontroll\u00fc g\u00f6zenek boyutuna sahip sinterlenmi\u015f g\u00f6zenekli yap\u0131;<\/li>\n<li>Siyah katman, daha y\u00fcksek filtrasyon verimlili\u011fi i\u00e7in 5 mikron kadar ince g\u00f6zenek boyutuna sahiptir;<\/li>\n<li>Y\u00fcksek ak\u0131\u015f filtrasyonu i\u00e7in kartu\u015f boyunca d\u00fc\u015f\u00fck bas\u0131n\u00e7 d\u00fc\u015f\u00fc\u015f\u00fc;<\/li>\n<li>G\u00f6zenekli filtre: y\u00fcksek kir tutma kapasitesi ve uzun servis \u00f6mr\u00fc;<\/li>\n<li>140\u00b0F'ye kadar y\u00fcksek s\u0131cakl\u0131\u011fa ve 1-14 geni\u015f pH aral\u0131\u011f\u0131na dayan\u0131r;<\/li>\n<li>Buharla sterilize edilebilir ve kimyasallarla temizlenebilir;<\/li>\n<li>\u00c7o\u011fu asit, baz ve solvente kar\u015f\u0131 dayan\u0131kl\u0131 m\u00fckemmel kimyasal uyumluluk;<\/li>\n<li>\u00c7e\u015fitli \u00e7aplarda borularla standart uzunluklarda mevcuttur;<\/li>\n<li>PE Filtre Kartu\u015fu, ila\u00e7, kimya, g\u0131da ve i\u00e7ecek uygulamalar\u0131nda \u00f6n-RO ve son filtrasyon i\u00e7in yayg\u0131n olarak kullan\u0131l\u0131r.<\/li>\n<\/ul>\n<p><img decoding=\"async\" src=\"https:\/\/img.yfisher.com\/m6076\/1725732797cjk\/jpg70-t3-scale100.webp\" alt=\"G\u00f6zenekli End\u00fcstriyel Kat\u0131 S\u0131v\u0131 Filtrasyonu Sinterlenmi\u015f Beyaz Siyah PE Filtre Kartu\u015fu 7\" data-lazy=\"2\" title=\"\"><\/p>\n<\/div>","protected":false},"excerpt":{"rendered":"<table>\n<thead>\n<tr>\n<th>Ba\u015flang\u0131\u00e7 Liman\u0131<\/th>\n<th>Guangzhou<\/th>\n<\/tr>\n<\/thead>\n<tbody>\n<tr>\n<td>Men\u015fe Yeri<\/td>\n<td>Guangdong, \u00c7in<\/td>\n<\/tr>\n<tr>\n<td>\u00d6deme<\/td>\n<td>T \/ T, paypal<\/td>\n<\/tr>\n<tr>\n<td>ADEDI<\/td>\n<td>1 adet<\/td>\n<\/tr>\n<tr>\n<td>Model<\/td>\n<td>LY-FB<\/td>\n<\/tr>\n<tr>\n<td>Teslimat S\u00fcresi<\/td>\n<td>7 i\u015f g\u00fcn\u00fc i\u00e7erisinde<\/td>\n<\/tr>\n<tr>\n<td>Sertifikasyon<\/td>\n<td>ISO 9001<\/td>\n<\/tr>\n<tr>\n<td>Marka<\/td>\n<td>OEM\/Lvyuan<\/td>\n<\/tr>\n<\/tbody>\n<\/table>","protected":false},"featured_media":2543,"comment_status":"open","ping_status":"closed","template":"","meta":{"_gspb_post_css":""},"product_brand":[],"product_cat":[24],"product_tag":[261,266,260,258,282,979],"class_list":{"0":"post-2536","1":"product","2":"type-product","3":"status-publish","4":"has-post-thumbnail","6":"product_cat-sintered-porous-plastic","7":"product_tag-guangdong-china","8":"product_tag-guangzhou","9":"product_tag-iso-9001","10":"product_tag-ly-fb","11":"product_tag-oem-lvyuan","12":"product_tag-t-t-and-paypal","14":"first","15":"instock","16":"shipping-taxable","17":"product-type-simple"},"_links":{"self":[{"href":"https:\/\/lyfilter.com\/tr\/wp-json\/wp\/v2\/product\/2536","targetHints":{"allow":["GET"]}}],"collection":[{"href":"https:\/\/lyfilter.com\/tr\/wp-json\/wp\/v2\/product"}],"about":[{"href":"https:\/\/lyfilter.com\/tr\/wp-json\/wp\/v2\/types\/product"}],"replies":[{"embeddable":true,"href":"https:\/\/lyfilter.com\/tr\/wp-json\/wp\/v2\/comments?post=2536"}],"wp:featuredmedia":[{"embeddable":true,"href":"https:\/\/lyfilter.com\/tr\/wp-json\/wp\/v2\/media\/2543"}],"wp:attachment":[{"href":"https:\/\/lyfilter.com\/tr\/wp-json\/wp\/v2\/media?parent=2536"}],"wp:term":[{"taxonomy":"product_brand","embeddable":true,"href":"https:\/\/lyfilter.com\/tr\/wp-json\/wp\/v2\/product_brand?post=2536"},{"taxonomy":"product_cat","embeddable":true,"href":"https:\/\/lyfilter.com\/tr\/wp-json\/wp\/v2\/product_cat?post=2536"},{"taxonomy":"product_tag","embeddable":true,"href":"https:\/\/lyfilter.com\/tr\/wp-json\/wp\/v2\/product_tag?post=2536"}],"curies":[{"name":"wp","href":"https:\/\/api.w.org\/{rel}","templated":true}]}}