{"id":2530,"date":"2026-01-07T03:56:56","date_gmt":"2026-01-07T03:56:56","guid":{"rendered":"https:\/\/lyfilter.com\/?post_type=product&#038;p=2530"},"modified":"2026-01-07T03:56:56","modified_gmt":"2026-01-07T03:56:56","slug":"customized-size-pogoda-connector-304-316-stainless-steel-filter-cartridge","status":"publish","type":"product","link":"https:\/\/lyfilter.com\/tr\/customized-size-pogoda-connector-304-316-stainless-steel-filter-cartridge\/","title":{"rendered":"\u00d6zel Boyutlu Pogoda Ba\u011flay\u0131c\u0131 304 316 Paslanmaz \u00c7elik Filtre Kartu\u015fu"},"content":{"rendered":"<div class=\"unit-detail-html-tabs__content-attr\">\n<div class=\"unit-product-attrparam\">\n<div class=\"unit-product-attrparam__items row\">\n<div class=\"col-12 col-md-6\">\n<div class=\"unit-product-attrparam__item\">\n<div class=\"unit-product-attrparam__label\">\n<table>\n<thead>\n<tr>\n<th><strong>\u00d6znitelik<\/strong><\/th>\n<th><strong>Detaylar<\/strong><\/th>\n<\/tr>\n<\/thead>\n<tbody>\n<tr>\n<td><strong>Kullan\u0131labilirlik<\/strong><\/td>\n<td>OEM\/ODM<\/td>\n<\/tr>\n<\/tbody>\n<\/table>\n<\/div>\n<\/div>\n<\/div>\n<\/div>\n<\/div>\n<\/div>\n<div class=\"unit-detail-html-tabs__content-featuresAttr\"><\/div>\n<div class=\"unit-detail-html-tabs__content-html\">\n<p><strong>\u00d6zel Boyutlu Pogoda Ba\u011flay\u0131c\u0131 304 316 Paslanmaz \u00c7elik Filtre Kartu\u015fu<\/strong><\/p>\n<p><strong>A\u00e7\u0131klama\uff1a<\/strong><\/p>\n<ol>\n<li>Korozyon direnci i\u00e7in 304 ve 316 paslanmaz \u00e7elikten imal edilmi\u015ftir<\/li>\n<li>Pileli filtre kartu\u015fu tasar\u0131m\u0131, etkili kirletici giderimi i\u00e7in y\u00fcksek y\u00fczey alan\u0131 sa\u011flar<\/li>\n<li>Tortu, pas, kire\u00e7, silt, kum, kir ve di\u011fer partik\u00fcll\u00fc maddeleri temizler<\/li>\n<li>Minimum bas\u0131n\u00e7 d\u00fc\u015f\u00fc\u015f\u00fc ile y\u00fcksek ak\u0131\u015f h\u0131z\u0131 uygulamalar\u0131 i\u00e7in ideal<\/li>\n<li>\u00c7ok \u00e7e\u015fitli end\u00fcstriyel, ticari ve konut filtrasyon sistemleri ile uyumludur<\/li>\n<li>Farkl\u0131 filtreleme ihtiya\u00e7lar\u0131 i\u00e7in \u00e7e\u015fitli mikron de\u011ferlerinde mevcuttur<\/li>\n<li>D\u0131\u015f paslanmaz \u00e7elik destek a\u011f\u0131 plise b\u00fct\u00fcnl\u00fc\u011f\u00fcn\u00fc korur<\/li>\n<li>Dayan\u0131kl\u0131l\u0131k i\u00e7in polipropilenden yap\u0131lm\u0131\u015f i\u00e7 ve d\u0131\u015f sarg\u0131lar<\/li>\n<li>Radyal plise hizalamas\u0131 filtre y\u00fczeyi boyunca e\u015fit ak\u0131\u015f sa\u011flar<\/li>\n<li>\u00c7o\u011fu muhafazaya uymas\u0131 i\u00e7in standart 10\u2033, 20\u2033, 30\u2033 ve 40\u2033 uzunluklarda sunulur<\/li>\n<li>Conta malzemesine ba\u011fl\u0131 olarak 180\u00b0F'ye kadar s\u0131cakl\u0131klara dayanabilir<\/li>\n<li>Esneklik i\u00e7in tersine \u00e7evrilebilir ak\u0131\u015f y\u00f6n\u00fc<\/li>\n<\/ol>\n<p><strong><br \/>\n<\/strong><\/p>\n<p><img decoding=\"async\" src=\"https:\/\/img.yfisher.com\/m6076\/17257327950r2\/jpg70-t3-scale100.webp\" alt=\"\u00d6zel Boyutlu Pogoda Ba\u011flay\u0131c\u0131 304 316 Paslanmaz \u00c7elik Filtre Kartu\u015fu 6\" data-lazy=\"2\" title=\"\"><\/p>\n<\/div>","protected":false},"excerpt":{"rendered":"<table>\n<thead>\n<tr>\n<th><strong>\u00d6znitelik<\/strong><\/th>\n<th><strong>Detaylar<\/strong><\/th>\n<\/tr>\n<\/thead>\n<tbody>\n<tr>\n<td><strong>Ba\u015flang\u0131\u00e7 Liman\u0131<\/strong><\/td>\n<td>Guangzhou<\/td>\n<\/tr>\n<tr>\n<td><strong>\u00dcretim Kapasitesi<\/strong><\/td>\n<td>10000 adet\/Ay<\/td>\n<\/tr>\n<tr>\n<td><strong>Men\u015fe Yeri<\/strong><\/td>\n<td>Guangdong, \u00c7in<\/td>\n<\/tr>\n<tr>\n<td><strong>\u00d6deme<\/strong><\/td>\n<td>T \/ T, Alibaba Ticaret G\u00fcvencesi, Paypal<\/td>\n<\/tr>\n<tr>\n<td><strong>Model<\/strong><\/td>\n<td>LY-FB<\/td>\n<\/tr>\n<tr>\n<td><strong>Teslimat S\u00fcresi<\/strong><\/td>\n<td>7 i\u015f g\u00fcn\u00fc i\u00e7erisinde<\/td>\n<\/tr>\n<tr>\n<td><strong>Sertifikasyon<\/strong><\/td>\n<td>ISO 9001<\/td>\n<\/tr>\n<tr>\n<td><strong>Marka<\/strong><\/td>\n<td>OEM\/Lvyuan<\/td>\n<\/tr>\n<\/tbody>\n<\/table>","protected":false},"featured_media":2537,"comment_status":"open","ping_status":"closed","template":"","meta":{"_gspb_post_css":""},"product_brand":[],"product_cat":[17,18],"product_tag":[978,977,266,260,258,259],"class_list":{"0":"post-2530","1":"product","2":"type-product","3":"status-publish","4":"has-post-thumbnail","6":"product_cat-sediment-filter","7":"product_cat-sintered-metal-filters","8":"product_tag-alibaba","9":"product_tag-filter-element","10":"product_tag-guangzhou","11":"product_tag-iso-9001","12":"product_tag-ly-fb","13":"product_tag-oem","15":"first","16":"instock","17":"shipping-taxable","18":"product-type-simple"},"_links":{"self":[{"href":"https:\/\/lyfilter.com\/tr\/wp-json\/wp\/v2\/product\/2530","targetHints":{"allow":["GET"]}}],"collection":[{"href":"https:\/\/lyfilter.com\/tr\/wp-json\/wp\/v2\/product"}],"about":[{"href":"https:\/\/lyfilter.com\/tr\/wp-json\/wp\/v2\/types\/product"}],"replies":[{"embeddable":true,"href":"https:\/\/lyfilter.com\/tr\/wp-json\/wp\/v2\/comments?post=2530"}],"wp:featuredmedia":[{"embeddable":true,"href":"https:\/\/lyfilter.com\/tr\/wp-json\/wp\/v2\/media\/2537"}],"wp:attachment":[{"href":"https:\/\/lyfilter.com\/tr\/wp-json\/wp\/v2\/media?parent=2530"}],"wp:term":[{"taxonomy":"product_brand","embeddable":true,"href":"https:\/\/lyfilter.com\/tr\/wp-json\/wp\/v2\/product_brand?post=2530"},{"taxonomy":"product_cat","embeddable":true,"href":"https:\/\/lyfilter.com\/tr\/wp-json\/wp\/v2\/product_cat?post=2530"},{"taxonomy":"product_tag","embeddable":true,"href":"https:\/\/lyfilter.com\/tr\/wp-json\/wp\/v2\/product_tag?post=2530"}],"curies":[{"name":"wp","href":"https:\/\/api.w.org\/{rel}","templated":true}]}}