{"id":2525,"date":"2026-01-07T03:54:51","date_gmt":"2026-01-07T03:54:51","guid":{"rendered":"https:\/\/lyfilter.com\/?post_type=product&#038;p=2525"},"modified":"2026-04-24T23:43:14","modified_gmt":"2026-04-24T23:43:14","slug":"lvyuan-customized-micron-high-flow-filter-cartridge","status":"publish","type":"product","link":"https:\/\/lyfilter.com\/tr\/lvyuan-customized-micron-high-flow-filter-cartridge\/","title":{"rendered":"Lvyuan \u00d6zelle\u015ftirilmi\u015f Mikron Y\u00fcksek Ak\u0131\u015fl\u0131 Filtre Kartu\u015fu"},"content":{"rendered":"<div class=\"unit-detail-html-tabs__content-attr\">\n<div class=\"unit-product-attrparam\">\n<div class=\"unit-product-attrparam__items row\">\n<div class=\"col-12 col-md-6\">\n<div class=\"unit-product-attrparam__item\">\n<div class=\"unit-product-attrparam__label\">\n<table>\n<thead>\n<tr>\n<th><strong>\u00d6znitelik<\/strong><\/th>\n<th><strong>Detaylar<\/strong><\/th>\n<\/tr>\n<\/thead>\n<tbody>\n<tr>\n<td><strong>Tedarik Yetene\u011fi<\/strong><\/td>\n<td>1000000 adet\/ay<\/td>\n<\/tr>\n<tr>\n<td><strong>Kullan\u0131labilirlik<\/strong><\/td>\n<td>OEM\/ODM<\/td>\n<\/tr>\n<\/tbody>\n<\/table>\n<\/div>\n<\/div>\n<\/div>\n<\/div>\n<\/div>\n<\/div>\n<div class=\"unit-detail-html-tabs__content-html\">\n<p><strong>Lvyuan \u00f6zelle\u015ftirilmi\u015f Mikron Y\u00fcksek Ak\u0131\u015fl\u0131 Filtre Kartu\u015fu<\/strong><\/p>\n<p>High Flow serisi filtre kartu\u015flar\u0131, zorlu end\u00fcstriyel uygulamalarda y\u00fcksek ak\u0131\u015f h\u0131z\u0131nda filtreleme i\u00e7in tasarlanm\u0131\u015ft\u0131r. Optimize edilmi\u015f plise geometrisi ve sa\u011flam yap\u0131s\u0131 ile bu filtreler, maksimum verim i\u00e7in standart kartu\u015flar\u0131n 3 kat\u0131na kadar ak\u0131\u015f kapasitesi sa\u011flar.<\/p>\n<p>\u00c7ok say\u0131da ince pileli polipropilen medya katman\u0131ndan olu\u015fan y\u00fcksek ak\u0131\u015fl\u0131 kartu\u015flar, a\u011f\u0131r kirletici y\u00fckleriyle ba\u015fa \u00e7\u0131kmak i\u00e7in art\u0131r\u0131lm\u0131\u015f y\u00fczey alan\u0131 ve derinlik y\u00fckleme kapasitesine sahiptir. Tescilli medya form\u00fclasyonu, d\u00fc\u015f\u00fck bas\u0131n\u00e7 d\u00fc\u015f\u00fc\u015f\u00fc ile y\u00fcksek ak\u0131\u015f sa\u011flar.<\/p>\n<p>Polipropilen merkez \u00e7ekirdek g\u00fc\u00e7 ve stabilite sa\u011flarken, entegre contalar kartu\u015fu muhafaza i\u00e7inde etkili bir \u015fekilde kapat\u0131r. Tek par\u00e7a polipropilen u\u00e7 kapaklar\u0131 potansiyel s\u0131z\u0131nt\u0131 noktalar\u0131n\u0131 ortadan kald\u0131r\u0131r.<\/p>\n<p>Y\u00fcksek kir tutma kapasitesi ve nominal mikronda 99,9%'ye varan verimlili\u011fi ile High Flow filtre kartu\u015flar\u0131, de\u011fi\u015fimler aras\u0131nda proses ak\u0131\u015f h\u0131zlar\u0131n\u0131 daha uzun s\u00fcre korur. Geni\u015f kimyasal uyumluluklar\u0131 bir\u00e7ok uygulamada kullan\u0131lmalar\u0131na olanak sa\u011flar.<\/p>\n<p>Y\u00fcksek Ak\u0131\u015fl\u0131 kartu\u015flar 1 ila 800 mikron aras\u0131nda \u00e7e\u015fitli mikron de\u011ferlerinde mevcuttur. Y\u00fcksek ak\u0131\u015f tasar\u0131m\u0131 ile birlikte 2,5 in\u00e7 \u00e7ap\u0131ndaki geni\u015f ayak izi, bunlar\u0131 y\u00fcksek h\u0131zl\u0131 ak\u0131\u015fkanlar ve b\u00fcy\u00fck hacimli proses ak\u0131\u015flar\u0131 i\u00e7in ideal bir \u00e7\u00f6z\u00fcm haline getirir.<\/p>\n<p>250 ila 1250 GPM aras\u0131nda de\u011fi\u015fen ak\u0131\u015f h\u0131zlar\u0131, zorlu end\u00fcstriyel uygulamalardan y\u00fcksek verimli \u00fcretim operasyonlar\u0131na kadar kullan\u0131m esnekli\u011fi sa\u011flar. Y\u00fcksek Ak\u0131\u015fl\u0131 kartu\u015flar, a\u011f\u0131r hizmet tipi ancak ekonomik bir pakette a\u015f\u0131r\u0131 ak\u0131\u015f filtrasyonu sa\u011flar.<\/p>\n<\/div>","protected":false},"excerpt":{"rendered":"<table>\n<thead>\n<tr>\n<th><strong>\u00d6znitelik<\/strong><\/th>\n<th><strong>Detaylar<\/strong><\/th>\n<\/tr>\n<\/thead>\n<tbody>\n<tr>\n<td><strong>\u00dcretim Kapasitesi<\/strong><\/td>\n<td>10000 adet\/Ay<\/td>\n<\/tr>\n<tr>\n<td><strong>\u00d6deme<\/strong><\/td>\n<td>T \/ T, Alibaba Ticaret G\u00fcvencesi<\/td>\n<\/tr>\n<tr>\n<td><strong>ADEDI<\/strong><\/td>\n<td>1 adet<\/td>\n<\/tr>\n<tr>\n<td><strong>Model<\/strong><\/td>\n<td>LY-FB<\/td>\n<\/tr>\n<tr>\n<td><strong>Teslimat S\u00fcresi<\/strong><\/td>\n<td>7 i\u015f g\u00fcn\u00fc i\u00e7erisinde<\/td>\n<\/tr>\n<tr>\n<td><strong>Sertifikasyon<\/strong><\/td>\n<td>ISO 9001<\/td>\n<\/tr>\n<tr>\n<td><strong>Marka<\/strong><\/td>\n<td>OEM\/Lvyuan<\/td>\n<\/tr>\n<\/tbody>\n<\/table>","protected":false},"featured_media":2531,"comment_status":"open","ping_status":"closed","template":"","meta":{"_gspb_post_css":""},"product_brand":[],"product_cat":[17],"product_tag":[978,977,266,260,258,259],"class_list":{"0":"post-2525","1":"product","2":"type-product","3":"status-publish","4":"has-post-thumbnail","6":"product_cat-sediment-filter","7":"product_tag-alibaba","8":"product_tag-filter-element","9":"product_tag-guangzhou","10":"product_tag-iso-9001","11":"product_tag-ly-fb","12":"product_tag-oem","14":"first","15":"instock","16":"shipping-taxable","17":"product-type-simple"},"_links":{"self":[{"href":"https:\/\/lyfilter.com\/tr\/wp-json\/wp\/v2\/product\/2525","targetHints":{"allow":["GET"]}}],"collection":[{"href":"https:\/\/lyfilter.com\/tr\/wp-json\/wp\/v2\/product"}],"about":[{"href":"https:\/\/lyfilter.com\/tr\/wp-json\/wp\/v2\/types\/product"}],"replies":[{"embeddable":true,"href":"https:\/\/lyfilter.com\/tr\/wp-json\/wp\/v2\/comments?post=2525"}],"wp:featuredmedia":[{"embeddable":true,"href":"https:\/\/lyfilter.com\/tr\/wp-json\/wp\/v2\/media\/2531"}],"wp:attachment":[{"href":"https:\/\/lyfilter.com\/tr\/wp-json\/wp\/v2\/media?parent=2525"}],"wp:term":[{"taxonomy":"product_brand","embeddable":true,"href":"https:\/\/lyfilter.com\/tr\/wp-json\/wp\/v2\/product_brand?post=2525"},{"taxonomy":"product_cat","embeddable":true,"href":"https:\/\/lyfilter.com\/tr\/wp-json\/wp\/v2\/product_cat?post=2525"},{"taxonomy":"product_tag","embeddable":true,"href":"https:\/\/lyfilter.com\/tr\/wp-json\/wp\/v2\/product_tag?post=2525"}],"curies":[{"name":"wp","href":"https:\/\/api.w.org\/{rel}","templated":true}]}}