{"id":2518,"date":"2026-01-07T03:50:02","date_gmt":"2026-01-07T03:50:02","guid":{"rendered":"https:\/\/lyfilter.com\/?post_type=product&#038;p=2518"},"modified":"2026-01-07T03:50:02","modified_gmt":"2026-01-07T03:50:02","slug":"round-white-polyethylene-porous-plastic-pe-fllter-plate","status":"publish","type":"product","link":"https:\/\/lyfilter.com\/tr\/round-white-polyethylene-porous-plastic-pe-fllter-plate\/","title":{"rendered":"Yuvarlak Beyaz Polietilen G\u00f6zenekli Plastik PE Fllter Plakas\u0131"},"content":{"rendered":"<div class=\"unit-detail-html-tabs__content-attr\">\n<div class=\"unit-product-attrparam\">\n<div class=\"unit-product-attrparam__items row\">\n<div class=\"col-12 col-md-6\">\n<div class=\"unit-product-attrparam__item\">\n<div class=\"unit-product-attrparam__label\">\n<table>\n<thead>\n<tr>\n<th><strong>\u00d6znitelik<\/strong><\/th>\n<th><strong>Detaylar<\/strong><\/th>\n<\/tr>\n<\/thead>\n<tbody>\n<tr>\n<td><strong>Tedarik Yetene\u011fi<\/strong><\/td>\n<td>1000000 adet\/ay<\/td>\n<\/tr>\n<tr>\n<td><strong>Malzeme<\/strong><\/td>\n<td>pe<\/td>\n<\/tr>\n<tr>\n<td><strong>Kullan\u0131labilirlik<\/strong><\/td>\n<td>OEM\/ODM<\/td>\n<\/tr>\n<\/tbody>\n<\/table>\n<\/div>\n<\/div>\n<\/div>\n<\/div>\n<\/div>\n<\/div>\n<div class=\"unit-detail-html-tabs__content-featuresAttr\"><\/div>\n<div class=\"unit-detail-html-tabs__content-html\">\n<p><strong>Yuvarlak Beyaz Polietilen G\u00f6zenekli Plastik PE Fllter Plakas\u0131<\/strong><\/p>\n<p>Malzeme PE \/ Polietilen<\/p>\n<p>Bu end\u00fcstri 95mm \uff08boyut \u00e7ap boyutunda \u00f6zelle\u015ftirilebilir yuvarlak plastik plaka stereo mikroskoplar i\u00e7in tasarlanm\u0131\u015ft\u0131r.<\/p>\n<p><img loading=\"lazy\" decoding=\"async\" class=\"size-medium wp-image-2524\" src=\"https:\/\/lyfilter.com\/wp-content\/uploads\/2026\/01\/Round-White-Polyethylene-Porous-Plastic-PE-Fllter-Plate--300x200.webp\" alt=\"Yuvarlak Beyaz Polietilen G\u00f6zenekli Plastik PE Fllter Plakas\u0131 \" width=\"300\" height=\"200\" title=\"\" srcset=\"https:\/\/lyfilter.com\/wp-content\/uploads\/2026\/01\/Round-White-Polyethylene-Porous-Plastic-PE-Fllter-Plate--300x200.webp 300w, https:\/\/lyfilter.com\/wp-content\/uploads\/2026\/01\/Round-White-Polyethylene-Porous-Plastic-PE-Fllter-Plate--18x12.webp 18w, https:\/\/lyfilter.com\/wp-content\/uploads\/2026\/01\/Round-White-Polyethylene-Porous-Plastic-PE-Fllter-Plate--600x400.webp 600w, https:\/\/lyfilter.com\/wp-content\/uploads\/2026\/01\/Round-White-Polyethylene-Porous-Plastic-PE-Fllter-Plate-.webp 750w\" sizes=\"auto, (max-width: 300px) 100vw, 300px\" \/><\/p>\n<\/div>","protected":false},"excerpt":{"rendered":"<table>\n<thead>\n<tr>\n<th><strong>\u00d6znitelik<\/strong><\/th>\n<th><strong>Detaylar<\/strong><\/th>\n<\/tr>\n<\/thead>\n<tbody>\n<tr>\n<td><strong>Ba\u015flang\u0131\u00e7 Liman\u0131<\/strong><\/td>\n<td>Guangzhou<\/td>\n<\/tr>\n<tr>\n<td><strong>\u00dcretim Kapasitesi<\/strong><\/td>\n<td>10000 adet\/Ay<\/td>\n<\/tr>\n<tr>\n<td><strong>Men\u015fe Yeri<\/strong><\/td>\n<td>Guangdong, \u00c7in<\/td>\n<\/tr>\n<tr>\n<td><strong>\u00d6deme<\/strong><\/td>\n<td>T \/ T, Alibaba Ticaret G\u00fcvencesi, Paypal<\/td>\n<\/tr>\n<tr>\n<td><strong>ADEDI<\/strong><\/td>\n<td>1 adet<\/td>\n<\/tr>\n<tr>\n<td><strong>Model<\/strong><\/td>\n<td>LY-FB<\/td>\n<\/tr>\n<tr>\n<td><strong>Teslimat S\u00fcresi<\/strong><\/td>\n<td>7 i\u015f g\u00fcn\u00fc i\u00e7erisinde<\/td>\n<\/tr>\n<tr>\n<td><strong>Sertifikasyon<\/strong><\/td>\n<td>CE, ISO 9001<\/td>\n<\/tr>\n<tr>\n<td><strong>Marka<\/strong><\/td>\n<td>OEM\/Lvyuan<\/td>\n<\/tr>\n<\/tbody>\n<\/table>","protected":false},"featured_media":2519,"comment_status":"open","ping_status":"closed","template":"","meta":{"_gspb_post_css":""},"product_brand":[],"product_cat":[24],"product_tag":[963,977,266,260,258,259],"class_list":{"0":"post-2518","1":"product","2":"type-product","3":"status-publish","4":"has-post-thumbnail","6":"product_cat-sintered-porous-plastic","7":"product_tag-ce-certified","8":"product_tag-filter-element","9":"product_tag-guangzhou","10":"product_tag-iso-9001","11":"product_tag-ly-fb","12":"product_tag-oem","14":"first","15":"instock","16":"shipping-taxable","17":"product-type-simple"},"_links":{"self":[{"href":"https:\/\/lyfilter.com\/tr\/wp-json\/wp\/v2\/product\/2518","targetHints":{"allow":["GET"]}}],"collection":[{"href":"https:\/\/lyfilter.com\/tr\/wp-json\/wp\/v2\/product"}],"about":[{"href":"https:\/\/lyfilter.com\/tr\/wp-json\/wp\/v2\/types\/product"}],"replies":[{"embeddable":true,"href":"https:\/\/lyfilter.com\/tr\/wp-json\/wp\/v2\/comments?post=2518"}],"wp:featuredmedia":[{"embeddable":true,"href":"https:\/\/lyfilter.com\/tr\/wp-json\/wp\/v2\/media\/2519"}],"wp:attachment":[{"href":"https:\/\/lyfilter.com\/tr\/wp-json\/wp\/v2\/media?parent=2518"}],"wp:term":[{"taxonomy":"product_brand","embeddable":true,"href":"https:\/\/lyfilter.com\/tr\/wp-json\/wp\/v2\/product_brand?post=2518"},{"taxonomy":"product_cat","embeddable":true,"href":"https:\/\/lyfilter.com\/tr\/wp-json\/wp\/v2\/product_cat?post=2518"},{"taxonomy":"product_tag","embeddable":true,"href":"https:\/\/lyfilter.com\/tr\/wp-json\/wp\/v2\/product_tag?post=2518"}],"curies":[{"name":"wp","href":"https:\/\/api.w.org\/{rel}","templated":true}]}}