{"id":2517,"date":"2026-01-07T03:52:43","date_gmt":"2026-01-07T03:52:43","guid":{"rendered":"https:\/\/lyfilter.com\/?post_type=product&#038;p=2517"},"modified":"2026-01-07T03:52:43","modified_gmt":"2026-01-07T03:52:43","slug":"ultrafiltration-polyethylene-pe-needle-filters","status":"publish","type":"product","link":"https:\/\/lyfilter.com\/tr\/ultrafiltration-polyethylene-pe-needle-filters\/","title":{"rendered":"Ultrafiltrasyon polietilen (PE) i\u011fne filtreleri"},"content":{"rendered":"<div class=\"unit-detail-html-tabs__content-attr\">\n<div class=\"unit-product-attrparam\">\n<div class=\"unit-product-attrparam__items row\">\n<div class=\"col-12 col-md-6\">\n<div class=\"unit-product-attrparam__item\">\n<div class=\"unit-product-attrparam__label\">\n<table>\n<thead>\n<tr>\n<th><strong>\u00d6znitelik<\/strong><\/th>\n<th><strong>Detaylar<\/strong><\/th>\n<\/tr>\n<\/thead>\n<tbody>\n<tr>\n<td><strong>Kullan\u0131labilirlik<\/strong><\/td>\n<td>OEM\/ODM<\/td>\n<\/tr>\n<\/tbody>\n<\/table>\n<\/div>\n<\/div>\n<\/div>\n<\/div>\n<\/div>\n<\/div>\n<div class=\"unit-detail-html-tabs__content-html\">\n<p><strong>Ultrafiltrasyon polietilen (PE) i\u011fne filtreleri\u00a0<\/strong><\/p>\n<p>1. PE malzemesi - Polietilen (PE) pop\u00fcler bir ultrafiltrasyon membran malzemesidir. Kimyasallara dayan\u0131kl\u0131, ucuz ve dayan\u0131kl\u0131d\u0131r. PE i\u011fneli filtreler \u00e7ok \u00e7e\u015fitli kimyasallar, \u00e7\u00f6z\u00fcc\u00fcler ve s\u0131v\u0131larla uyumludur.<\/p>\n<p>2. Y\u00fcksek ak\u0131 - PE ultrafiltrasyon membranlar\u0131 0,01-0,1 mikron g\u00f6zenek boyutuna sahiptir ve saatte m2 ba\u015f\u0131na birka\u00e7 ila y\u00fczlerce litre aras\u0131nda y\u00fcksek bir permeat ak\u0131s\u0131 elde edebilir. Y\u00fcksek ak\u0131, y\u00fcksek \u00fcretim verimlili\u011fi ve proses h\u0131z\u0131 sa\u011flar.<\/p>\n<p>3. Se\u00e7icilik - PE ultrafiltrasyon membranlar\u0131 molek\u00fcler a\u011f\u0131rl\u0131k kesimine g\u00f6re ay\u0131r\u0131r. K\u00fc\u00e7\u00fck molek\u00fcllerin ge\u00e7mesine izin verirken b\u00fcy\u00fck molek\u00fclleri tutabilirler. Bu se\u00e7icilik onlar\u0131 ay\u0131rma, konsantrasyon ve safla\u015ft\u0131rma uygulamalar\u0131 i\u00e7in uygun hale getirir.<\/p>\n<p>4. Is\u0131 direnci - Normal PE ultrafiltrasyon membranlar\u0131 50-70\u00b0C'lik s\u0131cak s\u0131v\u0131lara dayanabilir. M\u00fchendislik plastiklerinden yap\u0131lm\u0131\u015f PE i\u011fne filtreleri 90-120\u00b0C'yi kald\u0131rabilir. Y\u00fcksek \u0131s\u0131 direnci uygulama aral\u0131\u011f\u0131n\u0131 geni\u015fletir.<\/p>\n<p>5. Yeniden kullan\u0131labilirlik - Baz\u0131 PE i\u011fneli filtreler, filtre \u00e7ekirde\u011findeki kirlenmeyi ve partik\u00fclleri gidermek i\u00e7in geri y\u0131kanabilir veya kimyasal olarak temizlenebilir ve yeniden kullan\u0131labilir. Yeniden kullan\u0131labilirlik filtre \u00f6mr\u00fcn\u00fc b\u00fcy\u00fck \u00f6l\u00e7\u00fcde uzat\u0131r ve maliyeti azalt\u0131r.<\/p>\n<p>6. Ba\u011flant\u0131lar - PE i\u011fne filtreler tipik olarak paslanmaz \u00e7elik veya plastik muhafazalarla birlikte gelir ve borulara veya kaplara ba\u011flamak i\u00e7in di\u015fli veya flan\u015f ba\u011flant\u0131lar\u0131 gibi ortak konekt\u00f6rler sa\u011flar. S\u0131z\u0131nt\u0131lar\u0131 \u00f6nlemek i\u00e7in muhafaza ve konekt\u00f6rler d\u00fczg\u00fcn \u015fekilde s\u0131zd\u0131rmaz olmal\u0131d\u0131r.<\/p>\n<p>7. \u00d6zellikler - PE i\u011fne filtreler, 0,01 ila 0,2 mikron filtreleme hassasiyetine sahip d\u00fc\u015f\u00fck ak\u0131\u015fl\u0131 (50L \/ dak) versiyonlarda gelir. Uygulaman\u0131za g\u00f6re uygun \u00f6zellikleri se\u00e7ebilirsiniz.<\/p>\n<\/div>","protected":false},"excerpt":{"rendered":"<table>\n<thead>\n<tr>\n<th><strong>\u00d6znitelik<\/strong><\/th>\n<th><strong>Detaylar<\/strong><\/th>\n<\/tr>\n<\/thead>\n<tbody>\n<tr>\n<td><strong>Ba\u015flang\u0131\u00e7 Liman\u0131<\/strong><\/td>\n<td>Guangzhou<\/td>\n<\/tr>\n<tr>\n<td><strong>Men\u015fe Yeri<\/strong><\/td>\n<td>Guangdong, \u00c7in<\/td>\n<\/tr>\n<tr>\n<td><strong>\u00d6deme<\/strong><\/td>\n<td>T \/ T, Alibaba Ticaret G\u00fcvencesi, Paypal<\/td>\n<\/tr>\n<tr>\n<td><strong>ADEDI<\/strong><\/td>\n<td>1 adet<\/td>\n<\/tr>\n<tr>\n<td><strong>Model<\/strong><\/td>\n<td>LY-FB<\/td>\n<\/tr>\n<tr>\n<td><strong>Teslimat S\u00fcresi<\/strong><\/td>\n<td>7 i\u015f g\u00fcn\u00fc i\u00e7erisinde<\/td>\n<\/tr>\n<tr>\n<td><strong>Sertifikasyon<\/strong><\/td>\n<td>ISO 9001<\/td>\n<\/tr>\n<tr>\n<td><strong>Marka<\/strong><\/td>\n<td>OEM\/Lvyuan<\/td>\n<\/tr>\n<\/tbody>\n<\/table>","protected":false},"featured_media":2526,"comment_status":"open","ping_status":"closed","template":"","meta":{"_gspb_post_css":""},"product_brand":[],"product_cat":[17,22],"product_tag":[978,977,266,260,258,259],"class_list":{"0":"post-2517","1":"product","2":"type-product","3":"status-publish","4":"has-post-thumbnail","6":"product_cat-sediment-filter","7":"product_cat-sintered-filter-cartridge","8":"product_tag-alibaba","9":"product_tag-filter-element","10":"product_tag-guangzhou","11":"product_tag-iso-9001","12":"product_tag-ly-fb","13":"product_tag-oem","15":"first","16":"instock","17":"shipping-taxable","18":"product-type-simple"},"_links":{"self":[{"href":"https:\/\/lyfilter.com\/tr\/wp-json\/wp\/v2\/product\/2517","targetHints":{"allow":["GET"]}}],"collection":[{"href":"https:\/\/lyfilter.com\/tr\/wp-json\/wp\/v2\/product"}],"about":[{"href":"https:\/\/lyfilter.com\/tr\/wp-json\/wp\/v2\/types\/product"}],"replies":[{"embeddable":true,"href":"https:\/\/lyfilter.com\/tr\/wp-json\/wp\/v2\/comments?post=2517"}],"wp:featuredmedia":[{"embeddable":true,"href":"https:\/\/lyfilter.com\/tr\/wp-json\/wp\/v2\/media\/2526"}],"wp:attachment":[{"href":"https:\/\/lyfilter.com\/tr\/wp-json\/wp\/v2\/media?parent=2517"}],"wp:term":[{"taxonomy":"product_brand","embeddable":true,"href":"https:\/\/lyfilter.com\/tr\/wp-json\/wp\/v2\/product_brand?post=2517"},{"taxonomy":"product_cat","embeddable":true,"href":"https:\/\/lyfilter.com\/tr\/wp-json\/wp\/v2\/product_cat?post=2517"},{"taxonomy":"product_tag","embeddable":true,"href":"https:\/\/lyfilter.com\/tr\/wp-json\/wp\/v2\/product_tag?post=2517"}],"curies":[{"name":"wp","href":"https:\/\/api.w.org\/{rel}","templated":true}]}}