{"id":2505,"date":"2026-01-07T03:31:27","date_gmt":"2026-01-07T03:31:27","guid":{"rendered":"https:\/\/lyfilter.com\/?post_type=product&#038;p=2505"},"modified":"2026-01-07T03:31:28","modified_gmt":"2026-01-07T03:31:28","slug":"lvyuan-0-2-to-5-microns-needle-filter","status":"publish","type":"product","link":"https:\/\/lyfilter.com\/tr\/lvyuan-0-2-to-5-microns-needle-filter\/","title":{"rendered":"Lvyuan 0,2 ila 5 mikron i\u011fne filtresi"},"content":{"rendered":"<div class=\"unit-detail-html-tabs__content-attr\">\n<div class=\"unit-product-attrparam\">\n<div class=\"unit-product-attrparam__items row\">\n<div class=\"col-12 col-md-6\">\n<div class=\"unit-product-attrparam__item\">\n<div class=\"unit-product-attrparam__label\">\n<table>\n<thead>\n<tr>\n<th>\u00d6\u011fe<\/th>\n<th>DETAYLAR<\/th>\n<\/tr>\n<\/thead>\n<tbody>\n<tr>\n<td>Tedarik Yetene\u011fi<\/td>\n<td>1000000 adet\/ay<\/td>\n<\/tr>\n<tr>\n<td>Malzeme<\/td>\n<td>PTFE\/PE<\/td>\n<\/tr>\n<tr>\n<td>Kullan\u0131labilirlik<\/td>\n<td>OEM\/ODM<\/td>\n<\/tr>\n<\/tbody>\n<\/table>\n<\/div>\n<\/div>\n<\/div>\n<\/div>\n<\/div>\n<\/div>\n<div class=\"unit-detail-html-tabs__content-html\">\n<p>\u0130\u011fne filtre, t\u0131bbi uygulamalarda ila\u00e7 veya kan gibi s\u0131v\u0131lardaki partik\u00fclleri veya kirleri gidermek i\u00e7in yayg\u0131n olarak kullan\u0131lan bir filtre t\u00fcr\u00fcd\u00fcr. A\u015fa\u011f\u0131da bir i\u011fne filtresi i\u00e7in baz\u0131 \u00f6zellikler verilmi\u015ftir:<\/p>\n<ol>\n<li>G\u00f6zenek boyutu: \u0130\u011fne filtreler, uygulamaya ba\u011fl\u0131 olarak tipik olarak 0,2 ila 5 mikron aras\u0131nda de\u011fi\u015fen g\u00f6zenek boyutlar\u0131na sahiptir. Filtrenin g\u00f6zenek boyutu, \u00e7\u0131kar\u0131lacak partik\u00fcllerin boyutuna ve istenen ak\u0131\u015f h\u0131z\u0131na g\u00f6re se\u00e7ilir.<\/li>\n<li>Malzeme: \u0130\u011fne filtreler polipropilen, naylon, PTFE ve PVDF dahil olmak \u00fczere \u00e7e\u015fitli malzemelerden yap\u0131l\u0131r. Filtre i\u00e7in kullan\u0131lan malzeme, filtrelenen s\u0131v\u0131 ile kimyasal uyumluluk, termal stabilite ve mekanik mukavemet gibi fakt\u00f6rlere g\u00f6re se\u00e7ilir.<\/li>\n<li>Muhafaza: \u0130\u011fne filtresinin muhafazas\u0131 tipik olarak polipropilen veya ba\u015fka bir plastik malzemeden yap\u0131l\u0131r. Muhafaza, bir \u015f\u0131r\u0131nga veya ba\u015fka bir da\u011f\u0131t\u0131m cihaz\u0131na uyacak ve filtre membran\u0131 etraf\u0131nda bir s\u0131zd\u0131rmazl\u0131k sa\u011flayacak \u015fekilde tasarlanm\u0131\u015ft\u0131r.<\/li>\n<li>Filtrasyon alan\u0131: \u0130\u011fne filtrenin filtrasyon alan\u0131 tipik olarak k\u00fc\u00e7\u00fckt\u00fcr, birka\u00e7 santimetre kare ile birka\u00e7 milimetre kare aras\u0131nda de\u011fi\u015fir. Bu, kompakt bir boyutta y\u00fcksek filtrasyon verimlili\u011fi sa\u011flar.<\/li>\n<li>Ak\u0131\u015f h\u0131z\u0131: \u0130\u011fne filtrenin ak\u0131\u015f h\u0131z\u0131 g\u00f6zenek boyutuna, membran malzemesine ve filtrelenen s\u0131v\u0131n\u0131n viskozitesine ba\u011fl\u0131d\u0131r. Genel olarak, daha k\u00fc\u00e7\u00fck g\u00f6zenek boyutlar\u0131 ve daha kal\u0131n s\u0131v\u0131lar daha d\u00fc\u015f\u00fck ak\u0131\u015f h\u0131zlar\u0131yla sonu\u00e7lanacakt\u0131r.<\/li>\n<li>Sterilizasyon: \u0130\u011fne filtreler, kullan\u0131mdan \u00f6nce kirleticilerden ar\u0131nd\u0131r\u0131ld\u0131klar\u0131ndan emin olmak i\u00e7in genellikle gama radyasyonu veya etilen oksit gaz\u0131 kullan\u0131larak sterilize edilir.<\/li>\n<\/ol>\n<p>Genel olarak, bir i\u011fne filtresinin \u00f6zellikleri \u00f6zel uygulamaya ve kullan\u0131c\u0131n\u0131n gereksinimlerine ba\u011fl\u0131 olacakt\u0131r.<\/p>\n<p><img decoding=\"async\" src=\"https:\/\/img.yfisher.com\/m6076\/1725732767nbs\/jpg70-t3-scale100.webp\" alt=\"Lvyuan 0,2 ila 5 mikron i\u011fne filtre 6\" data-lazy=\"2\" title=\"\"><\/p>\n<\/div>","protected":false},"excerpt":{"rendered":"<table>\n<thead>\n<tr>\n<th>\u00d6\u011fe<\/th>\n<th>DETAYLAR<\/th>\n<\/tr>\n<\/thead>\n<tbody>\n<tr>\n<td>model<\/td>\n<td>\u0130\u011fne filtresi<\/td>\n<\/tr>\n<tr>\n<td>marka<\/td>\n<td>OEM\/Lvyuan<\/td>\n<\/tr>\n<tr>\n<td>ba\u015flang\u0131\u00e7 portu<\/td>\n<td>Guangzhou<\/td>\n<\/tr>\n<tr>\n<td>\u00fcreti\u0307m kapasi\u0307tesi\u0307<\/td>\n<td>10000 adet\/Ay<\/td>\n<\/tr>\n<tr>\n<td>men\u015fe yeri<\/td>\n<td>Guangdong, \u00c7in<\/td>\n<\/tr>\n<tr>\n<td>\u00f6deme<\/td>\n<td>T \/ T, Alibaba Ticaret G\u00fcvencesi, paypal<\/td>\n<\/tr>\n<tr>\n<td>moq<\/td>\n<td>1 adet<\/td>\n<\/tr>\n<tr>\n<td>TESL\u0130MAT S\u00dcRES\u0130<\/td>\n<td>7 i\u015f g\u00fcn\u00fc i\u00e7erisinde<\/td>\n<\/tr>\n<tr>\n<td>BELGELEND\u0130RME<\/td>\n<td>ISO 9001<\/td>\n<\/tr>\n<\/tbody>\n<\/table>","protected":false},"featured_media":2512,"comment_status":"open","ping_status":"closed","template":"","meta":{"_gspb_post_css":""},"product_brand":[],"product_cat":[24,25],"product_tag":[956,279,964,260,975,976],"class_list":{"0":"post-2505","1":"product","2":"type-product","3":"status-publish","4":"has-post-thumbnail","6":"product_cat-sintered-porous-plastic","7":"product_cat-medical-filters","8":"product_tag-1-piece-moq","9":"product_tag-alibaba-trade-assurance","10":"product_tag-guangdong-manufacturer","11":"product_tag-iso-9001","12":"product_tag-needle-filter","13":"product_tag-oem-needle-filter","15":"first","16":"instock","17":"shipping-taxable","18":"product-type-simple"},"_links":{"self":[{"href":"https:\/\/lyfilter.com\/tr\/wp-json\/wp\/v2\/product\/2505","targetHints":{"allow":["GET"]}}],"collection":[{"href":"https:\/\/lyfilter.com\/tr\/wp-json\/wp\/v2\/product"}],"about":[{"href":"https:\/\/lyfilter.com\/tr\/wp-json\/wp\/v2\/types\/product"}],"replies":[{"embeddable":true,"href":"https:\/\/lyfilter.com\/tr\/wp-json\/wp\/v2\/comments?post=2505"}],"wp:featuredmedia":[{"embeddable":true,"href":"https:\/\/lyfilter.com\/tr\/wp-json\/wp\/v2\/media\/2512"}],"wp:attachment":[{"href":"https:\/\/lyfilter.com\/tr\/wp-json\/wp\/v2\/media?parent=2505"}],"wp:term":[{"taxonomy":"product_brand","embeddable":true,"href":"https:\/\/lyfilter.com\/tr\/wp-json\/wp\/v2\/product_brand?post=2505"},{"taxonomy":"product_cat","embeddable":true,"href":"https:\/\/lyfilter.com\/tr\/wp-json\/wp\/v2\/product_cat?post=2505"},{"taxonomy":"product_tag","embeddable":true,"href":"https:\/\/lyfilter.com\/tr\/wp-json\/wp\/v2\/product_tag?post=2505"}],"curies":[{"name":"wp","href":"https:\/\/api.w.org\/{rel}","templated":true}]}}