{"id":2499,"date":"2026-01-07T03:28:21","date_gmt":"2026-01-07T03:28:21","guid":{"rendered":"https:\/\/lyfilter.com\/?post_type=product&#038;p=2499"},"modified":"2026-01-07T03:28:21","modified_gmt":"2026-01-07T03:28:21","slug":"factory-price-porous-plastic-sintered-pa-membrane-filter-with-screw-connector","status":"publish","type":"product","link":"https:\/\/lyfilter.com\/tr\/factory-price-porous-plastic-sintered-pa-membrane-filter-with-screw-connector\/","title":{"rendered":"Fabrika Fiyat\u0131 G\u00f6zenekli Plastik Sinterlenmi\u015f PA Membran Filtre vidal\u0131 konekt\u00f6rl\u00fc"},"content":{"rendered":"<div class=\"unit-detail-html-tabs__content-attr\">\n<div class=\"unit-product-attrparam\">\n<div class=\"unit-product-attrparam__items row\">\n<div class=\"col-12 col-md-6\">\n<div class=\"unit-product-attrparam__item\">\n<div class=\"unit-product-attrparam__label\">\n<table>\n<thead>\n<tr>\n<th>\u00d6\u011fe<\/th>\n<th>DETAYLAR<\/th>\n<\/tr>\n<\/thead>\n<tbody>\n<tr>\n<td>tedarik yetene\u011fi<\/td>\n<td>1000000 adet\/ay<\/td>\n<\/tr>\n<tr>\n<td>malzeme<\/td>\n<td>pe<\/td>\n<\/tr>\n<tr>\n<td>kullan\u0131labilirlik<\/td>\n<td>oem<\/td>\n<\/tr>\n<\/tbody>\n<\/table>\n<\/div>\n<\/div>\n<\/div>\n<\/div>\n<\/div>\n<\/div>\n<div class=\"unit-detail-html-tabs__content-featuresAttr\"><\/div>\n<div class=\"unit-detail-html-tabs__content-html\">\n<p><strong>Fabrika Fiyat\u0131 G\u00f6zenekli Plastik Sinterlenmi\u015f PA Membran Filtre vidal\u0131 konekt\u00f6rl\u00fc<\/strong><\/p>\n<p><strong>\u00dcr\u00fcn A\u00e7\u0131klamas\u0131<\/strong><\/p>\n<p>PA sinterlenmi\u015f filtre eleman\u0131, ana hammadde olarak y\u00fcksek kaliteli y\u00fcksek molek\u00fcler polietilenden ve bilimsel form\u00fcl sinterleme yoluyla karbon fiberden yap\u0131lm\u0131\u015ft\u0131r. Kompakt yap\u0131, g\u00fc\u00e7l\u00fc, hafif, y\u00fcksek filtrasyon bas\u0131nc\u0131na dayanabilir, toksik de\u011fildir ve tats\u0131zd\u0131r ve asit ve alkali \u00e7\u00f6z\u00fcc\u00fclere kar\u015f\u0131 iyi korozyon direncine sahiptir.<\/p>\n<p>1. PA mikro g\u00f6zenekli sinterlenmi\u015f filtre eleman\u0131n\u0131n \u00fcr\u00fcn \u00f6zellikleri:<\/p>\n<p>1. G\u00fc\u00e7l\u00fc asit ve g\u00fc\u00e7l\u00fc alkalilerin korozyonuna ve organik \u00e7\u00f6z\u00fcc\u00fclerin \u00e7\u00f6z\u00fcnmesine kar\u015f\u0131 dayan\u0131kl\u0131d\u0131r;<\/p>\n<p>2. M\u00fckemmel mukavemet ve a\u015f\u0131nma direnci, hizmet \u00f6mr\u00fcn\u00fc garanti eder;<\/p>\n<p>3. D\u0131\u015f \u0131\u015f\u0131\u011f\u0131n y\u00fczeyi yabanc\u0131 maddelerin yap\u0131\u015fmas\u0131n\u0131 zorla\u015ft\u0131r\u0131r;<\/p>\n<p>4. Geri y\u0131kama ve geri y\u0131kaman\u0131n yeniden kullan\u0131m\u0131 kolayd\u0131r;<\/p>\n<p>5. \u0130yi tokluk, filtre eleman\u0131n\u0131n k\u0131r\u0131lmas\u0131 kolay de\u011fildir;<\/p>\n<p>6. Harmanlama olgusu yok, g\u00fc\u00e7l\u00fc bas\u0131n\u00e7 direnci.<\/p>\n<p>&nbsp;<\/p>\n<p><strong>Teknik \u00d6zellikler<\/strong><\/p>\n<p>Diameter: \u222e20\u222e25\u222e30\u222e35\u222e38\u222e45\u222e50\u222e60<\/p>\n<p>Konekt\u00f6r boyutu: M20-M22-M24-M26-M30<\/p>\n<p>Ba\u011flant\u0131 malzemesi: polipropilen, 316 paslanmaz \u00e7elik<\/p>\n<p>Uzunluk: 5\u203310\u203320\u203330\u203340\u203360\u203380\u2033<\/p>\n<p>Filtrasyon hassasiyeti: 0,5um-100um<\/p>\n<p><strong>\u00c7al\u0131\u015fma ko\u015fullar\u0131<\/strong><\/p>\n<p>0-40 \u2103 maksimum \u00e7al\u0131\u015fma bas\u0131nc\u0131 fark\u0131 6bar<\/p>\n<p>60 \u2103 maksimum \u00e7al\u0131\u015fma bas\u0131nc\u0131 fark\u0131 5bar<\/p>\n<p>80\u2103 maksimum \u00e7al\u0131\u015fma bas\u0131nc\u0131 fark\u0131 4,5bar<\/p>\n<p>120\u2103 maksimum \u00e7al\u0131\u015fma bas\u0131n\u00e7 fark\u0131 4bar<\/p>\n<p>&nbsp;<\/p>\n<p><strong>PA filtre \u00e7ubu\u011fu rejenerasyon y\u00f6ntemi:<\/strong><\/p>\n<p>&nbsp;<\/p>\n<ul>\n<li>Fiziksel y\u00f6ntem: Filtre \u00e7ubu\u011fu iyi mekanik \u00f6zelliklere sahip oldu\u011fundan ve k\u0131r\u0131lmayaca\u011f\u0131ndan, geri \u00fcfleme ve c\u00fcruf giderme i\u00e7in 0,6Mpa bas\u0131n\u00e7l\u0131 hava kullan\u0131labilir. Geri \u00fcfleme ayn\u0131 zamanda k\u0131lcal g\u00f6zeneklerin rejenerasyonunda da rol oynar, ancak uzun s\u00fcreli kullan\u0131mdan sonra filtre katman\u0131nda birikir \u0130nce par\u00e7ac\u0131klar filtrasyon oran\u0131n\u0131 etkileyecektir ve bu s\u0131rada kimyasal rejenerasyon yap\u0131lmal\u0131d\u0131r.\n<p>&nbsp;<\/li>\n<li>Kimyasal y\u00f6ntem: T\u0131kanm\u0131\u015f PA filtre \u00e7ubu\u011funu, filtre katman\u0131nda t\u0131kanm\u0131\u015f mikromalzemeleri n\u00f6tralize etmek i\u00e7in 5%-10% konsantrasyonlu asit \u00e7\u00f6zeltisine veya alkali \u00e7\u00f6zeltisine bat\u0131r\u0131n ve ard\u0131ndan temizlemek i\u00e7in su veya hava ile geri sar\u0131n, Filtre \u00e7ubu\u011funun filtreleme etkisi geri y\u00fcklenebilir.<\/li>\n<\/ul>\n<p><strong><br \/>\n<\/strong><\/p>\n<p><img decoding=\"async\" src=\"https:\/\/img.yfisher.com\/m6076\/1725732764rbg\/jpg70-t3-scale100.webp\" alt=\"Fabrika Fiyat\u0131 G\u00f6zenekli Plastik Sinterlenmi\u015f PA Membran Filtre vidal\u0131 konekt\u00f6rl\u00fc 6\" data-lazy=\"2\" title=\"\"><\/p>\n<\/div>","protected":false},"excerpt":{"rendered":"<table>\n<thead>\n<tr>\n<th>\u00d6\u011fe<\/th>\n<th>DETAYLAR<\/th>\n<\/tr>\n<\/thead>\n<tbody>\n<tr>\n<td>ba\u015flang\u0131\u00e7 portu<\/td>\n<td>Guangzhou<\/td>\n<\/tr>\n<tr>\n<td>\u00fcreti\u0307m kapasi\u0307tesi\u0307<\/td>\n<td>10000 adet\/Ay<\/td>\n<\/tr>\n<tr>\n<td>men\u015fe yeri<\/td>\n<td>Guangdong, \u00c7in<\/td>\n<\/tr>\n<tr>\n<td>\u00f6deme<\/td>\n<td>D \/ P, T \/ T, Alibaba Ticaret G\u00fcvencesi, paypal<\/td>\n<\/tr>\n<tr>\n<td>moq<\/td>\n<td>1 adet<\/td>\n<\/tr>\n<tr>\n<td>TESL\u0130MAT S\u00dcRES\u0130<\/td>\n<td>7 i\u015f g\u00fcn\u00fc i\u00e7erisinde<\/td>\n<\/tr>\n<tr>\n<td>BELGELEND\u0130RME<\/td>\n<td>ISO 9001<\/td>\n<\/tr>\n<tr>\n<td>marka<\/td>\n<td>OEM\/Lvyuan<\/td>\n<\/tr>\n<\/tbody>\n<\/table>","protected":false},"featured_media":2506,"comment_status":"open","ping_status":"closed","template":"","meta":{"_gspb_post_css":""},"product_brand":[],"product_cat":[24],"product_tag":[956,279,974,964,260,288],"class_list":{"0":"post-2499","1":"product","2":"type-product","3":"status-publish","4":"has-post-thumbnail","6":"product_cat-sintered-porous-plastic","7":"product_tag-1-piece-moq","8":"product_tag-alibaba-trade-assurance","9":"product_tag-dp-payment","10":"product_tag-guangdong-manufacturer","11":"product_tag-iso-9001","12":"product_tag-paypal","14":"first","15":"instock","16":"shipping-taxable","17":"product-type-simple"},"_links":{"self":[{"href":"https:\/\/lyfilter.com\/tr\/wp-json\/wp\/v2\/product\/2499","targetHints":{"allow":["GET"]}}],"collection":[{"href":"https:\/\/lyfilter.com\/tr\/wp-json\/wp\/v2\/product"}],"about":[{"href":"https:\/\/lyfilter.com\/tr\/wp-json\/wp\/v2\/types\/product"}],"replies":[{"embeddable":true,"href":"https:\/\/lyfilter.com\/tr\/wp-json\/wp\/v2\/comments?post=2499"}],"wp:featuredmedia":[{"embeddable":true,"href":"https:\/\/lyfilter.com\/tr\/wp-json\/wp\/v2\/media\/2506"}],"wp:attachment":[{"href":"https:\/\/lyfilter.com\/tr\/wp-json\/wp\/v2\/media?parent=2499"}],"wp:term":[{"taxonomy":"product_brand","embeddable":true,"href":"https:\/\/lyfilter.com\/tr\/wp-json\/wp\/v2\/product_brand?post=2499"},{"taxonomy":"product_cat","embeddable":true,"href":"https:\/\/lyfilter.com\/tr\/wp-json\/wp\/v2\/product_cat?post=2499"},{"taxonomy":"product_tag","embeddable":true,"href":"https:\/\/lyfilter.com\/tr\/wp-json\/wp\/v2\/product_tag?post=2499"}],"curies":[{"name":"wp","href":"https:\/\/api.w.org\/{rel}","templated":true}]}}