{"id":2493,"date":"2026-01-07T03:23:54","date_gmt":"2026-01-07T03:23:54","guid":{"rendered":"https:\/\/lyfilter.com\/?post_type=product&#038;p=2493"},"modified":"2026-01-07T03:23:54","modified_gmt":"2026-01-07T03:23:54","slug":"factory-price-air-filter-for-oxygen-concentrator","status":"publish","type":"product","link":"https:\/\/lyfilter.com\/tr\/factory-price-air-filter-for-oxygen-concentrator\/","title":{"rendered":"Oksijen Konsantrat\u00f6r\u00fc i\u00e7in Fabrika Fiyat\u0131 Hava Filtresi"},"content":{"rendered":"<div class=\"unit-detail-html-tabs__content-attr\">\n<div class=\"unit-product-attrparam\">\n<div class=\"unit-product-attrparam__items row\">\n<div class=\"col-12 col-md-6\">\n<div class=\"unit-product-attrparam__item\">\n<div class=\"unit-product-attrparam__label\">\n<div class=\"unit-detail-html-tabs__content-attr\">\n<div class=\"unit-product-attrparam\">\n<div class=\"unit-product-attrparam__items row\">\n<div class=\"col-12 col-md-6\">\n<div class=\"unit-product-attrparam__item\">\n<div class=\"unit-product-attrparam__label\">\n<table>\n<thead>\n<tr>\n<th>\u00d6\u011fe<\/th>\n<th>DETAYLAR<\/th>\n<\/tr>\n<\/thead>\n<tbody>\n<tr>\n<td>tedarik yetene\u011fi<\/td>\n<td>1000000 adet\/ay<\/td>\n<\/tr>\n<tr>\n<td>malzeme<\/td>\n<td>pe<\/td>\n<\/tr>\n<tr>\n<td>kullan\u0131labilirlik<\/td>\n<td>oem<\/td>\n<\/tr>\n<\/tbody>\n<\/table>\n<\/div>\n<\/div>\n<\/div>\n<\/div>\n<\/div>\n<\/div>\n<\/div>\n<\/div>\n<\/div>\n<\/div>\n<\/div>\n<\/div>\n<div class=\"unit-detail-html-tabs__content-featuresAttr\"><\/div>\n<div class=\"unit-detail-html-tabs__content-html\">\n<p>Lvyuan filtre eleman\u0131, oksijen jenerat\u00f6r\u00fcn\u00fcn nemlendirme ve filtreleme cihaz\u0131na etki eder. Esas olarak t\u0131bbi tedavi ve aile oksijen inhalasyon tedavisi ve sa\u011fl\u0131k hizmetlerinde kullan\u0131l\u0131r. Oksijen jenerat\u00f6r\u00fcn\u00fcn giri\u015findeki egzoz gaz\u0131n\u0131n filtrelenmesi ve safla\u015ft\u0131r\u0131lmas\u0131 olarak kullan\u0131labilir, bu da egzoz s\u0131ras\u0131nda g\u00fcr\u00fclt\u00fcy\u00fc b\u00fcy\u00fck \u00f6l\u00e7\u00fcde azalt\u0131r. Ayn\u0131 zamanda, oksijen konsantrasyonunun stabilitesini korumak, oksijen jenerat\u00f6rlerinin hizmet \u00f6mr\u00fcn\u00fc uzatmak ve oksijen kullan\u0131c\u0131lar\u0131n\u0131n g\u00fcvenli\u011fine e\u015flik etmek i\u00e7in farkl\u0131 oksijen \u00fcretim ortamlar\u0131nda ak\u0131\u015f h\u0131z\u0131 ve ak\u0131\u015f h\u0131z\u0131 gereksinimlerini kar\u015f\u0131lar.<\/p>\n<p><strong>\u00d6zellikler:<\/strong><\/p>\n<ul>\n<li>Oksijen ge\u00e7erken t\u0131bbi ve ev tipi oksijen jenerat\u00f6rlerinin ak\u0131\u015f ve h\u0131z gereksinimlerini kar\u015f\u0131lar;<\/li>\n<li>Ola\u011fan\u00fcst\u00fc g\u00fcr\u00fclt\u00fc azaltma etkisi;<\/li>\n<li>Hammaddeler hijyenik ve g\u00fcvenli t\u0131bbi s\u0131n\u0131f ultra y\u00fcksek molek\u00fcler a\u011f\u0131rl\u0131kl\u0131 polietilendir;<\/li>\n<li>Boyut ve yap\u0131 m\u00fc\u015fterinin \u00fcr\u00fcnlerine g\u00f6re ayarlanabilir ve \u00f6zelle\u015ftirilebilir.<\/li>\n<\/ul>\n<p><img decoding=\"async\" src=\"https:\/\/img.yfisher.com\/m6076\/1725732761i4q\/jpg70-t3-scale100.webp\" alt=\"Oksijen Konsantrat\u00f6r\u00fc 6 i\u00e7in Fabrika Fiyat\u0131 Hava Filtresi\" data-lazy=\"2\" title=\"\"><\/p>\n<\/div>","protected":false},"excerpt":{"rendered":"<table>\n<thead>\n<tr>\n<th>\u00d6\u011fe<\/th>\n<th>DETAYLAR<\/th>\n<\/tr>\n<\/thead>\n<tbody>\n<tr>\n<td>model<\/td>\n<td>Oksijen filtresi<\/td>\n<\/tr>\n<tr>\n<td>marka<\/td>\n<td>OEM\/Lvyuan<\/td>\n<\/tr>\n<tr>\n<td>men\u015fe yeri<\/td>\n<td>Guangdong, \u00c7in<\/td>\n<\/tr>\n<tr>\n<td>ba\u015flang\u0131\u00e7 portu<\/td>\n<td>Guangzhou<\/td>\n<\/tr>\n<tr>\n<td>\u00fcreti\u0307m kapasi\u0307tesi\u0307<\/td>\n<td>10000 adet\/Ay<\/td>\n<\/tr>\n<tr>\n<td>moq<\/td>\n<td>1 adet<\/td>\n<\/tr>\n<tr>\n<td>\u00f6deme<\/td>\n<td>T \/ T, Alibaba Ticaret G\u00fcvencesi, paypal<\/td>\n<\/tr>\n<tr>\n<td>TESL\u0130MAT S\u00dcRES\u0130<\/td>\n<td>7 i\u015f g\u00fcn\u00fc i\u00e7erisinde<\/td>\n<\/tr>\n<tr>\n<td>BELGELEND\u0130RME<\/td>\n<td>ISO 9001<\/td>\n<\/tr>\n<\/tbody>\n<\/table>","protected":false},"featured_media":2500,"comment_status":"open","ping_status":"closed","template":"","meta":{"_gspb_post_css":""},"product_brand":[],"product_cat":[24,25],"product_tag":[956,279,964,260,973,972],"class_list":{"0":"post-2493","1":"product","2":"type-product","3":"status-publish","4":"has-post-thumbnail","6":"product_cat-sintered-porous-plastic","7":"product_cat-medical-filters","8":"product_tag-1-piece-moq","9":"product_tag-alibaba-trade-assurance","10":"product_tag-guangdong-manufacturer","11":"product_tag-iso-9001","12":"product_tag-oem-oxygen-filter","13":"product_tag-oxygen-filter","15":"first","16":"instock","17":"shipping-taxable","18":"product-type-simple"},"_links":{"self":[{"href":"https:\/\/lyfilter.com\/tr\/wp-json\/wp\/v2\/product\/2493","targetHints":{"allow":["GET"]}}],"collection":[{"href":"https:\/\/lyfilter.com\/tr\/wp-json\/wp\/v2\/product"}],"about":[{"href":"https:\/\/lyfilter.com\/tr\/wp-json\/wp\/v2\/types\/product"}],"replies":[{"embeddable":true,"href":"https:\/\/lyfilter.com\/tr\/wp-json\/wp\/v2\/comments?post=2493"}],"wp:featuredmedia":[{"embeddable":true,"href":"https:\/\/lyfilter.com\/tr\/wp-json\/wp\/v2\/media\/2500"}],"wp:attachment":[{"href":"https:\/\/lyfilter.com\/tr\/wp-json\/wp\/v2\/media?parent=2493"}],"wp:term":[{"taxonomy":"product_brand","embeddable":true,"href":"https:\/\/lyfilter.com\/tr\/wp-json\/wp\/v2\/product_brand?post=2493"},{"taxonomy":"product_cat","embeddable":true,"href":"https:\/\/lyfilter.com\/tr\/wp-json\/wp\/v2\/product_cat?post=2493"},{"taxonomy":"product_tag","embeddable":true,"href":"https:\/\/lyfilter.com\/tr\/wp-json\/wp\/v2\/product_tag?post=2493"}],"curies":[{"name":"wp","href":"https:\/\/api.w.org\/{rel}","templated":true}]}}