{"id":2486,"date":"2026-01-07T03:21:09","date_gmt":"2026-01-07T03:21:09","guid":{"rendered":"https:\/\/lyfilter.com\/?post_type=product&#038;p=2486"},"modified":"2026-01-07T03:21:09","modified_gmt":"2026-01-07T03:21:09","slug":"factory-price-humidifier-bottle-filter-sintered-porous-pe-polyethylene-sparger-filter-for-gas-air-filters-diffuser-accessory","status":"publish","type":"product","link":"https:\/\/lyfilter.com\/tr\/factory-price-humidifier-bottle-filter-sintered-porous-pe-polyethylene-sparger-filter-for-gas-air-filters-diffuser-accessory\/","title":{"rendered":"Fabrika Fiyat\u0131 Nemlendirici \u015ei\u015fe Filtresi Sinterlenmi\u015f G\u00f6zenekli PE Polietilen Sparger filtre gaz hava filtreleri dif\u00fcz\u00f6r aksesuar\u0131 i\u00e7in"},"content":{"rendered":"<div class=\"unit-detail-html-tabs__content-attr\">\n<div class=\"unit-product-attrparam\">\n<div class=\"unit-product-attrparam__items row\">\n<div class=\"col-12 col-md-6\">\n<div class=\"unit-product-attrparam__item\">\n<div class=\"unit-product-attrparam__label\">\n<table>\n<thead>\n<tr>\n<th>\u00d6\u011fe<\/th>\n<th>DETAYLAR<\/th>\n<\/tr>\n<\/thead>\n<tbody>\n<tr>\n<td>tedarik yetene\u011fi<\/td>\n<td>1000000 adet\/ay<\/td>\n<\/tr>\n<tr>\n<td>malzeme<\/td>\n<td>pe<\/td>\n<\/tr>\n<tr>\n<td>kullan\u0131labilirlik<\/td>\n<td>oem<\/td>\n<\/tr>\n<\/tbody>\n<\/table>\n<\/div>\n<\/div>\n<\/div>\n<\/div>\n<\/div>\n<\/div>\n<div class=\"unit-detail-html-tabs__content-featuresAttr\"><\/div>\n<div class=\"unit-detail-html-tabs__content-html\">\n<p>Nemlendirici \u015ei\u015fe Filtre elemanlar\u0131 t\u0131bbi nemlendirme \u015fi\u015felerinde, nemlendirme \u015fi\u015felerinde ve oksijen \u015fi\u015felerinde yayg\u0131n olarak kullan\u0131lmaktad\u0131r. Lvyuan filtre eleman\u0131n\u0131n saf malzeme se\u00e7imi ve dengeli filtrasyon do\u011frulu\u011fu, oksijenin PE filtre eleman\u0131 arac\u0131l\u0131\u011f\u0131yla ince kabarc\u0131klara b\u00f6l\u00fcnmesini sa\u011flayabilir, nemlendirme s\u0131v\u0131s\u0131 ile temas s\u00fcresini ve alan\u0131n\u0131 art\u0131rabilir ve oksijen ge\u00e7ti\u011finde, ak\u0131\u015f h\u0131z\u0131 ne olursa olsun nemle birlikte olabilir Kimyasal s\u0131v\u0131, tek tip, steril ve verimli nemlendirme elde etmek i\u00e7in en b\u00fcy\u00fck temas alan\u0131na ula\u015f\u0131r ve ayn\u0131 zamanda g\u00fcr\u00fclt\u00fc azaltma ve g\u00fcr\u00fclt\u00fc azaltma etkisine sahiptir, hastalar\u0131 daha rahat ve rahat hale getirir.<\/p>\n<p><strong>\u00d6zellikler:<\/strong><\/p>\n<ul>\n<li>Oksijen ge\u00e7ti\u011finde \u00e7e\u015fitli t\u0131bbi nemlendirme \u015fi\u015felerinin ak\u0131\u015f gereksinimlerini kar\u015f\u0131lar;<\/li>\n<li>Ola\u011fan\u00fcst\u00fc g\u00fcr\u00fclt\u00fc azaltma etkisi;<\/li>\n<li>Boyut ve yap\u0131 m\u00fc\u015fterinin \u00fcr\u00fcn\u00fcne g\u00f6re ayarlanabilir ve \u00f6zelle\u015ftirilebilir;<\/li>\n<li>Hammaddeler hijyenik ve g\u00fcvenli t\u0131bbi s\u0131n\u0131f ultra y\u00fcksek molek\u00fcler a\u011f\u0131rl\u0131kl\u0131 polietilendir.<\/li>\n<\/ul>\n<p><img decoding=\"async\" src=\"https:\/\/img.yfisher.com\/m6076\/1725732759ob8\/jpg70-t3-scale100.webp\" alt=\"Fabrika Fiyat\u0131 Nemlendirici \u015ei\u015fe Filtresi Sinterlenmi\u015f G\u00f6zenekli PE Polietilen Gaz hava filtreleri i\u00e7in sparger filtre dif\u00fcz\u00f6r aksesuar\u0131 6\" data-lazy=\"2\" title=\"\"><\/p>\n<\/div>","protected":false},"excerpt":{"rendered":"<table>\n<thead>\n<tr>\n<th>\u00d6\u011fe<\/th>\n<th>DETAYLAR<\/th>\n<\/tr>\n<\/thead>\n<tbody>\n<tr>\n<td>ba\u015flang\u0131\u00e7 portu<\/td>\n<td>Guangzhou<\/td>\n<\/tr>\n<tr>\n<td>\u00fcreti\u0307m kapasi\u0307tesi\u0307<\/td>\n<td>10000 adet\/Ay<\/td>\n<\/tr>\n<tr>\n<td>men\u015fe yeri<\/td>\n<td>Guangdong, \u00c7in<\/td>\n<\/tr>\n<tr>\n<td>\u00f6deme<\/td>\n<td>T \/ T, Alibaba Ticaret G\u00fcvencesi<\/td>\n<\/tr>\n<tr>\n<td>moq<\/td>\n<td>1 adet<\/td>\n<\/tr>\n<tr>\n<td>TESL\u0130MAT S\u00dcRES\u0130<\/td>\n<td>7 i\u015f g\u00fcn\u00fc i\u00e7erisinde<\/td>\n<\/tr>\n<tr>\n<td>BELGELEND\u0130RME<\/td>\n<td>ISO 9001<\/td>\n<\/tr>\n<tr>\n<td>marka<\/td>\n<td>OEM\/Lvyuan<\/td>\n<\/tr>\n<\/tbody>\n<\/table>","protected":false},"featured_media":2494,"comment_status":"open","ping_status":"closed","template":"","meta":{"_gspb_post_css":""},"product_brand":[],"product_cat":[24,28,25],"product_tag":[956,279,964,260,968,965],"class_list":{"0":"post-2486","1":"product","2":"type-product","3":"status-publish","4":"has-post-thumbnail","6":"product_cat-sintered-porous-plastic","7":"product_cat-humidifier-bottle-filter","8":"product_cat-medical-filters","9":"product_tag-1-piece-moq","10":"product_tag-alibaba-trade-assurance","11":"product_tag-guangdong-manufacturer","12":"product_tag-iso-9001","13":"product_tag-oem-paper-tubes","14":"product_tag-paper-tubes","16":"first","17":"instock","18":"shipping-taxable","19":"product-type-simple"},"_links":{"self":[{"href":"https:\/\/lyfilter.com\/tr\/wp-json\/wp\/v2\/product\/2486","targetHints":{"allow":["GET"]}}],"collection":[{"href":"https:\/\/lyfilter.com\/tr\/wp-json\/wp\/v2\/product"}],"about":[{"href":"https:\/\/lyfilter.com\/tr\/wp-json\/wp\/v2\/types\/product"}],"replies":[{"embeddable":true,"href":"https:\/\/lyfilter.com\/tr\/wp-json\/wp\/v2\/comments?post=2486"}],"wp:featuredmedia":[{"embeddable":true,"href":"https:\/\/lyfilter.com\/tr\/wp-json\/wp\/v2\/media\/2494"}],"wp:attachment":[{"href":"https:\/\/lyfilter.com\/tr\/wp-json\/wp\/v2\/media?parent=2486"}],"wp:term":[{"taxonomy":"product_brand","embeddable":true,"href":"https:\/\/lyfilter.com\/tr\/wp-json\/wp\/v2\/product_brand?post=2486"},{"taxonomy":"product_cat","embeddable":true,"href":"https:\/\/lyfilter.com\/tr\/wp-json\/wp\/v2\/product_cat?post=2486"},{"taxonomy":"product_tag","embeddable":true,"href":"https:\/\/lyfilter.com\/tr\/wp-json\/wp\/v2\/product_tag?post=2486"}],"curies":[{"name":"wp","href":"https:\/\/api.w.org\/{rel}","templated":true}]}}