{"id":2480,"date":"2026-01-07T03:14:14","date_gmt":"2026-01-07T03:14:14","guid":{"rendered":"https:\/\/lyfilter.com\/?post_type=product&#038;p=2480"},"modified":"2026-01-07T03:14:14","modified_gmt":"2026-01-07T03:14:14","slug":"factory-price-oem-porous-plastic-self-sealing-fitlers","status":"publish","type":"product","link":"https:\/\/lyfilter.com\/tr\/factory-price-oem-porous-plastic-self-sealing-fitlers\/","title":{"rendered":"Fabrika Fiyat\u0131 OEM G\u00f6zenekli Plastik Kendinden S\u0131zd\u0131rmaz Fitiller"},"content":{"rendered":"<div class=\"unit-detail-html-tabs__content-attr\">\n<div class=\"unit-product-attrparam\">\n<div class=\"unit-product-attrparam__items row\">\n<div class=\"col-12 col-md-6\">\n<div class=\"unit-product-attrparam__item\">\n<div class=\"unit-product-attrparam__label\">\n<table>\n<thead>\n<tr>\n<th>\u00d6\u011fe<\/th>\n<th>DETAYLAR<\/th>\n<\/tr>\n<\/thead>\n<tbody>\n<tr>\n<td>tedarik yetene\u011fi<\/td>\n<td>1000000 adet\/ay<\/td>\n<\/tr>\n<tr>\n<td>malzeme<\/td>\n<td>pe<\/td>\n<\/tr>\n<tr>\n<td>kullan\u0131labilirlik<\/td>\n<td>oem<\/td>\n<\/tr>\n<\/tbody>\n<\/table>\n<\/div>\n<\/div>\n<\/div>\n<\/div>\n<\/div>\n<\/div>\n<div class=\"unit-detail-html-tabs__content-featuresAttr\"><\/div>\n<div class=\"unit-detail-html-tabs__content-html\">\n<p>Lvyuan Tek Kullan\u0131ml\u0131k Drenaj Torbas\u0131 S\u0131zd\u0131rmazl\u0131k Filtresi Filtresi, havan\u0131n at\u0131k toplama torbas\u0131ndan serbest\u00e7e \u00e7\u0131kmas\u0131n\u0131 sa\u011flar. S\u0131v\u0131 ile temas etti\u011finde, filtre eleman\u0131 kendili\u011finden s\u0131zd\u0131rmazl\u0131k etkisi yaratarak s\u0131v\u0131n\u0131n ta\u015fmas\u0131n\u0131 etkili bir \u015fekilde \u00f6nler ve s\u0131v\u0131n\u0131n cihaz\u0131 ve \u00e7evreyi kirletmesini \u00f6nler. Tek kullan\u0131ml\u0131k drenaj torbas\u0131 \u00e7ek valfi, hastanedeki at\u0131k s\u0131v\u0131 ar\u0131tma sisteminde yayg\u0131n olarak kullan\u0131lmaktad\u0131r.<\/p>\n<p><strong>\u00d6zellikler<\/strong><\/p>\n<ul>\n<li>\u00c7al\u0131\u015fma bas\u0131nc\u0131 &gt;50 kPa, 5-10 m su s\u00fctununa e\u015fde\u011fer.<\/li>\n<li>T\u0131bbi standartlara uygun s\u0131k\u0131 kalite test standartlar\u0131.<\/li>\n<\/ul>\n<div class=\"table-responsive\">\n<table>\n<tbody>\n<tr class=\"firstRow\">\n<td valign=\"top\" width=\"170\"><strong>\u00dcr\u00fcn No.<\/strong><\/td>\n<td valign=\"top\" width=\"170\"><strong>D\u0131\u015f \u00e7ap<\/strong><\/td>\n<td valign=\"top\" width=\"170\"><strong>\u0130\u00e7 \u00e7ap<\/strong><\/td>\n<td valign=\"top\" width=\"170\"><strong>Y\u00fckseklik<\/strong><\/td>\n<td valign=\"top\" width=\"170\"><strong>Bardak \u00c7ap\u0131<\/strong><\/td>\n<td valign=\"top\" width=\"170\"><strong>Bardak Y\u00fcksekli\u011fi<\/strong><\/td>\n<td valign=\"top\" width=\"170\"><strong>Paket<\/strong><\/td>\n<\/tr>\n<tr>\n<td valign=\"top\" width=\"170\">LY160-245-X<\/td>\n<td valign=\"top\" width=\"170\">16mm<\/td>\n<td valign=\"top\" width=\"170\">10mm<\/td>\n<td valign=\"top\" width=\"170\">25 mm<\/td>\n<td valign=\"top\" width=\"170\">14,5 mm<\/td>\n<td valign=\"top\" width=\"170\">21mm<\/td>\n<td valign=\"top\" width=\"170\">200 adet\/Kutu<\/td>\n<\/tr>\n<tr>\n<td valign=\"top\" width=\"170\">LY198-300-X<\/td>\n<td valign=\"top\" width=\"170\">19mm<\/td>\n<td valign=\"top\" width=\"170\">13mm<\/td>\n<td valign=\"top\" width=\"170\">30mm<\/td>\n<td valign=\"top\" width=\"170\">20mm<\/td>\n<td valign=\"top\" width=\"170\">26mm<\/td>\n<td valign=\"top\" width=\"170\">100 adet\/Kutu<\/td>\n<\/tr>\n<tr>\n<td valign=\"top\" width=\"170\">LY252<\/td>\n<td valign=\"top\" width=\"170\">16mm<\/td>\n<td valign=\"top\" width=\"170\">13mm<\/td>\n<td valign=\"top\" width=\"170\">25 mm<\/td>\n<td valign=\"top\" width=\"170\">18mm<\/td>\n<td valign=\"top\" width=\"170\">21mm<\/td>\n<td valign=\"top\" width=\"170\">100 adet\/Kutu<\/td>\n<\/tr>\n<tr>\n<td valign=\"top\" width=\"170\">LY276<\/td>\n<td valign=\"top\" width=\"170\">16mm<\/td>\n<td valign=\"top\" width=\"170\">10mm<\/td>\n<td valign=\"top\" width=\"170\">25 mm<\/td>\n<td valign=\"top\" width=\"170\">14mm<\/td>\n<td valign=\"top\" width=\"170\">21mm<\/td>\n<td valign=\"top\" width=\"170\">100 adet\/Kutu<\/td>\n<\/tr>\n<\/tbody>\n<\/table>\n<\/div>\n<p><img decoding=\"async\" src=\"https:\/\/img.yfisher.com\/m6076\/1725732757ler\/jpg70-t3-scale100.webp\" alt=\"Fabrika Fiyat\u0131 OEM G\u00f6zenekli Plastik Kendinden S\u0131zd\u0131rmaz Fitiller 6\" data-lazy=\"2\" title=\"\"><\/p>\n<\/div>","protected":false},"excerpt":{"rendered":"<p>item details supply ability 1000000 pc\/month material pe availability oem The Lvyuan Disposable Drainage Bag Sealing Filter Filter allows air to escape freely through the waste collection bag. Once in contact with the liquid, the\u00a0filter element\u00a0will produce a self-sealing effect, effectively preventing the liquid from overflowing and preventing the liquid from polluting the instrument and [&hellip;]<\/p>\n","protected":false},"featured_media":2487,"comment_status":"open","ping_status":"closed","template":"","meta":{"_gspb_post_css":""},"product_brand":[],"product_cat":[24,25,27],"product_tag":[],"class_list":{"0":"post-2480","1":"product","2":"type-product","3":"status-publish","4":"has-post-thumbnail","6":"product_cat-sintered-porous-plastic","7":"product_cat-medical-filters","8":"product_cat-self-sealing-filter","10":"first","11":"instock","12":"shipping-taxable","13":"product-type-simple"},"_links":{"self":[{"href":"https:\/\/lyfilter.com\/tr\/wp-json\/wp\/v2\/product\/2480","targetHints":{"allow":["GET"]}}],"collection":[{"href":"https:\/\/lyfilter.com\/tr\/wp-json\/wp\/v2\/product"}],"about":[{"href":"https:\/\/lyfilter.com\/tr\/wp-json\/wp\/v2\/types\/product"}],"replies":[{"embeddable":true,"href":"https:\/\/lyfilter.com\/tr\/wp-json\/wp\/v2\/comments?post=2480"}],"wp:featuredmedia":[{"embeddable":true,"href":"https:\/\/lyfilter.com\/tr\/wp-json\/wp\/v2\/media\/2487"}],"wp:attachment":[{"href":"https:\/\/lyfilter.com\/tr\/wp-json\/wp\/v2\/media?parent=2480"}],"wp:term":[{"taxonomy":"product_brand","embeddable":true,"href":"https:\/\/lyfilter.com\/tr\/wp-json\/wp\/v2\/product_brand?post=2480"},{"taxonomy":"product_cat","embeddable":true,"href":"https:\/\/lyfilter.com\/tr\/wp-json\/wp\/v2\/product_cat?post=2480"},{"taxonomy":"product_tag","embeddable":true,"href":"https:\/\/lyfilter.com\/tr\/wp-json\/wp\/v2\/product_tag?post=2480"}],"curies":[{"name":"wp","href":"https:\/\/api.w.org\/{rel}","templated":true}]}}