{"id":2474,"date":"2026-01-07T03:08:41","date_gmt":"2026-01-07T03:08:41","guid":{"rendered":"https:\/\/lyfilter.com\/?post_type=product&#038;p=2474"},"modified":"2026-01-07T03:08:41","modified_gmt":"2026-01-07T03:08:41","slug":"oem-all-sizes-of-sintered-plastic-filters","status":"publish","type":"product","link":"https:\/\/lyfilter.com\/tr\/oem-all-sizes-of-sintered-plastic-filters\/","title":{"rendered":"OEM Sinterlenmi\u015f Plastik Filtrelerin T\u00fcm Boyutlar\u0131"},"content":{"rendered":"<div class=\"unit-detail-html-tabs__content-attr\">\n<div class=\"unit-product-attrparam\">\n<div class=\"unit-product-attrparam__items row\">\n<div class=\"col-12 col-md-6\">\n<div class=\"unit-product-attrparam__item\">\n<div class=\"unit-product-attrparam__label\">\n<table>\n<thead>\n<tr>\n<th>\u00d6\u011fe<\/th>\n<th>DETAYLAR<\/th>\n<\/tr>\n<\/thead>\n<tbody>\n<tr>\n<td>tedarik yetene\u011fi<\/td>\n<td>1000000 adet\/ay<\/td>\n<\/tr>\n<tr>\n<td>malzeme<\/td>\n<td>pe<\/td>\n<\/tr>\n<tr>\n<td>kullan\u0131labilirlik<\/td>\n<td>oem<\/td>\n<\/tr>\n<\/tbody>\n<\/table>\n<\/div>\n<\/div>\n<\/div>\n<\/div>\n<\/div>\n<\/div>\n<div class=\"unit-detail-html-tabs__content-featuresAttr\"><\/div>\n<div class=\"unit-detail-html-tabs__content-html\">\n<p>Lvyuan, \u00e7e\u015fitli sinterlenmi\u015f plastik \u00fcr\u00fcn stillerini \u00f6zelle\u015ftirir: Standart d\u0131\u015f\u0131 \u00f6zelle\u015ftirilmi\u015f UHMWPE, HDPE, PP, PA, PTFE ve di\u011fer malzemelerin yan\u0131 s\u0131ra plastik sinterlenmi\u015f filtre elemanlar\u0131, sinterlenmi\u015f filtre kolonlar\u0131, sinterlenmi\u015f elek plakalar\u0131, sinterlenmi\u015f filtre plakalar\u0131, sinterlenmi\u015f filtre toplar\u0131, sinterlenmi\u015f filtre \u00e7ubuklar\u0131, sinterlenmi\u015f filtre kartu\u015flar\u0131, sinterlenmi\u015f Filtre t\u00fcpleri, sinterlenmi\u015f filtre kapaklar\u0131, filtre toplar\u0131 ve \u00e7e\u015fitli \u00f6zel \u015fekilli par\u00e7alar.<\/p>\n<p><img decoding=\"async\" src=\"https:\/\/img.yfisher.com\/m6076\/172573275423f\/jpg70-t3-scale100.webp\" alt=\"OEM Sinterlenmi\u015f Plastik Filtrelerin T\u00fcm Boyutlar\u0131 6\" data-lazy=\"2\" title=\"\"><\/p>\n<div class=\"table-responsive\">\n<table data-sort=\"sortDisabled\">\n<tbody>\n<tr class=\"firstRow\">\n<td colspan=\"8\" rowspan=\"1\" align=\"center\" valign=\"top\" height=\"20\">Mevcut PE kal\u0131b\u0131 a\u015fa\u011f\u0131daki gibidir (Delik \u00e7ap\u0131 ve ba\u011flant\u0131lar \u00f6zelle\u015ftirilebilir)<\/td>\n<\/tr>\n<tr>\n<td valign=\"top\" height=\"39\"><\/td>\n<td valign=\"top\" height=\"39\">D\u0131\u015f \u00e7ap (mm)<\/td>\n<td valign=\"top\" height=\"39\">D\u0131\u015f \u00e7ap (mm)<\/td>\n<td valign=\"top\" height=\"39\">Uzunluk (mm)<\/td>\n<td valign=\"top\" height=\"39\"><\/td>\n<td valign=\"top\" height=\"39\">D\u0131\u015f \u00e7ap (mm)<\/td>\n<td valign=\"top\" height=\"39\">D\u0131\u015f \u00e7ap (mm)<\/td>\n<td valign=\"top\" height=\"39\">Uzunluk (mm)<\/td>\n<\/tr>\n<tr>\n<td valign=\"top\">01<\/td>\n<td valign=\"top\">300<\/td>\n<td valign=\"top\">270<\/td>\n<td valign=\"top\">1000<\/td>\n<td valign=\"top\">25<\/td>\n<td valign=\"top\">45.5<\/td>\n<td valign=\"top\">39<\/td>\n<td valign=\"top\">96<\/td>\n<\/tr>\n<tr>\n<td valign=\"top\">02<\/td>\n<td valign=\"top\">240<\/td>\n<td valign=\"top\">210<\/td>\n<td valign=\"top\">1000<\/td>\n<td valign=\"top\">26<\/td>\n<td valign=\"top\">40<\/td>\n<td valign=\"top\">33<\/td>\n<td valign=\"top\">1000<\/td>\n<\/tr>\n<tr>\n<td valign=\"top\">03<\/td>\n<td valign=\"top\">200<\/td>\n<td valign=\"top\">160<\/td>\n<td valign=\"top\">1000<\/td>\n<td valign=\"top\">27<\/td>\n<td valign=\"top\">38<\/td>\n<td valign=\"top\">25<\/td>\n<td valign=\"top\">1000<\/td>\n<\/tr>\n<tr>\n<td valign=\"top\">04<\/td>\n<td valign=\"top\">195<\/td>\n<td valign=\"top\">155<\/td>\n<td valign=\"top\">1000<\/td>\n<td valign=\"top\">28<\/td>\n<td valign=\"top\">38<\/td>\n<td valign=\"top\">20<\/td>\n<td valign=\"top\">1000<\/td>\n<\/tr>\n<tr>\n<td valign=\"top\">05<\/td>\n<td valign=\"top\">180<\/td>\n<td valign=\"top\">150<\/td>\n<td valign=\"top\">1000<\/td>\n<td valign=\"top\">29<\/td>\n<td valign=\"top\">38<\/td>\n<td valign=\"top\">20<\/td>\n<td valign=\"top\">1000<\/td>\n<\/tr>\n<tr>\n<td valign=\"top\">06<\/td>\n<td valign=\"top\">165<\/td>\n<td valign=\"top\">125<\/td>\n<td valign=\"top\">1000<\/td>\n<td valign=\"top\">30<\/td>\n<td valign=\"top\">35.7<\/td>\n<td valign=\"top\">6<\/td>\n<td valign=\"top\">114<\/td>\n<\/tr>\n<tr>\n<td valign=\"top\">07<\/td>\n<td valign=\"top\">150<\/td>\n<td valign=\"top\">125<\/td>\n<td valign=\"top\">1000<\/td>\n<td valign=\"top\">31<\/td>\n<td valign=\"top\">34<\/td>\n<td valign=\"top\">27<\/td>\n<td valign=\"top\">28<\/td>\n<\/tr>\n<tr>\n<td colspan=\"1\" rowspan=\"1\" valign=\"top\">08<\/td>\n<td colspan=\"1\" rowspan=\"1\" valign=\"top\">142<\/td>\n<td colspan=\"1\" rowspan=\"1\" valign=\"top\">120<\/td>\n<td colspan=\"1\" rowspan=\"1\" valign=\"top\">1000<\/td>\n<td colspan=\"1\" rowspan=\"1\" valign=\"top\">32<\/td>\n<td colspan=\"1\" rowspan=\"1\" valign=\"top\">32.6<\/td>\n<td colspan=\"1\" rowspan=\"1\" valign=\"top\">25<\/td>\n<td colspan=\"1\" rowspan=\"1\" valign=\"top\">60.5<\/td>\n<\/tr>\n<tr>\n<td valign=\"top\">09<\/td>\n<td valign=\"top\">125<\/td>\n<td valign=\"top\">105<\/td>\n<td valign=\"top\">900<\/td>\n<td valign=\"top\">33<\/td>\n<td valign=\"top\">31.5<\/td>\n<td valign=\"top\">10.5<\/td>\n<td valign=\"top\">500<\/td>\n<\/tr>\n<tr>\n<td colspan=\"1\" rowspan=\"1\" valign=\"top\">10<\/td>\n<td colspan=\"1\" rowspan=\"1\" valign=\"top\">118<\/td>\n<td colspan=\"1\" rowspan=\"1\" valign=\"top\">83<\/td>\n<td colspan=\"1\" rowspan=\"1\" valign=\"top\">1030<\/td>\n<td colspan=\"1\" rowspan=\"1\" valign=\"top\">34<\/td>\n<td colspan=\"1\" rowspan=\"1\" valign=\"top\">30<\/td>\n<td colspan=\"1\" rowspan=\"1\" valign=\"top\">24<\/td>\n<td colspan=\"1\" rowspan=\"1\" valign=\"top\">70<\/td>\n<\/tr>\n<tr>\n<td colspan=\"1\" rowspan=\"1\" valign=\"top\">11<\/td>\n<td colspan=\"1\" rowspan=\"1\" valign=\"top\">100<\/td>\n<td colspan=\"1\" rowspan=\"1\" valign=\"top\">80<\/td>\n<td colspan=\"1\" rowspan=\"1\" valign=\"top\">1000<\/td>\n<td colspan=\"1\" rowspan=\"1\" valign=\"top\">35<\/td>\n<td colspan=\"1\" rowspan=\"1\" valign=\"top\">30<\/td>\n<td colspan=\"1\" rowspan=\"1\" valign=\"top\">10<\/td>\n<td colspan=\"1\" rowspan=\"1\" valign=\"top\">1000<\/td>\n<\/tr>\n<tr>\n<td colspan=\"1\" rowspan=\"1\" valign=\"top\">12<\/td>\n<td colspan=\"1\" rowspan=\"1\" valign=\"top\">80<\/td>\n<td colspan=\"1\" rowspan=\"1\" valign=\"top\">69<\/td>\n<td colspan=\"1\" rowspan=\"1\" valign=\"top\">1000<\/td>\n<td colspan=\"1\" rowspan=\"1\" valign=\"top\">36<\/td>\n<td colspan=\"1\" rowspan=\"1\" valign=\"top\">30<\/td>\n<td colspan=\"1\" rowspan=\"1\" valign=\"top\">15<\/td>\n<td colspan=\"1\" rowspan=\"1\" valign=\"top\">1000<\/td>\n<\/tr>\n<tr>\n<td colspan=\"1\" rowspan=\"1\" valign=\"top\">13<\/td>\n<td colspan=\"1\" rowspan=\"1\" valign=\"top\">78<\/td>\n<td colspan=\"1\" rowspan=\"1\" valign=\"top\">70<\/td>\n<td colspan=\"1\" rowspan=\"1\" valign=\"top\">1000<\/td>\n<td colspan=\"1\" rowspan=\"1\" valign=\"top\">37<\/td>\n<td colspan=\"1\" rowspan=\"1\" valign=\"top\">27<\/td>\n<td colspan=\"1\" rowspan=\"1\" valign=\"top\">22<\/td>\n<td colspan=\"1\" rowspan=\"1\" valign=\"top\">120<\/td>\n<\/tr>\n<tr>\n<td colspan=\"1\" rowspan=\"1\" valign=\"top\">14<\/td>\n<td colspan=\"1\" rowspan=\"1\" valign=\"top\">78<\/td>\n<td colspan=\"1\" rowspan=\"1\" valign=\"top\">60<\/td>\n<td colspan=\"1\" rowspan=\"1\" valign=\"top\">750<\/td>\n<td colspan=\"1\" rowspan=\"1\" valign=\"top\">38<\/td>\n<td colspan=\"1\" rowspan=\"1\" valign=\"top\">26<\/td>\n<td colspan=\"1\" rowspan=\"1\" valign=\"top\">16<\/td>\n<td colspan=\"1\" rowspan=\"1\" valign=\"top\">350<\/td>\n<\/tr>\n<tr>\n<td colspan=\"1\" rowspan=\"1\" valign=\"top\">15<\/td>\n<td colspan=\"1\" rowspan=\"1\" valign=\"top\">70<\/td>\n<td colspan=\"1\" rowspan=\"1\" valign=\"top\">58<\/td>\n<td colspan=\"1\" rowspan=\"1\" valign=\"top\">500<\/td>\n<td colspan=\"1\" rowspan=\"1\" valign=\"top\">39<\/td>\n<td colspan=\"1\" rowspan=\"1\" valign=\"top\">25.4<\/td>\n<td colspan=\"1\" rowspan=\"1\" valign=\"top\">19<\/td>\n<td colspan=\"1\" rowspan=\"1\" valign=\"top\">1100<\/td>\n<\/tr>\n<tr>\n<td colspan=\"1\" rowspan=\"1\" valign=\"top\">16<\/td>\n<td colspan=\"1\" rowspan=\"1\" valign=\"top\">65<\/td>\n<td colspan=\"1\" rowspan=\"1\" valign=\"top\">35<\/td>\n<td colspan=\"1\" rowspan=\"1\" valign=\"top\">1000<\/td>\n<td colspan=\"1\" rowspan=\"1\" valign=\"top\">40<\/td>\n<td colspan=\"1\" rowspan=\"1\" valign=\"top\">20<\/td>\n<td colspan=\"1\" rowspan=\"1\" valign=\"top\">16.5<\/td>\n<td colspan=\"1\" rowspan=\"1\" valign=\"top\">1000<\/td>\n<\/tr>\n<tr>\n<td colspan=\"1\" rowspan=\"1\" valign=\"top\">17<\/td>\n<td colspan=\"1\" rowspan=\"1\" valign=\"top\">63<\/td>\n<td colspan=\"1\" rowspan=\"1\" valign=\"top\">55<\/td>\n<td colspan=\"1\" rowspan=\"1\" valign=\"top\">254<\/td>\n<td colspan=\"1\" rowspan=\"1\" valign=\"top\">41<\/td>\n<td colspan=\"1\" rowspan=\"1\" valign=\"top\">20<\/td>\n<td colspan=\"1\" rowspan=\"1\" valign=\"top\">16.5<\/td>\n<td colspan=\"1\" rowspan=\"1\" valign=\"top\">211<\/td>\n<\/tr>\n<tr>\n<td colspan=\"1\" rowspan=\"1\" valign=\"top\">18<\/td>\n<td colspan=\"1\" rowspan=\"1\" valign=\"top\">63<\/td>\n<td colspan=\"1\" rowspan=\"1\" valign=\"top\">35<\/td>\n<td colspan=\"1\" rowspan=\"1\" valign=\"top\">1000<\/td>\n<td colspan=\"1\" rowspan=\"1\" valign=\"top\">42<\/td>\n<td colspan=\"1\" rowspan=\"1\" valign=\"top\">20<\/td>\n<td colspan=\"1\" rowspan=\"1\" valign=\"top\">10<\/td>\n<td colspan=\"1\" rowspan=\"1\" valign=\"top\">1000<\/td>\n<\/tr>\n<tr>\n<td colspan=\"1\" rowspan=\"1\" valign=\"top\">19<\/td>\n<td colspan=\"1\" rowspan=\"1\" valign=\"top\">61<\/td>\n<td colspan=\"1\" rowspan=\"1\" valign=\"top\">50<\/td>\n<td colspan=\"1\" rowspan=\"1\" valign=\"top\">70.5<\/td>\n<td colspan=\"1\" rowspan=\"1\" valign=\"top\">43<\/td>\n<td colspan=\"1\" rowspan=\"1\" valign=\"top\">19.5<\/td>\n<td colspan=\"1\" rowspan=\"1\" valign=\"top\">12.5<\/td>\n<td colspan=\"1\" rowspan=\"1\" valign=\"top\">2000<\/td>\n<\/tr>\n<tr>\n<td colspan=\"1\" rowspan=\"1\" valign=\"top\">20<\/td>\n<td colspan=\"1\" rowspan=\"1\" valign=\"top\">60<\/td>\n<td colspan=\"1\" rowspan=\"1\" valign=\"top\">35<\/td>\n<td colspan=\"1\" rowspan=\"1\" valign=\"top\">1000<\/td>\n<td colspan=\"1\" rowspan=\"1\" valign=\"top\">44<\/td>\n<td colspan=\"1\" rowspan=\"1\" valign=\"top\">19<\/td>\n<td colspan=\"1\" rowspan=\"1\" valign=\"top\">15<\/td>\n<td colspan=\"1\" rowspan=\"1\" valign=\"top\">450<\/td>\n<\/tr>\n<tr>\n<td colspan=\"1\" rowspan=\"1\" valign=\"top\">21<\/td>\n<td colspan=\"1\" rowspan=\"1\" valign=\"top\">50<\/td>\n<td colspan=\"1\" rowspan=\"1\" valign=\"top\">40<\/td>\n<td colspan=\"1\" rowspan=\"1\" valign=\"top\">1000<\/td>\n<td colspan=\"1\" rowspan=\"1\" valign=\"top\">45<\/td>\n<td colspan=\"1\" rowspan=\"1\" valign=\"top\">18<\/td>\n<td colspan=\"1\" rowspan=\"1\" valign=\"top\">10<\/td>\n<td colspan=\"1\" rowspan=\"1\" valign=\"top\">67.5<\/td>\n<\/tr>\n<tr>\n<td colspan=\"1\" rowspan=\"1\" valign=\"top\">22<\/td>\n<td colspan=\"1\" rowspan=\"1\" valign=\"top\">50<\/td>\n<td colspan=\"1\" rowspan=\"1\" valign=\"top\">38<\/td>\n<td colspan=\"1\" rowspan=\"1\" valign=\"top\">1000<\/td>\n<td colspan=\"1\" rowspan=\"1\" valign=\"top\">46<\/td>\n<td colspan=\"1\" rowspan=\"1\" valign=\"top\">16.6<\/td>\n<td colspan=\"1\" rowspan=\"1\" valign=\"top\">12.6<\/td>\n<td colspan=\"1\" rowspan=\"1\" valign=\"top\">17.4<\/td>\n<\/tr>\n<tr>\n<td colspan=\"1\" rowspan=\"1\" valign=\"top\">23<\/td>\n<td colspan=\"1\" rowspan=\"1\" valign=\"top\">50<\/td>\n<td colspan=\"1\" rowspan=\"1\" valign=\"top\">35<\/td>\n<td colspan=\"1\" rowspan=\"1\" valign=\"top\">1000<\/td>\n<td colspan=\"1\" rowspan=\"1\" valign=\"top\">47<\/td>\n<td colspan=\"1\" rowspan=\"1\" valign=\"top\">15.9<\/td>\n<td colspan=\"1\" rowspan=\"1\" valign=\"top\">9.7<\/td>\n<td colspan=\"1\" rowspan=\"1\" valign=\"top\">30<\/td>\n<\/tr>\n<tr>\n<td colspan=\"1\" rowspan=\"1\" valign=\"top\">24<\/td>\n<td colspan=\"1\" rowspan=\"1\" valign=\"top\">50<\/td>\n<td colspan=\"1\" rowspan=\"1\" valign=\"top\">20<\/td>\n<td colspan=\"1\" rowspan=\"1\" valign=\"top\">200<\/td>\n<td colspan=\"1\" rowspan=\"1\" valign=\"top\">48<\/td>\n<td colspan=\"1\" rowspan=\"1\" valign=\"top\">14<\/td>\n<td colspan=\"1\" rowspan=\"1\" valign=\"top\">10<\/td>\n<td colspan=\"1\" rowspan=\"1\" valign=\"top\">11<\/td>\n<\/tr>\n<\/tbody>\n<\/table>\n<\/div>\n<\/div>","protected":false},"excerpt":{"rendered":"<table>\n<thead>\n<tr>\n<th>\u00d6\u011fe<\/th>\n<th>DETAYLAR<\/th>\n<\/tr>\n<\/thead>\n<tbody>\n<tr>\n<td>ba\u015flang\u0131\u00e7 portu<\/td>\n<td>Guangzhou<\/td>\n<\/tr>\n<tr>\n<td>\u00fcreti\u0307m kapasi\u0307tesi\u0307<\/td>\n<td>10000 adet\/ay<\/td>\n<\/tr>\n<tr>\n<td>men\u015fe yeri<\/td>\n<td>Guangdong, \u00c7in<\/td>\n<\/tr>\n<tr>\n<td>\u00f6deme<\/td>\n<td>T \/ T, Alibaba Ticaret G\u00fcvencesi, paypal<\/td>\n<\/tr>\n<tr>\n<td>moq<\/td>\n<td>1 adet<\/td>\n<\/tr>\n<tr>\n<td>TESL\u0130MAT S\u00dcRES\u0130<\/td>\n<td>7 i\u015f g\u00fcn\u00fc i\u00e7inde<\/td>\n<\/tr>\n<tr>\n<td>BELGELEND\u0130RME<\/td>\n<td>ISO 9001<\/td>\n<\/tr>\n<tr>\n<td>marka<\/td>\n<td>OEM\/Lvyuan<\/td>\n<\/tr>\n<\/tbody>\n<\/table>","protected":false},"featured_media":2481,"comment_status":"open","ping_status":"closed","template":"","meta":{"_gspb_post_css":""},"product_brand":[],"product_cat":[24],"product_tag":[956,279,964,260,968,965],"class_list":{"0":"post-2474","1":"product","2":"type-product","3":"status-publish","4":"has-post-thumbnail","6":"product_cat-sintered-porous-plastic","7":"product_tag-1-piece-moq","8":"product_tag-alibaba-trade-assurance","9":"product_tag-guangdong-manufacturer","10":"product_tag-iso-9001","11":"product_tag-oem-paper-tubes","12":"product_tag-paper-tubes","14":"first","15":"instock","16":"shipping-taxable","17":"product-type-simple"},"_links":{"self":[{"href":"https:\/\/lyfilter.com\/tr\/wp-json\/wp\/v2\/product\/2474","targetHints":{"allow":["GET"]}}],"collection":[{"href":"https:\/\/lyfilter.com\/tr\/wp-json\/wp\/v2\/product"}],"about":[{"href":"https:\/\/lyfilter.com\/tr\/wp-json\/wp\/v2\/types\/product"}],"replies":[{"embeddable":true,"href":"https:\/\/lyfilter.com\/tr\/wp-json\/wp\/v2\/comments?post=2474"}],"wp:featuredmedia":[{"embeddable":true,"href":"https:\/\/lyfilter.com\/tr\/wp-json\/wp\/v2\/media\/2481"}],"wp:attachment":[{"href":"https:\/\/lyfilter.com\/tr\/wp-json\/wp\/v2\/media?parent=2474"}],"wp:term":[{"taxonomy":"product_brand","embeddable":true,"href":"https:\/\/lyfilter.com\/tr\/wp-json\/wp\/v2\/product_brand?post=2474"},{"taxonomy":"product_cat","embeddable":true,"href":"https:\/\/lyfilter.com\/tr\/wp-json\/wp\/v2\/product_cat?post=2474"},{"taxonomy":"product_tag","embeddable":true,"href":"https:\/\/lyfilter.com\/tr\/wp-json\/wp\/v2\/product_tag?post=2474"}],"curies":[{"name":"wp","href":"https:\/\/api.w.org\/{rel}","templated":true}]}}