{"id":2468,"date":"2026-01-07T03:06:51","date_gmt":"2026-01-07T03:06:51","guid":{"rendered":"https:\/\/lyfilter.com\/?post_type=product&#038;p=2468"},"modified":"2026-01-07T03:06:51","modified_gmt":"2026-01-07T03:06:51","slug":"factory-price-vacuum-feeding-pe-filter-element","status":"publish","type":"product","link":"https:\/\/lyfilter.com\/tr\/factory-price-vacuum-feeding-pe-filter-element\/","title":{"rendered":"Fabrika Fiyat\u0131 Vakum Besleme PE Filtre Eleman\u0131"},"content":{"rendered":"<div class=\"unit-detail-html-tabs__content-attr\">\n<div class=\"unit-product-attrparam\">\n<div class=\"unit-product-attrparam__items row\">\n<div class=\"col-12 col-md-6\">\n<div class=\"unit-product-attrparam__item\">\n<div class=\"unit-product-attrparam__label\">\n<table>\n<thead>\n<tr>\n<th>\u00d6\u011fe<\/th>\n<th>DETAYLAR<\/th>\n<\/tr>\n<\/thead>\n<tbody>\n<tr>\n<td>tedarik yetene\u011fi<\/td>\n<td>1000000 adet\/ay<\/td>\n<\/tr>\n<tr>\n<td>malzeme<\/td>\n<td>pe<\/td>\n<\/tr>\n<tr>\n<td>kullan\u0131labilirlik<\/td>\n<td>oem<\/td>\n<\/tr>\n<\/tbody>\n<\/table>\n<\/div>\n<\/div>\n<\/div>\n<\/div>\n<\/div>\n<\/div>\n<div class=\"unit-detail-html-tabs__content-featuresAttr\"><\/div>\n<div class=\"unit-detail-html-tabs__content-html\">\n<p>Vakumlu Besleme PE Filtre Eleman\u0131n\u0131n \u00f6zellikleri: d\u00fczg\u00fcn g\u00f6zenek boyutu da\u011f\u0131l\u0131m\u0131, g\u00fc\u00e7l\u00fc asit ve alkali direnci, iyi mekanik \u00f6zellikler, organik \u00e7\u00f6z\u00fcc\u00fc erozyonuna kar\u015f\u0131 g\u00fc\u00e7l\u00fc diren\u00e7, otomatik veya manuel geri tepme deslagging y\u00f6ntemi kullan\u0131labilir, kat\u0131 partik\u00fcller kuru C\u00fcruf de\u015farj\u0131 ile geri kazan\u0131labilir, filtre eleman\u0131n\u0131 s\u0131k s\u0131k de\u011fi\u015ftirmeye gerek yoktur, otomatik \u00e7al\u0131\u015fma, d\u00fc\u015f\u00fck filtrasyon maliyeti vb. kullan\u0131c\u0131lar taraf\u0131ndan iyi kar\u015f\u0131lan\u0131r ve standart d\u0131\u015f\u0131 boyutlar \u00f6zelle\u015ftirilebilir. Vakum besleyici PE sinterlenmi\u015f filtre eleman\u0131 parametreleri: Do\u011fruluk aral\u0131\u011f\u0131: 0.2-140um, Uzunluk aral\u0131\u011f\u0131: 120mm-200mm-300mm-400mm-500mm-600mm Ortak \u00e7aplar: \u03a620mm \u03a630\u03a638 \u03a640 \u03a650\u03a660 \u03a665\u03a670 Di\u015fli konekt\u00f6r \u00f6zellikleri: M20-M22-M26-M30 Somun: tek veya \u00e7ift somun.<\/p>\n<p>&nbsp;<\/p>\n<div class=\"table-responsive\">\n<table data-sort=\"sortDisabled\">\n<tbody>\n<tr class=\"firstRow\">\n<td valign=\"top\" width=\"288\">D\u0131\u015f\/i\u00e7 \u00e7ap \uff08mm\uff09<\/td>\n<td valign=\"top\" width=\"288\">Uzunluk<\/td>\n<td valign=\"top\" width=\"288\">Diyafram \uff08mm\uff09<\/td>\n<td valign=\"top\" width=\"288\">A\u00e7\u0131klamalar<\/td>\n<\/tr>\n<tr>\n<td valign=\"top\" width=\"288\">50\/35<\/td>\n<td valign=\"top\" width=\"288\">120<\/td>\n<td valign=\"top\" width=\"288\">0.5-10<\/td>\n<td colspan=\"1\" rowspan=\"6\" valign=\"top\" width=\"288\">M26 polipropilen malzemeden mafsal, 304 paslanmaz \u00e7elik merkez \u00e7ubuk 2 u\u00e7 kapa\u011f\u0131n\u0131 g\u00fc\u00e7lendirir ve sabitler, tek ve \u00e7ift somun ve tek ve \u00e7ift O-ring conta se\u00e7enekleri, geleneksel hassasiyet 5 mikron.<\/td>\n<\/tr>\n<tr>\n<td valign=\"top\" width=\"288\">50\/35<\/td>\n<td valign=\"top\" width=\"288\">200<\/td>\n<td valign=\"top\" width=\"288\">0.5-10<\/td>\n<\/tr>\n<tr>\n<td valign=\"top\" width=\"288\">50\/35<\/td>\n<td valign=\"top\" width=\"288\">300<\/td>\n<td valign=\"top\" width=\"288\">0.5-10<\/td>\n<\/tr>\n<tr>\n<td valign=\"top\" width=\"288\">50\/35<\/td>\n<td valign=\"top\" width=\"288\">400<\/td>\n<td valign=\"top\" width=\"288\">0.5-10<\/td>\n<\/tr>\n<tr>\n<td valign=\"top\" width=\"288\">50\/35<\/td>\n<td valign=\"top\" width=\"288\">500<\/td>\n<td valign=\"top\" width=\"288\">0.5-10<\/td>\n<\/tr>\n<tr>\n<td valign=\"top\" width=\"288\">50\/35<\/td>\n<td valign=\"top\" width=\"288\">600<\/td>\n<td valign=\"top\" width=\"288\">0.5-10<\/td>\n<\/tr>\n<tr>\n<td valign=\"top\" width=\"288\">60\/35<\/td>\n<td valign=\"top\" width=\"288\">300<\/td>\n<td valign=\"top\" width=\"288\">0.5-10<\/td>\n<td colspan=\"1\" rowspan=\"3\" valign=\"top\" width=\"288\">\nM30 polipropilen ba\u011flant\u0131 par\u00e7as\u0131, \u00e7ift somun art\u0131 1 rondela.<\/td>\n<\/tr>\n<tr>\n<td valign=\"top\" width=\"288\">60\/35<\/td>\n<td valign=\"top\" width=\"288\">400<\/td>\n<td valign=\"top\" width=\"288\">0.5-10<\/td>\n<\/tr>\n<tr>\n<td valign=\"top\" width=\"288\">60\/35<\/td>\n<td valign=\"top\" width=\"288\">500<\/td>\n<td valign=\"top\" width=\"288\">0.5-10<\/td>\n<\/tr>\n<\/tbody>\n<\/table>\n<\/div>\n<div class=\"table-responsive\">\n<table>\n<tbody>\n<tr class=\"firstRow\">\n<td valign=\"top\" width=\"226\">Model No.<\/td>\n<td valign=\"top\" width=\"219\">Etkin kesit alan\u0131 mm3<\/td>\n<td valign=\"top\" width=\"202\">Sonik iletkenlik (dm3\/s.bar)<\/td>\n<td valign=\"top\" width=\"157\">\u00d6nerilen ak\u0131\u015f<\/td>\n<td valign=\"top\" width=\"226\">Kalite g<\/td>\n<\/tr>\n<tr>\n<td valign=\"top\" width=\"226\">AN05-M5<\/td>\n<td valign=\"top\" width=\"239\">5<\/td>\n<td valign=\"top\" width=\"222\">1<\/td>\n<td valign=\"top\" width=\"157\">0,4'\u00fcn alt\u0131nda<\/td>\n<td valign=\"top\" width=\"226\">0.5<\/td>\n<\/tr>\n<tr>\n<td valign=\"top\" width=\"226\">AN10-01<\/td>\n<td valign=\"top\" width=\"239\">10<\/td>\n<td valign=\"top\" width=\"222\">2<\/td>\n<td valign=\"top\" width=\"157\">0,8'in alt\u0131nda<\/td>\n<td valign=\"top\" width=\"226\">1<\/td>\n<\/tr>\n<tr>\n<td valign=\"top\" width=\"226\">AN10-02<\/td>\n<td valign=\"top\" width=\"239\">15<\/td>\n<td valign=\"top\" width=\"222\">3<\/td>\n<td valign=\"top\" width=\"157\">1.0'\u0131n alt\u0131nda<\/td>\n<td valign=\"top\" width=\"226\">2.5<\/td>\n<\/tr>\n<tr>\n<td valign=\"top\" width=\"226\">AN10-02<\/td>\n<td valign=\"top\" width=\"239\">35<\/td>\n<td valign=\"top\" width=\"222\">7<\/td>\n<td valign=\"top\" width=\"157\">3.0'\u0131n alt\u0131nda<\/td>\n<td valign=\"top\" width=\"226\">4<\/td>\n<\/tr>\n<tr>\n<td valign=\"top\" width=\"226\">AN10-03<\/td>\n<td valign=\"top\" width=\"239\">60<\/td>\n<td valign=\"top\" width=\"222\">12<\/td>\n<td valign=\"top\" width=\"157\">5.0'\u0131n alt\u0131nda<\/td>\n<td valign=\"top\" width=\"226\">5.5<\/td>\n<\/tr>\n<tr>\n<td valign=\"top\" width=\"226\">AN10-04<\/td>\n<td valign=\"top\" width=\"239\">90<\/td>\n<td valign=\"top\" width=\"222\">18<\/td>\n<td valign=\"top\" width=\"157\">8.0'\u0131n alt\u0131nda<\/td>\n<td valign=\"top\" width=\"226\">8.5<\/td>\n<\/tr>\n<\/tbody>\n<\/table>\n<\/div>\n<p><img decoding=\"async\" src=\"https:\/\/img.yfisher.com\/m6076\/1725732751nol\/jpg70-t3-scale100.webp\" alt=\"Fabrika Fiyat\u0131 Vakum Besleme PE Filtre Eleman\u0131 6\" data-lazy=\"2\" title=\"\"><\/p>\n<div class=\"table-responsive\">\n<table data-sort=\"sortDisabled\">\n<tbody>\n<tr class=\"firstRow\">\n<td colspan=\"5\" rowspan=\"1\" align=\"center\" valign=\"top\"><strong>\u0130plik kar\u015f\u0131la\u015ft\u0131rma tablosu<\/strong><\/td>\n<\/tr>\n<tr>\n<td valign=\"top\" width=\"226\">\u00dcr\u00fcn No.<\/td>\n<td valign=\"top\" width=\"226\">\u00a0\u0130ngiliz \u00f6l\u00e7\u00fcm\u00fc<\/td>\n<td valign=\"top\" width=\"226\">Standart g\u00f6sterge<\/td>\n<td valign=\"top\" width=\"226\">D\u0131\u015f di\u015f \u00e7ap\u0131 mm<\/td>\n<td valign=\"top\" width=\"226\">\u0130\u00e7 di\u015f \u00e7ap\u0131<\/td>\n<\/tr>\n<tr>\n<td valign=\"top\" width=\"226\">PSL-01<\/td>\n<td valign=\"top\" width=\"226\">G1\/8<\/td>\n<td valign=\"top\" width=\"226\">DN6<\/td>\n<td valign=\"top\" width=\"226\">9.5\u00b10.2<\/td>\n<td valign=\"top\" width=\"226\">8.8\u00b10.3<\/td>\n<\/tr>\n<tr>\n<td valign=\"top\" width=\"226\">PSL-02<\/td>\n<td valign=\"top\" width=\"226\">G1\/4<\/td>\n<td valign=\"top\" width=\"226\">DN8<\/td>\n<td valign=\"top\" width=\"226\">12.5\u00b10.3<\/td>\n<td valign=\"top\" width=\"226\">11.5\u00b10.3<\/td>\n<\/tr>\n<tr>\n<td valign=\"top\" width=\"226\">PSL-03<\/td>\n<td valign=\"top\" width=\"226\">G3\/8<\/td>\n<td valign=\"top\" width=\"226\">DN10<\/td>\n<td valign=\"top\" width=\"226\">16.2\u00b10.3<\/td>\n<td valign=\"top\" width=\"226\">15.3\u00b10.3<\/td>\n<\/tr>\n<tr>\n<td valign=\"top\" width=\"226\">PSL-04<\/td>\n<td valign=\"top\" width=\"226\">G1\/2<\/td>\n<td valign=\"top\" width=\"226\">DN15<\/td>\n<td valign=\"top\" width=\"226\">20.3\u00b10.3<\/td>\n<td valign=\"top\" width=\"226\">19.5\u00b10.3<\/td>\n<\/tr>\n<tr>\n<td valign=\"top\" width=\"226\">PSL-06<\/td>\n<td valign=\"top\" width=\"226\">G3\/4<\/td>\n<td valign=\"top\" width=\"226\">DN20<\/td>\n<td valign=\"top\" width=\"226\">25.\u00b10.3<\/td>\n<td valign=\"top\" width=\"226\">24.0\u00b10.3<\/td>\n<\/tr>\n<tr>\n<td valign=\"top\" width=\"226\">PSL-10<\/td>\n<td valign=\"top\" width=\"226\">G1<\/td>\n<td valign=\"top\" width=\"226\">DN25<\/td>\n<td valign=\"top\" width=\"226\">32.5\u00b10.3<\/td>\n<td valign=\"top\" width=\"226\">30.5\u00b10.3<\/td>\n<\/tr>\n<\/tbody>\n<\/table>\n<\/div>\n<p>&nbsp;<\/p>\n<div class=\"table-responsive\">\n<table data-sort=\"sortDisabled\">\n<tbody>\n<tr class=\"firstRow\">\n<td colspan=\"2\" rowspan=\"1\" align=\"center\" valign=\"top\"><strong>\u0130plik \u00f6zellikleri<\/strong><\/td>\n<\/tr>\n<tr>\n<td valign=\"top\">1\u5206<\/td>\n<td valign=\"top\">1\/8<\/td>\n<\/tr>\n<tr>\n<td valign=\"top\">2\u5206<\/td>\n<td valign=\"top\">1\/4<\/td>\n<\/tr>\n<tr>\n<td valign=\"top\">3\u5206<\/td>\n<td valign=\"top\">3\/8<\/td>\n<\/tr>\n<tr>\n<td valign=\"top\">4\u5206<\/td>\n<td valign=\"top\">1\/2<\/td>\n<\/tr>\n<tr>\n<td valign=\"top\">6\u5206<\/td>\n<td valign=\"top\">3\/4<\/td>\n<\/tr>\n<tr>\n<td valign=\"top\">1\u5bf8<\/td>\n<td valign=\"top\">G1<\/td>\n<\/tr>\n<\/tbody>\n<\/table>\n<\/div>\n<p>&nbsp;<\/p>\n<p><img decoding=\"async\" src=\"https:\/\/img.yfisher.com\/m6076\/1725732751v30\/jpg70-t3-scale100.webp\" alt=\"Fabrika Fiyat\u0131 Vakum Besleme PE Filtre Eleman\u0131 7\" data-lazy=\"2\" title=\"\"><\/p>\n<\/div>","protected":false},"excerpt":{"rendered":"<table>\n<thead>\n<tr>\n<th>\u00d6\u011fe<\/th>\n<th>DETAYLAR<\/th>\n<\/tr>\n<\/thead>\n<tbody>\n<tr>\n<td>ba\u015flang\u0131\u00e7 portu<\/td>\n<td>Guangzhou<\/td>\n<\/tr>\n<tr>\n<td>\u00fcreti\u0307m kapasi\u0307tesi\u0307<\/td>\n<td>10000 adet\/ay<\/td>\n<\/tr>\n<tr>\n<td>men\u015fe yeri<\/td>\n<td>Guangdong, \u00c7in<\/td>\n<\/tr>\n<tr>\n<td>\u00f6deme<\/td>\n<td>T \/ T, Alibaba Ticaret G\u00fcvencesi, paypal<\/td>\n<\/tr>\n<tr>\n<td>moq<\/td>\n<td>1 adet<\/td>\n<\/tr>\n<tr>\n<td>TESL\u0130MAT S\u00dcRES\u0130<\/td>\n<td>7 i\u015f g\u00fcn\u00fc i\u00e7inde<\/td>\n<\/tr>\n<tr>\n<td>BELGELEND\u0130RME<\/td>\n<td>ISO 9001<\/td>\n<\/tr>\n<tr>\n<td>marka<\/td>\n<td>OEM\/Lvyuan<\/td>\n<\/tr>\n<\/tbody>\n<\/table>","protected":false},"featured_media":2475,"comment_status":"open","ping_status":"closed","template":"","meta":{"_gspb_post_css":""},"product_brand":[],"product_cat":[24],"product_tag":[956,279,964,260,968,965],"class_list":{"0":"post-2468","1":"product","2":"type-product","3":"status-publish","4":"has-post-thumbnail","6":"product_cat-sintered-porous-plastic","7":"product_tag-1-piece-moq","8":"product_tag-alibaba-trade-assurance","9":"product_tag-guangdong-manufacturer","10":"product_tag-iso-9001","11":"product_tag-oem-paper-tubes","12":"product_tag-paper-tubes","14":"first","15":"instock","16":"shipping-taxable","17":"product-type-simple"},"_links":{"self":[{"href":"https:\/\/lyfilter.com\/tr\/wp-json\/wp\/v2\/product\/2468","targetHints":{"allow":["GET"]}}],"collection":[{"href":"https:\/\/lyfilter.com\/tr\/wp-json\/wp\/v2\/product"}],"about":[{"href":"https:\/\/lyfilter.com\/tr\/wp-json\/wp\/v2\/types\/product"}],"replies":[{"embeddable":true,"href":"https:\/\/lyfilter.com\/tr\/wp-json\/wp\/v2\/comments?post=2468"}],"wp:featuredmedia":[{"embeddable":true,"href":"https:\/\/lyfilter.com\/tr\/wp-json\/wp\/v2\/media\/2475"}],"wp:attachment":[{"href":"https:\/\/lyfilter.com\/tr\/wp-json\/wp\/v2\/media?parent=2468"}],"wp:term":[{"taxonomy":"product_brand","embeddable":true,"href":"https:\/\/lyfilter.com\/tr\/wp-json\/wp\/v2\/product_brand?post=2468"},{"taxonomy":"product_cat","embeddable":true,"href":"https:\/\/lyfilter.com\/tr\/wp-json\/wp\/v2\/product_cat?post=2468"},{"taxonomy":"product_tag","embeddable":true,"href":"https:\/\/lyfilter.com\/tr\/wp-json\/wp\/v2\/product_tag?post=2468"}],"curies":[{"name":"wp","href":"https:\/\/api.w.org\/{rel}","templated":true}]}}