{"id":2462,"date":"2026-01-07T03:03:34","date_gmt":"2026-01-07T03:03:34","guid":{"rendered":"https:\/\/lyfilter.com\/?post_type=product&#038;p=2462"},"modified":"2026-01-07T03:03:34","modified_gmt":"2026-01-07T03:03:34","slug":"factory-price-pe-sintered-filter-for-medical","status":"publish","type":"product","link":"https:\/\/lyfilter.com\/tr\/factory-price-pe-sintered-filter-for-medical\/","title":{"rendered":"T\u0131bbi \u0130\u00e7in Fabrika Fiyat\u0131 PE Sinterlenmi\u015f Filtre"},"content":{"rendered":"<div class=\"unit-detail-html-tabs__content-attr\">\n<div class=\"unit-product-attrparam\">\n<div class=\"unit-product-attrparam__items row\">\n<div class=\"col-12 col-md-6\">\n<div class=\"unit-product-attrparam__item\">\n<div class=\"unit-product-attrparam__label\">\n<table>\n<thead>\n<tr>\n<th>\u00d6\u011fe<\/th>\n<th>DETAYLAR<\/th>\n<\/tr>\n<\/thead>\n<tbody>\n<tr>\n<td>tedarik yetene\u011fi<\/td>\n<td>1000000 adet\/ay<\/td>\n<\/tr>\n<tr>\n<td>malzeme<\/td>\n<td>pe<\/td>\n<\/tr>\n<tr>\n<td>kullan\u0131labilirlik<\/td>\n<td>oem<\/td>\n<\/tr>\n<\/tbody>\n<\/table>\n<\/div>\n<\/div>\n<\/div>\n<\/div>\n<\/div>\n<\/div>\n<div class=\"unit-detail-html-tabs__content-featuresAttr\"><\/div>\n<div class=\"unit-detail-html-tabs__content-html\">\n<p><strong>T\u0131bbi \u0130\u00e7in Fabrika Fiyat\u0131 PE Sinterlenmi\u015f Filtre<\/strong><\/p>\n<p>Negatif bas\u0131n\u00e7 borular\u0131n\u0131 ve \u015fi\u015feyi ba\u011flayan PE sinterlenmi\u015f filtre, kendinden s\u0131zd\u0131rmazl\u0131k i\u015flevi gerektirir. At\u0131k s\u0131v\u0131 emme kanisterinin temel bile\u015feni olan kendinden s\u0131zd\u0131rmaz PE sinterlenmi\u015f filtre, at\u0131k s\u0131v\u0131yla temas etmedi\u011finde havaland\u0131rma ve filtreleme i\u015flevlerini sa\u011flayabilir. Negatif bas\u0131n\u00e7 uygulayarak klinik at\u0131k s\u0131v\u0131n\u0131n hosnital'in emme astarlar\u0131 arac\u0131l\u0131\u011f\u0131yla \u015fi\u015feye pompalanmas\u0131n\u0131 sa\u011flayabilir ve ayn\u0131 zamanda \u00e7apraz enfeksiyonu \u00f6nleyen toz bakterilerini ve di\u011fer zararl\u0131 maddeleri filtreleyebilir. Bununla birlikte, \u015fi\u015fe doldu\u011funda ve kendinden s\u0131zd\u0131rmaz PE sinterlenmi\u015f filtre at\u0131k s\u0131v\u0131 ile temas etti\u011finde, filtre an\u0131nda kendinden s\u0131zd\u0131rmazl\u0131\u011f\u0131 tamamlar ve t\u00fcm s\u0131v\u0131lar\u0131n ve gazlar\u0131n ak\u0131\u015f\u0131n\u0131 engeller. Bu arada, zararl\u0131 maddelerin hastanenin emme astar\u0131 sistemine girerek ikincil kirlili\u011fe neden olmas\u0131n\u0131 \u00f6nlemek i\u00e7in sorumlu bas\u0131n\u00e7 direnci sa\u011flayacakt\u0131r.<\/p>\n<p><img decoding=\"async\" src=\"https:\/\/img.yfisher.com\/m6076\/1725732748kyf\/jpg70-t3-scale100.webp\" alt=\"T\u0131bbi 6 i\u00e7in Fabrika Fiyat\u0131 PE Sinterlenmi\u015f Filtre\" data-lazy=\"2\" title=\"\"><\/p>\n<\/div>","protected":false},"excerpt":{"rendered":"<table>\n<thead>\n<tr>\n<th>\u00d6\u011fe<\/th>\n<th>DETAYLAR<\/th>\n<\/tr>\n<\/thead>\n<tbody>\n<tr>\n<td>ba\u015flang\u0131\u00e7 portu<\/td>\n<td>Guangzhou<\/td>\n<\/tr>\n<tr>\n<td>\u00fcreti\u0307m kapasi\u0307tesi\u0307<\/td>\n<td>10000 adet\/ay<\/td>\n<\/tr>\n<tr>\n<td>men\u015fe yeri<\/td>\n<td>Guangdong, \u00c7in<\/td>\n<\/tr>\n<tr>\n<td>\u00f6deme<\/td>\n<td>T \/ T, Alibaba Ticaret G\u00fcvencesi, paypal<\/td>\n<\/tr>\n<tr>\n<td>moq<\/td>\n<td>1 adet<\/td>\n<\/tr>\n<tr>\n<td>TESL\u0130MAT S\u00dcRES\u0130<\/td>\n<td>7 i\u015f g\u00fcn\u00fc i\u00e7inde<\/td>\n<\/tr>\n<tr>\n<td>BELGELEND\u0130RME<\/td>\n<td>ISO 9001<\/td>\n<\/tr>\n<tr>\n<td>marka<\/td>\n<td>OEM\/Lvyuan<\/td>\n<\/tr>\n<\/tbody>\n<\/table>","protected":false},"featured_media":2469,"comment_status":"open","ping_status":"closed","template":"","meta":{"_gspb_post_css":""},"product_brand":[],"product_cat":[24,25],"product_tag":[956,279,964,260,968,965],"class_list":{"0":"post-2462","1":"product","2":"type-product","3":"status-publish","4":"has-post-thumbnail","6":"product_cat-sintered-porous-plastic","7":"product_cat-medical-filters","8":"product_tag-1-piece-moq","9":"product_tag-alibaba-trade-assurance","10":"product_tag-guangdong-manufacturer","11":"product_tag-iso-9001","12":"product_tag-oem-paper-tubes","13":"product_tag-paper-tubes","15":"first","16":"instock","17":"shipping-taxable","18":"product-type-simple"},"_links":{"self":[{"href":"https:\/\/lyfilter.com\/tr\/wp-json\/wp\/v2\/product\/2462","targetHints":{"allow":["GET"]}}],"collection":[{"href":"https:\/\/lyfilter.com\/tr\/wp-json\/wp\/v2\/product"}],"about":[{"href":"https:\/\/lyfilter.com\/tr\/wp-json\/wp\/v2\/types\/product"}],"replies":[{"embeddable":true,"href":"https:\/\/lyfilter.com\/tr\/wp-json\/wp\/v2\/comments?post=2462"}],"wp:featuredmedia":[{"embeddable":true,"href":"https:\/\/lyfilter.com\/tr\/wp-json\/wp\/v2\/media\/2469"}],"wp:attachment":[{"href":"https:\/\/lyfilter.com\/tr\/wp-json\/wp\/v2\/media?parent=2462"}],"wp:term":[{"taxonomy":"product_brand","embeddable":true,"href":"https:\/\/lyfilter.com\/tr\/wp-json\/wp\/v2\/product_brand?post=2462"},{"taxonomy":"product_cat","embeddable":true,"href":"https:\/\/lyfilter.com\/tr\/wp-json\/wp\/v2\/product_cat?post=2462"},{"taxonomy":"product_tag","embeddable":true,"href":"https:\/\/lyfilter.com\/tr\/wp-json\/wp\/v2\/product_tag?post=2462"}],"curies":[{"name":"wp","href":"https:\/\/api.w.org\/{rel}","templated":true}]}}