{"id":2449,"date":"2026-01-07T02:53:49","date_gmt":"2026-01-07T02:53:49","guid":{"rendered":"https:\/\/lyfilter.com\/?post_type=product&#038;p=2449"},"modified":"2026-01-07T02:53:49","modified_gmt":"2026-01-07T02:53:49","slug":"pneumatic-components1-8-1-4-3-8-1-2-3-4-bsp-male-thread-plastic-silencer-pneumatic-black-blue-air-quick-exhaust-muffler","status":"publish","type":"product","link":"https:\/\/lyfilter.com\/tr\/pneumatic-components1-8-1-4-3-8-1-2-3-4-bsp-male-thread-plastic-silencer-pneumatic-black-blue-air-quick-exhaust-muffler\/","title":{"rendered":"Pn\u00f6matik Bile\u015fenler1\/8 1\/4 3\/8 1\/2 3\/4 BSP Erkek Di\u015fli Plastik susturucu Pn\u00f6matik Siyah mavi Hava H\u0131zl\u0131 Egzoz Susturucusu"},"content":{"rendered":"<div class=\"unit-detail-html-tabs__content-attr\">\n<div class=\"unit-product-attrparam\">\n<div class=\"unit-product-attrparam__items row\">\n<div class=\"col-12 col-md-6\">\n<div class=\"unit-product-attrparam__item\">\n<div class=\"unit-product-attrparam__label\">\n<table>\n<thead>\n<tr>\n<th>\u00d6\u011fe<\/th>\n<th>DETAYLAR<\/th>\n<\/tr>\n<\/thead>\n<tbody>\n<tr>\n<td>tedarik yetene\u011fi<\/td>\n<td>1000000 adet\/ay<\/td>\n<\/tr>\n<tr>\n<td>malzeme<\/td>\n<td>pe<\/td>\n<\/tr>\n<tr>\n<td>kullan\u0131labilirlik<\/td>\n<td>oem<\/td>\n<\/tr>\n<\/tbody>\n<\/table>\n<\/div>\n<\/div>\n<\/div>\n<\/div>\n<\/div>\n<\/div>\n<div class=\"unit-detail-html-tabs__content-featuresAttr\"><\/div>\n<div class=\"unit-detail-html-tabs__content-html\">\n<p><strong>Pn\u00f6matik Bile\u015fenler1\/8 1\/4 3\/8 1\/2 3\/4 BSP Erkek Di\u015fli Plastik susturucu Pn\u00f6matik Siyah mavi Hava H\u0131zl\u0131 Egzoz Susturucusu<\/strong><\/p>\n<p>\u00dcr\u00fcn A\u00e7\u0131klamas\u0131:<\/p>\n<p>1. Susturucunun amac\u0131 Susturucu olarak da bilinen susturucu, yayg\u0131n olarak kullan\u0131lan ses emici ve g\u00fcr\u00fclt\u00fc azalt\u0131c\u0131 bir \u00fcr\u00fcnd\u00fcr. Susturucu ayn\u0131 zamanda sadece hava ak\u0131\u015f\u0131n\u0131 ge\u00e7irmekle kalmay\u0131p ayn\u0131 zamanda g\u00fcr\u00fclt\u00fcy\u00fc de azaltabilen bir \u00fcr\u00fcnd\u00fcr. Susturucu, elektrik enerjisi, petrokimya, metalurji ve di\u011fer end\u00fcstriyel sekt\u00f6rlerde \u00e7e\u015fitli kazan buhar emisyon susturucular\u0131nda yayg\u0131n olarak kullan\u0131lmaktad\u0131r.<\/p>\n<p>2. Uygulama arka plan\u0131 Modern end\u00fcstriyel \u00fcretim ve ekipman kullan\u0131m\u0131 s\u00fcrecinde, susturucu pn\u00f6matik ekipman\u0131n g\u00fcr\u00fclt\u00fcs\u00fcn\u00fc etkili bir \u015fekilde azaltabilir ve pn\u00f6matik sistemde g\u00fcr\u00fclt\u00fc azaltma ile kabul edilebilir geri bas\u0131n\u00e7 aras\u0131nda en iyi dengeyi sa\u011flayabilir. Genel olarak, susturucular \u00e7o\u011fu standart valfe uyacak \u015fekilde geni\u015f bir boyut yelpazesinde mevcuttur ve pn\u00f6matik ekipmana kolay montaj sa\u011flamak i\u00e7in sa\u011flam entegre di\u015flere sahiptir.<\/p>\n<ul>\n<li>Birim alan ba\u015f\u0131na daha fazla ak\u0131\u015f sa\u011flamak i\u00e7in y\u00fcksek g\u00f6zeneklilik;<\/li>\n<li>P\u00fcr\u00fczs\u00fcz d\u0131\u015f y\u00fczey, kirlilikler kolay yap\u0131\u015fmaz, geri y\u0131kama kolay ve eksiksizdir;<\/li>\n<li>Kirlenme \u00f6nleme \u00f6zelli\u011fi: Filtrenin k\u00fc\u00e7\u00fck boyutu sayesinde kirlilikler filtre g\u00f6vdesinde tutulamaz;<\/li>\n<li>G\u00fc\u00e7l\u00fc asit, alkali korozyonuna kar\u015f\u0131 diren\u00e7, organik \u00e7\u00f6z\u00fcc\u00fclere kar\u015f\u0131 diren\u00e7; 5. M\u00fckemmel mekanik \u00f6zellikler; 6. Partik\u00fcl sal\u0131n\u0131m\u0131 yok. 7. Geni\u015f \u00dcr\u00fcn yelpazesi ve geni\u015f uygulama alan\u0131<\/li>\n<\/ul>\n<p><strong>\u00d6zellikler:\u00a0<\/strong><\/p>\n<p>1\/8 uzunluk yakla\u015f\u0131k 37 mm, do\u011frudan di\u015f: 9.5-10mm, i\u00e7 delik \u00e7ap\u0131 6mm.<\/p>\n<p>1\/4 k\u00fc\u00e7\u00fck g\u00f6vde uzunlu\u011fu yakla\u015f\u0131k 41mm, di\u015f \u00e7ap\u0131: 12-12.5mm, i\u00e7 delik \u00e7ap\u0131 8mm'dir.<\/p>\n<p>1\/4 Genel uzunluk yakla\u015f\u0131k 63 mm, di\u015f \u00e7ap\u0131: 12-12,5 mm, i\u00e7 delik \u00e7ap\u0131 8 mm'dir.<\/p>\n<p>3\/8 uzunluk yakla\u015f\u0131k 82mm, di\u015f \u00e7ap\u0131: 16-16.2mm, i\u00e7 delik \u00e7ap\u0131: 10mm.<\/p>\n<p>1\/2 uzunluk yakla\u015f\u0131k 91mm, di\u015f \u00e7ap\u0131: 20-20.3mm, i\u00e7 delik \u00e7ap\u0131 12mm.<\/p>\n<p><img decoding=\"async\" src=\"https:\/\/img.yfisher.com\/m6076\/1725732744cbe\/jpg70-t3-scale100.webp\" alt=\"Pn\u00f6matik Bile\u015fenler1\/8 1\/4 3\/8 1\/2 3\/4 BSP Erkek Di\u015fli Plastik susturucu Pn\u00f6matik Siyah mavi Hava H\u0131zl\u0131 Egzoz Susturucu 6\" data-lazy=\"2\" title=\"\"><\/p>\n<\/div>","protected":false},"excerpt":{"rendered":"<table>\n<thead>\n<tr>\n<th>\u00d6\u011fe<\/th>\n<th>DETAYLAR<\/th>\n<\/tr>\n<\/thead>\n<tbody>\n<tr>\n<td>ba\u015flang\u0131\u00e7 portu<\/td>\n<td>Guangzhou<\/td>\n<\/tr>\n<tr>\n<td>\u00fcreti\u0307m kapasi\u0307tesi\u0307<\/td>\n<td>10000 adet\/ay<\/td>\n<\/tr>\n<tr>\n<td>\u00f6deme<\/td>\n<td>T \/ T, Alibaba Ticaret G\u00fcvencesi, paypal, OA<\/td>\n<\/tr>\n<tr>\n<td>moq<\/td>\n<td>1 adet<\/td>\n<\/tr>\n<tr>\n<td>TESL\u0130MAT S\u00dcRES\u0130<\/td>\n<td>7 i\u015f g\u00fcn\u00fc i\u00e7inde<\/td>\n<\/tr>\n<tr>\n<td>BELGELEND\u0130RME<\/td>\n<td>ISO 9001<\/td>\n<\/tr>\n<tr>\n<td>marka<\/td>\n<td>OEM\/Lvyuan<\/td>\n<\/tr>\n<\/tbody>\n<\/table>","protected":false},"featured_media":2457,"comment_status":"open","ping_status":"closed","template":"","meta":{"_gspb_post_css":""},"product_brand":[],"product_cat":[24,26],"product_tag":[956,279,262,260,955,965],"class_list":{"0":"post-2449","1":"product","2":"type-product","3":"status-publish","4":"has-post-thumbnail","6":"product_cat-sintered-porous-plastic","7":"product_cat-plastic-silencer","8":"product_tag-1-piece-moq","9":"product_tag-alibaba-trade-assurance","10":"product_tag-guangzhou-port","11":"product_tag-iso-9001","12":"product_tag-oem-packaging","13":"product_tag-paper-tubes","15":"first","16":"instock","17":"shipping-taxable","18":"product-type-simple"},"_links":{"self":[{"href":"https:\/\/lyfilter.com\/tr\/wp-json\/wp\/v2\/product\/2449","targetHints":{"allow":["GET"]}}],"collection":[{"href":"https:\/\/lyfilter.com\/tr\/wp-json\/wp\/v2\/product"}],"about":[{"href":"https:\/\/lyfilter.com\/tr\/wp-json\/wp\/v2\/types\/product"}],"replies":[{"embeddable":true,"href":"https:\/\/lyfilter.com\/tr\/wp-json\/wp\/v2\/comments?post=2449"}],"wp:featuredmedia":[{"embeddable":true,"href":"https:\/\/lyfilter.com\/tr\/wp-json\/wp\/v2\/media\/2457"}],"wp:attachment":[{"href":"https:\/\/lyfilter.com\/tr\/wp-json\/wp\/v2\/media?parent=2449"}],"wp:term":[{"taxonomy":"product_brand","embeddable":true,"href":"https:\/\/lyfilter.com\/tr\/wp-json\/wp\/v2\/product_brand?post=2449"},{"taxonomy":"product_cat","embeddable":true,"href":"https:\/\/lyfilter.com\/tr\/wp-json\/wp\/v2\/product_cat?post=2449"},{"taxonomy":"product_tag","embeddable":true,"href":"https:\/\/lyfilter.com\/tr\/wp-json\/wp\/v2\/product_tag?post=2449"}],"curies":[{"name":"wp","href":"https:\/\/api.w.org\/{rel}","templated":true}]}}